{"id":332,"date":"2023-05-22T09:10:16","date_gmt":"2023-05-22T12:10:16","guid":{"rendered":"https:\/\/sites.uel.br\/eaaj\/?page_id=332"},"modified":"2025-12-05T11:40:45","modified_gmt":"2025-12-05T14:40:45","slug":"opcoes-de-estagio","status":"publish","type":"page","link":"https:\/\/sites.uel.br\/eaaj\/opcoes-de-estagio\/","title":{"rendered":"Op\u00e7\u00f5es de Est\u00e1gio"},"content":{"rendered":"\n<p><\/p>\n\n\n\n<div class=\"wp-block-group is-nowrap is-layout-flex wp-container-core-group-is-layout-ad2f72ca wp-block-group-is-layout-flex\">\n<figure class=\"wp-block-image size-full is-resized\"><img loading=\"lazy\" decoding=\"async\" width=\"512\" height=\"512\" src=\"https:\/\/sites.uel.br\/eaaj\/wp-content\/uploads\/2023\/05\/img_pdf.png\" alt=\"\" class=\"wp-image-342\" style=\"width:40px;height:40px\" srcset=\"https:\/\/sites.uel.br\/eaaj\/wp-content\/uploads\/2023\/05\/img_pdf.png 512w, https:\/\/sites.uel.br\/eaaj\/wp-content\/uploads\/2023\/05\/img_pdf-300x300.png 300w, https:\/\/sites.uel.br\/eaaj\/wp-content\/uploads\/2023\/05\/img_pdf-150x150.png 150w\" sizes=\"auto, (max-width: 512px) 100vw, 512px\" \/><\/figure>\n\n\n\n<p><a href=\"https:\/\/sites.uel.br\/eaaj\/wp-content\/uploads\/2025\/10\/Edital-EAAJ-n\u00b0-007-.-2025-OPCOES-DE-ESTAGIO-2026.pdf\">Edital EAAJ n\u00b0 007 . 2025 &#8211; OP\u00c7\u00d5ES DE EST\u00c1GIO 2026<\/a><\/p>\n<\/div>\n\n\n\n<p><\/p>\n\n\n\n<div class=\"wp-block-group is-nowrap is-layout-flex wp-container-core-group-is-layout-ad2f72ca wp-block-group-is-layout-flex\">\n<figure class=\"wp-block-image size-full is-resized\"><img loading=\"lazy\" decoding=\"async\" width=\"512\" height=\"512\" src=\"https:\/\/sites.uel.br\/eaaj\/wp-content\/uploads\/2023\/05\/img_pdf.png\" alt=\"\" class=\"wp-image-342\" style=\"width:40px;height:40px\" srcset=\"https:\/\/sites.uel.br\/eaaj\/wp-content\/uploads\/2023\/05\/img_pdf.png 512w, https:\/\/sites.uel.br\/eaaj\/wp-content\/uploads\/2023\/05\/img_pdf-300x300.png 300w, https:\/\/sites.uel.br\/eaaj\/wp-content\/uploads\/2023\/05\/img_pdf-150x150.png 150w\" sizes=\"auto, (max-width: 512px) 100vw, 512px\" \/><\/figure>\n\n\n\n<p><a href=\"https:\/\/sites.uel.br\/eaaj\/wp-content\/uploads\/2025\/12\/Edital-EAAJ-n\u00b0-009-.-2025-RESULTADO-DAS-OPCOES-DE-ESTAGIO-DO-5\u00b0-ANO-2026.pdf\">Edital EAAJ n\u00b0 009 . 2025 &#8211; RESULTADO DAS OP\u00c7\u00d5ES DE EST\u00c1GIO 5\u00ba ANO DE 2026<\/a><\/p>\n<\/div>\n\n\n\n<p><\/p>\n\n\n\n<p><\/p>\n\n\n\n<div class=\"wp-block-columns are-vertically-aligned-center is-layout-flex wp-container-core-columns-is-layout-9d6595d7 wp-block-columns-is-layout-flex\">\n<div class=\"wp-block-column is-layout-flow wp-block-column-is-layout-flow\"><\/div>\n\n\n\n<div class=\"wp-block-column is-layout-flow wp-block-column-is-layout-flow\"><\/div>\n<\/div>\n\n\n\n<div class=\"wp-block-columns is-layout-flex wp-container-core-columns-is-layout-9d6595d7 wp-block-columns-is-layout-flex\">\n<div class=\"wp-block-column is-layout-flow wp-block-column-is-layout-flow\" style=\"flex-basis:5%\"><\/div>\n\n\n\n<div class=\"wp-block-column is-layout-flow wp-block-column-is-layout-flow\" style=\"flex-basis:66.66%\"><\/div>\n<\/div>\n\n\n\n<p><\/p>\n","protected":false},"excerpt":{"rendered":"<p>Edital EAAJ n\u00b0 007 . 2025 &#8211; OP\u00c7\u00d5ES DE EST\u00c1GIO 2026 Edital EAAJ n\u00b0 009 . 2025 &#8211; RESULTADO DAS OP\u00c7\u00d5ES DE EST\u00c1GIO 5\u00ba ANO DE 2026<\/p>\n","protected":false},"author":7,"featured_media":0,"parent":0,"menu_order":0,"comment_status":"closed","ping_status":"closed","template":"","meta":{"footnotes":""},"class_list":["post-332","page","type-page","status-publish","hentry"],"acf":[],"_links":{"self":[{"href":"https:\/\/sites.uel.br\/eaaj\/wp-json\/wp\/v2\/pages\/332","targetHints":{"allow":["GET"]}}],"collection":[{"href":"https:\/\/sites.uel.br\/eaaj\/wp-json\/wp\/v2\/pages"}],"about":[{"href":"https:\/\/sites.uel.br\/eaaj\/wp-json\/wp\/v2\/types\/page"}],"author":[{"embeddable":true,"href":"https:\/\/sites.uel.br\/eaaj\/wp-json\/wp\/v2\/users\/7"}],"replies":[{"embeddable":true,"href":"https:\/\/sites.uel.br\/eaaj\/wp-json\/wp\/v2\/comments?post=332"}],"version-history":[{"count":20,"href":"https:\/\/sites.uel.br\/eaaj\/wp-json\/wp\/v2\/pages\/332\/revisions"}],"predecessor-version":[{"id":862,"href":"https:\/\/sites.uel.br\/eaaj\/wp-json\/wp\/v2\/pages\/332\/revisions\/862"}],"wp:attachment":[{"href":"https:\/\/sites.uel.br\/eaaj\/wp-json\/wp\/v2\/media?parent=332"}],"curies":[{"name":"wp","href":"https:\/\/api.w.org\/{rel}","templated":true}]}}