{"id":295,"date":"2023-05-19T11:03:51","date_gmt":"2023-05-19T14:03:51","guid":{"rendered":"https:\/\/sites.uel.br\/eaaj\/?page_id=295"},"modified":"2026-04-01T10:42:30","modified_gmt":"2026-04-01T13:42:30","slug":"dados-estatisticos-2025","status":"publish","type":"page","link":"https:\/\/sites.uel.br\/eaaj\/dados-estatisticos-2025\/","title":{"rendered":"Dados Estat\u00edsticos 2026"},"content":{"rendered":"\n<p><strong>&nbsp;Informa\u00e7\u00f5es do Escrit\u00f3rio de Aplica\u00e7\u00e3o de Assuntos Jur\u00eddicos<\/strong>&nbsp;&nbsp;<strong>at\u00e9 FEVEREIRO\/2026<\/strong><\/p>\n\n\n\n<p>Em seus\u00a050 anos de funcionamento, de 28\/03\/1973 a 2025, o EAAJ registrou\u00a0<strong>118.211<\/strong> a\u00e7\u00f5es e realizou\u00a0<strong>48.078\u00a0<\/strong>audi\u00eancias.<\/p>\n\n\n\n<p>Considerando\u00a0 os \u00a0retorno\u00a0 de\u00a0 clientes,\u00a0 o \u00a0EAAJ\u00a0 j\u00e1 realizou\u00a0<strong>639.364 <\/strong>atendimentos.<\/p>\n\n\n\n<p>Do total de\u00a0<strong>118.211 <\/strong>a\u00e7\u00f5es\u00a0<strong>114.416<\/strong> foram encerradas, encontrando-se em andamento\u00a0<strong>3.795<\/strong>, sendo\u00a0<strong>3.176<\/strong> ajuizadas e <strong>619 <\/strong>em estudo para ajuizamento.<\/p>\n\n\n\n<p class=\"has-text-align-center\">\u00a0 \u00a0 Corpo Discente: 470\u00a0 \u00a0 \u00a0 \u00a0 \u00a0 \u00a0 \u00a0 \u00a0 \u00a0 \u00a0 \u00a0\u00a0\u00a0\u00a0\u00a0\u00a0\u00a0\u00a0\u00a0 Bolsistas de F\u00e9rias: &#8211;<br> Corpo Docente: 019\u00a0 \u00a0 \u00a0 \u00a0 \u00a0 \u00a0 \u00a0 \u00a0 \u00a0 \u00a0 \u00a0 \u00a0 \u00a0 \u00a0 \u00a0 \u00a0 \u00a0 \u00a0 Bolsista Anual: 07<br>Agentes Universit\u00e1rios: 009<\/p>\n\n\n\n<p class=\"has-text-align-center\"><br>&nbsp;<strong>Dados Estat\u00edsticos 202<\/strong>6<\/p>\n\n\n\n<figure class=\"wp-block-table has-small-font-size\"><table><tbody><tr><td class=\"has-text-align-center\" data-align=\"center\"><strong>&nbsp;M\u00caS<\/strong><\/td><td class=\"has-text-align-center\" data-align=\"center\"><strong>CASOS<\/strong><strong><br>NOVOS<\/strong><\/td><td class=\"has-text-align-center\" data-align=\"center\">&nbsp;<strong>ENCERRADOS<\/strong><\/td><td class=\"has-text-align-center\" data-align=\"center\">&nbsp;<strong>AJUIZADOS<\/strong><\/td><td class=\"has-text-align-center\" data-align=\"center\"><strong>ANDAMENTOS<\/strong><\/td><td class=\"has-text-align-center\" data-align=\"center\"><strong>AUDI\u00caNCIAS<\/strong><\/td><td class=\"has-text-align-center\" data-align=\"center\"><strong>DESP.<br>JUDIC.<\/strong><\/td><td class=\"has-text-align-center\" data-align=\"center\"><strong>RETORNO<\/strong><\/td><td class=\"has-text-align-center\" data-align=\"center\"><strong>&nbsp;CONSULTAS<\/strong><\/td><td class=\"has-text-align-center\" data-align=\"center\"><strong>GUICH\u00ca E TELEFONE<\/strong><strong>&nbsp;<\/strong><strong>&nbsp;<\/strong><\/td><td class=\"has-text-align-center\" data-align=\"center\"><strong>TRIAGEM<\/strong><\/td><\/tr><tr><td class=\"has-text-align-center\" data-align=\"center\">&nbsp;<strong>JAN<\/strong><\/td><td class=\"has-text-align-center\" data-align=\"center\">35<\/td><td class=\"has-text-align-center\" data-align=\"center\">143<\/td><td class=\"has-text-align-center\" data-align=\"center\">24<\/td><td class=\"has-text-align-center\" data-align=\"center\">3.819<\/td><td class=\"has-text-align-center\" data-align=\"center\">65<\/td><td class=\"has-text-align-center\" data-align=\"center\">1.745<\/td><td class=\"has-text-align-center\" data-align=\"center\">182<\/td><td class=\"has-text-align-center\" data-align=\"center\">0<\/td><td class=\"has-text-align-center\" data-align=\"center\">988<\/td><td class=\"has-text-align-center\" data-align=\"center\">35<\/td><\/tr><tr><td class=\"has-text-align-center\" data-align=\"center\"><strong>&nbsp;FEV<\/strong><\/td><td class=\"has-text-align-center\" data-align=\"center\">41<\/td><td class=\"has-text-align-center\" data-align=\"center\">33<\/td><td class=\"has-text-align-center\" data-align=\"center\">22<\/td><td class=\"has-text-align-center\" data-align=\"center\">3.827<\/td><td class=\"has-text-align-center\" data-align=\"center\">110<\/td><td class=\"has-text-align-center\" data-align=\"center\">1.687<\/td><td class=\"has-text-align-center\" data-align=\"center\">246<\/td><td class=\"has-text-align-center\" data-align=\"center\">2<\/td><td class=\"has-text-align-center\" data-align=\"center\">1.180<\/td><td class=\"has-text-align-center\" data-align=\"center\">42<\/td><\/tr><tr><td class=\"has-text-align-center\" data-align=\"center\">&nbsp;<strong>MAR<\/strong><\/td><td class=\"has-text-align-center\" data-align=\"center\">310<\/td><td class=\"has-text-align-center\" data-align=\"center\">342<\/td><td class=\"has-text-align-center\" data-align=\"center\">116<\/td><td class=\"has-text-align-center\" data-align=\"center\">3.795<\/td><td class=\"has-text-align-center\" data-align=\"center\">133<\/td><td class=\"has-text-align-center\" data-align=\"center\">2.534<\/td><td class=\"has-text-align-center\" data-align=\"center\">686<\/td><td class=\"has-text-align-center\" data-align=\"center\">52\u00a0<\/td><td class=\"has-text-align-center\" data-align=\"center\">1.874<\/td><td class=\"has-text-align-center\" data-align=\"center\">502<\/td><\/tr><tr><td class=\"has-text-align-center\" data-align=\"center\"><strong>&nbsp;ABR<\/strong><\/td><td class=\"has-text-align-center\" data-align=\"center\"><\/td><td class=\"has-text-align-center\" data-align=\"center\"><\/td><td class=\"has-text-align-center\" data-align=\"center\"><\/td><td class=\"has-text-align-center\" data-align=\"center\"><\/td><td class=\"has-text-align-center\" data-align=\"center\"><\/td><td class=\"has-text-align-center\" data-align=\"center\"><\/td><td class=\"has-text-align-center\" data-align=\"center\"><\/td><td class=\"has-text-align-center\" data-align=\"center\"><\/td><td class=\"has-text-align-center\" data-align=\"center\"><\/td><td class=\"has-text-align-center\" data-align=\"center\"><\/td><\/tr><tr><td class=\"has-text-align-center\" data-align=\"center\">&nbsp;<strong>MAI<\/strong><\/td><td class=\"has-text-align-center\" data-align=\"center\"><\/td><td class=\"has-text-align-center\" data-align=\"center\"><\/td><td class=\"has-text-align-center\" data-align=\"center\"><\/td><td class=\"has-text-align-center\" data-align=\"center\"><\/td><td class=\"has-text-align-center\" data-align=\"center\"><\/td><td class=\"has-text-align-center\" data-align=\"center\"><\/td><td class=\"has-text-align-center\" data-align=\"center\"><\/td><td class=\"has-text-align-center\" data-align=\"center\"><\/td><td class=\"has-text-align-center\" data-align=\"center\"><\/td><td class=\"has-text-align-center\" data-align=\"center\"><\/td><\/tr><tr><td class=\"has-text-align-center\" data-align=\"center\">&nbsp;<strong>JUN<\/strong><\/td><td class=\"has-text-align-center\" data-align=\"center\"><\/td><td class=\"has-text-align-center\" data-align=\"center\"><\/td><td class=\"has-text-align-center\" data-align=\"center\"><\/td><td class=\"has-text-align-center\" data-align=\"center\"><\/td><td class=\"has-text-align-center\" data-align=\"center\"><\/td><td class=\"has-text-align-center\" data-align=\"center\"><\/td><td class=\"has-text-align-center\" data-align=\"center\"><\/td><td class=\"has-text-align-center\" data-align=\"center\"><\/td><td class=\"has-text-align-center\" data-align=\"center\"><\/td><td class=\"has-text-align-center\" data-align=\"center\"><\/td><\/tr><tr><td class=\"has-text-align-center\" data-align=\"center\">&nbsp;<strong>JUL<\/strong><\/td><td class=\"has-text-align-center\" data-align=\"center\"><\/td><td class=\"has-text-align-center\" data-align=\"center\"><\/td><td class=\"has-text-align-center\" data-align=\"center\"><\/td><td class=\"has-text-align-center\" data-align=\"center\"><\/td><td class=\"has-text-align-center\" data-align=\"center\"><\/td><td class=\"has-text-align-center\" data-align=\"center\"><\/td><td class=\"has-text-align-center\" data-align=\"center\"><\/td><td class=\"has-text-align-center\" data-align=\"center\"><\/td><td class=\"has-text-align-center\" data-align=\"center\"><\/td><td class=\"has-text-align-center\" data-align=\"center\"><\/td><\/tr><tr><td class=\"has-text-align-center\" data-align=\"center\">&nbsp;<strong>AGO<\/strong><\/td><td class=\"has-text-align-center\" data-align=\"center\"><\/td><td class=\"has-text-align-center\" data-align=\"center\"><\/td><td class=\"has-text-align-center\" data-align=\"center\"><\/td><td class=\"has-text-align-center\" data-align=\"center\"><\/td><td class=\"has-text-align-center\" data-align=\"center\"><\/td><td class=\"has-text-align-center\" data-align=\"center\"><\/td><td class=\"has-text-align-center\" data-align=\"center\"><\/td><td class=\"has-text-align-center\" data-align=\"center\"><\/td><td class=\"has-text-align-center\" data-align=\"center\"><\/td><td class=\"has-text-align-center\" data-align=\"center\"><\/td><\/tr><tr><td class=\"has-text-align-center\" data-align=\"center\">&nbsp;<strong>SET<\/strong><\/td><td class=\"has-text-align-center\" data-align=\"center\"><\/td><td class=\"has-text-align-center\" data-align=\"center\"><\/td><td class=\"has-text-align-center\" data-align=\"center\"><\/td><td class=\"has-text-align-center\" data-align=\"center\"><\/td><td class=\"has-text-align-center\" data-align=\"center\"><\/td><td class=\"has-text-align-center\" data-align=\"center\"><\/td><td class=\"has-text-align-center\" data-align=\"center\"><\/td><td class=\"has-text-align-center\" data-align=\"center\"><\/td><td class=\"has-text-align-center\" data-align=\"center\"><\/td><td class=\"has-text-align-center\" data-align=\"center\"><\/td><\/tr><tr><td class=\"has-text-align-center\" data-align=\"center\">&nbsp;<strong>OUT<\/strong><\/td><td class=\"has-text-align-center\" data-align=\"center\"><\/td><td class=\"has-text-align-center\" data-align=\"center\"><\/td><td class=\"has-text-align-center\" data-align=\"center\"><\/td><td class=\"has-text-align-center\" data-align=\"center\"><\/td><td class=\"has-text-align-center\" data-align=\"center\"><\/td><td class=\"has-text-align-center\" data-align=\"center\"><\/td><td class=\"has-text-align-center\" data-align=\"center\"><\/td><td class=\"has-text-align-center\" data-align=\"center\"><\/td><td class=\"has-text-align-center\" data-align=\"center\"><\/td><td class=\"has-text-align-center\" data-align=\"center\"><\/td><\/tr><tr><td class=\"has-text-align-center\" data-align=\"center\">&nbsp;<strong>NOV<\/strong><\/td><td class=\"has-text-align-center\" data-align=\"center\"><\/td><td class=\"has-text-align-center\" data-align=\"center\"><\/td><td class=\"has-text-align-center\" data-align=\"center\"><\/td><td class=\"has-text-align-center\" data-align=\"center\"><\/td><td class=\"has-text-align-center\" data-align=\"center\"><\/td><td class=\"has-text-align-center\" data-align=\"center\"><\/td><td class=\"has-text-align-center\" data-align=\"center\"><\/td><td class=\"has-text-align-center\" data-align=\"center\"><\/td><td class=\"has-text-align-center\" data-align=\"center\"><\/td><td class=\"has-text-align-center\" data-align=\"center\"><\/td><\/tr><tr><td class=\"has-text-align-center\" data-align=\"center\">&nbsp;<strong>DEZ<\/strong><\/td><td class=\"has-text-align-center\" data-align=\"center\"><\/td><td class=\"has-text-align-center\" data-align=\"center\"><\/td><td class=\"has-text-align-center\" data-align=\"center\"><\/td><td class=\"has-text-align-center\" data-align=\"center\"><\/td><td class=\"has-text-align-center\" data-align=\"center\"><\/td><td class=\"has-text-align-center\" data-align=\"center\"><\/td><td class=\"has-text-align-center\" data-align=\"center\"><\/td><td class=\"has-text-align-center\" data-align=\"center\"><\/td><td class=\"has-text-align-center\" data-align=\"center\"><\/td><td class=\"has-text-align-center\" data-align=\"center\"><\/td><\/tr><tr><td class=\"has-text-align-center\" data-align=\"center\">&nbsp;<strong>TOTAL<\/strong><\/td><td class=\"has-text-align-center\" data-align=\"center\">386<\/td><td class=\"has-text-align-center\" data-align=\"center\">518<\/td><td class=\"has-text-align-center\" data-align=\"center\">162<\/td><td class=\"has-text-align-center\" data-align=\"center\">&nbsp;Demonst.<br>Mensal<\/td><td class=\"has-text-align-center\" data-align=\"center\">308<\/td><td class=\"has-text-align-center\" data-align=\"center\">5.966<\/td><td class=\"has-text-align-center\" data-align=\"center\">1.114<\/td><td class=\"has-text-align-center\" data-align=\"center\">54<\/td><td class=\"has-text-align-center\" data-align=\"center\">4.042<\/td><td class=\"has-text-align-center\" data-align=\"center\">579<\/td><\/tr><\/tbody><\/table><\/figure>\n\n\n\n<p><\/p>\n","protected":false},"excerpt":{"rendered":"<p>&nbsp;Informa\u00e7\u00f5es do Escrit\u00f3rio de Aplica\u00e7\u00e3o de Assuntos Jur\u00eddicos&nbsp;&nbsp;at\u00e9 FEVEREIRO\/2026 Em seus\u00a050 anos de funcionamento, de 28\/03\/1973 a 2025, o EAAJ registrou\u00a0118.211 a\u00e7\u00f5es e realizou\u00a048.078\u00a0audi\u00eancias. Considerando\u00a0 os \u00a0retorno\u00a0 de\u00a0 clientes,\u00a0 o \u00a0EAAJ\u00a0 j\u00e1 realizou\u00a0639.364 atendimentos. Do total de\u00a0118.211 a\u00e7\u00f5es\u00a0114.416 foram encerradas, encontrando-se em andamento\u00a03.795, sendo\u00a03.176 ajuizadas e 619 em estudo para ajuizamento. \u00a0 \u00a0 Corpo Discente: [&hellip;]<\/p>\n","protected":false},"author":7,"featured_media":0,"parent":0,"menu_order":0,"comment_status":"closed","ping_status":"closed","template":"","meta":{"footnotes":""},"class_list":["post-295","page","type-page","status-publish","hentry"],"acf":[],"_links":{"self":[{"href":"https:\/\/sites.uel.br\/eaaj\/wp-json\/wp\/v2\/pages\/295","targetHints":{"allow":["GET"]}}],"collection":[{"href":"https:\/\/sites.uel.br\/eaaj\/wp-json\/wp\/v2\/pages"}],"about":[{"href":"https:\/\/sites.uel.br\/eaaj\/wp-json\/wp\/v2\/types\/page"}],"author":[{"embeddable":true,"href":"https:\/\/sites.uel.br\/eaaj\/wp-json\/wp\/v2\/users\/7"}],"replies":[{"embeddable":true,"href":"https:\/\/sites.uel.br\/eaaj\/wp-json\/wp\/v2\/comments?post=295"}],"version-history":[{"count":62,"href":"https:\/\/sites.uel.br\/eaaj\/wp-json\/wp\/v2\/pages\/295\/revisions"}],"predecessor-version":[{"id":889,"href":"https:\/\/sites.uel.br\/eaaj\/wp-json\/wp\/v2\/pages\/295\/revisions\/889"}],"wp:attachment":[{"href":"https:\/\/sites.uel.br\/eaaj\/wp-json\/wp\/v2\/media?parent=295"}],"curies":[{"name":"wp","href":"https:\/\/api.w.org\/{rel}","templated":true}]}}