{"id":292,"date":"2023-05-18T17:18:26","date_gmt":"2023-05-18T20:18:26","guid":{"rendered":"https:\/\/sites.uel.br\/eaaj\/?page_id=292"},"modified":"2025-08-13T10:37:46","modified_gmt":"2025-08-13T13:37:46","slug":"equipe-administrativa","status":"publish","type":"page","link":"https:\/\/sites.uel.br\/eaaj\/equipe-administrativa\/","title":{"rendered":"Equipe Administrativa"},"content":{"rendered":"\n<p><strong>ESTRUTURA ORGANIZACIONAL:<\/strong><\/p>\n\n\n\n<p><strong>DIRETOR:<br><\/strong>Professora Dra. M\u00e1rcia Teshima<\/p>\n\n\n\n<p><\/p>\n\n\n\n<p><strong>SECRET\u00c1RIA:<\/strong><\/p>\n\n\n\n<p>Maria de F\u00e1tima Souza Mendes<br>T\u00e9cnico Administrativo &#8211;&nbsp;<a href=\"mailto:henrik@uel.br\"><em>fatimamendes@uel.br<\/em><\/a><\/p>\n\n\n\n<p><\/p>\n\n\n\n<p>&nbsp;<strong>RESPONS\u00c1VEL ADMINISTRATIVO:<br><\/strong>Henrique Rezende Motta<br>Analista de Gest\u00e3o Universit\u00e1ria &#8211;&nbsp;<a href=\"mailto:henrik@uel.br\"><em>henrik@uel.br<\/em><\/a><\/p>\n\n\n\n<p><\/p>\n\n\n\n<p>&nbsp;<strong>ADMINISTRA\u00c7\u00c3O GERAL:&nbsp;<\/strong><\/p>\n\n\n\n<p>Alexsander Martins<strong><br><\/strong>Edna Paulina Rodrigues\u00a0\u00a0<br>Jonas Luciano Bergamo Hermeto Dias<strong><br><\/strong>Maria Aparecida de Souza Campos<br>Matheus Ferreira dos Santos<br>Renato Kazuhito Tano\u00a0<strong><br><\/strong>Maria Aparecida de Souza Campos<br>Renata Fernanda Santos Oncken<br>Rodrigo Henrique Hatumura Capello\u00a0<\/p>\n\n\n\n<p><\/p>\n\n\n\n<p class=\"has-text-align-left\"><strong>ZELADORIA:<\/strong><\/p>\n\n\n\n<p class=\"has-text-align-left\">Laysa Alexandra Silva Ribeiro<strong><br><\/strong>Rian de Carvalho Dutra\u00a0<br>Raila Honorato Moraes<\/p>\n\n\n\n<p class=\"has-text-align-left\"><strong>BOLSISTAS:<\/strong><\/p>\n\n\n\n<p>Ana Beatriz Teodoro<strong><br><\/strong>Euclides Luis Barros<br>Laysla Fernanda Gon\u00e7alves dos Santos<strong><br><\/strong>Marcela Vieira Barreto<br>Maria Eduarda Machado<br>Simone Reis<strong><br><\/strong>Yasmin Perrud Carvalho<br><\/p>\n\n\n\n<p><\/p>\n","protected":false},"excerpt":{"rendered":"<p>ESTRUTURA ORGANIZACIONAL: DIRETOR:Professora Dra. M\u00e1rcia Teshima SECRET\u00c1RIA: Maria de F\u00e1tima Souza MendesT\u00e9cnico Administrativo &#8211;&nbsp;fatimamendes@uel.br &nbsp;RESPONS\u00c1VEL ADMINISTRATIVO:Henrique Rezende MottaAnalista de Gest\u00e3o Universit\u00e1ria &#8211;&nbsp;henrik@uel.br &nbsp;ADMINISTRA\u00c7\u00c3O GERAL:&nbsp; Alexsander MartinsEdna Paulina Rodrigues\u00a0\u00a0Jonas Luciano Bergamo Hermeto DiasMaria Aparecida de Souza CamposMatheus Ferreira dos SantosRenato Kazuhito Tano\u00a0Maria Aparecida de Souza CamposRenata Fernanda Santos OnckenRodrigo Henrique Hatumura Capello\u00a0 ZELADORIA: Laysa Alexandra Silva [&hellip;]<\/p>\n","protected":false},"author":7,"featured_media":0,"parent":0,"menu_order":0,"comment_status":"closed","ping_status":"closed","template":"","meta":{"footnotes":""},"class_list":["post-292","page","type-page","status-publish","hentry"],"acf":[],"_links":{"self":[{"href":"https:\/\/sites.uel.br\/eaaj\/wp-json\/wp\/v2\/pages\/292","targetHints":{"allow":["GET"]}}],"collection":[{"href":"https:\/\/sites.uel.br\/eaaj\/wp-json\/wp\/v2\/pages"}],"about":[{"href":"https:\/\/sites.uel.br\/eaaj\/wp-json\/wp\/v2\/types\/page"}],"author":[{"embeddable":true,"href":"https:\/\/sites.uel.br\/eaaj\/wp-json\/wp\/v2\/users\/7"}],"replies":[{"embeddable":true,"href":"https:\/\/sites.uel.br\/eaaj\/wp-json\/wp\/v2\/comments?post=292"}],"version-history":[{"count":30,"href":"https:\/\/sites.uel.br\/eaaj\/wp-json\/wp\/v2\/pages\/292\/revisions"}],"predecessor-version":[{"id":841,"href":"https:\/\/sites.uel.br\/eaaj\/wp-json\/wp\/v2\/pages\/292\/revisions\/841"}],"wp:attachment":[{"href":"https:\/\/sites.uel.br\/eaaj\/wp-json\/wp\/v2\/media?parent=292"}],"curies":[{"name":"wp","href":"https:\/\/api.w.org\/{rel}","templated":true}]}}