{"id":253,"date":"2023-05-18T16:49:34","date_gmt":"2023-05-18T19:49:34","guid":{"rendered":"https:\/\/sites.uel.br\/eaaj\/?page_id=253"},"modified":"2025-02-18T14:51:08","modified_gmt":"2025-02-18T17:51:08","slug":"docentes","status":"publish","type":"page","link":"https:\/\/sites.uel.br\/eaaj\/docentes\/","title":{"rendered":"Docentes"},"content":{"rendered":"\n<h3 class=\"wp-block-heading\"><strong>PROFESSORES \/ DISCIPLINAS:<\/strong><\/h3>\n\n\n\n<p><strong>4\u00ba S\u00e9rie do Curso de Direito&nbsp;<br><br><\/strong><strong>DISCIPLINA 6EST442 &#8211;&nbsp;<\/strong>EST\u00c1GIO SUPERVISIONADO OBRIGAT\u00d3RIO I<\/p>\n\n\n\n<p>Prof. Dr. Arthur Lustosa Strozzi<\/p>\n\n\n\n<p class=\"has-text-align-left\">               Prof\u00aa. Me. Claudia Maria Tagata<\/p>\n\n\n\n<p class=\"has-text-align-left\">               Prof\u00aa. Dra. Claudete Carvalho Canezin<\/p>\n\n\n\n<p>Prof\u00aa.  Me. Joice Duarte Gon\u00e7alves Bergamaschi<\/p>\n\n\n\n<p class=\"has-text-align-left\">               Prof\u00aa. Dra. Juliana Kiyosen Nakayama<\/p>\n\n\n\n<p class=\"has-text-align-left\">               Prof. Dr.&nbsp; M\u00e1rcio Barbosa Zerneri<\/p>\n\n\n\n<p class=\"has-text-align-left\">               Prof. Me. Marco Antonio Gon\u00e7alves Valle<\/p>\n\n\n\n<p class=\"has-text-align-left\">Prof\u00aa. Me. Maria Aparecida Piveta Carrato<br>&nbsp;<\/p>\n\n\n\n<p><strong>5\u00ba S\u00e9rie do Curso de Direito&nbsp;<br><br>DISCIPLINA 6EST437 &#8211;&nbsp;<\/strong>EST\u00c1GIO SUPERVISIONADO EM DIREITO PENAL E&nbsp;<br>PROCESSO PENAL<\/p>\n\n\n\n<p><\/p>\n\n\n\n<p class=\"has-text-align-left\">Prof\u00aa. Elizabeth Nadalim<\/p>\n\n\n\n<p>Prof\u00aa. Luciana do Carmo Neves<\/p>\n\n\n\n<p class=\"has-text-align-left\">Prof\u00aa. Me. Rossana Helena Karatzios<\/p>\n\n\n\n<p><\/p>\n\n\n\n<p>&nbsp;<br><strong>DISCIPLINA 6EST436 &#8211;&nbsp;<\/strong>EST\u00c1GIO SUPERVISIONADO EM DIREITO CIVIL E&nbsp;<br>PROCESSO CIVIL<\/p>\n\n\n\n<p>Prof. Me. Alexandre Guimar\u00e3es Melatti<\/p>\n\n\n\n<p>Prof. Me. Fabio Martins Pereira<\/p>\n\n\n\n<p>Prof. Dr. F\u00e1bio Ricardo Rodrigues Brasilino<\/p>\n\n\n\n<p>Prof\u00aa. Me.&nbsp; Izabella Affonso Costa<\/p>\n\n\n\n<p>Prof\u00aa. Dra.\u00a0Marcia Teshima<\/p>\n\n\n\n<p>Prof\u00aa. Me.&nbsp;Maria Gabriela Staut<br>&nbsp;&nbsp;&nbsp;&nbsp;&nbsp;&nbsp;&nbsp;&nbsp;&nbsp;&nbsp;<br>&nbsp;&nbsp;&nbsp;&nbsp;&nbsp;&nbsp;&nbsp;&nbsp;&nbsp;<br><strong>DISCIPLINA 6EST438 &#8211;&nbsp;<\/strong>EST\u00c1GIO SUPERVISIONADO EM DIREITO DO TRABALHO E<br>PROCESSO DO TRABALHO<\/p>\n\n\n\n<p>&nbsp;Prof. Dr. Renato Lima Barbosa<\/p>\n\n\n\n<p><\/p>\n\n\n\n<p><strong>DISCIPLINA 6EST439 &#8211;&nbsp;<\/strong>EST\u00c1GIO SUPERVISIONADO EM DIREITO CONSTITUCIONAL, ADMINISTRATIVO E TRIBUT\u00c1RIO<\/p>\n\n\n\n<p><\/p>\n\n\n\n<p>Prof. Dr. Henrique Afonso Pipolo<\/p>\n","protected":false},"excerpt":{"rendered":"<p>PROFESSORES \/ DISCIPLINAS: 4\u00ba S\u00e9rie do Curso de Direito&nbsp; DISCIPLINA 6EST442 &#8211;&nbsp;EST\u00c1GIO SUPERVISIONADO OBRIGAT\u00d3RIO I Prof. Dr. Arthur Lustosa Strozzi Prof\u00aa. Me. Claudia Maria Tagata Prof\u00aa. Dra. Claudete Carvalho Canezin Prof\u00aa. Me. Joice Duarte Gon\u00e7alves Bergamaschi Prof\u00aa. Dra. Juliana Kiyosen Nakayama Prof. Dr.&nbsp; M\u00e1rcio Barbosa Zerneri Prof. Me. Marco Antonio Gon\u00e7alves Valle Prof\u00aa. Me. Maria [&hellip;]<\/p>\n","protected":false},"author":7,"featured_media":0,"parent":0,"menu_order":0,"comment_status":"closed","ping_status":"closed","template":"","meta":{"footnotes":""},"class_list":["post-253","page","type-page","status-publish","hentry"],"acf":[],"_links":{"self":[{"href":"https:\/\/sites.uel.br\/eaaj\/wp-json\/wp\/v2\/pages\/253","targetHints":{"allow":["GET"]}}],"collection":[{"href":"https:\/\/sites.uel.br\/eaaj\/wp-json\/wp\/v2\/pages"}],"about":[{"href":"https:\/\/sites.uel.br\/eaaj\/wp-json\/wp\/v2\/types\/page"}],"author":[{"embeddable":true,"href":"https:\/\/sites.uel.br\/eaaj\/wp-json\/wp\/v2\/users\/7"}],"replies":[{"embeddable":true,"href":"https:\/\/sites.uel.br\/eaaj\/wp-json\/wp\/v2\/comments?post=253"}],"version-history":[{"count":32,"href":"https:\/\/sites.uel.br\/eaaj\/wp-json\/wp\/v2\/pages\/253\/revisions"}],"predecessor-version":[{"id":756,"href":"https:\/\/sites.uel.br\/eaaj\/wp-json\/wp\/v2\/pages\/253\/revisions\/756"}],"wp:attachment":[{"href":"https:\/\/sites.uel.br\/eaaj\/wp-json\/wp\/v2\/media?parent=253"}],"curies":[{"name":"wp","href":"https:\/\/api.w.org\/{rel}","templated":true}]}}