{"id":250,"date":"2023-05-18T16:46:36","date_gmt":"2023-05-18T19:46:36","guid":{"rendered":"https:\/\/sites.uel.br\/eaaj\/?page_id=250"},"modified":"2025-02-18T15:03:01","modified_gmt":"2025-02-18T18:03:01","slug":"coordenacao-de-estagio","status":"publish","type":"page","link":"https:\/\/sites.uel.br\/eaaj\/coordenacao-de-estagio\/","title":{"rendered":"Coordena\u00e7\u00e3o de Est\u00e1gio"},"content":{"rendered":"\n<p>O curso de Direito possui um Coordenador(a) e uma vice-coordenador(a) de est\u00e1gio, eleitos entre os professores que atuam no EAAJ e nomeados por portaria do Reitor,&nbsp;para a&nbsp;gest\u00e3o pedag\u00f3gica e supervis\u00e3o dos campos de est\u00e1gio obrigat\u00f3rio e n\u00e3o obrigat\u00f3rio.<\/p>\n\n\n\n<p class=\"has-text-align-center\"><strong>Coordenador(a):<\/strong>\u00a0Prof. Dr. Henrique Afonso Pipolo<\/p>\n\n\n\n<p class=\"has-text-align-center\">e-mail: henriquepipolo@uel.br<\/p>\n\n\n\n<p class=\"has-text-align-center\"><strong>Vice-Coordenador(a):<\/strong>&nbsp;Prof. Douglas Bonaldi Maranh\u00e3o<br><br>e-mail: douglas.maranhao@uel.br<\/p>\n","protected":false},"excerpt":{"rendered":"<p>O curso de Direito possui um Coordenador(a) e uma vice-coordenador(a) de est\u00e1gio, eleitos entre os professores que atuam no EAAJ e nomeados por portaria do Reitor,&nbsp;para a&nbsp;gest\u00e3o pedag\u00f3gica e supervis\u00e3o dos campos de est\u00e1gio obrigat\u00f3rio e n\u00e3o obrigat\u00f3rio. Coordenador(a):\u00a0Prof. Dr. Henrique Afonso Pipolo e-mail: henriquepipolo@uel.br Vice-Coordenador(a):&nbsp;Prof. Douglas Bonaldi Maranh\u00e3o e-mail: douglas.maranhao@uel.br<\/p>\n","protected":false},"author":7,"featured_media":0,"parent":0,"menu_order":0,"comment_status":"closed","ping_status":"closed","template":"","meta":{"footnotes":""},"class_list":["post-250","page","type-page","status-publish","hentry"],"acf":[],"_links":{"self":[{"href":"https:\/\/sites.uel.br\/eaaj\/wp-json\/wp\/v2\/pages\/250","targetHints":{"allow":["GET"]}}],"collection":[{"href":"https:\/\/sites.uel.br\/eaaj\/wp-json\/wp\/v2\/pages"}],"about":[{"href":"https:\/\/sites.uel.br\/eaaj\/wp-json\/wp\/v2\/types\/page"}],"author":[{"embeddable":true,"href":"https:\/\/sites.uel.br\/eaaj\/wp-json\/wp\/v2\/users\/7"}],"replies":[{"embeddable":true,"href":"https:\/\/sites.uel.br\/eaaj\/wp-json\/wp\/v2\/comments?post=250"}],"version-history":[{"count":5,"href":"https:\/\/sites.uel.br\/eaaj\/wp-json\/wp\/v2\/pages\/250\/revisions"}],"predecessor-version":[{"id":764,"href":"https:\/\/sites.uel.br\/eaaj\/wp-json\/wp\/v2\/pages\/250\/revisions\/764"}],"wp:attachment":[{"href":"https:\/\/sites.uel.br\/eaaj\/wp-json\/wp\/v2\/media?parent=250"}],"curies":[{"name":"wp","href":"https:\/\/api.w.org\/{rel}","templated":true}]}}