{"id":246,"date":"2023-05-18T16:44:26","date_gmt":"2023-05-18T19:44:26","guid":{"rendered":"https:\/\/sites.uel.br\/eaaj\/?page_id=246"},"modified":"2025-02-18T14:50:42","modified_gmt":"2025-02-18T17:50:42","slug":"direcao","status":"publish","type":"page","link":"https:\/\/sites.uel.br\/eaaj\/direcao\/","title":{"rendered":"Dire\u00e7\u00e3o"},"content":{"rendered":"\n<p>A Dire\u00e7\u00e3o \u00e9 um \u00f3rg\u00e3o da administra\u00e7\u00e3o superior que coordena, supervisiona e controla todas as atividades administrativas&nbsp;do EAAJ.<\/p>\n\n\n\n<p class=\"has-text-align-center\"><strong>Diretor(a): Prof\u00aa. Dr\u00aa. Marcia Teshima<\/strong><\/p>\n","protected":false},"excerpt":{"rendered":"<p>A Dire\u00e7\u00e3o \u00e9 um \u00f3rg\u00e3o da administra\u00e7\u00e3o superior que coordena, supervisiona e controla todas as atividades administrativas&nbsp;do EAAJ. Diretor(a): Prof\u00aa. Dr\u00aa. Marcia Teshima<\/p>\n","protected":false},"author":7,"featured_media":0,"parent":0,"menu_order":0,"comment_status":"closed","ping_status":"closed","template":"","meta":{"footnotes":""},"class_list":["post-246","page","type-page","status-publish","hentry"],"acf":[],"_links":{"self":[{"href":"https:\/\/sites.uel.br\/eaaj\/wp-json\/wp\/v2\/pages\/246","targetHints":{"allow":["GET"]}}],"collection":[{"href":"https:\/\/sites.uel.br\/eaaj\/wp-json\/wp\/v2\/pages"}],"about":[{"href":"https:\/\/sites.uel.br\/eaaj\/wp-json\/wp\/v2\/types\/page"}],"author":[{"embeddable":true,"href":"https:\/\/sites.uel.br\/eaaj\/wp-json\/wp\/v2\/users\/7"}],"replies":[{"embeddable":true,"href":"https:\/\/sites.uel.br\/eaaj\/wp-json\/wp\/v2\/comments?post=246"}],"version-history":[{"count":3,"href":"https:\/\/sites.uel.br\/eaaj\/wp-json\/wp\/v2\/pages\/246\/revisions"}],"predecessor-version":[{"id":755,"href":"https:\/\/sites.uel.br\/eaaj\/wp-json\/wp\/v2\/pages\/246\/revisions\/755"}],"wp:attachment":[{"href":"https:\/\/sites.uel.br\/eaaj\/wp-json\/wp\/v2\/media?parent=246"}],"curies":[{"name":"wp","href":"https:\/\/api.w.org\/{rel}","templated":true}]}}