{"id":242,"date":"2023-05-18T16:37:38","date_gmt":"2023-05-18T19:37:38","guid":{"rendered":"https:\/\/sites.uel.br\/eaaj\/?page_id=242"},"modified":"2023-05-18T16:37:38","modified_gmt":"2023-05-18T19:37:38","slug":"historico","status":"publish","type":"page","link":"https:\/\/sites.uel.br\/eaaj\/historico\/","title":{"rendered":"Hist\u00f3rico"},"content":{"rendered":"\n<p><strong>IMPLANTA\u00c7\u00c3O<\/strong><\/p>\n\n\n\n<p>Criado inicialmente como&nbsp;&#8220;Escrit\u00f3rio de Aplica\u00e7\u00e3o&#8221;, em 12 de agosto de 1.972, atrav\u00e9s da Resolu\u00e7\u00e3o CU&nbsp;n\u00b0 112.&nbsp; Iniciou suas atividades de funcionamento em 1973, na gest\u00e3o do 1\u00ba Reitor da Universidade Estadual de Londrina, Professor Doutor Asc\u00eancio Garcia Lopes, oferecendo est\u00e1gio optativo aos alunos do 4\u00ba e 5\u00ba ano do Curso de Direito, conforme Lei Federal n\u00b0 5.842, de 06\/12\/1972, alterado pela Lei n\u00b0 5.960, de 10\/12\/1973, conforme exig\u00eancia do Egr\u00e9gio Conselho Federal de Educa\u00e7\u00e3o (Resolu\u00e7\u00e3o n\u00b0 015, de 02\/03\/1.973), sendo denominado Est\u00e1gio de &#8220;Pr\u00e1tica Forense e Organiza\u00e7\u00e3o Judici\u00e1ria&#8221;.<br><br>Em 26 de fevereiro de 1.981 passa a ser denominado Escrit\u00f3rio de Aplica\u00e7\u00e3o de Assuntos Jur\u00eddicos &#8211; EAAJ, atrav\u00e9s da Resolu\u00e7\u00e3o CU n\u00b0 609.&nbsp;&nbsp;<br><br>At\u00e9 o ano de 1995, os alunos que realizavam o&nbsp;est\u00e1gio no EAAJ&nbsp;eram dispensados do Exame da Ordem dos Advogados do Brasil, realizando, ap\u00f3s 02 (dois) anos de est\u00e1gio uma avalia\u00e7\u00e3o final, no \u00e2mbito interno, mas com a&nbsp;participa\u00e7\u00e3o de Representante designado pela OAB.<\/p>\n\n\n\n<p>A&nbsp;partir de 1995 o est\u00e1gio passou a ser curricular por for\u00e7a de dispositivos legais (Resolu\u00e7\u00e3o n\u00b0 2907\/05) e reformula\u00e7\u00e3o do Curso de Direito.<\/p>\n\n\n\n<p><strong>&nbsp;&nbsp;&nbsp;&nbsp;MODELO DE ORGANIZA\u00c7\u00c3O<\/strong><\/p>\n\n\n\n<p>Em 1.998, o n\u00famero de alunos\/estagi\u00e1rios do EAAJ aumentou de 188 para 425, o que permitiu manter equilibrado o n\u00famero de atendimentos que vinham sendo prestados \u00e0 popula\u00e7\u00e3o. No entanto, este crescimento trouxe a necessidade de amplia\u00e7\u00e3o do&nbsp;n\u00famero de professores\/orientadores e funcion\u00e1rios, permanecendo na atualidade parte desta demanda.&nbsp;<\/p>\n\n\n\n<p>Apesar&nbsp;destas dificuldades, a Comiss\u00e3o de Especialistas do Ensino de Direito do MEC, durante a visita para avalia\u00e7\u00e3o das condi\u00e7\u00f5es de&nbsp;Oferta do Curso, procedimento este que faz parte do&nbsp;Exame Nacional de Cursos (Prov\u00e3o do MEC) concedeu ao EAAJ a seguinte avalia\u00e7\u00e3o:<\/p>\n\n\n\n<p><strong><em>&#8220;O Escrit\u00f3rio de Aplica\u00e7\u00e3o de Assuntos Jur\u00eddicos nos pareceu um modelo&nbsp;quanto \u00e0s instala\u00e7\u00f5es, organiza\u00e7\u00e3o e, sobretudo,&nbsp;localiza\u00e7\u00e3o.&nbsp; O acesso \u00e0 assist\u00eancia judici\u00e1ria&nbsp;\u00e9 muito facilitado pelo fato do n\u00facleo estar fora do Campus&#8221;.&nbsp;<\/em><\/strong><\/p>\n\n\n\n<p>Como se observa, um dos pontos fortes do EAAJ \u00e9 a sua localiza\u00e7\u00e3o central, fato que permite mais facilmente o acesso ao f\u00f3rum, delegacias, cart\u00f3rios e outras reparti\u00e7\u00f5es p\u00fablicas.<\/p>\n","protected":false},"excerpt":{"rendered":"<p>IMPLANTA\u00c7\u00c3O Criado inicialmente como&nbsp;&#8220;Escrit\u00f3rio de Aplica\u00e7\u00e3o&#8221;, em 12 de agosto de 1.972, atrav\u00e9s da Resolu\u00e7\u00e3o CU&nbsp;n\u00b0 112.&nbsp; Iniciou suas atividades de funcionamento em 1973, na gest\u00e3o do 1\u00ba Reitor da Universidade Estadual de Londrina, Professor Doutor Asc\u00eancio Garcia Lopes, oferecendo est\u00e1gio optativo aos alunos do 4\u00ba e 5\u00ba ano do Curso de Direito, conforme Lei [&hellip;]<\/p>\n","protected":false},"author":7,"featured_media":0,"parent":0,"menu_order":0,"comment_status":"closed","ping_status":"closed","template":"","meta":{"footnotes":""},"class_list":["post-242","page","type-page","status-publish","hentry"],"acf":[],"_links":{"self":[{"href":"https:\/\/sites.uel.br\/eaaj\/wp-json\/wp\/v2\/pages\/242","targetHints":{"allow":["GET"]}}],"collection":[{"href":"https:\/\/sites.uel.br\/eaaj\/wp-json\/wp\/v2\/pages"}],"about":[{"href":"https:\/\/sites.uel.br\/eaaj\/wp-json\/wp\/v2\/types\/page"}],"author":[{"embeddable":true,"href":"https:\/\/sites.uel.br\/eaaj\/wp-json\/wp\/v2\/users\/7"}],"replies":[{"embeddable":true,"href":"https:\/\/sites.uel.br\/eaaj\/wp-json\/wp\/v2\/comments?post=242"}],"version-history":[{"count":1,"href":"https:\/\/sites.uel.br\/eaaj\/wp-json\/wp\/v2\/pages\/242\/revisions"}],"predecessor-version":[{"id":243,"href":"https:\/\/sites.uel.br\/eaaj\/wp-json\/wp\/v2\/pages\/242\/revisions\/243"}],"wp:attachment":[{"href":"https:\/\/sites.uel.br\/eaaj\/wp-json\/wp\/v2\/media?parent=242"}],"curies":[{"name":"wp","href":"https:\/\/api.w.org\/{rel}","templated":true}]}}