{"id":16,"date":"2023-05-17T16:06:27","date_gmt":"2023-05-17T19:06:27","guid":{"rendered":"https:\/\/sites.uel.br\/eaaj\/?page_id=16"},"modified":"2025-07-16T09:05:01","modified_gmt":"2025-07-16T12:05:01","slug":"inicio","status":"publish","type":"page","link":"https:\/\/sites.uel.br\/eaaj\/","title":{"rendered":""},"content":{"rendered":"\n<h2 class=\"wp-block-heading has-text-align-center\">Escrit\u00f3rio de Aplica\u00e7\u00e3o de Assuntos Jur\u00eddicos<\/h2>\n\n\n\n<div class=\"wp-block-group is-nowrap is-layout-flex wp-container-core-group-is-layout-ad2f72ca wp-block-group-is-layout-flex\">\n<figure class=\"wp-block-image size-large is-resized\"><img loading=\"lazy\" decoding=\"async\" width=\"1024\" height=\"724\" src=\"https:\/\/sites.uel.br\/eaaj\/wp-content\/uploads\/2025\/07\/Logo-Colorido-Horizontal-1024x724.png\" alt=\"\" class=\"wp-image-822\" style=\"width:617px;height:auto\" srcset=\"https:\/\/sites.uel.br\/eaaj\/wp-content\/uploads\/2025\/07\/Logo-Colorido-Horizontal-1024x724.png 1024w, https:\/\/sites.uel.br\/eaaj\/wp-content\/uploads\/2025\/07\/Logo-Colorido-Horizontal-300x212.png 300w, https:\/\/sites.uel.br\/eaaj\/wp-content\/uploads\/2025\/07\/Logo-Colorido-Horizontal-768x543.png 768w, https:\/\/sites.uel.br\/eaaj\/wp-content\/uploads\/2025\/07\/Logo-Colorido-Horizontal.png 1169w\" sizes=\"auto, (max-width: 1024px) 100vw, 1024px\" \/><\/figure>\n\n\n\n<figure class=\"wp-block-image size-large is-resized\"><img loading=\"lazy\" decoding=\"async\" width=\"1024\" height=\"1024\" src=\"https:\/\/sites.uel.br\/eaaj\/wp-content\/uploads\/2025\/07\/Selo-Cor-Fundo-Branco-1024x1024.jpg\" alt=\"\" class=\"wp-image-825\" style=\"width:337px;height:auto\" srcset=\"https:\/\/sites.uel.br\/eaaj\/wp-content\/uploads\/2025\/07\/Selo-Cor-Fundo-Branco-1024x1024.jpg 1024w, https:\/\/sites.uel.br\/eaaj\/wp-content\/uploads\/2025\/07\/Selo-Cor-Fundo-Branco-300x300.jpg 300w, https:\/\/sites.uel.br\/eaaj\/wp-content\/uploads\/2025\/07\/Selo-Cor-Fundo-Branco-150x150.jpg 150w, https:\/\/sites.uel.br\/eaaj\/wp-content\/uploads\/2025\/07\/Selo-Cor-Fundo-Branco-768x768.jpg 768w, https:\/\/sites.uel.br\/eaaj\/wp-content\/uploads\/2025\/07\/Selo-Cor-Fundo-Branco-1536x1536.jpg 1536w, https:\/\/sites.uel.br\/eaaj\/wp-content\/uploads\/2025\/07\/Selo-Cor-Fundo-Branco-2048x2048.jpg 2048w\" sizes=\"auto, (max-width: 1024px) 100vw, 1024px\" \/><\/figure>\n<\/div>\n\n\n\n<p>         O Escrit\u00f3rio de Aplica\u00e7\u00e3o de Assuntos Jur\u00eddicos \u2013 EAAJ, fundado em 1973 \u00e9 um \u00d3rg\u00e3o Suplementar da Universidade Estadual de Londrina, vinculado administrativamente \u00e0 Reitoria (Vice-Reitoria por delega\u00e7\u00e3o) e pedagogicamente ao CESA. Caracteriza-se com um Escrit\u00f3rio Escola e sua miss\u00e3o institucional abrange duas dimens\u00f5es: <\/p>\n\n\n\n<ul class=\"wp-block-list\">\n<li>1\u00aa &#8211; O trabalho Social: O EAAJ oferece o servi\u00e7o de assist\u00eancia jur\u00eddica \u00e0 popula\u00e7\u00e3o economicamente carente de Londrina e seus distritos, permitindo que estas pessoas tenham acesso \u00e0 justi\u00e7a e ao exerc\u00edcio da cidadania. Esta dimens\u00e3o permite ao EAAJ ficar em sintonia com as finalidades descritas no Estatuto da UEL, refor\u00e7ando a responsabilidade social da Universidade, conforme artigo 2\u00ba e incisos:<\/li>\n<\/ul>\n\n\n\n<p class=\"has-text-align-center\"><em>&nbsp; &nbsp;\u201cA&nbsp; Universidade Estadual de Londrina ter\u00e1 por finalidade:&nbsp;&nbsp;&nbsp;(&#8230;)<br>&nbsp; &nbsp; II \u2013 formar pessoas habilitadas para investiga\u00e7\u00e3o filos\u00f3fica,&nbsp;<br>&nbsp; &nbsp; &nbsp; &nbsp; &nbsp;cient\u00edfica e liter\u00e1ria, o exerc\u00edcio das profiss\u00f5es liberais, &#8230;<br>&nbsp;III \u2013 prestar servi\u00e7os \u00e0 comunidade.\u201d<\/em><\/p>\n\n\n\n<ul class=\"wp-block-list\">\n<li>2\u00aa &#8211; O Est\u00e1gio Curricular Obrigat\u00f3rio: Seguindo as Diretrizes Curriculares do MEC e o Projeto Pol\u00edtico Pedag\u00f3gico do Curso de Direito da UEL, o EAAJ atua como campo de Est\u00e1gio Curricular Obrigat\u00f3rio para as atividades de pr\u00e1tica jur\u00eddica aos alunos do 4\u00ba e 5\u00ba ano do curso, nas seguintes op\u00e7\u00f5es: Direito Civil e Processo Civil, Direito Penal e Processo Penal, Direito Administrativo, Constitucional e Tribut\u00e1rio, Direito do Trabalho e Processo do Trabalho e Direito Previdenci\u00e1rio.<\/li>\n<\/ul>\n\n\n\n<p><br>&nbsp;&nbsp;&nbsp;&nbsp;&nbsp;&nbsp;&nbsp;&nbsp;&nbsp;&nbsp;Com a Constitui\u00e7\u00e3o Cidad\u00e3 de 1988 e na d\u00e9cada de 90 com as Diretrizes Curriculares que tornaram obrigat\u00f3rio o est\u00e1gio do curso de Direito&nbsp;e a LDB que criou&nbsp;o trip\u00e9 ensino-pesquisa-extens\u00e3o, a nossa miss\u00e3o institucional tornou-se ainda mais intensa e comprometida com o importante papel que a Universidade Estadual de Londrina precisa desempenhar perante a comunidade local e consequentemente na parceria com a pol\u00edtica de desenvolvimento do Estado do Paran\u00e1 e do pa\u00eds.<br><br><\/p>\n\n\n\n<p>&nbsp;&nbsp;&nbsp;&nbsp;&nbsp;&nbsp;&nbsp;&nbsp;&nbsp; Com&nbsp;50 anos de funcionamento, o EAAJ est\u00e1 instalado em um pr\u00e9dio de 1.700 metros quadrados, na Rua Brasil n\u00ba 742 &#8211; Centro, em dois turnos de atendimento que compreende o hor\u00e1rio das 08h00 \u00e0s 17h30, com intervalo somente para o hor\u00e1rio de almo\u00e7o, das 12h00 \u00e0s 13h30.<\/p>\n\n\n\n<p class=\"has-text-align-center\"><strong>&nbsp;TELEFONES:<\/strong><\/p>\n\n\n\n<p class=\"has-text-align-center\"><strong>Clientes<\/strong>: (43)3371-5188, (43)3371-5189 e (43)3371-5190<\/p>\n\n\n\n<p class=\"has-text-align-center\">&nbsp;<strong>Alunos do EAAJ<\/strong>: (43)3324-9038<\/p>\n","protected":false},"excerpt":{"rendered":"<p>Escrit\u00f3rio de Aplica\u00e7\u00e3o de Assuntos Jur\u00eddicos O Escrit\u00f3rio de Aplica\u00e7\u00e3o de Assuntos Jur\u00eddicos \u2013 EAAJ, fundado em 1973 \u00e9 um \u00d3rg\u00e3o Suplementar da Universidade Estadual de Londrina, vinculado administrativamente \u00e0 Reitoria (Vice-Reitoria por delega\u00e7\u00e3o) e pedagogicamente ao CESA. Caracteriza-se com um Escrit\u00f3rio Escola e sua miss\u00e3o institucional abrange duas dimens\u00f5es: &nbsp; &nbsp;\u201cA&nbsp; Universidade Estadual de [&hellip;]<\/p>\n","protected":false},"author":7,"featured_media":0,"parent":0,"menu_order":0,"comment_status":"closed","ping_status":"closed","template":"","meta":{"footnotes":""},"class_list":["post-16","page","type-page","status-publish","hentry"],"acf":[],"_links":{"self":[{"href":"https:\/\/sites.uel.br\/eaaj\/wp-json\/wp\/v2\/pages\/16","targetHints":{"allow":["GET"]}}],"collection":[{"href":"https:\/\/sites.uel.br\/eaaj\/wp-json\/wp\/v2\/pages"}],"about":[{"href":"https:\/\/sites.uel.br\/eaaj\/wp-json\/wp\/v2\/types\/page"}],"author":[{"embeddable":true,"href":"https:\/\/sites.uel.br\/eaaj\/wp-json\/wp\/v2\/users\/7"}],"replies":[{"embeddable":true,"href":"https:\/\/sites.uel.br\/eaaj\/wp-json\/wp\/v2\/comments?post=16"}],"version-history":[{"count":32,"href":"https:\/\/sites.uel.br\/eaaj\/wp-json\/wp\/v2\/pages\/16\/revisions"}],"predecessor-version":[{"id":833,"href":"https:\/\/sites.uel.br\/eaaj\/wp-json\/wp\/v2\/pages\/16\/revisions\/833"}],"wp:attachment":[{"href":"https:\/\/sites.uel.br\/eaaj\/wp-json\/wp\/v2\/media?parent=16"}],"curies":[{"name":"wp","href":"https:\/\/api.w.org\/{rel}","templated":true}]}}