{"id":788,"date":"2024-01-08T15:51:10","date_gmt":"2024-01-08T18:51:10","guid":{"rendered":"https:\/\/sites.uel.br\/cursinho\/?page_id=788"},"modified":"2026-04-01T08:53:09","modified_gmt":"2026-04-01T11:53:09","slug":"home","status":"publish","type":"page","link":"https:\/\/sites.uel.br\/cursinho\/","title":{"rendered":""},"content":{"rendered":"\n<div class=\"wp-block-uel-card\">\n<div class=\"wp-block-buttons is-layout-flex wp-block-buttons-is-layout-flex\">\n<div class=\"wp-block-button has-custom-width wp-block-button__width-100 is-style-fill\"><a class=\"wp-block-button__link has-verde-escuro-background-color has-text-color has-background has-link-color has-text-align-center has-custom-font-size wp-element-button\" href=\"https:\/\/sites.uel.br\/cursinho\/selecao-de-novos-instrutores-2026-1\/\" style=\"border-radius:0px;color:#ffffff;font-size:22px\" target=\"_blank\" rel=\"noreferrer noopener\"><strong><img loading=\"lazy\" decoding=\"async\" width=\"228\" height=\"94\" class=\"wp-image-591\" style=\"width: 80px\" src=\"https:\/\/sites.uel.br\/cursinho\/wp-content\/uploads\/2023\/03\/novo-gif-cortado.gif\" alt=\"\">SELE\u00c7\u00c3O DE NOVOS INSTRUTORES 2026<img loading=\"lazy\" decoding=\"async\" width=\"228\" height=\"94\" class=\"wp-image-591\" style=\"width: 80px\" src=\"https:\/\/sites.uel.br\/cursinho\/wp-content\/uploads\/2023\/03\/novo-gif-cortado.gif\" alt=\"\"><\/strong><\/a><\/div>\n\n\n\n<div class=\"wp-block-button has-custom-width wp-block-button__width-100 is-style-fill\"><a class=\"wp-block-button__link has-verde-escuro-background-color has-text-color has-background has-link-color has-text-align-center has-custom-font-size wp-element-button\" href=\"https:\/\/sites.uel.br\/cursinho\/inscricoes\/\" style=\"border-radius:0px;color:#ffffff;font-size:22px\" target=\"_blank\" rel=\"noreferrer noopener\"><strong>MATR\u00cdCULAS PARA NOVOS ALUNOS 2026 <\/strong><\/a><\/div>\n\n\n\n<div class=\"wp-block-button has-custom-width wp-block-button__width-100 is-style-fill\"><a class=\"wp-block-button__link has-verde-escuro-background-color has-text-color has-background has-link-color has-text-align-center has-custom-font-size wp-element-button\" href=\"https:\/\/sites.uel.br\/cursinho\/processo-de-selecao-socioeconomica-para-o-cepv-uel-2026\/\" style=\"border-radius:0px;color:#ffffff;font-size:22px\" target=\"_blank\" rel=\"noreferrer noopener\"><strong>SELE\u00c7\u00c3O DE NOVOS ALUNOS 2026<\/strong><\/a><\/div>\n<\/div>\n<\/div>\n\n\n\n<div class=\"wp-block-uel-card\"><div class=\"wp-block-image\">\n<figure class=\"aligncenter size-large\"><img loading=\"lazy\" decoding=\"async\" width=\"1024\" height=\"341\" src=\"https:\/\/sites.uel.br\/cursinho\/wp-content\/uploads\/2024\/01\/1000x3000-1024x341.png\" alt=\"\" class=\"wp-image-955\" srcset=\"https:\/\/sites.uel.br\/cursinho\/wp-content\/uploads\/2024\/01\/1000x3000-1024x341.png 1024w, https:\/\/sites.uel.br\/cursinho\/wp-content\/uploads\/2024\/01\/1000x3000-300x100.png 300w, https:\/\/sites.uel.br\/cursinho\/wp-content\/uploads\/2024\/01\/1000x3000-768x256.png 768w, https:\/\/sites.uel.br\/cursinho\/wp-content\/uploads\/2024\/01\/1000x3000-1536x512.png 1536w, https:\/\/sites.uel.br\/cursinho\/wp-content\/uploads\/2024\/01\/1000x3000-2048x683.png 2048w\" sizes=\"auto, (max-width: 1024px) 100vw, 1024px\" \/><\/figure>\n<\/div>\n\n\n<div class=\"wp-block-columns wp-embed-aspect-21-9 wp-has-aspect-ratio is-layout-flex wp-container-core-columns-is-layout-9d6595d7 wp-block-columns-is-layout-flex\">\n<div class=\"wp-block-column is-layout-flow wp-block-column-is-layout-flow\" style=\"flex-basis:30%\">\n<div class=\"wp-block-buttons is-content-justification-center is-layout-flex wp-container-core-buttons-is-layout-16018d1d wp-block-buttons-is-layout-flex\">\n<div class=\"wp-block-button has-custom-width wp-block-button__width-100 is-style-fill\"><a class=\"wp-block-button__link has-verde-escuro-background-color has-text-color has-background has-link-color has-text-align-center has-custom-font-size wp-element-button\" href=\"https:\/\/sites.uel.br\/cursinho\/selecao-de-novos-instrutores-2026-1\/\" style=\"border-radius:0px;color:#ffffff;font-size:18px\" target=\"_blank\" rel=\"noreferrer noopener\">Sele\u00e7\u00e3o de novos instrutores    2026<\/a><\/div>\n\n\n\n<div class=\"wp-block-button has-custom-width wp-block-button__width-100 is-style-fill\"><a class=\"wp-block-button__link has-verde-escuro-background-color has-text-color has-background has-link-color has-text-align-center has-custom-font-size wp-element-button\" href=\"https:\/\/sites.uel.br\/cursinho\/inscricoes\/\" style=\"border-radius:0px;color:#ffffff;font-size:18px\">Novos alunos 2026<\/a><\/div>\n\n\n\n<div class=\"wp-block-button has-custom-width wp-block-button__width-100 is-style-fill\"><a class=\"wp-block-button__link has-verde-escuro-background-color has-text-color has-background has-link-color has-text-align-center has-custom-font-size wp-element-button\" href=\"https:\/\/sites.uel.br\/cursinho\/cursos-gratuitos-de-conhecimentos-fundamentais\/\" style=\"border-radius:0px;color:#ffffff;font-size:18px\">Cursos de conhecimentos fundamentais<\/a><\/div>\n\n\n\n<div class=\"wp-block-button has-custom-width wp-block-button__width-100 is-style-fill\"><a class=\"wp-block-button__link has-verde-escuro-background-color has-text-color has-background has-link-color has-custom-font-size wp-element-button\" href=\"http:\/\/sites.uel.br\/cursinho\/cursos\" style=\"border-radius:0px;color:#ffffff;font-size:18px\">Cursos de ver\u00e3o 2025<\/a><\/div>\n<\/div>\n\n\n\n<div style=\"height:10px\" aria-hidden=\"true\" class=\"wp-block-spacer\"><\/div>\n\n\n\n<hr class=\"wp-block-separator has-alpha-channel-opacity is-style-default\" \/>\n\n\n\n<div style=\"height:10px\" aria-hidden=\"true\" class=\"wp-block-spacer\"><\/div>\n\n\n\n<div class=\"wp-block-buttons is-layout-flex wp-block-buttons-is-layout-flex\">\n<div class=\"wp-block-button has-custom-width wp-block-button__width-100 is-style-fill\"><a class=\"wp-block-button__link has-verde-escuro-background-color has-text-color has-background has-link-color has-custom-font-size wp-element-button\" href=\"https:\/\/sites.uel.br\/cursinho\/selecao-de-novos-instrutores-2025-2\/\" style=\"border-radius:0px;color:#ffffff;font-size:18px\">Sele\u00e7\u00e3o de novos instrutores 2025.2<\/a><\/div>\n\n\n\n<div class=\"wp-block-button has-custom-width wp-block-button__width-100 is-style-fill\"><a class=\"wp-block-button__link has-verde-escuro-background-color has-text-color has-background has-link-color has-custom-font-size wp-element-button\" href=\"https:\/\/sites.uel.br\/cursinho\/selecao-novos-instrutores-2025\/\" style=\"border-radius:0px;color:#ffffff;font-size:18px\">Sele\u00e7\u00e3o de novos instrutores  2025.1<\/a><\/div>\n<\/div>\n\n\n\n<div style=\"height:10px\" aria-hidden=\"true\" class=\"wp-block-spacer\"><\/div>\n\n\n\n<hr class=\"wp-block-separator has-alpha-channel-opacity is-style-default\" \/>\n\n\n\n<div style=\"height:10px\" aria-hidden=\"true\" class=\"wp-block-spacer\"><\/div>\n\n\n\n<div class=\"wp-block-buttons is-layout-flex wp-block-buttons-is-layout-flex\">\n<div class=\"wp-block-button has-custom-width wp-block-button__width-100 is-style-fill\"><a class=\"wp-block-button__link has-verde-escuro-background-color has-text-color has-background has-link-color has-custom-font-size wp-element-button\" href=\"https:\/\/sites.uel.br\/cursinho\/wp-content\/uploads\/2024\/01\/Mapa-do-campus-da-UEL.png\" style=\"border-radius:0px;color:#ffffff;font-size:18px\">Mapa do campus UEL<\/a><\/div>\n<\/div>\n\n\n\n<div style=\"height:10px\" aria-hidden=\"true\" class=\"wp-block-spacer\"><\/div>\n\n\n\n<hr class=\"wp-block-separator has-alpha-channel-opacity is-style-default\" \/>\n\n\n\n<div style=\"height:10px\" aria-hidden=\"true\" class=\"wp-block-spacer\"><\/div>\n\n\n\n<div class=\"wp-block-buttons is-content-justification-center is-layout-flex wp-container-core-buttons-is-layout-16018d1d wp-block-buttons-is-layout-flex\">\n<div class=\"wp-block-button has-custom-width wp-block-button__width-75 is-style-fill\"><a class=\"wp-block-button__link has-text-color has-background has-link-color has-custom-font-size wp-element-button\" href=\"https:\/\/maps.app.goo.gl\/z58WMiio6pNPxDK46\" style=\"border-radius:100px;color:#ffffff;background:linear-gradient(320deg,rgb(52,168,83) 41%,rgb(251,188,4) 42%,rgb(251,188,4) 54%,rgb(66,133,244) 55%,rgb(66,133,244) 71%,rgb(26,115,232) 72%,rgb(26,115,232) 82%,rgb(221,75,62) 83%);font-size:18px\"> <img loading=\"lazy\" decoding=\"async\" width=\"512\" height=\"512\" class=\"wp-image-898\" style=\"width: 30px\" src=\"https:\/\/sites.uel.br\/cursinho\/wp-content\/uploads\/2024\/01\/gmaps1.png\" alt=\"\" srcset=\"https:\/\/sites.uel.br\/cursinho\/wp-content\/uploads\/2024\/01\/gmaps1.png 512w, https:\/\/sites.uel.br\/cursinho\/wp-content\/uploads\/2024\/01\/gmaps1-300x300.png 300w, https:\/\/sites.uel.br\/cursinho\/wp-content\/uploads\/2024\/01\/gmaps1-150x150.png 150w\" sizes=\"auto, (max-width: 512px) 100vw, 512px\" \/> <strong>Google Maps<\/strong><\/a><\/div>\n\n\n\n<div class=\"wp-block-button has-custom-width wp-block-button__width-75 is-style-fill\"><a class=\"wp-block-button__link has-text-color has-background has-link-color has-custom-font-size wp-element-button\" href=\"https:\/\/www.youtube.com\/@cepv-uel6363\" style=\"border-radius:100px;color:#ffffff;background-color:#ff0000;font-size:18px\"><img loading=\"lazy\" decoding=\"async\" width=\"420\" height=\"329\" class=\"wp-image-935\" style=\"width: 30px\" src=\"https:\/\/sites.uel.br\/cursinho\/wp-content\/uploads\/2024\/01\/youtube-logo.png\" alt=\"\" srcset=\"https:\/\/sites.uel.br\/cursinho\/wp-content\/uploads\/2024\/01\/youtube-logo.png 420w, https:\/\/sites.uel.br\/cursinho\/wp-content\/uploads\/2024\/01\/youtube-logo-300x235.png 300w\" sizes=\"auto, (max-width: 420px) 100vw, 420px\" \/> <strong>YouTube<\/strong><\/a><\/div>\n<\/div>\n<\/div>\n\n\n\n<div class=\"wp-block-column has-small-font-size is-layout-flow wp-block-column-is-layout-flow\" style=\"flex-basis:70%\">\n                <div class=\"feed-noticias-perobal alm-listing alm-ajax alm-has-transition\" id=\"feed-noticias-perobal-Vestibular\"><a class=\"noticia-padrao d-flex flex-column flex-md-row align-items-start\" href=\"https:\/\/operobal.uel.br\/proex\/2026\/03\/16\/cursinho-praxis-tem-todas-as-vagas-preenchidas-nas-zonas-norte-e-sul-de-londrina\/\">\n                                                    <img decoding=\"async\" class=\"lazy entered loaded\" src=\"https:\/\/operobal.uel.br\/wp-content\/uploads\/2026\/03\/Whatsdestaque_praxis.jpg\"\/>    \n                                                    <article class=\"ml-0 ml-md-4 corpo-noticia-padrao\">\n                                                        <p class=\"antetitulo mb-0\">Vestibulandos<\/p>\n                                                        <p class=\"titulo mb-2\">Cursinho Pr\u00e1xis tem todas as vagas preenchidas nas Zonas Norte e Sul de Londrina<\/p>\n                                                        <p class=\"descricao\">Interessados ainda podem participar da lista de espera para as aulas nos Col\u00e9gios Profa. Lucia Barros Lisboa e Albino Feij\u00f3 Sanches. <\/p>\n                                                    <\/article>\n                                                <\/a><hr class=\"mt-4 mb-4 d-none d-md-block\"><a class=\"noticia-padrao d-flex flex-column flex-md-row align-items-start\" href=\"https:\/\/operobal.uel.br\/prograd\/2026\/03\/12\/cops-divulga-primeira-convocacao-extraordinaria-do-vestibular-2026\/\">\n                                                    <img decoding=\"async\" class=\"lazy entered loaded\" src=\"https:\/\/operobal.uel.br\/wp-content\/uploads\/2023\/11\/Vestibular-2024-2-fase-3.jpeg\"\/>    \n                                                    <article class=\"ml-0 ml-md-4 corpo-noticia-padrao\">\n                                                        <p class=\"antetitulo mb-0\">Gradua\u00e7\u00e3o<\/p>\n                                                        <p class=\"titulo mb-2\">Cops divulga primeira convoca\u00e7\u00e3o extraordin\u00e1ria do Vestibular 2026<\/p>\n                                                        <p class=\"descricao\">Os candidatos dever\u00e3o efetuar a pr\u00e9-matr\u00edcula no Portal do Estudante de Gradua\u00e7\u00e3o at\u00e9 as 23h59 do dia 16 de mar\u00e7o.<\/p>\n                                                    <\/article>\n                                                <\/a><hr class=\"mt-4 mb-4 d-none d-md-block\"><a class=\"noticia-padrao d-flex flex-column flex-md-row align-items-start\" href=\"https:\/\/operobal.uel.br\/cepv\/2026\/03\/12\/cursinho-especial-pre-vestibular-da-uel-realiza-aula-inaugural\/\">\n                                                    <img decoding=\"async\" class=\"lazy entered loaded\" src=\"https:\/\/operobal.uel.br\/wp-content\/uploads\/2026\/03\/imaugural.jpg\"\/>    \n                                                    <article class=\"ml-0 ml-md-4 corpo-noticia-padrao\">\n                                                        <p class=\"antetitulo mb-0\">Vestibular<\/p>\n                                                        <p class=\"titulo mb-2\">Cursinho Especial Pr\u00e9-Vestibular da UEL realiza aula inaugural para mais de 300 vestibulandos<\/p>\n                                                        <p class=\"descricao\">Alunos foram selecionados pelo Sebec por crit\u00e9rio socioecon\u00f4mico e iniciam sua jornada rumo ao Vestibular 2027.<\/p>\n                                                    <\/article>\n                                                <\/a><hr class=\"mt-4 mb-4 d-none d-md-block\"><a class=\"noticia-padrao d-flex flex-column flex-md-row align-items-start\" href=\"https:\/\/operobal.uel.br\/prograd\/2026\/03\/06\/curso-pre-vestibular-praxis-itinerante-abre-50-vagas-na-zona-norte\/\">\n                                                    <img decoding=\"async\" class=\"lazy entered loaded\" src=\"https:\/\/operobal.uel.br\/wp-content\/uploads\/2026\/03\/capa-site-1536x640-1.png\"\/>    \n                                                    <article class=\"ml-0 ml-md-4 corpo-noticia-padrao\">\n                                                        <p class=\"antetitulo mb-0\">Pr\u00e9-Vestibular<\/p>\n                                                        <p class=\"titulo mb-2\">Curso pr\u00e9-vestibular Pr\u00e1xis Itinerante abre 50 vagas na Zona Norte<\/p>\n                                                        <p class=\"descricao\">Aulas s\u00e3o gratuitas. Iniciativa \u00e9 uma parceria entre UEL e N\u00facleo Saul Elkind+Forte e ACINRENOR.<\/p>\n                                                    <\/article>\n                                                <\/a><hr class=\"mt-4 mb-4 d-none d-md-block\"><a class=\"noticia-padrao d-flex flex-column flex-md-row align-items-start\" href=\"https:\/\/operobal.uel.br\/cops\/2026\/03\/05\/uel-oferta-vagas-remanescentes-para-o-ano-letivo-2026\/\">\n                                                    <img decoding=\"async\" class=\"lazy entered loaded\" src=\"https:\/\/operobal.uel.br\/wp-content\/uploads\/2025\/06\/extudantes-em-sala-de-aula.jpg\"\/>    \n                                                    <article class=\"ml-0 ml-md-4 corpo-noticia-padrao\">\n                                                        <p class=\"antetitulo mb-0\">Oferta de Vagas<\/p>\n                                                        <p class=\"titulo mb-2\">Primeira Sele\u00e7\u00e3o Unificada da UEL oferta 115 vagas remanescentes para o ano letivo 2026<\/p>\n                                                        <p class=\"descricao\"> O prazo das inscri\u00e7\u00f5es permanece aberto at\u00e9 dia 10 de mar\u00e7o, \u00e0s 23h59, exclusivamente por meio do formul\u00e1rio dispon\u00edvel no site da Cops. <\/p>\n                                                    <\/article>\n                                                <\/a><\/div><button id=\"feed-noticias-perobal-load-moreVestibular\" type=\"button\" class=\"feed-noticias-button\" data-endpoint=\"https:\/\/operobal.uel.br\/wp-json\/wp-perobal\/v1\/posts\/tags\/Vestibular?numberposts=50\" data-ppp=\"5\" data-pages=\"5\">Leia mais<\/button><\/div>\n<\/div>\n<\/div>\n\n\n\n<div class=\"wp-block-uel-card\">\n<div style=\"height:50px\" aria-hidden=\"true\" class=\"wp-block-spacer\"><\/div>\n\n\n\n<div class=\"wp-block-columns are-vertically-aligned-center is-layout-flex wp-container-core-columns-is-layout-9d6595d7 wp-block-columns-is-layout-flex\">\n<div class=\"wp-block-column is-vertically-aligned-center is-layout-flow wp-block-column-is-layout-flow\"><div class=\"wp-block-image\">\n<figure class=\"aligncenter size-large is-resized\"><a href=\"https:\/\/portal.uel.br\/home\/\"><img loading=\"lazy\" decoding=\"async\" width=\"1024\" height=\"248\" src=\"https:\/\/sites.uel.br\/cursinho\/wp-content\/uploads\/2024\/01\/uel-1024x248.png\" alt=\"\" class=\"wp-image-1043\" style=\"width:310px\" srcset=\"https:\/\/sites.uel.br\/cursinho\/wp-content\/uploads\/2024\/01\/uel-1024x248.png 1024w, https:\/\/sites.uel.br\/cursinho\/wp-content\/uploads\/2024\/01\/uel-300x73.png 300w, https:\/\/sites.uel.br\/cursinho\/wp-content\/uploads\/2024\/01\/uel-768x186.png 768w, https:\/\/sites.uel.br\/cursinho\/wp-content\/uploads\/2024\/01\/uel-1536x373.png 1536w, https:\/\/sites.uel.br\/cursinho\/wp-content\/uploads\/2024\/01\/uel-2048x497.png 2048w\" sizes=\"auto, (max-width: 1024px) 100vw, 1024px\" \/><\/a><\/figure>\n<\/div><\/div>\n\n\n\n<div class=\"wp-block-column is-vertically-aligned-center is-layout-flow wp-block-column-is-layout-flow\"><div class=\"wp-block-image\">\n<figure class=\"aligncenter size-large is-resized\"><a href=\"https:\/\/sites.uel.br\/proex\/\"><img loading=\"lazy\" decoding=\"async\" width=\"1024\" height=\"381\" src=\"https:\/\/sites.uel.br\/cursinho\/wp-content\/uploads\/2024\/01\/proex2-1024x381.png\" alt=\"\" class=\"wp-image-1045\" style=\"width:270px\" srcset=\"https:\/\/sites.uel.br\/cursinho\/wp-content\/uploads\/2024\/01\/proex2-1024x381.png 1024w, https:\/\/sites.uel.br\/cursinho\/wp-content\/uploads\/2024\/01\/proex2-300x111.png 300w, https:\/\/sites.uel.br\/cursinho\/wp-content\/uploads\/2024\/01\/proex2-768x285.png 768w, https:\/\/sites.uel.br\/cursinho\/wp-content\/uploads\/2024\/01\/proex2-1536x571.png 1536w, https:\/\/sites.uel.br\/cursinho\/wp-content\/uploads\/2024\/01\/proex2.png 1722w\" sizes=\"auto, (max-width: 1024px) 100vw, 1024px\" \/><\/a><\/figure>\n<\/div><\/div>\n\n\n\n<div class=\"wp-block-column is-vertically-aligned-center is-layout-flow wp-block-column-is-layout-flow\"><div class=\"wp-block-image\">\n<figure class=\"aligncenter size-large is-resized\"><a href=\"https:\/\/sites.uel.br\/sebec\/\"><img loading=\"lazy\" decoding=\"async\" width=\"1024\" height=\"433\" src=\"https:\/\/sites.uel.br\/cursinho\/wp-content\/uploads\/2024\/01\/logo-sebec-1024x433.png\" alt=\"\" class=\"wp-image-979\" style=\"width:270px\" srcset=\"https:\/\/sites.uel.br\/cursinho\/wp-content\/uploads\/2024\/01\/logo-sebec-1024x433.png 1024w, https:\/\/sites.uel.br\/cursinho\/wp-content\/uploads\/2024\/01\/logo-sebec-300x127.png 300w, https:\/\/sites.uel.br\/cursinho\/wp-content\/uploads\/2024\/01\/logo-sebec-768x325.png 768w, https:\/\/sites.uel.br\/cursinho\/wp-content\/uploads\/2024\/01\/logo-sebec-1536x649.png 1536w, https:\/\/sites.uel.br\/cursinho\/wp-content\/uploads\/2024\/01\/logo-sebec.png 1824w\" sizes=\"auto, (max-width: 1024px) 100vw, 1024px\" \/><\/a><\/figure>\n<\/div><\/div>\n<\/div>\n<\/div>\n","protected":false},"excerpt":{"rendered":"","protected":false},"author":6,"featured_media":0,"parent":0,"menu_order":0,"comment_status":"closed","ping_status":"closed","template":"","meta":{"footnotes":""},"class_list":["post-788","page","type-page","status-publish","hentry"],"acf":[],"_links":{"self":[{"href":"https:\/\/sites.uel.br\/cursinho\/wp-json\/wp\/v2\/pages\/788","targetHints":{"allow":["GET"]}}],"collection":[{"href":"https:\/\/sites.uel.br\/cursinho\/wp-json\/wp\/v2\/pages"}],"about":[{"href":"https:\/\/sites.uel.br\/cursinho\/wp-json\/wp\/v2\/types\/page"}],"author":[{"embeddable":true,"href":"https:\/\/sites.uel.br\/cursinho\/wp-json\/wp\/v2\/users\/6"}],"replies":[{"embeddable":true,"href":"https:\/\/sites.uel.br\/cursinho\/wp-json\/wp\/v2\/comments?post=788"}],"version-history":[{"count":358,"href":"https:\/\/sites.uel.br\/cursinho\/wp-json\/wp\/v2\/pages\/788\/revisions"}],"predecessor-version":[{"id":1775,"href":"https:\/\/sites.uel.br\/cursinho\/wp-json\/wp\/v2\/pages\/788\/revisions\/1775"}],"wp:attachment":[{"href":"https:\/\/sites.uel.br\/cursinho\/wp-json\/wp\/v2\/media?parent=788"}],"curies":[{"name":"wp","href":"https:\/\/api.w.org\/{rel}","templated":true}]}}