{"id":21,"date":"2022-02-28T15:33:00","date_gmt":"2022-02-28T18:33:00","guid":{"rendered":"https:\/\/sites.uel.br\/cursinho\/?page_id=21"},"modified":"2024-01-30T17:57:36","modified_gmt":"2024-01-30T20:57:36","slug":"contato","status":"publish","type":"page","link":"https:\/\/sites.uel.br\/cursinho\/contato\/","title":{"rendered":"Contato e endere\u00e7o"},"content":{"rendered":"\n<div style=\"height:30px\" aria-hidden=\"true\" class=\"wp-block-spacer\"><\/div>\n\n\n\n<p><img loading=\"lazy\" decoding=\"async\" width=\"512\" height=\"512\" class=\"wp-image-758\" style=\"width: 20px\" src=\"https:\/\/sites.uel.br\/cursinho\/wp-content\/uploads\/2024\/01\/clock.png\" alt=\"\" srcset=\"https:\/\/sites.uel.br\/cursinho\/wp-content\/uploads\/2024\/01\/clock.png 512w, https:\/\/sites.uel.br\/cursinho\/wp-content\/uploads\/2024\/01\/clock-300x300.png 300w, https:\/\/sites.uel.br\/cursinho\/wp-content\/uploads\/2024\/01\/clock-150x150.png 150w\" sizes=\"auto, (max-width: 512px) 100vw, 512px\" \/> <strong>Hor\u00e1rio de funcionamento:<\/strong> de segunda a sexta-feira, das 14h \u00e0s 22h30<\/p>\n\n\n\n<p><img loading=\"lazy\" decoding=\"async\" width=\"512\" height=\"512\" class=\"wp-image-773\" style=\"width: 20px\" src=\"https:\/\/sites.uel.br\/cursinho\/wp-content\/uploads\/2024\/01\/phone-call.png\" alt=\"\" srcset=\"https:\/\/sites.uel.br\/cursinho\/wp-content\/uploads\/2024\/01\/phone-call.png 512w, https:\/\/sites.uel.br\/cursinho\/wp-content\/uploads\/2024\/01\/phone-call-300x300.png 300w, https:\/\/sites.uel.br\/cursinho\/wp-content\/uploads\/2024\/01\/phone-call-150x150.png 150w\" sizes=\"auto, (max-width: 512px) 100vw, 512px\" \/> <strong>Telefone:<\/strong> (43) 3371-5680<\/p>\n\n\n\n<p><img loading=\"lazy\" decoding=\"async\" width=\"512\" height=\"512\" class=\"wp-image-760\" style=\"width: 20px\" src=\"https:\/\/sites.uel.br\/cursinho\/wp-content\/uploads\/2024\/01\/email1.png\" alt=\"\" srcset=\"https:\/\/sites.uel.br\/cursinho\/wp-content\/uploads\/2024\/01\/email1.png 512w, https:\/\/sites.uel.br\/cursinho\/wp-content\/uploads\/2024\/01\/email1-300x300.png 300w, https:\/\/sites.uel.br\/cursinho\/wp-content\/uploads\/2024\/01\/email1-150x150.png 150w\" sizes=\"auto, (max-width: 512px) 100vw, 512px\" \/> <strong>E-mail:<\/strong> cursinho@uel.br<\/p>\n\n\n\n<p><img loading=\"lazy\" decoding=\"async\" width=\"512\" height=\"512\" class=\"wp-image-759\" style=\"width: 20px\" src=\"https:\/\/sites.uel.br\/cursinho\/wp-content\/uploads\/2024\/01\/pin.png\" alt=\"\" srcset=\"https:\/\/sites.uel.br\/cursinho\/wp-content\/uploads\/2024\/01\/pin.png 512w, https:\/\/sites.uel.br\/cursinho\/wp-content\/uploads\/2024\/01\/pin-300x300.png 300w, https:\/\/sites.uel.br\/cursinho\/wp-content\/uploads\/2024\/01\/pin-150x150.png 150w\" sizes=\"auto, (max-width: 512px) 100vw, 512px\" \/> <strong>Endere\u00e7o:<\/strong> Rodovia Celso Garcia Cid | PR 445 Km 380 | Campus Universit\u00e1rio | Pr\u00e9dio do PDE | Londrina\/PR<\/p>\n\n\n\n<div style=\"height:15px\" aria-hidden=\"true\" class=\"wp-block-spacer\"><\/div>\n\n\n\n<div class=\"wp-block-uel-card\">\n<div style=\"height:15px\" aria-hidden=\"true\" class=\"wp-block-spacer\"><\/div>\n\n\n<div class=\"wp-block-image is-style-default\">\n<figure class=\"aligncenter size-full\"><a href=\"https:\/\/sites.uel.br\/cursinho\/wp-content\/uploads\/2024\/01\/Mapa-do-campus-da-UEL.png\" target=\"_blank\" rel=\"noreferrer noopener\"><img loading=\"lazy\" decoding=\"async\" width=\"3370\" height=\"2252\" src=\"https:\/\/sites.uel.br\/cursinho\/wp-content\/uploads\/2024\/01\/Mapa-do-campus-da-UEL.png\" alt=\"\" class=\"wp-image-749\" srcset=\"https:\/\/sites.uel.br\/cursinho\/wp-content\/uploads\/2024\/01\/Mapa-do-campus-da-UEL.png 3370w, https:\/\/sites.uel.br\/cursinho\/wp-content\/uploads\/2024\/01\/Mapa-do-campus-da-UEL-300x200.png 300w, https:\/\/sites.uel.br\/cursinho\/wp-content\/uploads\/2024\/01\/Mapa-do-campus-da-UEL-1024x684.png 1024w, https:\/\/sites.uel.br\/cursinho\/wp-content\/uploads\/2024\/01\/Mapa-do-campus-da-UEL-768x513.png 768w, https:\/\/sites.uel.br\/cursinho\/wp-content\/uploads\/2024\/01\/Mapa-do-campus-da-UEL-1536x1026.png 1536w, https:\/\/sites.uel.br\/cursinho\/wp-content\/uploads\/2024\/01\/Mapa-do-campus-da-UEL-2048x1369.png 2048w\" sizes=\"auto, (max-width: 3370px) 100vw, 3370px\" \/><\/a><\/figure>\n<\/div><\/div>\n","protected":false},"excerpt":{"rendered":"<p>Hor\u00e1rio de funcionamento: de segunda a sexta-feira, das 14h \u00e0s 22h30 Telefone: (43) 3371-5680 E-mail: cursinho@uel.br Endere\u00e7o: Rodovia Celso Garcia Cid | PR 445 Km 380 | Campus Universit\u00e1rio | Pr\u00e9dio do PDE | Londrina\/PR<\/p>\n","protected":false},"author":4,"featured_media":0,"parent":0,"menu_order":0,"comment_status":"closed","ping_status":"closed","template":"","meta":{"footnotes":""},"class_list":["post-21","page","type-page","status-publish","hentry"],"acf":[],"_links":{"self":[{"href":"https:\/\/sites.uel.br\/cursinho\/wp-json\/wp\/v2\/pages\/21","targetHints":{"allow":["GET"]}}],"collection":[{"href":"https:\/\/sites.uel.br\/cursinho\/wp-json\/wp\/v2\/pages"}],"about":[{"href":"https:\/\/sites.uel.br\/cursinho\/wp-json\/wp\/v2\/types\/page"}],"author":[{"embeddable":true,"href":"https:\/\/sites.uel.br\/cursinho\/wp-json\/wp\/v2\/users\/4"}],"replies":[{"embeddable":true,"href":"https:\/\/sites.uel.br\/cursinho\/wp-json\/wp\/v2\/comments?post=21"}],"version-history":[{"count":58,"href":"https:\/\/sites.uel.br\/cursinho\/wp-json\/wp\/v2\/pages\/21\/revisions"}],"predecessor-version":[{"id":1049,"href":"https:\/\/sites.uel.br\/cursinho\/wp-json\/wp\/v2\/pages\/21\/revisions\/1049"}],"wp:attachment":[{"href":"https:\/\/sites.uel.br\/cursinho\/wp-json\/wp\/v2\/media?parent=21"}],"curies":[{"name":"wp","href":"https:\/\/api.w.org\/{rel}","templated":true}]}}