{"id":19,"date":"2022-02-28T15:33:00","date_gmt":"2022-02-28T18:33:00","guid":{"rendered":"https:\/\/sites.uel.br\/cursinho\/?page_id=19"},"modified":"2024-01-30T18:12:18","modified_gmt":"2024-01-30T21:12:18","slug":"sobre-o-cursinho","status":"publish","type":"page","link":"https:\/\/sites.uel.br\/cursinho\/sobre-o-cursinho\/","title":{"rendered":"Sobre o Cursinho"},"content":{"rendered":"\n<div style=\"height:20px\" aria-hidden=\"true\" class=\"wp-block-spacer\"><\/div>\n\n\n\n<p>O CEPV (Curso Especial Pr\u00e9-Vestibular) \u00e9 um curso preparat\u00f3rio pr\u00e9-vestibular vinculado \u00e0 Universidade Estadual de Londrina (UEL).<\/p>\n\n\n\n<p>Desde 1996, o cursinho da UEL tem o intuito de proporcionar a alunos do ensino p\u00fablico a oportunidade de ingressar em uma universidade.<\/p>\n\n\n\n<p>A equipe \u00e9 constitu\u00edda por estudantes da Universidade Estadual de Londrina, divididos entre \u00e1rea administrativa, pedag\u00f3gica e professores.<\/p>\n\n\n\n<p>Al\u00e9m de atender a comunidade atrav\u00e9s de aulas preparat\u00f3rias para o vestibular, o CEPV tamb\u00e9m desempenha o papel de laborat\u00f3rio docente, disponibilizando forma\u00e7\u00e3o profissional para os alunos de gradua\u00e7\u00e3o da UEL.<\/p>\n\n\n\n<p>Todos os anos, centenas de vestibulandos s\u00e3o aprovados nos mais variados cursos de gradua\u00e7\u00e3o. Em 2023, a taxa de aprova\u00e7\u00e3o no vestibular da UEL chegou a 47%.<\/p>\n\n\n\n<div style=\"height:30px\" aria-hidden=\"true\" class=\"wp-block-spacer\"><\/div>\n\n\n\n<figure class=\"wp-block-image size-large\"><img loading=\"lazy\" decoding=\"async\" width=\"1024\" height=\"280\" src=\"https:\/\/sites.uel.br\/cursinho\/wp-content\/uploads\/2024\/01\/CEPV-Logo-lateral-com-fundo-branco-1024x280.png\" alt=\"\" class=\"wp-image-1050\" srcset=\"https:\/\/sites.uel.br\/cursinho\/wp-content\/uploads\/2024\/01\/CEPV-Logo-lateral-com-fundo-branco-1024x280.png 1024w, https:\/\/sites.uel.br\/cursinho\/wp-content\/uploads\/2024\/01\/CEPV-Logo-lateral-com-fundo-branco-300x82.png 300w, https:\/\/sites.uel.br\/cursinho\/wp-content\/uploads\/2024\/01\/CEPV-Logo-lateral-com-fundo-branco-768x210.png 768w, https:\/\/sites.uel.br\/cursinho\/wp-content\/uploads\/2024\/01\/CEPV-Logo-lateral-com-fundo-branco-1536x420.png 1536w, https:\/\/sites.uel.br\/cursinho\/wp-content\/uploads\/2024\/01\/CEPV-Logo-lateral-com-fundo-branco-2048x560.png 2048w\" sizes=\"auto, (max-width: 1024px) 100vw, 1024px\" \/><\/figure>\n","protected":false},"excerpt":{"rendered":"<p>O CEPV (Curso Especial Pr\u00e9-Vestibular) \u00e9 um curso preparat\u00f3rio pr\u00e9-vestibular vinculado \u00e0 Universidade Estadual de Londrina (UEL). Desde 1996, o cursinho da UEL tem o intuito de proporcionar a alunos do ensino p\u00fablico a oportunidade de ingressar em uma universidade. A equipe \u00e9 constitu\u00edda por estudantes da Universidade Estadual de Londrina, divididos entre \u00e1rea administrativa, [&hellip;]<\/p>\n","protected":false},"author":4,"featured_media":0,"parent":0,"menu_order":0,"comment_status":"closed","ping_status":"closed","template":"","meta":{"footnotes":""},"class_list":["post-19","page","type-page","status-publish","hentry"],"acf":[],"_links":{"self":[{"href":"https:\/\/sites.uel.br\/cursinho\/wp-json\/wp\/v2\/pages\/19","targetHints":{"allow":["GET"]}}],"collection":[{"href":"https:\/\/sites.uel.br\/cursinho\/wp-json\/wp\/v2\/pages"}],"about":[{"href":"https:\/\/sites.uel.br\/cursinho\/wp-json\/wp\/v2\/types\/page"}],"author":[{"embeddable":true,"href":"https:\/\/sites.uel.br\/cursinho\/wp-json\/wp\/v2\/users\/4"}],"replies":[{"embeddable":true,"href":"https:\/\/sites.uel.br\/cursinho\/wp-json\/wp\/v2\/comments?post=19"}],"version-history":[{"count":21,"href":"https:\/\/sites.uel.br\/cursinho\/wp-json\/wp\/v2\/pages\/19\/revisions"}],"predecessor-version":[{"id":1053,"href":"https:\/\/sites.uel.br\/cursinho\/wp-json\/wp\/v2\/pages\/19\/revisions\/1053"}],"wp:attachment":[{"href":"https:\/\/sites.uel.br\/cursinho\/wp-json\/wp\/v2\/media?parent=19"}],"curies":[{"name":"wp","href":"https:\/\/api.w.org\/{rel}","templated":true}]}}