{"id":1693,"date":"2025-10-24T18:40:17","date_gmt":"2025-10-24T21:40:17","guid":{"rendered":"https:\/\/sites.uel.br\/cursinho\/?page_id=1693"},"modified":"2026-02-28T22:55:33","modified_gmt":"2026-03-01T01:55:33","slug":"processo-de-selecao-socioeconomica-para-o-cepv-uel-2026","status":"publish","type":"page","link":"https:\/\/sites.uel.br\/cursinho\/processo-de-selecao-socioeconomica-para-o-cepv-uel-2026\/","title":{"rendered":"PROCESSO SELETIVO DE NOVOS ALUNOS PARA O CEPV UEL 2026"},"content":{"rendered":"\n<p><\/p>\n\n\n<div class=\"wp-block-image\">\n<figure class=\"alignleft size-large\"><img loading=\"lazy\" decoding=\"async\" width=\"1024\" height=\"427\" src=\"https:\/\/sites.uel.br\/cursinho\/wp-content\/uploads\/2025\/06\/cepv-1024x427.png\" alt=\"\" class=\"wp-image-1640\" srcset=\"https:\/\/sites.uel.br\/cursinho\/wp-content\/uploads\/2025\/06\/cepv-1024x427.png 1024w, https:\/\/sites.uel.br\/cursinho\/wp-content\/uploads\/2025\/06\/cepv-300x125.png 300w, https:\/\/sites.uel.br\/cursinho\/wp-content\/uploads\/2025\/06\/cepv-768x320.png 768w, https:\/\/sites.uel.br\/cursinho\/wp-content\/uploads\/2025\/06\/cepv-1536x640.png 1536w, https:\/\/sites.uel.br\/cursinho\/wp-content\/uploads\/2025\/06\/cepv.png 1920w\" sizes=\"auto, (max-width: 1024px) 100vw, 1024px\" \/><\/figure>\n<\/div>\n\n\n<div style=\"height:37px\" aria-hidden=\"true\" class=\"wp-block-spacer\"><\/div>\n\n\n\n<p><strong>PROCESSO SELETIVO DE NOVOS ALUNOS PARA O CURSINHO ESPECIAL PR\u00c9-VESTIBULAR &#8211; CEPV UEL 2026<\/strong><\/p>\n\n\n\n<p class=\"has-text-align-left\">O Curso Especial Pr\u00e9-Vestibular da UEL \u00e9 um cursinho preparat\u00f3rio para o vestibular <strong>totalmente gratuito<\/strong>, destinado a alunos de escola p\u00fablica, com foco no vestibular da UEL e ENEM.<\/p>\n\n\n\n<p><\/p>\n\n\n\n<div class=\"wp-block-buttons is-vertical is-content-justification-center is-layout-flex wp-container-core-buttons-is-layout-cc3cdef1 wp-block-buttons-is-layout-flex\">\n<div class=\"wp-block-button has-custom-width wp-block-button__width-75 is-style-fill\"><a class=\"wp-block-button__link has-verde-escuro-background-color has-text-color has-background has-link-color has-custom-font-size wp-element-button\" href=\"https:\/\/sites.uel.br\/cursinho\/inscricoes\/\" style=\"border-radius:10px;color:#ffffff;font-size:25px\" target=\"_blank\" rel=\"noreferrer noopener\"><strong><img loading=\"lazy\" decoding=\"async\" width=\"228\" height=\"94\" class=\"wp-image-591\" style=\"width: 80px\" src=\"https:\/\/sites.uel.br\/cursinho\/wp-content\/uploads\/2023\/03\/novo-gif-cortado.gif\" alt=\"\">MATR\u00cdCULAS<\/strong><\/a><\/div>\n<\/div>\n\n\n\n<p><\/p>\n\n\n\n<div class=\"wp-block-buttons is-vertical is-content-justification-center is-layout-flex wp-container-core-buttons-is-layout-cc3cdef1 wp-block-buttons-is-layout-flex\">\n<div class=\"wp-block-button has-custom-width wp-block-button__width-75 is-style-fill\"><a class=\"wp-block-button__link has-verde-escuro-background-color has-text-color has-background has-link-color has-custom-font-size wp-element-button\" href=\"https:\/\/sites.uel.br\/cursinho\/wp-content\/uploads\/2026\/02\/CONVOCACAO-DE-MATRICULA-2026-.pdf\" style=\"border-radius:10px;color:#ffffff;font-size:25px\" target=\"_blank\" rel=\"noreferrer noopener\"><strong><img loading=\"lazy\" decoding=\"async\" width=\"228\" height=\"94\" class=\"wp-image-591\" style=\"width: 80px\" src=\"https:\/\/sites.uel.br\/cursinho\/wp-content\/uploads\/2023\/03\/novo-gif-cortado.gif\" alt=\"\">EDITAL DE CONVOCA\u00c7\u00c3O NOVOS ALUNOS<img loading=\"lazy\" decoding=\"async\" width=\"228\" height=\"94\" class=\"wp-image-591\" style=\"width: 80px\" src=\"https:\/\/sites.uel.br\/cursinho\/wp-content\/uploads\/2023\/03\/novo-gif-cortado.gif\" alt=\"\"><\/strong><\/a><\/div>\n<\/div>\n\n\n\n<p><\/p>\n\n\n\n<div class=\"wp-block-buttons is-vertical is-content-justification-center is-layout-flex wp-container-core-buttons-is-layout-cc3cdef1 wp-block-buttons-is-layout-flex\">\n<div class=\"wp-block-button has-custom-width wp-block-button__width-75 is-style-fill\"><a class=\"wp-block-button__link has-verde-escuro-background-color has-text-color has-background has-link-color has-custom-font-size wp-element-button\" href=\"https:\/\/sites.uel.br\/cursinho\/wp-content\/uploads\/2025\/10\/atual-Edital_Conjunto_SEBEC-PROEX_003-2025_CURSINHO_2026_assinado.pdf\" style=\"border-radius:10px;color:#ffffff;font-size:25px\" target=\"_blank\" rel=\"noreferrer noopener\"><strong>CLIQUE AQUI PARA LER O EDITAL<\/strong><\/a><\/div>\n<\/div>\n\n\n\n<p><\/p>\n\n\n\n<p>As inscri\u00e7\u00f5es acontecer\u00e3o nas seguintes modalidades:<\/p>\n\n\n\n<p>\u2022 <strong>Pelo Cad\u00danico\/NIS (n\u00famero de identifica\u00e7\u00e3o social):<\/strong> <\/p>\n\n\n\n<p>Inscri\u00e7\u00f5es: 10\/11\/2025 a 11\/12\/2025 (at\u00e9 \u00e0s 12h)<\/p>\n\n\n\n<p>Edital deferidos e indeferidos: 12\/12\/2025 (ap\u00f3s \u00e0s 17h)<\/p>\n\n\n\n<p>Pedido de recurso: 13\/12\/2025<\/p>\n\n\n\n<div style=\"height:14px\" aria-hidden=\"true\" class=\"wp-block-spacer\"><\/div>\n\n\n\n<p>\u2022 <strong>An\u00e1lise socioecon\u00f4mica do SEBEC:<\/strong><\/p>\n\n\n\n<p>Inscri\u00e7\u00f5es: 15\/12\/2025 a 09\/01\/2026<\/p>\n\n\n\n<p>Edital deferidos e indeferidos: 10\/02\/2026 (ap\u00f3s \u00e0s 17h)<\/p>\n\n\n\n<p>Pedido de recurso: 11\/02\/2026 a 13\/02\/2026<\/p>\n\n\n\n<div style=\"height:8px\" aria-hidden=\"true\" class=\"wp-block-spacer\"><\/div>\n\n\n\n<p><strong>EDITAL DE CONVOCA\u00c7\u00c3O:<\/strong> 27\/02\/2026<\/p>\n\n\n\n<p class=\"has-text-align-left\">Depois de aprovada sua inscri\u00e7\u00e3o e realizada a matr\u00edcula, o estudante acompanha aulas de todas as disciplinas necess\u00e1rias para sua aprova\u00e7\u00e3o durante todo o ano. Tamb\u00e9m s\u00e3o realizados simulados e eventos que envolvem educa\u00e7\u00e3o e divertimento nesse processo.<\/p>\n\n\n\n<div style=\"height:11px\" aria-hidden=\"true\" class=\"wp-block-spacer\"><\/div>\n\n\n\n<p class=\"has-text-align-left\">As aulas acontecem no <strong>pr\u00e9dio do PDE<\/strong> (Programa de Desenvolvimento Educacional), <strong>dentro da UEL.<\/strong> <\/p>\n\n\n<div class=\"wp-block-image\">\n<figure class=\"aligncenter size-large\"><img loading=\"lazy\" decoding=\"async\" width=\"1024\" height=\"684\" src=\"https:\/\/sites.uel.br\/cursinho\/wp-content\/uploads\/2024\/01\/Mapa-do-campus-da-UEL-1024x684.png\" alt=\"\" class=\"wp-image-749\" srcset=\"https:\/\/sites.uel.br\/cursinho\/wp-content\/uploads\/2024\/01\/Mapa-do-campus-da-UEL-1024x684.png 1024w, https:\/\/sites.uel.br\/cursinho\/wp-content\/uploads\/2024\/01\/Mapa-do-campus-da-UEL-300x200.png 300w, https:\/\/sites.uel.br\/cursinho\/wp-content\/uploads\/2024\/01\/Mapa-do-campus-da-UEL-768x513.png 768w, https:\/\/sites.uel.br\/cursinho\/wp-content\/uploads\/2024\/01\/Mapa-do-campus-da-UEL-1536x1026.png 1536w, https:\/\/sites.uel.br\/cursinho\/wp-content\/uploads\/2024\/01\/Mapa-do-campus-da-UEL-2048x1369.png 2048w\" sizes=\"auto, (max-width: 1024px) 100vw, 1024px\" \/><\/figure>\n<\/div>\n\n\n<div style=\"height:45px\" aria-hidden=\"true\" class=\"wp-block-spacer\"><\/div>\n\n\n\n<p class=\"has-text-align-center\" style=\"font-size:25px\"><strong>Mais informa\u00e7\u00f5es:<\/strong><\/p>\n\n\n\n<p class=\"has-text-align-center\" style=\"font-size:25px\"><img loading=\"lazy\" decoding=\"async\" width=\"325\" height=\"326\" class=\"wp-image-1436\" style=\"width: 30px\" src=\"https:\/\/sites.uel.br\/cursinho\/wp-content\/uploads\/2024\/11\/instagram-logo-2.png\" alt=\"\" srcset=\"https:\/\/sites.uel.br\/cursinho\/wp-content\/uploads\/2024\/11\/instagram-logo-2.png 325w, https:\/\/sites.uel.br\/cursinho\/wp-content\/uploads\/2024\/11\/instagram-logo-2-300x300.png 300w, https:\/\/sites.uel.br\/cursinho\/wp-content\/uploads\/2024\/11\/instagram-logo-2-150x150.png 150w\" sizes=\"auto, (max-width: 325px) 100vw, 325px\" \/> @cepvuel<br><img loading=\"lazy\" decoding=\"async\" width=\"512\" height=\"512\" class=\"wp-image-760\" style=\"width: 30px\" src=\"https:\/\/sites.uel.br\/cursinho\/wp-content\/uploads\/2024\/01\/email1.png\" alt=\"\" srcset=\"https:\/\/sites.uel.br\/cursinho\/wp-content\/uploads\/2024\/01\/email1.png 512w, https:\/\/sites.uel.br\/cursinho\/wp-content\/uploads\/2024\/01\/email1-300x300.png 300w, https:\/\/sites.uel.br\/cursinho\/wp-content\/uploads\/2024\/01\/email1-150x150.png 150w\" sizes=\"auto, (max-width: 512px) 100vw, 512px\" \/> sebec@uel.br<br><img loading=\"lazy\" decoding=\"async\" width=\"512\" height=\"512\" class=\"wp-image-760\" style=\"width: 30px\" src=\"https:\/\/sites.uel.br\/cursinho\/wp-content\/uploads\/2024\/01\/email1.png\" alt=\"\" srcset=\"https:\/\/sites.uel.br\/cursinho\/wp-content\/uploads\/2024\/01\/email1.png 512w, https:\/\/sites.uel.br\/cursinho\/wp-content\/uploads\/2024\/01\/email1-300x300.png 300w, https:\/\/sites.uel.br\/cursinho\/wp-content\/uploads\/2024\/01\/email1-150x150.png 150w\" sizes=\"auto, (max-width: 512px) 100vw, 512px\" \/> cursinho@uel.br<br><img loading=\"lazy\" decoding=\"async\" width=\"512\" height=\"512\" class=\"wp-image-773\" style=\"width: 30px\" src=\"https:\/\/sites.uel.br\/cursinho\/wp-content\/uploads\/2024\/01\/phone-call.png\" alt=\"\" srcset=\"https:\/\/sites.uel.br\/cursinho\/wp-content\/uploads\/2024\/01\/phone-call.png 512w, https:\/\/sites.uel.br\/cursinho\/wp-content\/uploads\/2024\/01\/phone-call-300x300.png 300w, https:\/\/sites.uel.br\/cursinho\/wp-content\/uploads\/2024\/01\/phone-call-150x150.png 150w\" sizes=\"auto, (max-width: 512px) 100vw, 512px\" \/> (43) 3371-5680<\/p>\n","protected":false},"excerpt":{"rendered":"<p>PROCESSO SELETIVO DE NOVOS ALUNOS PARA O CURSINHO ESPECIAL PR\u00c9-VESTIBULAR &#8211; CEPV UEL 2026 O Curso Especial Pr\u00e9-Vestibular da UEL \u00e9 um cursinho preparat\u00f3rio para o vestibular totalmente gratuito, destinado a alunos de escola p\u00fablica, com foco no vestibular da UEL e ENEM. As inscri\u00e7\u00f5es acontecer\u00e3o nas seguintes modalidades: \u2022 Pelo Cad\u00danico\/NIS (n\u00famero de identifica\u00e7\u00e3o [&hellip;]<\/p>\n","protected":false},"author":11,"featured_media":0,"parent":0,"menu_order":0,"comment_status":"closed","ping_status":"closed","template":"","meta":{"footnotes":""},"class_list":["post-1693","page","type-page","status-publish","hentry"],"acf":[],"_links":{"self":[{"href":"https:\/\/sites.uel.br\/cursinho\/wp-json\/wp\/v2\/pages\/1693","targetHints":{"allow":["GET"]}}],"collection":[{"href":"https:\/\/sites.uel.br\/cursinho\/wp-json\/wp\/v2\/pages"}],"about":[{"href":"https:\/\/sites.uel.br\/cursinho\/wp-json\/wp\/v2\/types\/page"}],"author":[{"embeddable":true,"href":"https:\/\/sites.uel.br\/cursinho\/wp-json\/wp\/v2\/users\/11"}],"replies":[{"embeddable":true,"href":"https:\/\/sites.uel.br\/cursinho\/wp-json\/wp\/v2\/comments?post=1693"}],"version-history":[{"count":23,"href":"https:\/\/sites.uel.br\/cursinho\/wp-json\/wp\/v2\/pages\/1693\/revisions"}],"predecessor-version":[{"id":1761,"href":"https:\/\/sites.uel.br\/cursinho\/wp-json\/wp\/v2\/pages\/1693\/revisions\/1761"}],"wp:attachment":[{"href":"https:\/\/sites.uel.br\/cursinho\/wp-json\/wp\/v2\/media?parent=1693"}],"curies":[{"name":"wp","href":"https:\/\/api.w.org\/{rel}","templated":true}]}}