{"id":1581,"date":"2025-02-27T16:31:08","date_gmt":"2025-02-27T19:31:08","guid":{"rendered":"https:\/\/sites.uel.br\/cursinho\/?page_id=1581"},"modified":"2025-02-27T16:48:55","modified_gmt":"2025-02-27T19:48:55","slug":"cursos-gratuitos-de-conhecimentos-fundamentais","status":"publish","type":"page","link":"https:\/\/sites.uel.br\/cursinho\/cursos-gratuitos-de-conhecimentos-fundamentais\/","title":{"rendered":"CURSOS GRATUITOS DE CONHECIMENTOS FUNDAMENTAIS"},"content":{"rendered":"\n<h2 class=\"wp-block-heading\">\ud83d\udcda <strong>Como funcionam? <\/strong><\/h2>\n\n\n\n<p>\u2714 O curso tem o objetivo de refor\u00e7ar os conhecimentos essenciais em <strong>Matem\u00e1tica e Portugu\u00eas<\/strong>, preparando os alunos para vestibulares e ENEM.<\/p>\n\n\n\n<p>\u2714 As aulas s\u00e3o organizadas em <strong>dias e hor\u00e1rios espec\u00edficos.<\/strong><\/p>\n\n\n\n<p>\u2714 As inscri\u00e7\u00f5es s\u00e3o realizadas on-line e gratuitas.<\/p>\n\n\n\n<p>\u2714 Os alunos que cumprirem a frequ\u00eancia m\u00ednima receber\u00e3o certificado de qualifica\u00e7\u00e3o.<\/p>\n\n\n\n<h2 class=\"wp-block-heading\">\ud83d\uddd3 Cronograma<\/h2>\n\n\n\n<p>\ud83d\udccc Inscri\u00e7\u00f5es: 26\/02\/2025 a 11\/03\/2025 (on-line).<\/p>\n\n\n\n<p>\ud83d\udccc Aulas: 10\/03\/2025 a 27\/03\/2025.<\/p>\n\n\n\n<p>\u270d Clique no link e inscreva-se! (<a href=\"http:\/\/www.uel.br\/eventos\/sigec\/?id=10250\">http:\/\/www.uel.br\/eventos\/sigec\/?id=10250<\/a>)<\/p>\n\n\n\n<h2 class=\"wp-block-heading\">\ud83d\udcd6 Conte\u00fados Fundamentais para ENEM e Vestibular &#8211; Portugu\u00eas<\/h2>\n\n\n\n<p>\ud83d\udcc5 Dias: Segunda a Sexta-feira<\/p>\n\n\n\n<p>\ud83d\udd58 Hor\u00e1rio Vespertino: 14h \u00e0s 15h30<br>\ud83d\udd58 Hor\u00e1rio Noturno: 19h \u00e0s 20h30<\/p>\n\n\n\n<p><strong>\ud83d\udcda Conte\u00fado Program\u00e1tico:<\/strong><\/p>\n\n\n\n<p>\ud83d\udd39 L\u00edngua, Linguagem e Comunica\u00e7\u00e3o;<\/p>\n\n\n\n<p>\ud83d\udd39 Fun\u00e7\u00f5es da Linguagem: Conota\u00e7\u00e3o e denota\u00e7\u00e3o;<\/p>\n\n\n\n<p>\ud83d\udd39 Oficina de Gram\u00e1tica: Classe de palavras (substantivo, adjetivo, artigo, pronome, numeral, verbo, adv\u00e9rbio, preposi\u00e7\u00e3o, conjun\u00e7\u00e3o);<\/p>\n\n\n\n<p>\ud83d\udd39 Acentua\u00e7\u00e3o Gr\u00e1fica e Reforma Ortogr\u00e1fica: S\u00edlabas, tonicidade e regras gerais<\/p>\n\n\n\n<p>\ud83d\udd39 D\u00favidas e Erros Frequentes:<br>\u2714 Concord\u00e2ncia verbal e nominal;<br>\u2714 Estrutura\u00e7\u00e3o e pontua\u00e7\u00e3o;<br>\u2714 Diferen\u00e7as entre: Mau x Mal, A x H\u00e1, Mas x Mais, Onde x Aonde, Uso dos porqu\u00eas.<\/p>\n\n\n\n<p>\ud83d\udd39 Ortografia: Casos regulares e irregularidades;<\/p>\n\n\n\n<p>\ud83d\udd39 Introdu\u00e7\u00e3o \u00e0 Literatura e G\u00eaneros Liter\u00e1rios: \u00c9pico, L\u00edrico e Dram\u00e1tico;<\/p>\n\n\n\n<p>\ud83d\udd39 Oficina de Escrita Criativa: Pr\u00e1tica de g\u00eaneros liter\u00e1rios;<\/p>\n\n\n\n<p>\ud83d\udd39 Leitura e Interpreta\u00e7\u00e3o de Textos;<\/p>\n\n\n\n<p>\ud83d\udd39 Oficina de An\u00e1lise Textual: Textos em diferentes contextos;<\/p>\n\n\n\n<p>\ud83d\udd39 Laborat\u00f3rio de Produ\u00e7\u00e3o Escrita: An\u00e1lise de m\u00fasicas e charges;<\/p>\n\n\n\n<h2 class=\"wp-block-heading\">\ud83d\udcd6 Conte\u00fados Fundamentais para ENEM e Vestibular &#8211; Matem\u00e1tica<\/h2>\n\n\n\n<p>\ud83d\udcc5 Dias: Segunda a Sexta-feira.<\/p>\n\n\n\n<p>\ud83d\udd58 Hor\u00e1rio Vespertino: 15h40 \u00e0s 17h10.<br>\ud83d\udd58 Hor\u00e1rio Noturno: 20h40 \u00e0s 22h10.<\/p>\n\n\n\n<p><strong>\ud83d\udcda Conte\u00fado Program\u00e1tico:<\/strong><\/p>\n\n\n\n<p>\ud83d\udd39 N\u00fameros Inteiros;<\/p>\n\n\n\n<p>\ud83d\udd39 N\u00fameros Racionais;<\/p>\n\n\n\n<p>\ud83d\udd39 Potencia\u00e7\u00e3o;<\/p>\n\n\n\n<p>\ud83d\udd39 Divis\u00e3o e Crit\u00e9rios de Divisibilidade;<\/p>\n\n\n\n<p>\ud83d\udd39 N\u00fameros Primos e Fatora\u00e7\u00e3o (n\u00famero);<\/p>\n\n\n\n<p>\ud83d\udd39 Radicia\u00e7\u00e3o;<\/p>\n\n\n\n<p>\ud83d\udd39 Equa\u00e7\u00e3o do 1\u00b0 Grau com Resolu\u00e7\u00e3o de Exerc\u00edcios;<\/p>\n\n\n\n<p>\ud83d\udd39 Equa\u00e7\u00e3o do 2\u00ba Grau com Resolu\u00e7\u00e3o de Exerc\u00edcios;<\/p>\n\n\n\n<p>\ud83d\udd39 Fatora\u00e7\u00e3o (equa\u00e7\u00e3o) e Produtos Not\u00e1veis;<\/p>\n\n\n\n<p>\ud83d\udd39 Raz\u00e3o, Propor\u00e7\u00e3o e Porcentagem com Resolu\u00e7\u00e3o de Exerc\u00edcios;<\/p>\n\n\n\n<p>\ud83d\udd39 Introdu\u00e7\u00e3o \u00e0 Geometria Plana\/Espacial e \u00c2ngulos.<\/p>\n","protected":false},"excerpt":{"rendered":"<p>\ud83d\udcda Como funcionam? \u2714 O curso tem o objetivo de refor\u00e7ar os conhecimentos essenciais em Matem\u00e1tica e Portugu\u00eas, preparando os alunos para vestibulares e ENEM. \u2714 As aulas s\u00e3o organizadas em dias e hor\u00e1rios espec\u00edficos. \u2714 As inscri\u00e7\u00f5es s\u00e3o realizadas on-line e gratuitas. \u2714 Os alunos que cumprirem a frequ\u00eancia m\u00ednima receber\u00e3o certificado de qualifica\u00e7\u00e3o. [&hellip;]<\/p>\n","protected":false},"author":8,"featured_media":0,"parent":0,"menu_order":0,"comment_status":"closed","ping_status":"closed","template":"","meta":{"footnotes":""},"class_list":["post-1581","page","type-page","status-publish","hentry"],"acf":[],"_links":{"self":[{"href":"https:\/\/sites.uel.br\/cursinho\/wp-json\/wp\/v2\/pages\/1581","targetHints":{"allow":["GET"]}}],"collection":[{"href":"https:\/\/sites.uel.br\/cursinho\/wp-json\/wp\/v2\/pages"}],"about":[{"href":"https:\/\/sites.uel.br\/cursinho\/wp-json\/wp\/v2\/types\/page"}],"author":[{"embeddable":true,"href":"https:\/\/sites.uel.br\/cursinho\/wp-json\/wp\/v2\/users\/8"}],"replies":[{"embeddable":true,"href":"https:\/\/sites.uel.br\/cursinho\/wp-json\/wp\/v2\/comments?post=1581"}],"version-history":[{"count":11,"href":"https:\/\/sites.uel.br\/cursinho\/wp-json\/wp\/v2\/pages\/1581\/revisions"}],"predecessor-version":[{"id":1593,"href":"https:\/\/sites.uel.br\/cursinho\/wp-json\/wp\/v2\/pages\/1581\/revisions\/1593"}],"wp:attachment":[{"href":"https:\/\/sites.uel.br\/cursinho\/wp-json\/wp\/v2\/media?parent=1581"}],"curies":[{"name":"wp","href":"https:\/\/api.w.org\/{rel}","templated":true}]}}