{"id":1481,"date":"2025-01-27T16:14:32","date_gmt":"2025-01-27T19:14:32","guid":{"rendered":"https:\/\/sites.uel.br\/cursinho\/?page_id=1481"},"modified":"2025-02-08T16:59:05","modified_gmt":"2025-02-08T19:59:05","slug":"cursos","status":"publish","type":"page","link":"https:\/\/sites.uel.br\/cursinho\/cursos\/","title":{"rendered":"CURSOS GRATUITOS DE VER\u00c3O"},"content":{"rendered":"\n<h2 class=\"wp-block-heading\"><strong>Como funcionam? <\/strong><\/h2>\n\n\n\n<p>\u2022 Os cursos <strong>gratuitos <\/strong>de ver\u00e3o do CEPV t\u00eam o objetivo de preparar os alunos para vestibulares, ENEM, concursos e cotidiano. <br>\u2022 Cada curso acontece no seu dia e per\u00edodo espec\u00edfico, <strong>possibilitando os interessados a se inscreverem para v\u00e1rios cursos simultaneamente<\/strong>. <br>\u2022 Para participar, \u00e9 necess\u00e1rio realizar a inscri\u00e7\u00e3o on-line.<br>\u2022 Os alunos devidamente inscritos e que atenderem aos requisitos de frequ\u00eancia estar\u00e3o aptos a receber o <strong>certificado de qualifica\u00e7\u00e3o<\/strong>.<\/p>\n\n\n\n<h2 class=\"wp-block-heading\"><strong>Cronograma<\/strong><\/h2>\n\n\n\n<p>\u2022 Inscri\u00e7\u00f5es do dia <strong>27\/01\/2025 a 10\/02\/2025<\/strong> de forma on-line pelos links abaixo.<br>\u2022 Aulas realizadas do dia <strong>10\/02\/2025 a 28\/02\/2025<\/strong>.<\/p>\n\n\n\n<h2 class=\"wp-block-heading\"><strong>Clique e inscreva-se!<\/strong><\/h2>\n\n\n\n<p><a href=\"https:\/\/www.sistemasweb.uel.br\/index.php?contents=system\/insc\/index.php&amp;pagina=view\/inscricoes\/seleciona_evento.php&amp;cod_evento=10091\" data-type=\"link\" data-id=\"https:\/\/www.sistemasweb.uel.br\/index.php?contents=system\/insc\/index.php&amp;pagina=view\/inscricoes\/seleciona_evento.php&amp;cod_evento=10091\">A hist\u00f3ria do Paran\u00e1 para o vestibular da UEL &#8211; Vespertino<\/a><br>\u2022 Dias: 11 e 12; 18 e 19; 25 e 26.<br>\u2022 Ter\u00e7a e Quarta (16h \u00e0s 18h).<\/p>\n\n\n\n<p><a href=\"https:\/\/www.sistemasweb.uel.br\/index.php?contents=system\/insc\/index.php&amp;pagina=view\/inscricoes\/seleciona_evento.php&amp;cod_evento=10092\" data-type=\"link\" data-id=\"https:\/\/www.sistemasweb.uel.br\/index.php?contents=system\/insc\/index.php&amp;pagina=view\/inscricoes\/seleciona_evento.php&amp;cod_evento=10092\">A hist\u00f3ria do Paran\u00e1 para o vestibular da UEL &#8211; Noturno<\/a><br>\u2022 Dias: 11 e 13; 18&nbsp;e&nbsp;20;&nbsp;25&nbsp;e&nbsp;27.<br>\u2022 Ter\u00e7a e Quinta (19h \u00e0s 21h).&nbsp;&nbsp;&nbsp;&nbsp;&nbsp;&nbsp;&nbsp;&nbsp;&nbsp;&nbsp;&nbsp;&nbsp;&nbsp;&nbsp;<\/p>\n\n\n\n<p><a href=\"https:\/\/www.sistemasweb.uel.br\/index.php?contents=system\/insc\/index.php&amp;pagina=view\/inscricoes\/seleciona_evento.php&amp;cod_evento=10083\" data-type=\"link\" data-id=\"https:\/\/www.sistemasweb.uel.br\/index.php?contents=system\/insc\/index.php&amp;pagina=view\/inscricoes\/seleciona_evento.php&amp;cod_evento=10083\">Curso intensivo de atualidades para o ENEM e demais vestibulares &#8211; Vespertino<\/a><br>\u2022 Dias: 10, 17 e 24.<br>\u2022 Segunda (16h \u00e0s 18h).&nbsp;&nbsp;&nbsp;&nbsp;&nbsp;&nbsp;&nbsp;&nbsp;&nbsp;&nbsp;&nbsp;&nbsp;&nbsp;&nbsp;&nbsp;&nbsp;&nbsp;<\/p>\n\n\n\n<p><a href=\"https:\/\/www.sistemasweb.uel.br\/index.php?contents=system\/insc\/index.php&amp;pagina=view\/inscricoes\/seleciona_evento.php&amp;cod_evento=10087\" data-type=\"link\" data-id=\"https:\/\/www.sistemasweb.uel.br\/index.php?contents=system\/insc\/index.php&amp;pagina=view\/inscricoes\/seleciona_evento.php&amp;cod_evento=10087\">Curso intensivo de atualidades para o ENEM e demais vestibulares &#8211; Noturno<\/a><br>\u2022 Dias: 10, 17 e 24.<br>\u2022 Segunda&nbsp;(19h \u00e0s 21h).<\/p>\n\n\n\n<p><a href=\"https:\/\/www.sistemasweb.uel.br\/index.php?contents=system\/insc\/index.php&amp;pagina=view\/inscricoes\/seleciona_evento.php&amp;cod_evento=10084\" data-type=\"link\" data-id=\"https:\/\/www.sistemasweb.uel.br\/index.php?contents=system\/insc\/index.php&amp;pagina=view\/inscricoes\/seleciona_evento.php&amp;cod_evento=10084\">Filosofia: e n\u00f3s com isso?<\/a><br>\u2022 Dias: 11 e 12; 18 e 19; 25 e 26.<br>\u2022 Ter\u00e7a e Quarta (19h \u00e0s 21h).<\/p>\n\n\n\n<p><a href=\"https:\/\/www.sistemasweb.uel.br\/index.php?contents=system\/insc\/index.php&amp;pagina=view\/inscricoes\/seleciona_evento.php&amp;cod_evento=10094\" data-type=\"link\" data-id=\"https:\/\/www.sistemasweb.uel.br\/index.php?contents=system\/insc\/index.php&amp;pagina=view\/inscricoes\/seleciona_evento.php&amp;cod_evento=10094\">Fisiologia animal comparada para vestibulares &#8211; Vespertino<\/a><br>\u2022 Dias: 10, 17 e 24.<br>\u2022 Segunda (16h \u00e0s 18h).<\/p>\n\n\n\n<p><a href=\"https:\/\/www.sistemasweb.uel.br\/index.php?contents=system\/insc\/index.php&amp;pagina=view\/inscricoes\/seleciona_evento.php&amp;cod_evento=10095\" data-type=\"link\" data-id=\"https:\/\/www.sistemasweb.uel.br\/index.php?contents=system\/insc\/index.php&amp;pagina=view\/inscricoes\/seleciona_evento.php&amp;cod_evento=10095\">Fisiologia animal comparada para vestibulares &#8211; Noturno<\/a><br>\u2022 Dias: 10, 17 e 24.<br>\u2022 Segunda (19h \u00e0s 21).<\/p>\n\n\n\n<p><a href=\"https:\/\/www.sistemasweb.uel.br\/index.php?contents=system\/insc\/index.php&amp;pagina=view\/inscricoes\/seleciona_evento.php&amp;cod_evento=10080\" data-type=\"link\" data-id=\"https:\/\/www.sistemasweb.uel.br\/index.php?contents=system\/insc\/index.php&amp;pagina=view\/inscricoes\/seleciona_evento.php&amp;cod_evento=10080\">Intensivo de espanhol para iniciantes<\/a><br>\u2022 Dias: 11, 18 e 25.<br>\u2022 Ter\u00e7a (16h \u00e0s 18h).<\/p>\n\n\n\n<p><a href=\"https:\/\/www.sistemasweb.uel.br\/index.php?contents=system\/insc\/index.php&amp;pagina=view\/inscricoes\/seleciona_evento.php&amp;cod_evento=10079\">Introdu\u00e7\u00e3o \u00e0 sociologia: temas e autores &#8211; Noturno<\/a><br>\u2022 Dias: 10 e 12; 17 e 19; 24 e 26.<br>\u2022 Segunda e Quarta (19h \u00e0s 21h).<\/p>\n\n\n\n<p><a href=\"https:\/\/www.sistemasweb.uel.br\/index.php?contents=system\/insc\/index.php&amp;pagina=view\/inscricoes\/seleciona_evento.php&amp;cod_evento=10096\" data-type=\"link\" data-id=\"https:\/\/www.sistemasweb.uel.br\/index.php?contents=system\/insc\/index.php&amp;pagina=view\/inscricoes\/seleciona_evento.php&amp;cod_evento=10096\">Literatura para ENEM &#8211; Vespertino<\/a><br>\u2022 Dias: 12, 19 e 26.<br>\u2022 Quarta (14h \u00e0s 16h).<\/p>\n\n\n\n<p><a href=\"https:\/\/www.sistemasweb.uel.br\/index.php?contents=system\/insc\/index.php&amp;pagina=view\/inscricoes\/seleciona_evento.php&amp;cod_evento=10081\" data-type=\"link\" data-id=\"https:\/\/www.sistemasweb.uel.br\/index.php?contents=system\/insc\/index.php&amp;pagina=view\/inscricoes\/seleciona_evento.php&amp;cod_evento=10081\">Literatura para ENEM &#8211; Noturno<\/a><br>\u2022 Dias: 12, 19 e 26.<br>\u2022 Quarta (19h \u00e0s 21h).<\/p>\n\n\n\n<p><a href=\"https:\/\/www.sistemasweb.uel.br\/index.php?contents=system\/insc\/index.php&amp;pagina=view\/inscricoes\/seleciona_evento.php&amp;cod_evento=10093\">Matem\u00e1tica b\u00e1sica para f\u00edsica &#8211; Noturno<\/a><br>\u2022 Dias: 11, 18&nbsp;e&nbsp;25.<br>\u2022 Quarta (19h \u00e0s 21h).<\/p>\n\n\n\n<p><a href=\"https:\/\/www.sistemasweb.uel.br\/index.php?contents=system\/insc\/index.php&amp;pagina=view\/inscricoes\/seleciona_evento.php&amp;cod_evento=10089\" data-type=\"link\" data-id=\"https:\/\/www.sistemasweb.uel.br\/index.php?contents=system\/insc\/index.php&amp;pagina=view\/inscricoes\/seleciona_evento.php&amp;cod_evento=10089\">Matem\u00e1tica financeira b\u00e1sica<\/a><br>\u2022 Dias: 11, 18 e 25.<br>\u2022 Ter\u00e7a (19h \u00e0s 21h).<\/p>\n\n\n\n<p><a href=\"https:\/\/www.sistemasweb.uel.br\/index.php?contents=system\/insc\/index.php&amp;pagina=view\/inscricoes\/seleciona_evento.php&amp;cod_evento=10189\">Monitoria de conte\u00fados fundamentais da matem\u00e1tica<\/a><br>\u2022 Dias: 12, 19 e 26.<br>\u2022 Quarta (15h \u00e0s 17h).<\/p>\n\n\n\n<p><a href=\"https:\/\/www.sistemasweb.uel.br\/index.php?contents=system\/insc\/index.php&amp;pagina=view\/inscricoes\/seleciona_evento.php&amp;cod_evento=10074\">Oficina de interpreta\u00e7\u00e3o de texto para ENEM e UEL &#8211; Vespertino<\/a><br>\u2022 Dias: 11 e 13; 18&nbsp;e&nbsp;20;&nbsp;25&nbsp;e&nbsp;27.<br>\u2022 Ter\u00e7a e Quinta (14h \u00e0s 16h).<\/p>\n\n\n\n<p><a href=\"https:\/\/www.sistemasweb.uel.br\/index.php?contents=system\/insc\/index.php&amp;pagina=view\/inscricoes\/seleciona_evento.php&amp;cod_evento=10077\">Oficina de interpreta\u00e7\u00e3o de texto para ENEM e UEL &#8211; Noturno<\/a><br>\u2022 Dias: 11 e 13; 18&nbsp;e&nbsp;20;&nbsp;25&nbsp;e&nbsp;27.<br>\u2022 Ter\u00e7a e Quinta (19h \u00e0s 21h).&nbsp;&nbsp;&nbsp;&nbsp;&nbsp;&nbsp;&nbsp;&nbsp;&nbsp;&nbsp;&nbsp;&nbsp;<\/p>\n\n\n\n<p><a href=\"https:\/\/www.sistemasweb.uel.br\/index.php?contents=system\/insc\/index.php&amp;pagina=view\/inscricoes\/seleciona_evento.php&amp;cod_evento=10073\">Orienta\u00e7\u00e3o profissional para pr\u00e9-vestibulandos 2025<\/a><br>\u2022 Dias: 11, 18 e 25.<br>\u2022 Ter\u00e7a (14h \u00e0s 16h).<\/p>\n\n\n\n<p><a href=\"https:\/\/www.sistemasweb.uel.br\/index.php?contents=system\/insc\/index.php&amp;pagina=view\/inscricoes\/seleciona_evento.php&amp;cod_evento=10075\">Parede da mem\u00f3ria<\/a><br>\u2022 Dias: 14, 21 e 28.<br>\u2022 Sexta (14h \u00e0s 18h).<\/p>\n\n\n\n<p><\/p>\n\n\n\n<p><\/p>\n\n\n\n<p><\/p>\n\n\n\n<p><\/p>\n\n\n\n<p><\/p>\n","protected":false},"excerpt":{"rendered":"<p>Como funcionam? \u2022 Os cursos gratuitos de ver\u00e3o do CEPV t\u00eam o objetivo de preparar os alunos para vestibulares, ENEM, concursos e cotidiano. \u2022 Cada curso acontece no seu dia e per\u00edodo espec\u00edfico, possibilitando os interessados a se inscreverem para v\u00e1rios cursos simultaneamente. \u2022 Para participar, \u00e9 necess\u00e1rio realizar a inscri\u00e7\u00e3o on-line.\u2022 Os alunos devidamente [&hellip;]<\/p>\n","protected":false},"author":7,"featured_media":0,"parent":0,"menu_order":0,"comment_status":"closed","ping_status":"closed","template":"","meta":{"footnotes":""},"class_list":["post-1481","page","type-page","status-publish","hentry"],"acf":[],"_links":{"self":[{"href":"https:\/\/sites.uel.br\/cursinho\/wp-json\/wp\/v2\/pages\/1481","targetHints":{"allow":["GET"]}}],"collection":[{"href":"https:\/\/sites.uel.br\/cursinho\/wp-json\/wp\/v2\/pages"}],"about":[{"href":"https:\/\/sites.uel.br\/cursinho\/wp-json\/wp\/v2\/types\/page"}],"author":[{"embeddable":true,"href":"https:\/\/sites.uel.br\/cursinho\/wp-json\/wp\/v2\/users\/7"}],"replies":[{"embeddable":true,"href":"https:\/\/sites.uel.br\/cursinho\/wp-json\/wp\/v2\/comments?post=1481"}],"version-history":[{"count":13,"href":"https:\/\/sites.uel.br\/cursinho\/wp-json\/wp\/v2\/pages\/1481\/revisions"}],"predecessor-version":[{"id":1540,"href":"https:\/\/sites.uel.br\/cursinho\/wp-json\/wp\/v2\/pages\/1481\/revisions\/1540"}],"wp:attachment":[{"href":"https:\/\/sites.uel.br\/cursinho\/wp-json\/wp\/v2\/media?parent=1481"}],"curies":[{"name":"wp","href":"https:\/\/api.w.org\/{rel}","templated":true}]}}