{"id":1458,"date":"2025-01-08T16:44:14","date_gmt":"2025-01-08T19:44:14","guid":{"rendered":"https:\/\/sites.uel.br\/cursinho\/?page_id=1458"},"modified":"2026-03-02T16:50:03","modified_gmt":"2026-03-02T19:50:03","slug":"inscricoes","status":"publish","type":"page","link":"https:\/\/sites.uel.br\/cursinho\/inscricoes\/","title":{"rendered":"MATR\u00cdCULAS PARA NOVOS ALUNOS 2026"},"content":{"rendered":"\n<p><\/p>\n\n\n\n<div class=\"wp-block-buttons is-content-justification-center is-layout-flex wp-container-core-buttons-is-layout-16018d1d wp-block-buttons-is-layout-flex\">\n<div class=\"wp-block-button is-style-outline is-style-outline--1\"><a class=\"wp-block-button__link has-verde-escuro-background-color has-text-color has-background has-link-color has-text-align-center has-custom-font-size wp-element-button\" href=\"https:\/\/sites.uel.br\/cursinho\/wp-content\/uploads\/2026\/02\/CONVOCACAO-DE-MATRICULA-2026-.pdf\" style=\"border-radius:50px;color:#ffffff;font-size:22px\" target=\"_blank\" rel=\"noreferrer noopener\"><strong><img loading=\"lazy\" decoding=\"async\" width=\"228\" height=\"94\" class=\"wp-image-591\" style=\"width: 80px\" src=\"https:\/\/sites.uel.br\/cursinho\/wp-content\/uploads\/2023\/03\/novo-gif-cortado.gif\" alt=\"\">EDITAL DE CONVOCA\u00c7\u00c3O DE NOVOS ALUNOS!!<img loading=\"lazy\" decoding=\"async\" width=\"228\" height=\"94\" class=\"wp-image-591\" style=\"width: 80px\" src=\"https:\/\/sites.uel.br\/cursinho\/wp-content\/uploads\/2023\/03\/novo-gif-cortado.gif\" alt=\"\"><\/strong><\/a><\/div>\n<\/div>\n\n\n\n<div style=\"height:10px\" aria-hidden=\"true\" class=\"wp-block-spacer\"><\/div>\n\n\n\n<div class=\"wp-block-buttons is-content-justification-center is-layout-flex wp-container-core-buttons-is-layout-16018d1d wp-block-buttons-is-layout-flex\">\n<div class=\"wp-block-button is-style-outline is-style-outline--2\"><a class=\"wp-block-button__link has-verde-escuro-background-color has-text-color has-background has-link-color has-text-align-center has-custom-font-size wp-element-button\" href=\"https:\/\/sites.uel.br\/cursinho\/wp-content\/uploads\/2026\/03\/FORMULARIO-CEPV-2026-VESPERTINO.docx\" style=\"border-radius:50px;color:#ffffff;font-size:22px\" target=\"_blank\" rel=\"noreferrer noopener\"><strong><img loading=\"lazy\" decoding=\"async\" width=\"480\" height=\"416\" class=\"wp-image-545\" style=\"width: 45px\" src=\"https:\/\/sites.uel.br\/cursinho\/wp-content\/uploads\/2023\/03\/giphy.gif\" alt=\"\"> FORMUL\u00c1RIO PARA MATR\u00cdCULAS &#8211; VESPERTINO<\/strong><strong><img loading=\"lazy\" decoding=\"async\" width=\"480\" height=\"416\" class=\"wp-image-545\" style=\"width: 45px\" src=\"https:\/\/sites.uel.br\/cursinho\/wp-content\/uploads\/2023\/03\/giphy.gif\" alt=\"\"><\/strong><\/a><\/div>\n<\/div>\n\n\n\n<div style=\"height:10px\" aria-hidden=\"true\" class=\"wp-block-spacer\"><\/div>\n\n\n\n<div class=\"wp-block-buttons is-content-justification-center is-layout-flex wp-container-core-buttons-is-layout-16018d1d wp-block-buttons-is-layout-flex\">\n<div class=\"wp-block-button is-style-outline is-style-outline--3\"><a class=\"wp-block-button__link has-verde-escuro-background-color has-text-color has-background has-link-color has-text-align-center has-custom-font-size wp-element-button\" href=\"https:\/\/sites.uel.br\/cursinho\/wp-content\/uploads\/2026\/03\/FORMULARIO-CEPV-2026-NOTURNO-.docx\" style=\"border-radius:50px;color:#ffffff;font-size:22px\" target=\"_blank\" rel=\"noreferrer noopener\"><strong><img loading=\"lazy\" decoding=\"async\" width=\"480\" height=\"416\" class=\"wp-image-545\" style=\"width: 45px\" src=\"https:\/\/sites.uel.br\/cursinho\/wp-content\/uploads\/2023\/03\/giphy.gif\" alt=\"\"> FORMUL\u00c1RIO PARA MATR\u00cdCULAS &#8211; NOTURNO<\/strong><b> <\/b><b><img loading=\"lazy\" decoding=\"async\" width=\"480\" height=\"416\" class=\"wp-image-545\" style=\"width: 45px\" src=\"https:\/\/sites.uel.br\/cursinho\/wp-content\/uploads\/2023\/03\/giphy.gif\" alt=\"\"><\/b><\/a><\/div>\n<\/div>\n\n\n\n<div style=\"height:10px\" aria-hidden=\"true\" class=\"wp-block-spacer\"><\/div>\n\n\n\n<div class=\"wp-block-buttons is-content-justification-center is-layout-flex wp-container-core-buttons-is-layout-d9cd0f1e wp-block-buttons-is-layout-flex\">\n<div class=\"wp-block-button is-style-outline is-style-outline--4\"><a class=\"wp-block-button__link has-verde-escuro-background-color has-text-color has-background has-link-color has-text-align-center has-custom-font-size wp-element-button\" href=\"https:\/\/sites.uel.br\/cursinho\/wp-content\/uploads\/2024\/03\/TERMO-USO-DE-IMAGEM.pdf\" style=\"border-radius:50px;color:#ffffff;font-size:22px\"><strong><img loading=\"lazy\" decoding=\"async\" width=\"480\" height=\"416\" class=\"wp-image-545\" style=\"width: 45px\" src=\"https:\/\/sites.uel.br\/cursinho\/wp-content\/uploads\/2023\/03\/giphy.gif\" alt=\"\"> TERMO DE AUTORIZA\u00c7\u00c3O DO USO DE IMAGEM<\/strong><b> <\/b><b><img loading=\"lazy\" decoding=\"async\" width=\"480\" height=\"416\" class=\"wp-image-545\" style=\"width: 45px\" src=\"https:\/\/sites.uel.br\/cursinho\/wp-content\/uploads\/2023\/03\/giphy.gif\" alt=\"\"><\/b><\/a><\/div>\n<\/div>\n\n\n\n<div style=\"height:10px\" aria-hidden=\"true\" class=\"wp-block-spacer\"><\/div>\n\n\n\n<hr class=\"wp-block-separator has-alpha-channel-opacity is-style-wide\" \/>\n\n\n\n<div style=\"height:10px\" aria-hidden=\"true\" class=\"wp-block-spacer\"><\/div>\n\n\n\n<h2 class=\"wp-block-heading\">Matr\u00edculas<\/h2>\n\n\n\n<p>Com a inscri\u00e7\u00e3o <strong>aprovada<\/strong>, TODOS os alunos dever\u00e3o realizar a matr\u00edcula <strong>presencialmente no CEPV<\/strong>, situado no pr\u00e9dio do PDE, no Campus Universit\u00e1rio, <strong>do dia 04\/03 ao dia 06\/03 2026, das 14h \u00e0s 20h.<\/strong><\/p>\n\n\n\n<p>Os documentos necess\u00e1rios para a matr\u00edcula s\u00e3o:<\/p>\n\n\n\n<p>\u2022 RG e CPF;<\/p>\n\n\n\n<p>\u2022 C\u00f3pia do Hist\u00f3rico Escolar do Ensino M\u00e9dio ou Comprovante de Matr\u00edcula no \u00faltimo ano do Ensino M\u00e9dio (pedir na secretaria da escola);<\/p>\n\n\n\n<p>\u2022 C\u00f3pia do Comprovante de Endere\u00e7o;<\/p>\n\n\n\n<p>\u2022 2 fotos 3\u00d74;<\/p>\n\n\n\n<p>\u2022 3 vias do Formul\u00e1rio de Matr\u00edcula preenchido eletronicamente (a CMTU n\u00e3o aceita com preenchimento manual) \u2013 dispon\u00edvel no site;<\/p>\n\n\n\n<p>\u2022 1 via do Termo de Autoriza\u00e7\u00e3o do Uso de Imagem \u2013 dispon\u00edvel no site;<\/p>\n\n\n\n<p><strong>N\u00c3O ACEITAMOS DOCUMENTOS ORIGINAIS E N\u00c3O TEMOS COPIADORA NO LOCAL<\/strong><\/p>\n\n\n\n<p>Em caso de d\u00favidas, ligue para (43) 3371-5680<\/p>\n\n\n\n<h2 class=\"wp-block-heading\">Tenho mais d\u00favidas&#8230;<\/h2>\n\n\n\n<p>\u2022 Fa\u00e7a uma nova leitura do <a href=\"https:\/\/sites.uel.br\/cursinho\/wp-content\/uploads\/2025\/10\/atual-Edital_Conjunto_SEBEC-PROEX_003-2025_CURSINHO_2026_assinado.pdf\" data-type=\"link\" data-id=\"https:\/\/sites.uel.br\/cursinho\/wp-content\/uploads\/2025\/10\/atual-Edital_Conjunto_SEBEC-PROEX_003-2025_CURSINHO_2026_assinado.pdf\"><strong>Edital de Novos Alunos<\/strong>.<\/a><br>\u2022 Caso ainda esteja com d\u00favidas, voc\u00ea pode entrar em contato pelos n\u00fameros <strong>3371-4452<\/strong> e\/ou <strong>3371-4222<\/strong>. <br>\u2022 O atendimento do SEBEC \u00e9 <strong>das 8h \u00e0s 17h, de segunda a sexta<\/strong>.<\/p>\n\n\n\n<p><br><\/p>\n\n\n\n<p><br><\/p>\n","protected":false},"excerpt":{"rendered":"<p>Matr\u00edculas Com a inscri\u00e7\u00e3o aprovada, TODOS os alunos dever\u00e3o realizar a matr\u00edcula presencialmente no CEPV, situado no pr\u00e9dio do PDE, no Campus Universit\u00e1rio, do dia 04\/03 ao dia 06\/03 2026, das 14h \u00e0s 20h. Os documentos necess\u00e1rios para a matr\u00edcula s\u00e3o: \u2022 RG e CPF; \u2022 C\u00f3pia do Hist\u00f3rico Escolar do Ensino M\u00e9dio ou Comprovante [&hellip;]<\/p>\n","protected":false},"author":7,"featured_media":0,"parent":0,"menu_order":0,"comment_status":"closed","ping_status":"closed","template":"","meta":{"footnotes":""},"class_list":["post-1458","page","type-page","status-publish","hentry"],"acf":[],"_links":{"self":[{"href":"https:\/\/sites.uel.br\/cursinho\/wp-json\/wp\/v2\/pages\/1458","targetHints":{"allow":["GET"]}}],"collection":[{"href":"https:\/\/sites.uel.br\/cursinho\/wp-json\/wp\/v2\/pages"}],"about":[{"href":"https:\/\/sites.uel.br\/cursinho\/wp-json\/wp\/v2\/types\/page"}],"author":[{"embeddable":true,"href":"https:\/\/sites.uel.br\/cursinho\/wp-json\/wp\/v2\/users\/7"}],"replies":[{"embeddable":true,"href":"https:\/\/sites.uel.br\/cursinho\/wp-json\/wp\/v2\/comments?post=1458"}],"version-history":[{"count":54,"href":"https:\/\/sites.uel.br\/cursinho\/wp-json\/wp\/v2\/pages\/1458\/revisions"}],"predecessor-version":[{"id":1765,"href":"https:\/\/sites.uel.br\/cursinho\/wp-json\/wp\/v2\/pages\/1458\/revisions\/1765"}],"wp:attachment":[{"href":"https:\/\/sites.uel.br\/cursinho\/wp-json\/wp\/v2\/media?parent=1458"}],"curies":[{"name":"wp","href":"https:\/\/api.w.org\/{rel}","templated":true}]}}