{"id":565,"date":"2023-08-23T12:00:57","date_gmt":"2023-08-23T15:00:57","guid":{"rendered":"https:\/\/sites.uel.br\/ctu\/?page_id=565"},"modified":"2025-10-30T11:15:38","modified_gmt":"2025-10-30T14:15:38","slug":"pos-graduacao","status":"publish","type":"page","link":"https:\/\/sites.uel.br\/ctu\/pos-graduacao\/","title":{"rendered":"P\u00f3s-gradua\u00e7\u00e3o"},"content":{"rendered":"\n<div style=\"height:45px\" aria-hidden=\"true\" class=\"wp-block-spacer\"><\/div>\n\n\n\n<p><strong><em>ARQUITETURA E URBANISMO<\/em><\/strong><\/p>\n\n\n\n<p class=\"has-verde-escuro-color has-verde-claro-background-color has-text-color has-background\" style=\"font-size:16px\"><strong> \u235d<\/strong> <a rel=\"noreferrer noopener\" href=\"http:\/\/www.uel.br\/pos\/projetoarquitetonico\" target=\"_blank\"><strong>P\u00d3S-GRADUA\u00c7\u00c3O I LATO SENSU<\/strong><\/a> <\/p>\n\n\n\n<p style=\"font-size:16px\">Coordenador: Prof. Dr. Antonio Carlos Zani|&nbsp;zani@uel.br<\/p>\n\n\n\n<p style=\"font-size:16px\">Vice Coordenador: Prof. Dr. Oigres Leice&nbsp;Cordeiro de Macedo|oigres@uel.br<\/p>\n\n\n\n<div style=\"height:21px\" aria-hidden=\"true\" class=\"wp-block-spacer\"><\/div>\n\n\n\n<p class=\"has-verde-escuro-color has-verde-claro-background-color has-text-color has-background\" style=\"font-size:16px\"><strong> <strong> \u235d<\/strong><\/strong> <strong><a rel=\"noreferrer noopener\" href=\"https:\/\/www.uel.br\/pos\/ppuarqurb_uem_uel\/\" target=\"_blank\">P\u00d3S-GRADUA\u00c7\u00c3O I STRICTO SENSU<\/a><\/strong><\/p>\n\n\n\n<p style=\"font-size:16px\">Coordenador: Prof. Dr. Sidnei Jr. Guadanhim |sjg@uel.br<\/p>\n\n\n\n<p style=\"font-size:16px\">Vice Coordenador: Prof. Dr. C\u00e9sar Imai&nbsp;|cimai@uel.br<\/p>\n\n\n\n<div style=\"height:26px\" aria-hidden=\"true\" class=\"wp-block-spacer\"><\/div>\n\n\n\n<p><strong><em>ENGENHARIA CIVIL<\/em><\/strong><\/p>\n\n\n\n<p class=\"has-verde-escuro-color has-verde-claro-background-color has-text-color has-background\" style=\"font-size:16px\"><strong> \u235d<\/strong> <a rel=\"noreferrer noopener\" href=\"https:\/\/pos.uel.br\/est\" target=\"_blank\"><strong>P\u00d3S-GRADUA\u00c7\u00c3O I LATO SENSU<\/strong><\/a><\/p>\n\n\n\n<p style=\"font-size:16px\">Coordenadora: Profa. Dra. Wanessa Roberta Fazinga | wanessa@uel.br<\/p>\n\n\n\n<p style=\"font-size:16px\">Vice Coordenadora: Profa. Dra. Camila Greg\u00f3rio Atem | camila.atem@uel.br<\/p>\n\n\n\n<div style=\"height:21px\" aria-hidden=\"true\" class=\"wp-block-spacer\"><\/div>\n\n\n\n<p class=\"has-verde-escuro-color has-verde-claro-background-color has-text-color has-background\" style=\"font-size:16px\"><strong> \u235d<\/strong> <strong><a rel=\"noreferrer noopener\" href=\"https:\/\/www.uel.br\/pos\/enges\" target=\"_blank\">P\u00d3S-GRADUA\u00c7\u00c3O I STRICTO SENSU<\/a><\/strong><\/p>\n\n\n\n<p style=\"font-size:16px\">Coordenador: Prof. Dr. Hemerson Donizete Pinheiro | hemersonpinheiro@uel.br<\/p>\n\n\n\n<p style=\"font-size:16px\">Vice Coordenadora: Profa. Dra. Emilia Kiyomi Kuroda | ekkuroda@uel.br<\/p>\n\n\n\n<div style=\"height:26px\" aria-hidden=\"true\" class=\"wp-block-spacer\"><\/div>\n\n\n\n<p><strong><em>ESTRUTURAS<\/em><\/strong><\/p>\n\n\n\n<p class=\"has-verde-escuro-color has-verde-claro-background-color has-text-color has-background\" style=\"font-size:16px\"><strong> \u235d<\/strong> <strong><a href=\"https:\/\/www.uel.br\/pos\/tru\" target=\"_blank\" rel=\"noreferrer noopener\">P\u00d3S-GRADUA\u00c7\u00c3O I LATO SENSU<\/a><\/strong><\/p>\n\n\n\n<p style=\"font-size:16px\">Coordenador: Prof. Dr. Andr\u00e9 Campos de Moura | andre.moura@uel.br<\/p>\n\n\n\n<p style=\"font-size:16px\">Vice Coordenador: Prof. Dr. Jorge Bounassar Filho |&nbsp;jbf@uel.br<\/p>\n\n\n\n<p><\/p>\n\n\n\n<div style=\"height:26px\" aria-hidden=\"true\" class=\"wp-block-spacer\"><\/div>\n\n\n\n<p><strong><em>ENGENHARIA EL\u00c9TRICA<\/em><\/strong><\/p>\n\n\n\n<p class=\"has-verde-escuro-color has-verde-claro-background-color has-text-color has-background\" style=\"font-size:16px\"><strong> \u235d<\/strong> <strong><a href=\"http:\/\/pos.uel.br\/meel\/\" target=\"_blank\" rel=\"noreferrer noopener\">P\u00d3S-GRADUA\u00c7\u00c3O I STRICTO SENSU<\/a><\/strong> &#8211; MESTRADO<\/p>\n\n\n\n<p style=\"font-size:16px\">Coordenador:&nbsp;Francisco Granziera J\u00fanior | granziera@uel.br&nbsp;<\/p>\n\n\n\n<p style=\"font-size:16px\">Vice-Coordenadora:&nbsp;Maria Bernadete de Morais Fran\u00e7a | mbmoraes@uel.br<\/p>\n\n\n\n<div style=\"height:11px\" aria-hidden=\"true\" class=\"wp-block-spacer\"><\/div>\n\n\n\n<p class=\"has-verde-escuro-color has-verde-claro-background-color has-text-color has-background\" style=\"font-size:16px\"><strong> \u235d<\/strong> <strong><a href=\"http:\/\/www.uel.br\/pos\/deel\/index.html\" target=\"_blank\" rel=\"noreferrer noopener\">P\u00d3S-GRADUA\u00c7\u00c3O I STRICTO SENSU<\/a><\/strong> &#8211; PROGRAMA DE DOUTORADO UTFPR\/UEL<\/p>\n\n\n\n<p style=\"font-size:16px\">Coordenador:&nbsp;Taufik Abr\u00e3o | taufik@uel.br<\/p>\n\n\n\n<p style=\"font-size:16px\">Vice-Coordenador:&nbsp;Leonimer Fl\u00e1vio de Melo | leonimer@uel.br<\/p>\n","protected":false},"excerpt":{"rendered":"<p>ARQUITETURA E URBANISMO \u235d P\u00d3S-GRADUA\u00c7\u00c3O I LATO SENSU Coordenador: Prof. Dr. Antonio Carlos Zani|&nbsp;zani@uel.br Vice Coordenador: Prof. Dr. Oigres Leice&nbsp;Cordeiro de Macedo|oigres@uel.br \u235d P\u00d3S-GRADUA\u00c7\u00c3O I STRICTO SENSU Coordenador: Prof. Dr. Sidnei Jr. Guadanhim |sjg@uel.br Vice Coordenador: Prof. Dr. C\u00e9sar Imai&nbsp;|cimai@uel.br ENGENHARIA CIVIL \u235d P\u00d3S-GRADUA\u00c7\u00c3O I LATO SENSU Coordenadora: Profa. Dra. Wanessa Roberta Fazinga | wanessa@uel.br [&hellip;]<\/p>\n","protected":false},"author":14,"featured_media":0,"parent":0,"menu_order":0,"comment_status":"closed","ping_status":"closed","template":"","meta":{"footnotes":""},"class_list":["post-565","page","type-page","status-publish","hentry"],"acf":[],"_links":{"self":[{"href":"https:\/\/sites.uel.br\/ctu\/wp-json\/wp\/v2\/pages\/565","targetHints":{"allow":["GET"]}}],"collection":[{"href":"https:\/\/sites.uel.br\/ctu\/wp-json\/wp\/v2\/pages"}],"about":[{"href":"https:\/\/sites.uel.br\/ctu\/wp-json\/wp\/v2\/types\/page"}],"author":[{"embeddable":true,"href":"https:\/\/sites.uel.br\/ctu\/wp-json\/wp\/v2\/users\/14"}],"replies":[{"embeddable":true,"href":"https:\/\/sites.uel.br\/ctu\/wp-json\/wp\/v2\/comments?post=565"}],"version-history":[{"count":16,"href":"https:\/\/sites.uel.br\/ctu\/wp-json\/wp\/v2\/pages\/565\/revisions"}],"predecessor-version":[{"id":778,"href":"https:\/\/sites.uel.br\/ctu\/wp-json\/wp\/v2\/pages\/565\/revisions\/778"}],"wp:attachment":[{"href":"https:\/\/sites.uel.br\/ctu\/wp-json\/wp\/v2\/media?parent=565"}],"curies":[{"name":"wp","href":"https:\/\/api.w.org\/{rel}","templated":true}]}}