{"id":469,"date":"2023-08-22T11:19:22","date_gmt":"2023-08-22T14:19:22","guid":{"rendered":"https:\/\/sites.uel.br\/ctu\/?page_id=469"},"modified":"2023-10-19T08:33:09","modified_gmt":"2023-10-19T11:33:09","slug":"graduacao-2","status":"publish","type":"page","link":"https:\/\/sites.uel.br\/ctu\/graduacao-2\/","title":{"rendered":"Gradua\u00e7\u00e3o"},"content":{"rendered":"\n<p>O Centro de Tecnologia e Urbanismo oferta tr\u00eas cursos de Gradua\u00e7\u00e3o, Arquitetura e Urbanismo, Engenharia Civil e Engenharia El\u00e9trica.&nbsp;<\/p>\n\n\n\n<p><a rel=\"noreferrer noopener\" href=\"https:\/\/www.uel.br\/prograd\/?content=catalogo-cursos\/index.html\" target=\"_blank\">Cat\u00e1logo dos Cursos de Gradua\u00e7\u00e3o UEL<\/a> <\/p>\n\n\n\n<div style=\"height:35px\" aria-hidden=\"true\" class=\"wp-block-spacer\"><\/div>\n\n\n\n<h4 class=\"wp-block-heading has-verde-escuro-color has-text-color has-medium-font-size\">ARQUITETURA E URBANISMO <\/h4>\n\n\n\n<p class=\"has-text-align-justify-small-font-size\"> <p align=\"justify\"> Os Arquitetos e urbanistas s\u00e3o profissionais aptos a compreender e traduzir as necessidades de indiv\u00edduos, grupos sociais e comunidades e, consequentemente, atuar no planejamento, projetos e constru\u00e7\u00e3o de espa\u00e7os urbanos. O curso \u00e9 composto pelo Departamento de Arquitetura e Urbanismo.<\/p>\n\n\n\n<p class=\"has-text-color has-medium-font-size\" style=\"color:#244d14\">\ud83d\udd0e <strong>Informa\u00e7\u00f5es acad\u00eamicas<\/strong> do curso, acesse: <a href=\"https:\/\/graduacao.uel.br\/arqurb\/\" target=\"_blank\" rel=\"noreferrer noopener\"><em>Arquitetura e Urbanismo<\/em><\/a><sub> <\/sub><\/p>\n\n\n\n<div style=\"height:47px\" aria-hidden=\"true\" class=\"wp-block-spacer\"><\/div>\n\n\n\n<p class=\"has-verde-escuro-color has-text-color has-medium-font-size\"><strong>ENGENHARIA CIVIL<\/strong><\/p>\n\n\n\n<p class=\"has-text-align-justify-small-font-size\"> <p align=\"justify\"> O graduando dever\u00e1 estar apto a atuar nas fases de projeto, execu\u00e7\u00e3o e manuten\u00e7\u00e3o de obras de Engenharia Civil; identificar e propor solu\u00e7\u00f5es de problemas da \u00e1rea; absorver e desenvolver novas tecnologias; trabalhar em equipes multidisciplinares; contribuir para a melhoria do desempenho da constru\u00e7\u00e3o civil e dominar t\u00e9cnicas b\u00e1sicas de gerenciamento, administra\u00e7\u00e3o, processos e recursos utilizados na constru\u00e7\u00e3o. O curso de Engenharia Civil \u00e9 composto por dois departamentos: Departamento de Estruturas e Departamento de Constru\u00e7\u00e3o Civil.<\/p>\n\n\n\n<p class=\"has-text-color has-medium-font-size\" style=\"color:#244d14\">\ud83d\udd0e <strong>Informa\u00e7\u00f5es acad\u00eamicas<\/strong> do curso,  acesse:<em> <a rel=\"noreferrer noopener\" href=\"https:\/\/graduacao.uel.br\/engcivil\/\" target=\"_blank\">Engenharia Civil<\/a>.<\/em><\/p>\n\n\n\n<div style=\"height:47px\" aria-hidden=\"true\" class=\"wp-block-spacer\"><\/div>\n\n\n\n<p class=\"has-verde-escuro-color has-text-color has-medium-font-size\"><strong>ENGENHARIA EL\u00c9TRICA<\/strong><\/p>\n\n\n\n<p class=\"has-text-align-justify-small-font-size\"> <p align=\"justify\">O engenheiro eletricista deve trabalhar com flexibilidade em qualquer ramo derivado de sua \u00e1rea de forma\u00e7\u00e3o, tanto na \u00e1rea t\u00e9cnica quanto na administrativa, desenvolver projetos variados na \u00e1rea eletroeletr\u00f4nica, seja em aplica\u00e7\u00f5es espec\u00edficas, seja em projetos conjuntos que envolvam interfaces com outras \u00e1reas de conhecimento, e atuar na pesquisa com rigor metodol\u00f3gico e acad\u00eamico. O curso \u00e9 composto pelo Departamento de Engenharia El\u00e9trica.<\/p>\n\n\n\n<p class=\"has-text-color has-medium-font-size\" style=\"color:#244d14\">\ud83d\udd0e <strong>Informa\u00e7\u00f5es acad\u00eamicas<\/strong> do curso, acesse: <em><a href=\"https:\/\/graduacao.uel.br\/engele\/\" target=\"_blank\" rel=\"noreferrer noopener\">Engenharia El\u00e9trica <\/a><\/em><sub> <\/sub><\/p>\n","protected":false},"excerpt":{"rendered":"<p>O Centro de Tecnologia e Urbanismo oferta tr\u00eas cursos de Gradua\u00e7\u00e3o, Arquitetura e Urbanismo, Engenharia Civil e Engenharia El\u00e9trica.&nbsp; Cat\u00e1logo dos Cursos de Gradua\u00e7\u00e3o UEL ARQUITETURA E URBANISMO Os Arquitetos e urbanistas s\u00e3o profissionais aptos a compreender e traduzir as necessidades de indiv\u00edduos, grupos sociais e comunidades e, consequentemente, atuar no planejamento, projetos e constru\u00e7\u00e3o [&hellip;]<\/p>\n","protected":false},"author":14,"featured_media":0,"parent":0,"menu_order":0,"comment_status":"closed","ping_status":"closed","template":"","meta":{"footnotes":""},"class_list":["post-469","page","type-page","status-publish","hentry"],"acf":[],"_links":{"self":[{"href":"https:\/\/sites.uel.br\/ctu\/wp-json\/wp\/v2\/pages\/469","targetHints":{"allow":["GET"]}}],"collection":[{"href":"https:\/\/sites.uel.br\/ctu\/wp-json\/wp\/v2\/pages"}],"about":[{"href":"https:\/\/sites.uel.br\/ctu\/wp-json\/wp\/v2\/types\/page"}],"author":[{"embeddable":true,"href":"https:\/\/sites.uel.br\/ctu\/wp-json\/wp\/v2\/users\/14"}],"replies":[{"embeddable":true,"href":"https:\/\/sites.uel.br\/ctu\/wp-json\/wp\/v2\/comments?post=469"}],"version-history":[{"count":20,"href":"https:\/\/sites.uel.br\/ctu\/wp-json\/wp\/v2\/pages\/469\/revisions"}],"predecessor-version":[{"id":760,"href":"https:\/\/sites.uel.br\/ctu\/wp-json\/wp\/v2\/pages\/469\/revisions\/760"}],"wp:attachment":[{"href":"https:\/\/sites.uel.br\/ctu\/wp-json\/wp\/v2\/media?parent=469"}],"curies":[{"name":"wp","href":"https:\/\/api.w.org\/{rel}","templated":true}]}}