{"id":171,"date":"2021-04-07T19:50:26","date_gmt":"2021-04-07T22:50:26","guid":{"rendered":"https:\/\/sites.uel.br\/ctu\/?page_id=171"},"modified":"2025-08-07T16:33:37","modified_gmt":"2025-08-07T19:33:37","slug":"laboratorios-do-dau","status":"publish","type":"page","link":"https:\/\/sites.uel.br\/ctu\/laboratorios-do-dau\/","title":{"rendered":"Laborat\u00f3rios do DAU"},"content":{"rendered":"\n<p><\/p>\n\n\n\n<p><strong>LABORAT\u00d3RIO DE MAQUETES<\/strong><\/p>\n\n\n\n<p>O Laborat\u00f3rio de Maquetes \u00e9 uma subunidade do Centro de Tecnologia e Urbanismo, sob a dire\u00e7\u00e3o do Departamento de Arquitetura e Urbanismo. Sua miss\u00e3o \u00e9 dar apoio ao ensino \u00e0 pesquisa e \u00e0 extens\u00e3o desenvolvidos no CTU. Conta com um espa\u00e7o f\u00edsico de 420 m\u00b2, subdividido em \u00e1rea para maquin\u00e1rio, ferramentaria, local para aulas e estoque de material. O \u00f3rg\u00e3o conta com corpo de 2 funcion\u00e1rios, sendo um t\u00e9cnico em marcenaria e outro auxiliar para servi\u00e7os. \u00c9 coordenado por docente do DAU. A miss\u00e3o do laborat\u00f3rio \u00e9 a execu\u00e7\u00e3o de projetos, maquetes, modelos e prot\u00f3tipos em apoio em ensino pesquisa e extens\u00e3o do Centro de Tecnologia Urbanismo.<\/p>\n\n\n\n<p>Coordenador: Prof. Dr. Jorge Daniel de Melo Moura | e-mail jordan@uel.br<\/p>\n\n\n\n<p>Colaboradores: Carlos Alberto Duarte (t\u00e9cnico)<\/p>\n\n\n\n<p>Telefone: (43) 3371-4249<\/p>\n\n\n\n<p>Hor\u00e1rio de Funcionamento: das 8:00 as 12:00 e 14:00 as 18:00 de segunda a sexta-feira<\/p>\n\n\n\n<hr class=\"wp-block-separator has-css-opacity is-style-wide\" \/>\n\n\n\n<div style=\"height:30px\" aria-hidden=\"true\" class=\"wp-block-spacer\"><\/div>\n\n\n\n<p><strong>LABORAT\u00d3RIO DE CONFORTO AMBIENTAL<\/strong><\/p>\n\n\n\n<p>O Laborat\u00f3rio de Conforto Ambiental \u2013 LACO do Departamento de Arquitetura e Urbanismo da Universidade Estadual de Londrina foi implantado pela professora Ana Virg\u00ednia Sampaio, com o apoio da Funda\u00e7\u00e3o Arauc\u00e1ria atrav\u00e9s do Programa de Infraestrutura para Jovens Pesquisadores \u2013 Programa Primeiros Projetos \u2013 PPP\/2006.<\/p>\n\n\n\n<p><strong>Objetivo<\/strong><\/p>\n\n\n\n<p>O objetivo do LACO \u00e9 a conscientiza\u00e7\u00e3o, atrav\u00e9s do desenvolvimento de pesquisas pr\u00e1ticas, a respeito da import\u00e2ncia de promover o conforto e bem-estar dos usu\u00e1rios das edifica\u00e7\u00f5es, tirando partido dos recursos naturais locais e fazendo a adequa\u00e7\u00e3o dos projetos arquitet\u00f4nicos ao clima.<\/p>\n\n\n\n<p><strong>Atividades<\/strong><\/p>\n\n\n\n<p>O LACO oferece equipamentos para o desenvolvimento de pesquisas, dando suporte \u00e0s atividades da gradua\u00e7\u00e3o e p\u00f3s-gradua\u00e7\u00e3o dos cursos de arquitetura e urbanismo e de engenharia civil da UEL.<\/p>\n\n\n\n<p><strong>Infraestrutura<\/strong><\/p>\n\n\n\n<p>O LACO ocupa uma sala no pavimento t\u00e9rreo do Centro de Tecnologia e Urbanismo &#8211; CTU.<\/p>\n\n\n\n<p><strong>Equipamentos<\/strong><\/p>\n\n\n\n<p>O LACO disp\u00f5e de diversos equipamentos port\u00e1teis, tai como: lux\u00edmetros, decibel\u00edmetros, term\u00f4metros e anem\u00f4metros de h\u00e9lice. Al\u00e9m disso, possui tr\u00eas grandes equipamentos fixos: heliodon &#8211; simulador de insola\u00e7\u00e3o, t\u00fanel de vento &#8211; simulador de ventila\u00e7\u00e3o e caixa de espelhos &#8211; simulador de ilumina\u00e7\u00e3o natural.<\/p>\n\n\n\n<p><strong>Contato<\/strong><\/p>\n\n\n\n<p>Coordena\u00e7\u00e3o: Prof.\u00aa. Claudia Donald Pereira | e-mail donald@uel.br<\/p>\n\n\n\n<p>Fone: (43) 3371-4519<\/p>\n\n\n\n<hr class=\"wp-block-separator has-css-opacity is-style-wide\" \/>\n\n\n\n<div style=\"height:30px\" aria-hidden=\"true\" class=\"wp-block-spacer\"><\/div>\n\n\n\n<p><strong>LABORAT\u00d3RIO DE ARQUITETURA E URBANISMO<\/strong><\/p>\n\n\n\n<p>O LABORAT\u00d3RIO DE ARQUITETURA E URBANISMO \u2013 LAU tem como objetivo o apoio ao ensino de gradua\u00e7\u00e3o e p\u00f3s-gradua\u00e7\u00e3o e a pesquisa e extens\u00e3o.<\/p>\n\n\n\n<p>Tem como p\u00fablico alvo estudantes do ensino m\u00e9dio, da gradua\u00e7\u00e3o e p\u00f3s-gradua\u00e7\u00e3o.<\/p>\n\n\n\n<p>Local: segundo piso do CTU<\/p>\n\n\n\n<p>Coordenador:&nbsp; Leonardo Cassimiro Barbosa<\/p>\n\n\n\n<p>Secret\u00e1ria: Laurides Stevanatto | e-mail lau@uel.br<\/p>\n\n\n\n<p>Telefone: (43) 3371-4090<\/p>\n\n\n\n<p>Acervo (aproximadamente)<\/p>\n\n\n\n<p>&#8211; 1.565 exemplares de trabalhos finais de gradua\u00e7\u00e3o;<\/p>\n\n\n\n<p>&#8211; 4.500 t\u00edtulos de livros sobre arquitetura e urbanismo;<\/p>\n\n\n\n<p>&#8211; 2.500 de revistas diversas;<\/p>\n\n\n\n<p>&#8211; Cole\u00e7\u00e3o de plantas cartogr\u00e1ficas (em papel e CD);<\/p>\n\n\n\n<p>&#8211; 1.300 CDs (trabalhos finais de gradua\u00e7\u00e3o e bibliografia da \u00e1rea);<\/p>\n\n\n\n<p>&#8211; 200 fitas VHS contendo palestras, document\u00e1rios e trabalhos acad\u00eamicos;<\/p>\n\n\n\n<p>&#8211; 250 t\u00edtulos de teses e disserta\u00e7\u00f5es;<\/p>\n\n\n\n<hr class=\"wp-block-separator has-css-opacity is-style-wide\" \/>\n\n\n\n<div style=\"height:30px\" aria-hidden=\"true\" class=\"wp-block-spacer\"><\/div>\n\n\n\n<p><strong>LABORAT\u00d3RIO DE DOCUMENTA\u00c7\u00c3O ARQUITET\u00d4NICA E DA CONSTRU\u00c7\u00c3O CIVIL<\/strong> <strong>&#8211;&nbsp;Luiz C\u00e9sar da Silva<\/strong><\/p>\n\n\n\n<p>Este laborat\u00f3rio surgiu a partir da disserta\u00e7\u00e3o de mestrado, YLLANA, Teba Silva,&nbsp;\u201cOs Pioneiros da Arquitetura Londrinense \u2013 Ivan Jekoff, L\u00e9o de Jud\u00e1 Barbosa e Luiz C\u00e9sar da Silva\u201d, defendida na FAU\/USP, em 2001, uma vez que durante a pesquisa se verificou a fragilidade da mem\u00f3ria das constru\u00e7\u00f5es em uma cidade com o crescimento t\u00e3o acelerado como Londrina. A partir de ent\u00e3o Ana Marta, esposa do arquiteto, doa o seu fundo documental particular \u00e0 Universidade Estadual de Londrina, em especial ao Departamento de Arquitetura e Urbanismo, visto ter sido ele, um dos seus criadores. Esta doa\u00e7\u00e3o permitiu n\u00e3o s\u00f3 a continuidade de pesquisas sobre o trabalho do arquiteto, como tamb\u00e9m o desenvolvimento de v\u00e1rias outras, surgidas atrav\u00e9s da necessidade de manipula\u00e7\u00e3o e conserva\u00e7\u00e3o do pr\u00f3prio acervo.<br>Assim nasceu o&nbsp;LABORAT\u00d3RIO DE DOCUMENTA\u00c7\u00c3O ARQUITET\u00d4NICA E DA CONSTRU\u00c7\u00c3O CIVIL &#8211;&nbsp;Luiz C\u00e9sar da Silva,&nbsp;com um acervo inicial composto dos projetos desenvolvidos pelo arquiteto e pelo material cartogr\u00e1fico do&nbsp;<a href=\"http:\/\/www.uel.br\/laboratorios\/labdoc\/pages\/acervos\/metronor.php\">METRONOR<\/a>.<\/p>\n\n\n\n<p>Coordenadora: Teba Silva Yllana | email: teba@uel.br<\/p>\n\n\n\n<p>Hor\u00e1rio de Funcionamento:&nbsp;Sexta-feira das 09:00 \u00e0s 12:00<\/p>\n\n\n\n<p>Telefone:<strong> <\/strong>(43)&nbsp;3371-5894<\/p>\n\n\n\n<p>P\u00e1gina: <a rel=\"noreferrer noopener\" href=\"http:\/\/www.uel.br\/laboratorios\/labdoc\/\" target=\"_blank\">http:\/\/www.uel.br\/laboratorios\/labdoc\/<\/a><\/p>\n\n\n\n<hr class=\"wp-block-separator has-css-opacity is-style-wide\" \/>\n\n\n\n<p><\/p>\n\n\n\n<p><strong>LABORAT\u00d3RIO DE PAISAGEM<\/strong><\/p>\n\n\n\n<p>O LabPaisagem, &nbsp;do Grupo de Pesquisa Design Ambiental Urbano \u2013 CNPq, desenvolve estudos sobre&nbsp;morfologia urbana e&nbsp;paisagem.<\/p>\n\n\n\n<p>Coordenador:\u00a0Humberto Yamaki (Aposentado) | \u00a0email: yamaki@uel.br <\/p>\n\n\n\n<p><\/p>\n\n\n\n<div class=\"wp-block-columns is-layout-flex wp-container-core-columns-is-layout-9d6595d7 wp-block-columns-is-layout-flex\">\n<div class=\"wp-block-column is-layout-flow wp-block-column-is-layout-flow\"><\/div>\n<\/div>\n\n\n\n<div class=\"wp-block-columns is-layout-flex wp-container-core-columns-is-layout-9d6595d7 wp-block-columns-is-layout-flex\">\n<div class=\"wp-block-column is-layout-flow wp-block-column-is-layout-flow\">\n<figure class=\"wp-block-image size-full\"><img loading=\"lazy\" decoding=\"async\" width=\"981\" height=\"560\" src=\"https:\/\/sites.uel.br\/ctu\/wp-content\/uploads\/2021\/11\/CapaPaisagemTerritorioSite1220192.jpg\" alt=\"\" class=\"wp-image-345\" srcset=\"https:\/\/sites.uel.br\/ctu\/wp-content\/uploads\/2021\/11\/CapaPaisagemTerritorioSite1220192.jpg 981w, https:\/\/sites.uel.br\/ctu\/wp-content\/uploads\/2021\/11\/CapaPaisagemTerritorioSite1220192-300x171.jpg 300w, https:\/\/sites.uel.br\/ctu\/wp-content\/uploads\/2021\/11\/CapaPaisagemTerritorioSite1220192-768x438.jpg 768w\" sizes=\"auto, (max-width: 981px) 100vw, 981px\" \/><figcaption class=\"wp-element-caption\">Livro Recente: Paisagem e Territ\u00f3rio: Expedi\u00e7\u00f5es, UEL&nbsp; 2019, 88pag. Imagem capa: Assa\u00ed PR, Yamaki 2017<br>Humberto Yamaki e Lucio Cunha (orgs.)<\/figcaption><\/figure>\n<\/div>\n\n\n\n<div class=\"wp-block-column is-layout-flow wp-block-column-is-layout-flow\">\n<figure class=\"wp-block-image size-full\"><img loading=\"lazy\" decoding=\"async\" width=\"300\" height=\"231\" src=\"https:\/\/sites.uel.br\/ctu\/wp-content\/uploads\/2021\/11\/Praca8Maio-arqFTavora-1995a97-yamaki-2019-300x231-1.jpg\" alt=\"\" class=\"wp-image-346\" \/><figcaption class=\"wp-element-caption\">Pra\u00e7a 8 de Maio, Coimbra. Arq. Fernando T\u00e1vora&nbsp; 1995\/97 Imagem: Yamaki 2019<br>Paisagem Hist\u00f3rica. Significado e Perman\u00eancias.<\/figcaption><\/figure>\n<\/div>\n\n\n\n<div class=\"wp-block-column is-layout-flow wp-block-column-is-layout-flow\">\n<figure class=\"wp-block-image size-full\"><img loading=\"lazy\" decoding=\"async\" width=\"1024\" height=\"704\" src=\"https:\/\/sites.uel.br\/ctu\/wp-content\/uploads\/2021\/11\/Paco-das-Escolas-arq-Goncalo-Byrne-2012-yamaki2019-1024x704-1.jpg\" alt=\"\" class=\"wp-image-347\" srcset=\"https:\/\/sites.uel.br\/ctu\/wp-content\/uploads\/2021\/11\/Paco-das-Escolas-arq-Goncalo-Byrne-2012-yamaki2019-1024x704-1.jpg 1024w, https:\/\/sites.uel.br\/ctu\/wp-content\/uploads\/2021\/11\/Paco-das-Escolas-arq-Goncalo-Byrne-2012-yamaki2019-1024x704-1-300x206.jpg 300w, https:\/\/sites.uel.br\/ctu\/wp-content\/uploads\/2021\/11\/Paco-das-Escolas-arq-Goncalo-Byrne-2012-yamaki2019-1024x704-1-768x528.jpg 768w\" sizes=\"auto, (max-width: 1024px) 100vw, 1024px\" \/><figcaption class=\"wp-element-caption\">Pa\u00e7o das Escolas da Univ. Coimbra PORTUGAL, projeto Arq. Gon\u00e7alo Byrne 2012, imagem: Yamaki 2019<br>Tempo e Significado. Monumentalidade e Dignidade.<\/figcaption><\/figure>\n\n\n\n<div class=\"wp-block-columns is-layout-flex wp-container-core-columns-is-layout-9d6595d7 wp-block-columns-is-layout-flex\">\n<div class=\"wp-block-column is-layout-flow wp-block-column-is-layout-flow\" style=\"flex-basis:33.33%\"><\/div>\n<\/div>\n<\/div>\n<\/div>\n\n\n\n<div class=\"wp-block-media-text alignwide is-stacked-on-mobile\" style=\"grid-template-columns:23% auto\"><figure class=\"wp-block-media-text__media\"><img loading=\"lazy\" decoding=\"async\" width=\"387\" height=\"542\" src=\"https:\/\/sites.uel.br\/ctu\/wp-content\/uploads\/2021\/11\/capa-recort.png\" alt=\"\" class=\"wp-image-351 size-medium\" srcset=\"https:\/\/sites.uel.br\/ctu\/wp-content\/uploads\/2021\/11\/capa-recort.png 387w, https:\/\/sites.uel.br\/ctu\/wp-content\/uploads\/2021\/11\/capa-recort-214x300.png 214w\" sizes=\"auto, (max-width: 387px) 100vw, 387px\" \/><\/figure><div class=\"wp-block-media-text__content\">\n<p class=\"has-normal-font-size\">Projetos de Pesquisa: Paisagem e Territ\u00f3rio: Novos Arranjos Londrina e Coimbra (CAPES FCT Coord.Humberto Yamaki) Paisagem C\u00eanica e Ferrovia (CNPq) , Paisagem C\u00eanica no Norte do Paran\u00e1 (CNPq) , Terras do Norte- Paisagem e Morfologia (PROMIC),&nbsp;Avalia\u00e7\u00e3o do Car\u00e1ter de Paisagem, Paisagem Vernacular Norte Paranaense, Paisagem Etnogr\u00e1fica, Paisagem P\u00f3s Cat\u00e1strofe, Qualidade&nbsp;de Espa\u00e7os P\u00fablicos.<\/p>\n<\/div><\/div>\n\n\n\n<div style=\"height:29px\" aria-hidden=\"true\" class=\"wp-block-spacer\"><\/div>\n\n\n\n<p>Projeto de Extens\u00e3o: Aventura Urbana e Odisseia Rural (visitas guiadas)<\/p>\n\n\n\n<p>Exposi\u00e7\u00f5es Itinerantes:&nbsp;1) Heimtal: Moldando a Paisagem, 2) Terras do Norte 90 anos, 3) Expedi\u00e7\u00f5es Pioneiras ao Norte do Paran\u00e1,4) Lembran\u00e7as de Londrina \u2013 80 anos, 5) Paisagens Flutuantes \u2013 Navios de Imigra\u00e7\u00e3o Japonesa ao Brasil , 6) Mem\u00f3rias de Pedra \u2013 Mem\u00f3rias de Luz, 7) Plaza de Armas \u2013 Coraz\u00f3n de Lima,&nbsp;8)&nbsp;Atlas da Col\u00f4nia Internacional \u2013 Terras da CTNP.<\/p>\n\n\n\n<p>Bolsistas Atuais: Produtividade CNPq PQ ,&nbsp; Bolsa PIBIC CNPq<\/p>\n\n\n\n<p>Conv\u00eanio Internacional: Urban Environmental Design Laboratory &nbsp;\/ &nbsp;Universidade de Osaka \/ Jap\u00e3o<\/p>\n\n\n\n<div class=\"wp-block-media-text alignwide is-stacked-on-mobile is-vertically-aligned-center\" style=\"grid-template-columns:32% auto\"><figure class=\"wp-block-media-text__media\"><img loading=\"lazy\" decoding=\"async\" width=\"300\" height=\"221\" src=\"https:\/\/sites.uel.br\/ctu\/wp-content\/uploads\/2021\/11\/DSC01428ajust1-300x221-1.jpg\" alt=\"\" class=\"wp-image-350 size-medium\" \/><\/figure><div class=\"wp-block-media-text__content\">\n<p class=\"has-normal-font-size\">LabPaisagem &#8211; Casa de madeira peroba. Tipologia tradicional imigrante constru\u00edda em 1952. Antiga Ch\u00e1cara Agari, &nbsp;centro de Londrina. Transplantada&nbsp;para o Cal\u00e7ad\u00e3o do Campus&nbsp;Universit\u00e1rio em 2012. Doa\u00e7\u00e3o fam\u00edlia Hirazawa.<\/p>\n<\/div><\/div>\n\n\n\n<p><\/p>\n","protected":false},"excerpt":{"rendered":"<p>LABORAT\u00d3RIO DE MAQUETES O Laborat\u00f3rio de Maquetes \u00e9 uma subunidade do Centro de Tecnologia e Urbanismo, sob a dire\u00e7\u00e3o do Departamento de Arquitetura e Urbanismo. Sua miss\u00e3o \u00e9 dar apoio ao ensino \u00e0 pesquisa e \u00e0 extens\u00e3o desenvolvidos no CTU. Conta com um espa\u00e7o f\u00edsico de 420 m\u00b2, subdividido em \u00e1rea para maquin\u00e1rio, ferramentaria, local [&hellip;]<\/p>\n","protected":false},"author":8,"featured_media":0,"parent":0,"menu_order":0,"comment_status":"closed","ping_status":"closed","template":"","meta":{"footnotes":""},"class_list":["post-171","page","type-page","status-publish","hentry"],"acf":[],"_links":{"self":[{"href":"https:\/\/sites.uel.br\/ctu\/wp-json\/wp\/v2\/pages\/171","targetHints":{"allow":["GET"]}}],"collection":[{"href":"https:\/\/sites.uel.br\/ctu\/wp-json\/wp\/v2\/pages"}],"about":[{"href":"https:\/\/sites.uel.br\/ctu\/wp-json\/wp\/v2\/types\/page"}],"author":[{"embeddable":true,"href":"https:\/\/sites.uel.br\/ctu\/wp-json\/wp\/v2\/users\/8"}],"replies":[{"embeddable":true,"href":"https:\/\/sites.uel.br\/ctu\/wp-json\/wp\/v2\/comments?post=171"}],"version-history":[{"count":19,"href":"https:\/\/sites.uel.br\/ctu\/wp-json\/wp\/v2\/pages\/171\/revisions"}],"predecessor-version":[{"id":776,"href":"https:\/\/sites.uel.br\/ctu\/wp-json\/wp\/v2\/pages\/171\/revisions\/776"}],"wp:attachment":[{"href":"https:\/\/sites.uel.br\/ctu\/wp-json\/wp\/v2\/media?parent=171"}],"curies":[{"name":"wp","href":"https:\/\/api.w.org\/{rel}","templated":true}]}}