{"id":17,"date":"2021-03-29T13:02:35","date_gmt":"2021-03-29T16:02:35","guid":{"rendered":"https:\/\/sites.uel.br\/ctu\/?page_id=17"},"modified":"2023-10-02T15:40:48","modified_gmt":"2023-10-02T18:40:48","slug":"contatos","status":"publish","type":"page","link":"https:\/\/sites.uel.br\/ctu\/contatos\/","title":{"rendered":"Contatos"},"content":{"rendered":"\n<div style=\"height:31px\" aria-hidden=\"true\" class=\"wp-block-spacer\"><\/div>\n\n\n\n<p style=\"font-size:17px\"><strong>Secretaria Executiva<\/strong><\/p>\n\n\n\n<p style=\"font-size:17px\">Heldia Linai S. Cavallari<br><a rel=\"noreferrer noopener\" href=\"https:\/\/wa.me\/554333714505\" target=\"_blank\">(43) 3371-4505 <\/a><a href=\"https:\/\/wa.me\/554333714505\" target=\"_blank\" rel=\"noreferrer noopener\"><img decoding=\"async\" class=\"wp-image-178\" style=\"width: 25px\" src=\"https:\/\/sites.uel.br\/dau\/wp-content\/uploads\/2023\/07\/image-3.png\" alt=\"\"><\/a>| ctu@uel.br<\/p>\n\n\n\n<p style=\"font-size:17px\">Marcelo Luiz da Silva<br><a rel=\"noreferrer noopener\" href=\"https:\/\/wa.me\/554333714525\" target=\"_blank\">(43) 3371-4525<\/a>  <img decoding=\"async\" class=\"wp-image-178\" style=\"width: 25px\" src=\"https:\/\/sites.uel.br\/dau\/wp-content\/uploads\/2023\/07\/image-3.png\" alt=\"\"> | marcxls@uel.br<\/p>\n\n\n\n<div style=\"height:14px\" aria-hidden=\"true\" class=\"wp-block-spacer\"><\/div>\n\n\n\n<p style=\"font-size:17px\"><strong>Se\u00e7\u00e3o Acad\u00eamica<\/strong><\/p>\n\n\n\n<p style=\"font-size:17px\">Val\u00e9ria Bis Rotunno<br><a href=\"https:\/\/wa.me\/554333715864\" target=\"_blank\" rel=\"noreferrer noopener\">(43) 3371-5864 <img decoding=\"async\" class=\"wp-image-178\" style=\"width: 25px\" src=\"https:\/\/sites.uel.br\/dau\/wp-content\/uploads\/2023\/07\/image-3.png\" alt=\"\"><\/a> | rotunno@uel.br<\/p>\n\n\n\n<div style=\"height:14px\" aria-hidden=\"true\" class=\"wp-block-spacer\"><\/div>\n\n\n\n<p style=\"font-size:17px\"><strong>Secretaria de P\u00f3s-Gradua\u00e7\u00e3o <\/strong><\/p>\n\n\n\n<p style=\"font-size:17px\"><strong> <\/strong>Leonardo Rodrigues Paulino<br><a rel=\"noreferrer noopener\" href=\"https:\/\/wa.me\/554333714727\" target=\"_blank\">(43) 3371-4727 <img decoding=\"async\" class=\"wp-image-178\" style=\"width: 25px\" src=\"https:\/\/sites.uel.br\/dau\/wp-content\/uploads\/2023\/07\/image-3.png\" alt=\"\"><\/a>| spgctu@uel.br<\/p>\n\n\n\n<div style=\"height:14px\" aria-hidden=\"true\" class=\"wp-block-spacer\"><\/div>\n\n\n\n<p style=\"font-size:17px\"><strong>Diretora: <br><\/strong>Profa. Dra. Eloisa Ramos Ribeiro Rodrigues | eloribeiro@uel.br<\/p>\n\n\n\n<p style=\"font-size:17px\"><strong>Vice-diretor: <br><\/strong>Prof. Me. Jos\u00e9 Fernando Mangili J\u00fanior | mangili@uel.br<\/p>\n\n\n\n<p style=\"font-size:15px\"><\/p>\n\n\n\n<p><\/p>\n","protected":false},"excerpt":{"rendered":"<p>Secretaria Executiva Heldia Linai S. Cavallari(43) 3371-4505 | ctu@uel.br Marcelo Luiz da Silva(43) 3371-4525 | marcxls@uel.br Se\u00e7\u00e3o Acad\u00eamica Val\u00e9ria Bis Rotunno(43) 3371-5864 | rotunno@uel.br Secretaria de P\u00f3s-Gradua\u00e7\u00e3o Leonardo Rodrigues Paulino(43) 3371-4727 | spgctu@uel.br Diretora: Profa. Dra. Eloisa Ramos Ribeiro Rodrigues | eloribeiro@uel.br Vice-diretor: Prof. Me. Jos\u00e9 Fernando Mangili J\u00fanior | mangili@uel.br<\/p>\n","protected":false},"author":7,"featured_media":0,"parent":0,"menu_order":0,"comment_status":"closed","ping_status":"closed","template":"","meta":{"footnotes":""},"class_list":["post-17","page","type-page","status-publish","hentry"],"acf":[],"_links":{"self":[{"href":"https:\/\/sites.uel.br\/ctu\/wp-json\/wp\/v2\/pages\/17","targetHints":{"allow":["GET"]}}],"collection":[{"href":"https:\/\/sites.uel.br\/ctu\/wp-json\/wp\/v2\/pages"}],"about":[{"href":"https:\/\/sites.uel.br\/ctu\/wp-json\/wp\/v2\/types\/page"}],"author":[{"embeddable":true,"href":"https:\/\/sites.uel.br\/ctu\/wp-json\/wp\/v2\/users\/7"}],"replies":[{"embeddable":true,"href":"https:\/\/sites.uel.br\/ctu\/wp-json\/wp\/v2\/comments?post=17"}],"version-history":[{"count":28,"href":"https:\/\/sites.uel.br\/ctu\/wp-json\/wp\/v2\/pages\/17\/revisions"}],"predecessor-version":[{"id":754,"href":"https:\/\/sites.uel.br\/ctu\/wp-json\/wp\/v2\/pages\/17\/revisions\/754"}],"wp:attachment":[{"href":"https:\/\/sites.uel.br\/ctu\/wp-json\/wp\/v2\/media?parent=17"}],"curies":[{"name":"wp","href":"https:\/\/api.w.org\/{rel}","templated":true}]}}