{"id":16,"date":"2021-03-29T13:02:35","date_gmt":"2021-03-29T16:02:35","guid":{"rendered":"https:\/\/sites.uel.br\/ctu\/?page_id=16"},"modified":"2023-10-02T10:57:53","modified_gmt":"2023-10-02T13:57:53","slug":"direcao","status":"publish","type":"page","link":"https:\/\/sites.uel.br\/ctu\/direcao\/","title":{"rendered":"Dire\u00e7\u00e3o"},"content":{"rendered":"\n<div style=\"height:60px\" aria-hidden=\"true\" class=\"wp-block-spacer\"><\/div>\n\n\n<p><strong>Diretora: <a href=\"http:\/\/lattes.cnpq.br\/1055961089070391\">Profa. Dra. Eloisa Ramos Ribeiro Rodrigues<\/a><\/strong><\/p>\n\n\n<div class=\"wp-block-columns is-layout-flex wp-container-core-columns-is-layout-9d6595d7 wp-block-columns-is-layout-flex\">\n<div class=\"wp-block-column is-vertically-aligned-top is-layout-flow wp-block-column-is-layout-flow\" style=\"flex-basis:33.33%\">\n<figure class=\"wp-block-image size-full is-resized\"><img loading=\"lazy\" decoding=\"async\" src=\"https:\/\/sites.uel.br\/ctu\/wp-content\/uploads\/2023\/08\/eloisa-4.jpg\" alt=\"\" class=\"wp-image-426\" style=\"width:275px;height:366px\" width=\"275\" height=\"366\" srcset=\"https:\/\/sites.uel.br\/ctu\/wp-content\/uploads\/2023\/08\/eloisa-4.jpg 768w, https:\/\/sites.uel.br\/ctu\/wp-content\/uploads\/2023\/08\/eloisa-4-225x300.jpg 225w\" sizes=\"auto, (max-width: 275px) 100vw, 275px\" \/><\/figure>\n<\/div>\n\n\n\n<div class=\"wp-block-column is-vertically-aligned-top is-layout-flow wp-block-column-is-layout-flow\" style=\"flex-basis:66.66%\">\n<font size=\"2\"><p class=\"has-text-align-justify-small-font-size\"> <p align=\"justify\"><li> Arquiteta Urbanista &#8211; Graduada em Arquitetura e Urbanismo pelo Centro de Estudos Superiores de Londrina (1995). Mestre (1998) em Engenharia Urbana pela UFSCar -EESCUSP (SP) e Doutora em Arquitetura e Urbanismo pela FAUUSP (2012).<\/li><\/p><p>\n<p><p class=\"has-text-align-justify-small-font-size\"> <p align=\"justify\"><li>Docente na UEL\/CTU desde 1998.<\/li><\/p><p>\n<p class=\"has-text-align-justify-small-font-size\"> <p align=\"justify\"><li>Vice-Diretora e atual Diretora do CTU &#8211; Centro de Tecnologia e Urbanismo.<\/li><\/p><p>\n<p class=\"has-text-align-justify-small-font-size\"> <p align=\"justify\"><li>Chefe do Departamento de Arquitetura de Urbanismo de 2016 -2019; j\u00e1 atuou tamb\u00e9m como Vice e como Coordenadora de Colegiado de curso antes de 2008.<\/li><\/p><p>\n<p class=\"has-text-align-justify-small-font-size\"> <p align=\"justify\"><li>Respons\u00e1vel pelo Ateli\u00ea de Projeto 4 (Espa\u00e7o P\u00fablico), Urbanismo 3, paisagismo, entre outras atividades de pesquisa e extens\u00e3o.<\/li><\/p><p>\n<p class=\"has-text-align-justify-small-font-size\"> <p align=\"justify\"><li>Integrante das linhas de pesquisa Paisagens Hist\u00f3rico-Culturais e Design Ambiental Urbano (UEL), L\u00f3gica do Espa\u00e7o Terci\u00e1rio (FAUUSP).<\/li><\/p>\n<p class=\"has-text-align-justify-small-font-size\"> <p align=\"justify\">  <li> Ministra componentes curriculares da \u00e1rea de Urbanismo, entre outras atividades de pesquisa e extens\u00e3o. Atualmente \u00e9 tamb\u00e9m Diretora do CTU &#8211; Centro de Tecnologia e Urbanismo. <\/li><\/p><p>\n<p class=\"has-text-align-justify-small-font-size\"> <p align=\"justify\">  <li> Vice presidente do COMPAC &#8211; Conselho Municipal de Patrim\u00f4nio Art\u00edstico e Cultural. Integrante das linhas de pesquisa L\u00f3gica do Espa\u00e7o Terci\u00e1rio (FAUUSP), e Cidade e Movimento; pesquisadora-colaboradora do LABCOM &#8211; Laborat\u00f3rio de Com\u00e9rcio e Cidade da FAUUSP, onde participa das atividades de pesquisa e eventos cient\u00edficos. <\/li><\/p><p>\n<p class=\"has-text-align-justify-small-font-size\"> <p align=\"justify\">  <li> Tem experi\u00eancia na \u00e1rea de Projeto de Arquitetura e Urbanismo, com \u00eanfase em Planejamento Urbano e Design Ambiental Urbano, atuando principalmente nos seguintes tema\/pesquisa: design ambiental urbano, planejamento e com\u00e9rcio urbano, planejamento da paisagem e paisagismo, preserva\u00e7\u00e3o do patrim\u00f4nio hist\u00f3rico e cultural. <\/li><\/p><p><\/font>\n<\/div>\n<\/div>\n\n\n\n<div style=\"height:49px\" aria-hidden=\"true\" class=\"wp-block-spacer\"><\/div>\n\n\n\n<p><strong>Vice-diretor: <a href=\"http:\/\/lattes.cnpq.br\/8989772779660221\" target=\"_blank\" rel=\"noreferrer noopener\">Prof. Me. Jos\u00e9 Fernando Mangili Jr.\u00a0<\/a><\/strong><\/p>\n\n\n\n<div class=\"wp-block-group\"><div class=\"wp-block-group__inner-container is-layout-constrained wp-block-group-is-layout-constrained\">\n<div class=\"wp-block-columns is-layout-flex wp-container-core-columns-is-layout-9d6595d7 wp-block-columns-is-layout-flex\">\n<div class=\"wp-block-column is-layout-flow wp-block-column-is-layout-flow\" style=\"flex-basis:33.33%\">\n<figure class=\"wp-block-image size-full is-resized\"><img loading=\"lazy\" decoding=\"async\" src=\"https:\/\/sites.uel.br\/ctu\/wp-content\/uploads\/2023\/08\/mangili-1.jpg\" alt=\"\" class=\"wp-image-453\" style=\"width:243px;height:339px\" width=\"243\" height=\"339\" srcset=\"https:\/\/sites.uel.br\/ctu\/wp-content\/uploads\/2023\/08\/mangili-1.jpg 333w, https:\/\/sites.uel.br\/ctu\/wp-content\/uploads\/2023\/08\/mangili-1-215x300.jpg 215w\" sizes=\"auto, (max-width: 243px) 100vw, 243px\" \/><\/figure>\n<\/div>\n\n\n\n<div class=\"wp-block-column is-layout-flow wp-block-column-is-layout-flow\" style=\"flex-basis:66.66%\">\n<div class=\"wp-block-group\"><div class=\"wp-block-group__inner-container is-layout-constrained wp-block-group-is-layout-constrained\">\n<font size=\"2\"><p class=\"has-text-align-justify-small-font-size\"> <p align=\"justify\">  <li> Engenheiro Eletricista e Engenheiro de Seguran\u00e7a do Trabalho Graduado em Engenharia El\u00e9trica (Eletr\u00f4nica e Eletrot\u00e9cnica) \u2013 FEE\/UNESP (1992). Especialista em Engenharia de Seguran\u00e7a do Trabalho \u2013 CTU\/UEL (2009). Mestre em Engenharia El\u00e9trica (Automa\u00e7\u00e3o) \u2013 FEEC\/UNICAMP (19950. Doutorando em Planejamento Energ\u00e9tico e Recursos H\u00eddricos \u2013 FEC\/UNICAMP (conclus\u00e3o prevista para dez\/2022 a jun\/2023).  <p>\n<li>Experi\u00eancia acad\u00eamica como Professor: concursado desde 1994, Col\u00e9gio T\u00e9cnico Paula Souza &#8211; SP (2 anos) e CEFET\/UTFPR (2 anos), UEL\/CTU &#8211; DEEL desde 1998.<p>\n<li>Experi\u00eancia acad\u00eamica como gestor: Diretor Acad\u00eamico e Administrativo (por 3 anos) em Institui\u00e7\u00e3o de Ensino Superior privada. Chefe (2 gest\u00f5es) e Vice-chefe (2 gest\u00f5es) do Departamento de Engenharia El\u00e9trica DEEL\/CTU\/UEL.<p>\n<li>Membro representante da UEL\/CTU no comit\u00ea CB-03 da ABNT, grupo revisor da Norma Brasileira NBR-5101 \u2013 Ilumina\u00e7\u00e3o P\u00fablica (em consulta p\u00fablica atualmente).<p>\n<li>Membro da Sociedade Brasileira de Luz e Ilumina\u00e7\u00e3o \u2013 SBLuz.<p>\n<li>Conselheiro suplente no CREA-PR (representa\u00e7\u00e3o acad\u00eamica pela UEL).<p>\n<li>Representante da UEL na Governan\u00e7a Metal-Mec\u00e2nica.<p> <li> Experi\u00eancia na ind\u00fastria e com\u00e9rcio, desde os 14 anos de idade (ind\u00fastrias gr\u00e1fica, de transformadores e Ferrovias Paulistas S.A.), pr\u00e1tica como projetista de instala\u00e7\u00f5es el\u00e9tricas, transformadores e m\u00e1quinas el\u00e9tricas.<\/li><\/p><p><\/font>\n<\/div><\/div>\n<\/div>\n<\/div>\n<\/div><\/div>\n","protected":false},"excerpt":{"rendered":"<p>Diretora: Profa. Dra. Eloisa Ramos Ribeiro Rodrigues Arquiteta Urbanista &#8211; Graduada em Arquitetura e Urbanismo pelo Centro de Estudos Superiores de Londrina (1995). Mestre (1998) em Engenharia Urbana pela UFSCar -EESCUSP (SP) e Doutora em Arquitetura e Urbanismo pela FAUUSP (2012). Docente na UEL\/CTU desde 1998. Vice-Diretora e atual Diretora do CTU &#8211; Centro de [&hellip;]<\/p>\n","protected":false},"author":7,"featured_media":0,"parent":0,"menu_order":0,"comment_status":"closed","ping_status":"closed","template":"","meta":{"footnotes":""},"class_list":["post-16","page","type-page","status-publish","hentry"],"acf":[],"_links":{"self":[{"href":"https:\/\/sites.uel.br\/ctu\/wp-json\/wp\/v2\/pages\/16","targetHints":{"allow":["GET"]}}],"collection":[{"href":"https:\/\/sites.uel.br\/ctu\/wp-json\/wp\/v2\/pages"}],"about":[{"href":"https:\/\/sites.uel.br\/ctu\/wp-json\/wp\/v2\/types\/page"}],"author":[{"embeddable":true,"href":"https:\/\/sites.uel.br\/ctu\/wp-json\/wp\/v2\/users\/7"}],"replies":[{"embeddable":true,"href":"https:\/\/sites.uel.br\/ctu\/wp-json\/wp\/v2\/comments?post=16"}],"version-history":[{"count":42,"href":"https:\/\/sites.uel.br\/ctu\/wp-json\/wp\/v2\/pages\/16\/revisions"}],"predecessor-version":[{"id":739,"href":"https:\/\/sites.uel.br\/ctu\/wp-json\/wp\/v2\/pages\/16\/revisions\/739"}],"wp:attachment":[{"href":"https:\/\/sites.uel.br\/ctu\/wp-json\/wp\/v2\/media?parent=16"}],"curies":[{"name":"wp","href":"https:\/\/api.w.org\/{rel}","templated":true}]}}