{"id":15,"date":"2021-03-29T13:02:35","date_gmt":"2021-03-29T16:02:35","guid":{"rendered":"https:\/\/sites.uel.br\/ctu\/?page_id=15"},"modified":"2023-09-29T15:42:11","modified_gmt":"2023-09-29T18:42:11","slug":"apresentacao","status":"publish","type":"page","link":"https:\/\/sites.uel.br\/ctu\/apresentacao\/","title":{"rendered":"Hist\u00f3rico"},"content":{"rendered":"\n<div class=\"wp-block-group\"><div class=\"wp-block-group__inner-container is-layout-flow wp-block-group-is-layout-flow\">\n<p class=\"has-normal-font-size\"><\/p>\n\n\n\n<ul class=\"has-normal-font-size wp-block-list\">\n<li>1971 \u2013 Cria\u00e7\u00e3o do Centro de Tecnologia<\/li>\n\n\n\n<li>1977 \u2013 Cria\u00e7\u00e3o do Centro de Ci\u00eancias Rurais e de Tecnologia com a agrega\u00e7\u00e3o do Centro de Ci\u00eancias Rurais e do Centro de Tecnologia<\/li>\n\n\n\n<li>1983 \u2013 Cria\u00e7\u00e3o do Centro de Tecnologia e Urbanismo<\/li>\n<\/ul>\n<\/div><\/div>\n\n\n\n<figure class=\"wp-block-gallery has-nested-images columns-3 is-cropped wp-block-gallery-1 is-layout-flex wp-block-gallery-is-layout-flex\">\n<figure class=\"wp-block-image size-large\"><img loading=\"lazy\" decoding=\"async\" width=\"1024\" height=\"563\" data-id=\"337\" src=\"https:\/\/sites.uel.br\/ctu\/wp-content\/uploads\/2021\/11\/quadro-1024x563.jpg\" alt=\"\" class=\"wp-image-337\" srcset=\"https:\/\/sites.uel.br\/ctu\/wp-content\/uploads\/2021\/11\/quadro-1024x563.jpg 1024w, https:\/\/sites.uel.br\/ctu\/wp-content\/uploads\/2021\/11\/quadro-300x165.jpg 300w, https:\/\/sites.uel.br\/ctu\/wp-content\/uploads\/2021\/11\/quadro-768x422.jpg 768w, https:\/\/sites.uel.br\/ctu\/wp-content\/uploads\/2021\/11\/quadro-1536x844.jpg 1536w, https:\/\/sites.uel.br\/ctu\/wp-content\/uploads\/2021\/11\/quadro-2048x1125.jpg 2048w\" sizes=\"auto, (max-width: 1024px) 100vw, 1024px\" \/><\/figure>\n\n\n\n<figure class=\"wp-block-image size-large\"><img loading=\"lazy\" decoding=\"async\" width=\"1024\" height=\"683\" data-id=\"338\" src=\"https:\/\/sites.uel.br\/ctu\/wp-content\/uploads\/2021\/11\/fachada1-1024x683.jpg\" alt=\"\" class=\"wp-image-338\" srcset=\"https:\/\/sites.uel.br\/ctu\/wp-content\/uploads\/2021\/11\/fachada1-1024x683.jpg 1024w, https:\/\/sites.uel.br\/ctu\/wp-content\/uploads\/2021\/11\/fachada1-300x200.jpg 300w, https:\/\/sites.uel.br\/ctu\/wp-content\/uploads\/2021\/11\/fachada1-768x512.jpg 768w, https:\/\/sites.uel.br\/ctu\/wp-content\/uploads\/2021\/11\/fachada1-1536x1024.jpg 1536w, https:\/\/sites.uel.br\/ctu\/wp-content\/uploads\/2021\/11\/fachada1-2048x1365.jpg 2048w\" sizes=\"auto, (max-width: 1024px) 100vw, 1024px\" \/><\/figure>\n\n\n\n<figure class=\"wp-block-image size-large\"><img loading=\"lazy\" decoding=\"async\" width=\"1024\" height=\"683\" data-id=\"339\" src=\"https:\/\/sites.uel.br\/ctu\/wp-content\/uploads\/2021\/11\/fachada3-1024x683.jpg\" alt=\"\" class=\"wp-image-339\" srcset=\"https:\/\/sites.uel.br\/ctu\/wp-content\/uploads\/2021\/11\/fachada3-1024x683.jpg 1024w, https:\/\/sites.uel.br\/ctu\/wp-content\/uploads\/2021\/11\/fachada3-300x200.jpg 300w, https:\/\/sites.uel.br\/ctu\/wp-content\/uploads\/2021\/11\/fachada3-768x512.jpg 768w, https:\/\/sites.uel.br\/ctu\/wp-content\/uploads\/2021\/11\/fachada3-1536x1024.jpg 1536w, https:\/\/sites.uel.br\/ctu\/wp-content\/uploads\/2021\/11\/fachada3-2048x1365.jpg 2048w\" sizes=\"auto, (max-width: 1024px) 100vw, 1024px\" \/><\/figure>\n<figcaption class=\"blocks-gallery-caption wp-element-caption\">Galeria de fotos CTU<\/figcaption><\/figure>\n\n\n\n<p><\/p>\n","protected":false},"excerpt":{"rendered":"","protected":false},"author":7,"featured_media":0,"parent":0,"menu_order":0,"comment_status":"closed","ping_status":"closed","template":"","meta":{"footnotes":""},"class_list":["post-15","page","type-page","status-publish","hentry"],"acf":[],"_links":{"self":[{"href":"https:\/\/sites.uel.br\/ctu\/wp-json\/wp\/v2\/pages\/15","targetHints":{"allow":["GET"]}}],"collection":[{"href":"https:\/\/sites.uel.br\/ctu\/wp-json\/wp\/v2\/pages"}],"about":[{"href":"https:\/\/sites.uel.br\/ctu\/wp-json\/wp\/v2\/types\/page"}],"author":[{"embeddable":true,"href":"https:\/\/sites.uel.br\/ctu\/wp-json\/wp\/v2\/users\/7"}],"replies":[{"embeddable":true,"href":"https:\/\/sites.uel.br\/ctu\/wp-json\/wp\/v2\/comments?post=15"}],"version-history":[{"count":12,"href":"https:\/\/sites.uel.br\/ctu\/wp-json\/wp\/v2\/pages\/15\/revisions"}],"predecessor-version":[{"id":702,"href":"https:\/\/sites.uel.br\/ctu\/wp-json\/wp\/v2\/pages\/15\/revisions\/702"}],"wp:attachment":[{"href":"https:\/\/sites.uel.br\/ctu\/wp-json\/wp\/v2\/media?parent=15"}],"curies":[{"name":"wp","href":"https:\/\/api.w.org\/{rel}","templated":true}]}}