{"id":145,"date":"2021-04-07T19:11:12","date_gmt":"2021-04-07T22:11:12","guid":{"rendered":"https:\/\/sites.uel.br\/ctu\/?page_id=145"},"modified":"2021-04-07T20:16:49","modified_gmt":"2021-04-07T23:16:49","slug":"laboratorio-de-informatica","status":"publish","type":"page","link":"https:\/\/sites.uel.br\/ctu\/laboratorio-de-informatica\/","title":{"rendered":"Laborat\u00f3rio de Inform\u00e1tica LIG"},"content":{"rendered":"\n<p><\/p>\n\n\n\n<p>O Laborat\u00f3rio disponibiliza equipamentos para atender alunos e professores dos Cursos de Arquitetura e Urbanismo, Engenharia Civil e Engenharia El\u00e9trica e outros cursos da Universidade que utilizam programas como AUTOCAD, REVIT, TQS, MATLAB, SPICE, AGI32, dentre outros, espec\u00edficos dessas \u00e1reas.<\/p>\n\n\n\n<p id=\"block-f94f9837-8b9f-47c7-abfc-024b0e3f0669\"><strong>Supervisor:<\/strong>&nbsp;Prof. Aziz Elias Demian<\/p>\n\n\n\n<p id=\"block-b6e16152-6656-4a48-acb7-774c1d72643f\"><strong>e-mail:<\/strong><a href=\"mailto:aziz@uel.br\">&nbsp;aziz@uel.br<\/a><\/p>\n\n\n\n<p id=\"block-c761c1e4-2e98-4d75-b836-3880979bd599\"><strong>T\u00e9cnico de Inform\u00e1tica:<\/strong>&nbsp;Marcelo Henrique Bartholo<\/p>\n\n\n\n<p id=\"block-df4099f7-d6f7-4d00-a5bf-2e06b095fd8e\"><strong>e-mail:<\/strong><a href=\"mailto:bartholo@uel.br\">&nbsp;bartholo@uel.br<\/a><\/p>\n\n\n\n<p id=\"block-5b5b1969-9b53-4bb0-b2df-376be62a310f\"><strong>Telefone<\/strong>: (43) 3371-4537<\/p>\n\n\n\n<p id=\"block-3a24709e-5b10-41d1-a39d-3b9f5d25684f\"><strong>Reservas de Hor\u00e1rio:<\/strong>&nbsp;<a href=\"mailto:ligctu@uel.br\">ligctu@uel.br<\/a><\/p>\n\n\n\n<p id=\"block-975b50fa-1419-4f2c-831f-2d00f94f562a\"><a rel=\"noreferrer noopener\" href=\"http:\/\/www.uel.br\/ctu\/portal\/ManualLab.pdf\" target=\"_blank\">Manual do Laborat\u00f3rio<\/a><\/p>\n\n\n\n<hr class=\"wp-block-separator is-style-wide\"\/>\n\n\n\n<p style=\"font-size:14px\"><\/p>\n\n\n\n<div class=\"wp-block-columns is-layout-flex wp-container-core-columns-is-layout-9d6595d7 wp-block-columns-is-layout-flex\">\n<div class=\"wp-block-column is-layout-flow wp-block-column-is-layout-flow\">\n<figure class=\"wp-block-image size-large is-resized\"><img loading=\"lazy\" decoding=\"async\" src=\"https:\/\/sites.uel.br\/ctu\/wp-content\/uploads\/2021\/04\/admin-ajax.jpg\" alt=\"\" class=\"wp-image-154\" width=\"430\" height=\"323\" srcset=\"https:\/\/sites.uel.br\/ctu\/wp-content\/uploads\/2021\/04\/admin-ajax.jpg 400w, https:\/\/sites.uel.br\/ctu\/wp-content\/uploads\/2021\/04\/admin-ajax-300x225.jpg 300w\" sizes=\"auto, (max-width: 430px) 100vw, 430px\" \/><\/figure>\n\n\n\n<p><\/p>\n<\/div>\n\n\n\n<div class=\"wp-block-column is-layout-flow wp-block-column-is-layout-flow\">\n<figure class=\"wp-block-image size-large is-resized\"><img loading=\"lazy\" decoding=\"async\" src=\"https:\/\/sites.uel.br\/ctu\/wp-content\/uploads\/2021\/04\/lab1-1-1024x768-1.jpg\" alt=\"\" class=\"wp-image-153\" width=\"433\" height=\"324\" srcset=\"https:\/\/sites.uel.br\/ctu\/wp-content\/uploads\/2021\/04\/lab1-1-1024x768-1.jpg 1024w, https:\/\/sites.uel.br\/ctu\/wp-content\/uploads\/2021\/04\/lab1-1-1024x768-1-300x225.jpg 300w, https:\/\/sites.uel.br\/ctu\/wp-content\/uploads\/2021\/04\/lab1-1-1024x768-1-768x576.jpg 768w\" sizes=\"auto, (max-width: 433px) 100vw, 433px\" \/><\/figure>\n\n\n\n<p><\/p>\n<\/div>\n<\/div>\n\n\n\n<p class=\"has-text-align-left\" style=\"font-size:14px\"><\/p>\n","protected":false},"excerpt":{"rendered":"<p>O Laborat\u00f3rio disponibiliza equipamentos para atender alunos e professores dos Cursos de Arquitetura e Urbanismo, Engenharia Civil e Engenharia El\u00e9trica e outros cursos da Universidade que utilizam programas como AUTOCAD, REVIT, TQS, MATLAB, SPICE, AGI32, dentre outros, espec\u00edficos dessas \u00e1reas. Supervisor:&nbsp;Prof. Aziz Elias Demian e-mail:&nbsp;aziz@uel.br T\u00e9cnico de Inform\u00e1tica:&nbsp;Marcelo Henrique Bartholo e-mail:&nbsp;bartholo@uel.br Telefone: (43) 3371-4537 Reservas [&hellip;]<\/p>\n","protected":false},"author":8,"featured_media":0,"parent":0,"menu_order":0,"comment_status":"closed","ping_status":"closed","template":"","meta":{"footnotes":""},"class_list":["post-145","page","type-page","status-publish","hentry"],"acf":[],"_links":{"self":[{"href":"https:\/\/sites.uel.br\/ctu\/wp-json\/wp\/v2\/pages\/145","targetHints":{"allow":["GET"]}}],"collection":[{"href":"https:\/\/sites.uel.br\/ctu\/wp-json\/wp\/v2\/pages"}],"about":[{"href":"https:\/\/sites.uel.br\/ctu\/wp-json\/wp\/v2\/types\/page"}],"author":[{"embeddable":true,"href":"https:\/\/sites.uel.br\/ctu\/wp-json\/wp\/v2\/users\/8"}],"replies":[{"embeddable":true,"href":"https:\/\/sites.uel.br\/ctu\/wp-json\/wp\/v2\/comments?post=145"}],"version-history":[{"count":13,"href":"https:\/\/sites.uel.br\/ctu\/wp-json\/wp\/v2\/pages\/145\/revisions"}],"predecessor-version":[{"id":180,"href":"https:\/\/sites.uel.br\/ctu\/wp-json\/wp\/v2\/pages\/145\/revisions\/180"}],"wp:attachment":[{"href":"https:\/\/sites.uel.br\/ctu\/wp-json\/wp\/v2\/media?parent=145"}],"curies":[{"name":"wp","href":"https:\/\/api.w.org\/{rel}","templated":true}]}}