{"id":84,"date":"2023-10-25T15:18:26","date_gmt":"2023-10-25T18:18:26","guid":{"rendered":"https:\/\/sites.uel.br\/cpcb\/?page_id=84"},"modified":"2026-04-06T08:59:03","modified_gmt":"2026-04-06T11:59:03","slug":"inscricoes","status":"publish","type":"page","link":"https:\/\/sites.uel.br\/cpcb\/inscricoes\/","title":{"rendered":"Inscri\u00e7\u00f5es"},"content":{"rendered":"\n<p>Per\u00edodo de inscri\u00e7\u00f5es: <strong>10 de janeiro de 2026<\/strong> at\u00e9 <strong>30 de abril de 2026<\/strong>.<\/p>\n\n\n\n<div class=\"wp-block-buttons has-custom-font-size has-medium-font-size is-content-justification-left is-layout-flex wp-container-core-buttons-is-layout-fdcfc74e wp-block-buttons-is-layout-flex\">\n<div class=\"wp-block-button is-style-outline is-style-outline--1\"><a class=\"wp-block-button__link has-text-color has-background has-link-color wp-element-button\" href=\"https:\/\/www.sistemasweb.uel.br\/index.php?contents=system\/insc\/index.php&amp;pagina=view\/inscricoes\/seleciona_evento.php&amp;cod_evento=10959\" style=\"color:#fefefe;background-color:#766da7\" target=\"_blank\" rel=\"noreferrer noopener\">Para se inscrever: <strong>CLIQUE AQUI<\/strong>.<\/a><\/div>\n<\/div>\n\n\n\n<h2 class=\"wp-block-heading has-text-align-left has-cinza-claro-color has-text-color has-background has-link-color has-medium-font-size wp-elements-f7542889e2c8476a597c40967427278c\" style=\"background-color:#85a48b\"><strong>Lote Promocional: 10\/01\/26 a 25\/01\/26<\/strong><\/h2>\n\n\n\n<figure class=\"wp-block-table is-style-regular\" style=\"font-size:15px\"><table class=\"has-text-color has-background has-link-color\" style=\"color:#1d3932;background-color:#736ca630\"><tbody><tr><td class=\"has-text-align-left\" data-align=\"left\">Gradua\u00e7\u00e3o b\u00e1sica: R$ 100,00<\/td><\/tr><tr><td class=\"has-text-align-left\" data-align=\"left\">Gradua\u00e7\u00e3o b\u00e1sica + 1 minicurso: R$ 120,00<\/td><\/tr><tr><td class=\"has-text-align-left\" data-align=\"left\">Gradua\u00e7\u00e3o b\u00e1sica + 2 minicursos: R$ 140,00<\/td><\/tr><tr><td class=\"has-text-align-left\" data-align=\"left\">P\u00f3s-gradua\u00e7\u00e3o b\u00e1sica: R$ 120,00<\/td><\/tr><tr><td class=\"has-text-align-left\" data-align=\"left\">P\u00f3s-gradua\u00e7\u00e3o b\u00e1sica + 1 minicurso: R$ 140,00<\/td><\/tr><tr><td class=\"has-text-align-left\" data-align=\"left\">P\u00f3s-gradua\u00e7\u00e3o b\u00e1sica + 2 minicursos: R$ 160,00<\/td><\/tr><\/tbody><\/table><\/figure>\n\n\n\n<h2 class=\"wp-block-heading has-text-align-left has-cinza-claro-color has-text-color has-background has-link-color has-medium-font-size wp-elements-56b97af4d5fb166110aaeb7ca32cec42\" style=\"background-color:#85a48b\"><strong>Primeiro Lote: 26\/01\/26 a 28\/02\/26<\/strong><\/h2>\n\n\n\n<figure class=\"wp-block-table is-style-regular\" style=\"font-size:15px\"><table class=\"has-text-color has-background has-link-color\" style=\"color:#1d3932;background-color:#736ca630\"><tbody><tr><td class=\"has-text-align-left\" data-align=\"left\">Gradua\u00e7\u00e3o b\u00e1sica: R$ 120,00<\/td><\/tr><tr><td class=\"has-text-align-left\" data-align=\"left\">Gradua\u00e7\u00e3o b\u00e1sica + 1 minicurso: R$ 140,00<\/td><\/tr><tr><td class=\"has-text-align-left\" data-align=\"left\">Gradua\u00e7\u00e3o b\u00e1sica + 2 minicursos: R$ 160,00<\/td><\/tr><tr><td class=\"has-text-align-left\" data-align=\"left\">P\u00f3s-gradua\u00e7\u00e3o b\u00e1sica: R$ 140,00<\/td><\/tr><tr><td class=\"has-text-align-left\" data-align=\"left\">P\u00f3s-gradua\u00e7\u00e3o b\u00e1sica + 1 minicurso: R$ 160,00<\/td><\/tr><tr><td class=\"has-text-align-left\" data-align=\"left\">P\u00f3s-gradua\u00e7\u00e3o b\u00e1sica + 2 minicursos: R$ 180,00<\/td><\/tr><\/tbody><\/table><\/figure>\n\n\n\n<h2 class=\"wp-block-heading has-text-align-left has-cinza-claro-color has-text-color has-background has-link-color has-medium-font-size wp-elements-6d6553de5d61ac6280fdb782eac94bd6\" style=\"background-color:#85a48b\"><strong>Segundo Lote: 01\/03\/26 a 31\/03\/26<\/strong><\/h2>\n\n\n\n<figure class=\"wp-block-table is-style-regular\" style=\"font-size:15px\"><table class=\"has-text-color has-background has-link-color\" style=\"color:#1d3932;background-color:#736ca630\"><tbody><tr><td class=\"has-text-align-left\" data-align=\"left\">Gradua\u00e7\u00e3o b\u00e1sica: R$ 130,00<\/td><\/tr><tr><td class=\"has-text-align-left\" data-align=\"left\">Gradua\u00e7\u00e3o b\u00e1sica + 1 minicurso: R$ 150,00<\/td><\/tr><tr><td class=\"has-text-align-left\" data-align=\"left\">Gradua\u00e7\u00e3o b\u00e1sica + 2 minicursos: R$ 170,00<\/td><\/tr><tr><td class=\"has-text-align-left\" data-align=\"left\">P\u00f3s-gradua\u00e7\u00e3o b\u00e1sica: R$ 150,00<\/td><\/tr><tr><td class=\"has-text-align-left\" data-align=\"left\">P\u00f3s-gradua\u00e7\u00e3o b\u00e1sica + 1 minicurso: R$ 170,00<\/td><\/tr><tr><td class=\"has-text-align-left\" data-align=\"left\">P\u00f3s-gradua\u00e7\u00e3o b\u00e1sica + 2 minicursos: R$ 190,00<\/td><\/tr><\/tbody><\/table><\/figure>\n\n\n\n<h2 class=\"wp-block-heading has-text-align-left has-cinza-claro-color has-text-color has-background has-link-color has-medium-font-size wp-elements-6433e4e127324a4557b25ef2133df181\" style=\"background-color:#85a48b\"><strong>Terceiro Lote: 04\/04\/26 a 30\/04\/26<\/strong><\/h2>\n\n\n\n<figure class=\"wp-block-table is-style-regular\" style=\"font-size:15px\"><table class=\"has-text-color has-background has-link-color\" style=\"color:#1d3932;background-color:#736ca630\"><tbody><tr><td class=\"has-text-align-left\" data-align=\"left\">Gradua\u00e7\u00e3o b\u00e1sica: R$ 140,00<\/td><\/tr><tr><td class=\"has-text-align-left\" data-align=\"left\">Gradua\u00e7\u00e3o b\u00e1sica + 1 minicurso: R$ 160,00<\/td><\/tr><tr><td class=\"has-text-align-left\" data-align=\"left\">Gradua\u00e7\u00e3o b\u00e1sica + 2 minicursos: R$ 180,00<\/td><\/tr><tr><td class=\"has-text-align-left\" data-align=\"left\">P\u00f3s-gradua\u00e7\u00e3o b\u00e1sica: R$ 160,00<\/td><\/tr><tr><td class=\"has-text-align-left\" data-align=\"left\">P\u00f3s-gradua\u00e7\u00e3o b\u00e1sica + 1 minicurso: R$ 180,00<\/td><\/tr><tr><td class=\"has-text-align-left\" data-align=\"left\">P\u00f3s-gradua\u00e7\u00e3o b\u00e1sica + 2 minicursos: R$ 200,00<\/td><\/tr><\/tbody><\/table><\/figure>\n\n\n\n<div style=\"height:17px\" aria-hidden=\"true\" class=\"wp-block-spacer\"><\/div>\n\n\n\n<p class=\"has-medium-font-size\">O pagamento da taxa de inscri\u00e7\u00e3o no 14\u00ba CPCB implica a plena ci\u00eancia e concord\u00e2ncia do(a) participante com as normas estabelecidas para o evento. Uma vez efetuado e confirmado o pagamento, n\u00e3o ser\u00e1 admitida, em nenhuma hip\u00f3tese, a devolu\u00e7\u00e3o ou o reembolso do valor da inscri\u00e7\u00e3o, inclusive nos casos de desist\u00eancia, impossibilidade de participa\u00e7\u00e3o, altera\u00e7\u00e3o de agenda ou quaisquer outras circunst\u00e2ncias de natureza pessoal ou institucional que impe\u00e7am o comparecimento do(a) inscrito(a).<\/p>\n\n\n\n<p class=\"has-medium-font-size\">A efetiva\u00e7\u00e3o da inscri\u00e7\u00e3o pressup\u00f5e a leitura e aceita\u00e7\u00e3o integral das condi\u00e7\u00f5es aqui estabelecidas.<\/p>\n","protected":false},"excerpt":{"rendered":"<p>Per\u00edodo de inscri\u00e7\u00f5es: 10 de janeiro de 2026 at\u00e9 30 de abril de 2026. Lote Promocional: 10\/01\/26 a 25\/01\/26 Gradua\u00e7\u00e3o b\u00e1sica: R$ 100,00 Gradua\u00e7\u00e3o b\u00e1sica + 1 minicurso: R$ 120,00 Gradua\u00e7\u00e3o b\u00e1sica + 2 minicursos: R$ 140,00 P\u00f3s-gradua\u00e7\u00e3o b\u00e1sica: R$ 120,00 P\u00f3s-gradua\u00e7\u00e3o b\u00e1sica + 1 minicurso: R$ 140,00 P\u00f3s-gradua\u00e7\u00e3o b\u00e1sica + 2 minicursos: R$ 160,00 [&hellip;]<\/p>\n","protected":false},"author":7,"featured_media":0,"parent":0,"menu_order":0,"comment_status":"closed","ping_status":"closed","template":"","meta":{"footnotes":""},"class_list":["post-84","page","type-page","status-publish","hentry"],"acf":[],"_links":{"self":[{"href":"https:\/\/sites.uel.br\/cpcb\/wp-json\/wp\/v2\/pages\/84","targetHints":{"allow":["GET"]}}],"collection":[{"href":"https:\/\/sites.uel.br\/cpcb\/wp-json\/wp\/v2\/pages"}],"about":[{"href":"https:\/\/sites.uel.br\/cpcb\/wp-json\/wp\/v2\/types\/page"}],"author":[{"embeddable":true,"href":"https:\/\/sites.uel.br\/cpcb\/wp-json\/wp\/v2\/users\/7"}],"replies":[{"embeddable":true,"href":"https:\/\/sites.uel.br\/cpcb\/wp-json\/wp\/v2\/comments?post=84"}],"version-history":[{"count":70,"href":"https:\/\/sites.uel.br\/cpcb\/wp-json\/wp\/v2\/pages\/84\/revisions"}],"predecessor-version":[{"id":1048,"href":"https:\/\/sites.uel.br\/cpcb\/wp-json\/wp\/v2\/pages\/84\/revisions\/1048"}],"wp:attachment":[{"href":"https:\/\/sites.uel.br\/cpcb\/wp-json\/wp\/v2\/media?parent=84"}],"curies":[{"name":"wp","href":"https:\/\/api.w.org\/{rel}","templated":true}]}}