{"id":60,"date":"2023-10-25T11:58:31","date_gmt":"2023-10-25T14:58:31","guid":{"rendered":"https:\/\/sites.uel.br\/cpcb\/?page_id=60"},"modified":"2026-03-01T10:32:46","modified_gmt":"2026-03-01T13:32:46","slug":"programacao","status":"publish","type":"page","link":"https:\/\/sites.uel.br\/cpcb\/programacao\/","title":{"rendered":"Programa\u00e7\u00e3o"},"content":{"rendered":"\n<p>Confira nossa programa\u00e7\u00e3o preliminar<\/p>\n\n\n\n<h3 class=\"wp-block-heading\">1\u00ba dia: 20 de Maio de 2026<\/h3>\n\n\n\n<figure class=\"wp-block-table has-medium-font-size\"><table class=\"has-text-color has-background has-link-color has-fixed-layout\" style=\"color:#1d3932;background-color:#f1e5d0\"><tbody><tr><td class=\"has-text-align-center\" data-align=\"center\"><strong>7:30 &#8211; 8:00<\/strong><\/td><td class=\"has-text-align-center\" data-align=\"center\">Credenciamento<\/td><\/tr><tr><td class=\"has-text-align-center\" data-align=\"center\"><strong>8:00 &#8211; 9:00<\/strong><\/td><td class=\"has-text-align-center\" data-align=\"center\">Cerim\u00f4nia de abertura<\/td><\/tr><tr><td class=\"has-text-align-center\" data-align=\"center\"><strong>9:00 &#8211; 10:15<\/strong><\/td><td class=\"has-text-align-center\" data-align=\"center\">Palestra:<br>Felipe Pinho-Ribeiro<\/td><\/tr><tr><td class=\"has-text-align-center\" data-align=\"center\"><strong>10:15 &#8211; 10:45<\/strong><\/td><td class=\"has-text-align-center\" data-align=\"center\"><em>Coffee Break<\/em><\/td><\/tr><tr><td class=\"has-text-align-center\" data-align=\"center\"><strong>10:45 &#8211; 12:00<\/strong><\/td><td class=\"has-text-align-center\" data-align=\"center\">Palestra:<br><strong>Per\u00edcia Criminal: A elucida\u00e7\u00e3o de Crimes utilizando a Ci\u00eancia<\/strong><\/td><\/tr><tr><td class=\"has-text-align-center\" data-align=\"center\"><strong>12:00 &#8211; 14:00<\/strong><\/td><td class=\"has-text-align-center\" data-align=\"center\">Almo\u00e7o<\/td><\/tr><tr><td class=\"has-text-align-center\" data-align=\"center\"><strong>14:00 &#8211; 16:00<\/strong><\/td><td class=\"has-text-align-center\" data-align=\"center\">Minicursos<\/td><\/tr><tr><td class=\"has-text-align-center\" data-align=\"center\"><strong>16:00 &#8211; 16:30<\/strong><\/td><td class=\"has-text-align-center\" data-align=\"center\"><em>Coffee Break<\/em><\/td><\/tr><tr><td class=\"has-text-align-center\" data-align=\"center\"><strong>16:30 &#8211; 18:00<\/strong><\/td><td class=\"has-text-align-center\" data-align=\"center\">Minicursos<\/td><\/tr><\/tbody><\/table><\/figure>\n\n\n\n<div style=\"height:21px\" aria-hidden=\"true\" class=\"wp-block-spacer\"><\/div>\n\n\n\n<h3 class=\"wp-block-heading\">2\u00ba dia: 21 de Maio de 2026<\/h3>\n\n\n\n<figure class=\"wp-block-table is-style-regular\"><table class=\"has-text-color has-background has-fixed-layout\" style=\"color:#1d3932;background-color:#f1e5d0\"><tbody><tr><td class=\"has-text-align-center\" data-align=\"center\"><strong>8:00 &#8211; 10:00<\/strong><\/td><td class=\"has-text-align-center\" data-align=\"center\">Minicursos<\/td><\/tr><tr><td class=\"has-text-align-center\" data-align=\"center\"><strong>10:00 &#8211; 10:30<\/strong><\/td><td class=\"has-text-align-center\" data-align=\"center\"><em>Coffee Break<\/em><\/td><\/tr><tr><td class=\"has-text-align-center\" data-align=\"center\"><strong>10:30 &#8211; 12:00<\/strong><\/td><td class=\"has-text-align-center\" data-align=\"center\">Minicursos<\/td><\/tr><tr><td class=\"has-text-align-center\" data-align=\"center\"><strong>12:00 &#8211; 14:00<\/strong><\/td><td class=\"has-text-align-center\" data-align=\"center\">Almo\u00e7o<\/td><\/tr><tr><td class=\"has-text-align-center\" data-align=\"center\"><strong>14:00 &#8211; 15:15<\/strong><\/td><td class=\"has-text-align-center\" data-align=\"center\">Palestra:<br><strong>Fisiologia e Bioqu\u00edmica no Esporte: Otimizando o desempenho f\u00edsico e o monitoramento de atletas<\/strong><\/td><\/tr><tr><td class=\"has-text-align-center\" data-align=\"center\"><strong>15:15 &#8211; 15:45<\/strong><\/td><td class=\"has-text-align-center\" data-align=\"center\">Apresenta\u00e7\u00e3o Oral<\/td><\/tr><tr><td class=\"has-text-align-center\" data-align=\"center\"><strong>15:45 &#8211; 16:15<\/strong><\/td><td class=\"has-text-align-center\" data-align=\"center\"><em>Coffee Break<\/em><\/td><\/tr><tr><td class=\"has-text-align-center\" data-align=\"center\"><strong>16:15 &#8211; 17:30<\/strong><\/td><td class=\"has-text-align-center\" data-align=\"center\">Palestra:<br><strong>Microrganismos &#8220;do bem&#8221;: Protagonismo na agricultura brasileira impactando a abordagem &#8220;one health&#8221;<\/strong><\/td><\/tr><tr><td class=\"has-text-align-center\" data-align=\"center\"><strong>17:30 &#8211; 18:00<\/strong><\/td><td class=\"has-text-align-center\" data-align=\"center\">Apresenta\u00e7\u00e3o Oral<\/td><\/tr><tr><td class=\"has-text-align-center\" data-align=\"center\"><strong>18:00 &#8211; 19:00<\/strong><\/td><td class=\"has-text-align-center\" data-align=\"center\">Apresenta\u00e7\u00e3o de banner<\/td><\/tr><\/tbody><\/table><\/figure>\n\n\n\n<div style=\"height:21px\" aria-hidden=\"true\" class=\"wp-block-spacer\"><\/div>\n\n\n\n<h3 class=\"wp-block-heading\">3\u00ba dia: 22 de Maio de 2026<\/h3>\n\n\n\n<figure class=\"wp-block-table is-style-regular\"><table class=\"has-text-color has-background has-fixed-layout\" style=\"color:#1d3932;background-color:#f1e5d0\"><tbody><tr><td class=\"has-text-align-center\" data-align=\"center\"><strong>8:00 &#8211; 9:10<\/strong><\/td><td class=\"has-text-align-center\" data-align=\"center\">Palestra:<br><strong><strong><strong>Comunica\u00e7\u00e3o intestino-c\u00e9rebro: da microbiota \u00e0s emo\u00e7\u00f5es humanas<\/strong><\/strong><\/strong><\/td><\/tr><tr><td class=\"has-text-align-center\" data-align=\"center\"><strong>9:10 &#8211; 10:25<\/strong><\/td><td class=\"has-text-align-center\" data-align=\"center\">Palestra:<br><strong>Potencial analg\u00e9sico de mediadores lip\u00eddicos pr\u00f3-resolu\u00e7\u00e3o: mecanismos neuronais, neuroinflama\u00e7\u00e3o, intera\u00e7\u00e3o neuro-imune<\/strong><\/td><\/tr><tr><td class=\"has-text-align-center\" data-align=\"center\"><strong>10:25 &#8211; 10:45<\/strong><\/td><td class=\"has-text-align-center\" data-align=\"center\"><em>Coffee Break<\/em><\/td><\/tr><tr><td class=\"has-text-align-center\" data-align=\"center\"><strong>10:45 &#8211; 12:00<\/strong><\/td><td class=\"has-text-align-center\" data-align=\"center\">Apresenta\u00e7\u00e3o Oral<\/td><\/tr><tr><td class=\"has-text-align-center\" data-align=\"center\"><strong>12:00 &#8211; 14:00<\/strong><\/td><td class=\"has-text-align-center\" data-align=\"center\">Almo\u00e7o<\/td><\/tr><tr><td class=\"has-text-align-center\" data-align=\"center\"><strong>14:00 &#8211; 15:15<\/strong><\/td><td class=\"has-text-align-center\" data-align=\"center\">Palestra:<br><strong>Quando a tecnologia encontra a vida real: neuromodula\u00e7\u00e3o, inova\u00e7\u00e3o e o nosso papel como profissional&#8221;<\/strong><\/td><\/tr><tr><td class=\"has-text-align-center\" data-align=\"center\"><strong>15:15 &#8211; 15:45<\/strong><\/td><td class=\"has-text-align-center\" data-align=\"center\"><em>Coffee Break<\/em><\/td><\/tr><tr><td class=\"has-text-align-center\" data-align=\"center\"><strong>15:45 &#8211; 17:00<\/strong><\/td><td class=\"has-text-align-center\" data-align=\"center\">Palestra:<br><strong>Anticorpos monoclonais recombinantes como ferramentas para o desenvolvimento de vacinas e tratamentos contra doen\u00e7as infecciosas<\/strong><\/td><\/tr><tr><td class=\"has-text-align-center\" data-align=\"center\"><strong>17:00 &#8211; 18:00<\/strong><\/td><td class=\"has-text-align-center\" data-align=\"center\">Cerim\u00f4nia de encerramento<\/td><\/tr><tr><td class=\"has-text-align-center\" data-align=\"center\"><strong>18:00 &#8211; 19:00<\/strong><\/td><td class=\"has-text-align-center\" data-align=\"center\">Coquetel<\/td><\/tr><\/tbody><\/table><\/figure>\n\n\n\n<p><\/p>\n","protected":false},"excerpt":{"rendered":"<p>Confira nossa programa\u00e7\u00e3o preliminar 1\u00ba dia: 20 de Maio de 2026 7:30 &#8211; 8:00 Credenciamento 8:00 &#8211; 9:00 Cerim\u00f4nia de abertura 9:00 &#8211; 10:15 Palestra:Felipe Pinho-Ribeiro 10:15 &#8211; 10:45 Coffee Break 10:45 &#8211; 12:00 Palestra:Per\u00edcia Criminal: A elucida\u00e7\u00e3o de Crimes utilizando a Ci\u00eancia 12:00 &#8211; 14:00 Almo\u00e7o 14:00 &#8211; 16:00 Minicursos 16:00 &#8211; 16:30 Coffee [&hellip;]<\/p>\n","protected":false},"author":7,"featured_media":0,"parent":0,"menu_order":0,"comment_status":"closed","ping_status":"closed","template":"","meta":{"footnotes":""},"class_list":["post-60","page","type-page","status-publish","hentry"],"acf":[],"_links":{"self":[{"href":"https:\/\/sites.uel.br\/cpcb\/wp-json\/wp\/v2\/pages\/60","targetHints":{"allow":["GET"]}}],"collection":[{"href":"https:\/\/sites.uel.br\/cpcb\/wp-json\/wp\/v2\/pages"}],"about":[{"href":"https:\/\/sites.uel.br\/cpcb\/wp-json\/wp\/v2\/types\/page"}],"author":[{"embeddable":true,"href":"https:\/\/sites.uel.br\/cpcb\/wp-json\/wp\/v2\/users\/7"}],"replies":[{"embeddable":true,"href":"https:\/\/sites.uel.br\/cpcb\/wp-json\/wp\/v2\/comments?post=60"}],"version-history":[{"count":36,"href":"https:\/\/sites.uel.br\/cpcb\/wp-json\/wp\/v2\/pages\/60\/revisions"}],"predecessor-version":[{"id":998,"href":"https:\/\/sites.uel.br\/cpcb\/wp-json\/wp\/v2\/pages\/60\/revisions\/998"}],"wp:attachment":[{"href":"https:\/\/sites.uel.br\/cpcb\/wp-json\/wp\/v2\/media?parent=60"}],"curies":[{"name":"wp","href":"https:\/\/api.w.org\/{rel}","templated":true}]}}