{"id":35,"date":"2023-10-25T11:28:48","date_gmt":"2023-10-25T14:28:48","guid":{"rendered":"https:\/\/sites.uel.br\/cpcb\/?page_id=35"},"modified":"2025-03-06T10:28:15","modified_gmt":"2025-03-06T13:28:15","slug":"anais-e-certificados","status":"publish","type":"page","link":"https:\/\/sites.uel.br\/cpcb\/anais-e-certificados\/","title":{"rendered":"Anais e Certificados"},"content":{"rendered":"\n<div style=\"height:40px\" aria-hidden=\"true\" class=\"wp-block-spacer\"><\/div>\n\n\n\n<h3 class=\"wp-block-heading\" style=\"font-size:30px;font-style:normal;font-weight:700\"><strong>Anais das edi\u00e7\u00f5es anteriores do CPCB<\/strong> <\/h3>\n\n\n\n<p class=\"is-style-default has-medium-font-size\">Para fazer o download do arquivo com os Anais das edi\u00e7\u00f5es superiores, clique nos links abaixo:<\/p>\n\n\n\n<div class=\"wp-block-group\"><div class=\"wp-block-group__inner-container is-layout-constrained wp-block-group-is-layout-constrained\">\n<div class=\"wp-block-group is-vertical is-layout-flex wp-container-core-group-is-layout-8cf370e7 wp-block-group-is-layout-flex\">\n<ul class=\"wp-block-list\">\n<li><a href=\"https:\/\/sites.uel.br\/cpcb\/wp-content\/uploads\/2023\/10\/Anais-5-CPCB-2015.pdf\" target=\"_blank\" rel=\"noreferrer noopener\">Anais do 5\u00ba CPCB (2015)<\/a><\/li>\n\n\n\n<li><a href=\"https:\/\/sites.uel.br\/cpcb\/wp-content\/uploads\/2023\/10\/Anais-6-CPCB-2016.pdf\" target=\"_blank\" rel=\"noreferrer noopener\">Anais do 6\u00ba CPCB (2016)<\/a><\/li>\n\n\n\n<li><a href=\"https:\/\/sites.uel.br\/cpcb\/wp-content\/uploads\/2023\/10\/Anais-7-CPCB-2017.pdf\" target=\"_blank\" rel=\"noreferrer noopener\">Anais do 7\u00ba CPCB (2017)<\/a><\/li>\n\n\n\n<li><a href=\"https:\/\/sites.uel.br\/cpcb\/wp-content\/uploads\/2023\/10\/Anais-8-CPCB-2018.pdf\" target=\"_blank\" rel=\"noreferrer noopener\">Anais do 8\u00ba CPCB (2018)<\/a><\/li>\n\n\n\n<li><a href=\"https:\/\/sites.uel.br\/cpcb\/wp-content\/uploads\/2023\/10\/Anais-9-CPCB-2019.pdf\" target=\"_blank\" rel=\"noreferrer noopener\">Anais do 9\u00ba CPCB (2019)<\/a><\/li>\n\n\n\n<li><a href=\"https:\/\/sites.uel.br\/cpcb\/wp-content\/uploads\/2023\/10\/Anais-10-CPCB-2022.pdf\" target=\"_blank\" rel=\"noreferrer noopener\">Anais do 10\u00ba CPCB (2022)<\/a><\/li>\n\n\n\n<li><a href=\"https:\/\/sites.uel.br\/cpcb\/wp-content\/uploads\/2023\/10\/Anais-11-CPCB-2023.pdf\" target=\"_blank\" rel=\"noreferrer noopener\">Anais do 11\u00ba CPCB (2023)<\/a><\/li>\n\n\n\n<li><a href=\"https:\/\/sites.uel.br\/cpcb\/wp-content\/uploads\/2024\/06\/Anais-12-CPCB-2024.pdf\" target=\"_blank\" rel=\"noreferrer noopener\">Anais do 12\u00ba CPCB (2024)<\/a><\/li>\n\n\n\n<li><a href=\"https:\/\/sites.uel.br\/cpcb\/wp-content\/uploads\/2025\/03\/Anais-13-CPCB-2025.pdf\">Anais do 13\u00ba CPCB (2025)<\/a><\/li>\n<\/ul>\n<\/div>\n<\/div><\/div>\n\n\n\n<div style=\"height:40px\" aria-hidden=\"true\" class=\"wp-block-spacer\"><\/div>\n\n\n\n<h3 class=\"wp-block-heading\" style=\"font-size:30px;font-style:normal;font-weight:700\">Certificados<\/h3>\n\n\n\n<ul class=\"wp-block-list\">\n<li class=\"has-medium-font-size\" style=\"text-decoration:underline\"><a href=\"https:\/\/www.sistemasweb.uel.br\/index.php?contents=system\/insc\/index.php&amp;pagina=view\/acesso\/AcessoInscricao.php\" target=\"_blank\" rel=\"noreferrer noopener\">Para acessar seu certificado do CPCB: <strong>CLIQUE AQUI<\/strong><\/a><\/li>\n\n\n\n<li>ATEN\u00c7\u00c3O:\n<ul class=\"wp-block-list\">\n<li>A <strong>emiss\u00e3o de Certificados<\/strong> dos eventos realizados na Universidade Estadual de Londrina \u00e9 de responsabilidade exclusiva da <strong>Pr\u00f3-Reitoria de Extens\u00e3o, Cultura e Sociedade<\/strong> (PROEX).<\/li>\n\n\n\n<li>Conforme <a href=\"https:\/\/sites.uel.br\/proex\/instrulcao-de-servico\/\" target=\"_blank\" rel=\"noreferrer noopener\">Instru\u00e7\u00e3o de Servi\u00e7o PROEX 001\/2009<\/a>, o prazo para emiss\u00e3o dos certificados \u00e9 de aproximadamente <strong>60 dias<\/strong> ap\u00f3s a realiza\u00e7\u00e3o do evento.<\/li>\n\n\n\n<li>Em caso de erro nas informa\u00e7\u00f5es do certificado, a solicita\u00e7\u00e3o de corre\u00e7\u00e3o dever\u00e1 ser feita em at\u00e9 15 dias \u00fateis ap\u00f3s a emiss\u00e3o, por meio do e-mail <a href=\"mailto:suporte.12CPCB@gmail.com\" target=\"_blank\" rel=\"noreferrer noopener\">suporte.13cpcb@gmail.com<\/a>.<\/li>\n\n\n\n<li>Caso seja solicitado durante o evento, os participantes receber\u00e3o, ao final do CPCB, uma <strong>Declara\u00e7\u00e3o <\/strong>por e-mail, v\u00e1lida at\u00e9 a data de expedi\u00e7\u00e3o e registro do certificado.<\/li>\n<\/ul>\n<\/li>\n<\/ul>\n","protected":false},"excerpt":{"rendered":"<p>Anais das edi\u00e7\u00f5es anteriores do CPCB Para fazer o download do arquivo com os Anais das edi\u00e7\u00f5es superiores, clique nos links abaixo: Certificados<\/p>\n","protected":false},"author":7,"featured_media":0,"parent":0,"menu_order":0,"comment_status":"closed","ping_status":"closed","template":"","meta":{"footnotes":""},"class_list":["post-35","page","type-page","status-publish","hentry"],"acf":[],"_links":{"self":[{"href":"https:\/\/sites.uel.br\/cpcb\/wp-json\/wp\/v2\/pages\/35","targetHints":{"allow":["GET"]}}],"collection":[{"href":"https:\/\/sites.uel.br\/cpcb\/wp-json\/wp\/v2\/pages"}],"about":[{"href":"https:\/\/sites.uel.br\/cpcb\/wp-json\/wp\/v2\/types\/page"}],"author":[{"embeddable":true,"href":"https:\/\/sites.uel.br\/cpcb\/wp-json\/wp\/v2\/users\/7"}],"replies":[{"embeddable":true,"href":"https:\/\/sites.uel.br\/cpcb\/wp-json\/wp\/v2\/comments?post=35"}],"version-history":[{"count":56,"href":"https:\/\/sites.uel.br\/cpcb\/wp-json\/wp\/v2\/pages\/35\/revisions"}],"predecessor-version":[{"id":927,"href":"https:\/\/sites.uel.br\/cpcb\/wp-json\/wp\/v2\/pages\/35\/revisions\/927"}],"wp:attachment":[{"href":"https:\/\/sites.uel.br\/cpcb\/wp-json\/wp\/v2\/media?parent=35"}],"curies":[{"name":"wp","href":"https:\/\/api.w.org\/{rel}","templated":true}]}}