{"id":33,"date":"2023-10-25T11:28:48","date_gmt":"2023-10-25T14:28:48","guid":{"rendered":"https:\/\/sites.uel.br\/cpcb\/?page_id=33"},"modified":"2026-04-06T08:55:57","modified_gmt":"2026-04-06T11:55:57","slug":"sobre-o-evento","status":"publish","type":"page","link":"https:\/\/sites.uel.br\/cpcb\/","title":{"rendered":"P\u00e1gina inicial"},"content":{"rendered":"<div class=\"wp-block-image is-style-rounded\">\n<figure class=\"aligncenter size-full is-resized\"><img loading=\"lazy\" decoding=\"async\" width=\"902\" height=\"902\" src=\"https:\/\/sites.uel.br\/cpcb\/wp-content\/uploads\/2025\/10\/Logo-fontes-e-cores-edited-1.png\" alt=\"\" class=\"wp-image-932\" style=\"width:426px;height:auto\" srcset=\"https:\/\/sites.uel.br\/cpcb\/wp-content\/uploads\/2025\/10\/Logo-fontes-e-cores-edited-1.png 902w, https:\/\/sites.uel.br\/cpcb\/wp-content\/uploads\/2025\/10\/Logo-fontes-e-cores-edited-1-300x300.png 300w, https:\/\/sites.uel.br\/cpcb\/wp-content\/uploads\/2025\/10\/Logo-fontes-e-cores-edited-1-150x150.png 150w, https:\/\/sites.uel.br\/cpcb\/wp-content\/uploads\/2025\/10\/Logo-fontes-e-cores-edited-1-768x768.png 768w\" sizes=\"auto, (max-width: 902px) 100vw, 902px\" \/><\/figure>\n<\/div>\n\n\n<p class=\"has-text-align-center has-medium-font-size\"><strong><strong>\u201cIntensifica a alegria da descoberta saber que o seu trabalho pode fazer diferen\u00e7a na vida das pessoas\u201d<\/strong> <\/strong> <strong>&#8211; Flossie Wong Staal<\/strong><\/p>\n\n\n\n<p class=\"has-text-align-center\">O Congresso Paranaense de Ci\u00eancias Biom\u00e9dicas (CPCB) tem como objetivo agregar conhecimentos das diversas ramifica\u00e7\u00f5es das Ci\u00eancias Biom\u00e9dicas, Biol\u00f3gicas e da Sa\u00fade, a fim de incentivar o debate sobre pesquisa e apresentar descobertas cient\u00edficas recentes.<\/p>\n\n\n\n<p class=\"has-text-align-center\">Visando a integra\u00e7\u00e3o entre estudantes de gradua\u00e7\u00e3o, p\u00f3s-gradua\u00e7\u00e3o, docentes e profissionais, o CPCB possibilita a difus\u00e3o do conhecimento cient\u00edfico, o compartilhamento de experi\u00eancias sobre o mercado de trabalho onde atua o profissional da pesquisa cient\u00edfica, bem como o interc\u00e2mbio social.<\/p>\n\n\n\n<p class=\"has-text-align-center\" style=\"font-size:23px\"><strong>Dias 20, 21 e 22 de Maio de 2026<\/strong><\/p>\n\n\n\n<div class=\"wp-block-buttons has-custom-font-size has-medium-font-size is-vertical is-content-justification-center is-layout-flex wp-container-core-buttons-is-layout-9a7cdcfd wp-block-buttons-is-layout-flex\">\n<div class=\"wp-block-button has-custom-width wp-block-button__width-100 is-style-outline is-style-outline--1\"><a class=\"wp-block-button__link has-text-color has-background has-link-color has-medium-font-size has-custom-font-size wp-element-button\" href=\"https:\/\/sites.uel.br\/cpcb\/inscricoes\/\" style=\"border-radius:100px;color:#ffffff;background-color:#766da7\"><strong>Inscri\u00e7\u00f5es <\/strong><\/a><\/div>\n\n\n\n<div class=\"wp-block-button has-custom-width wp-block-button__width-100 is-style-outline is-style-outline--2\"><a class=\"wp-block-button__link has-text-color has-background has-link-color has-medium-font-size has-custom-font-size wp-element-button\" href=\"https:\/\/sites.uel.br\/cpcb\/minicursos\/\" style=\"border-radius:100px;color:#ffffff;background-color:#766da7\"><strong>Minicursos<\/strong><\/a><\/div>\n\n\n\n<div class=\"wp-block-button has-custom-width wp-block-button__width-100 is-style-outline is-style-outline--3\"><a class=\"wp-block-button__link has-text-color has-background has-link-color has-medium-font-size has-custom-font-size wp-element-button\" href=\"https:\/\/sites.uel.br\/cpcb\/local\/\" style=\"border-radius:100px;color:#ffffff;background-color:#766da7\"><strong>Local<\/strong><\/a><\/div>\n\n\n\n<div class=\"wp-block-button has-custom-width wp-block-button__width-100 is-style-outline is-style-outline--4\"><a class=\"wp-block-button__link has-text-color has-background has-link-color has-medium-font-size has-custom-font-size wp-element-button\" href=\"https:\/\/sites.uel.br\/cpcb\/submissao-de-trabalhos\/\" style=\"border-radius:100px;color:#fefefe;background-color:#766da7\"><strong>Submiss\u00e3o de trabalhos<\/strong><\/a><\/div>\n\n\n\n<div class=\"wp-block-button has-custom-width wp-block-button__width-100 is-style-outline is-style-outline--5\"><a class=\"wp-block-button__link has-text-color has-background has-link-color has-medium-font-size has-custom-font-size wp-element-button\" href=\"https:\/\/sites.uel.br\/cpcb\/fale-conosco\/\" style=\"border-radius:100px;color:#fefefe;background-color:#766da7\"><strong>Fale conosco<\/strong><\/a><\/div>\n<\/div>\n\n\n\n<p class=\"has-text-color\" style=\"color:#e7fce600\">.<\/p>\n\n\n\n<p class=\"has-text-align-center\">O CPCB \u00e9 realizado anualmente e organizado pelos estudantes do curso de Biomedicina da Universidade Estadual de Londrina, com apoio do Colegiado de Curso.<\/p>\n\n\n\n<p><\/p>\n","protected":false},"excerpt":{"rendered":"<p>\u201cIntensifica a alegria da descoberta saber que o seu trabalho pode fazer diferen\u00e7a na vida das pessoas\u201d &#8211; Flossie Wong Staal O Congresso Paranaense de Ci\u00eancias Biom\u00e9dicas (CPCB) tem como objetivo agregar conhecimentos das diversas ramifica\u00e7\u00f5es das Ci\u00eancias Biom\u00e9dicas, Biol\u00f3gicas e da Sa\u00fade, a fim de incentivar o debate sobre pesquisa e apresentar descobertas cient\u00edficas [&hellip;]<\/p>\n","protected":false},"author":7,"featured_media":121,"parent":0,"menu_order":0,"comment_status":"closed","ping_status":"closed","template":"","meta":{"footnotes":""},"class_list":["post-33","page","type-page","status-publish","has-post-thumbnail","hentry"],"acf":[],"_links":{"self":[{"href":"https:\/\/sites.uel.br\/cpcb\/wp-json\/wp\/v2\/pages\/33","targetHints":{"allow":["GET"]}}],"collection":[{"href":"https:\/\/sites.uel.br\/cpcb\/wp-json\/wp\/v2\/pages"}],"about":[{"href":"https:\/\/sites.uel.br\/cpcb\/wp-json\/wp\/v2\/types\/page"}],"author":[{"embeddable":true,"href":"https:\/\/sites.uel.br\/cpcb\/wp-json\/wp\/v2\/users\/7"}],"replies":[{"embeddable":true,"href":"https:\/\/sites.uel.br\/cpcb\/wp-json\/wp\/v2\/comments?post=33"}],"version-history":[{"count":64,"href":"https:\/\/sites.uel.br\/cpcb\/wp-json\/wp\/v2\/pages\/33\/revisions"}],"predecessor-version":[{"id":1046,"href":"https:\/\/sites.uel.br\/cpcb\/wp-json\/wp\/v2\/pages\/33\/revisions\/1046"}],"wp:featuredmedia":[{"embeddable":true,"href":"https:\/\/sites.uel.br\/cpcb\/wp-json\/wp\/v2\/media\/121"}],"wp:attachment":[{"href":"https:\/\/sites.uel.br\/cpcb\/wp-json\/wp\/v2\/media?parent=33"}],"curies":[{"name":"wp","href":"https:\/\/api.w.org\/{rel}","templated":true}]}}