{"id":72,"date":"2023-11-10T10:34:29","date_gmt":"2023-11-10T13:34:29","guid":{"rendered":"https:\/\/sites.uel.br\/cpa\/?page_id=72"},"modified":"2024-03-20T15:14:24","modified_gmt":"2024-03-20T18:14:24","slug":"relatorio-cpa-2018-2020","status":"publish","type":"page","link":"https:\/\/sites.uel.br\/cpa\/relatorio-cpa-2018-2020\/","title":{"rendered":"Relat\u00f3rio CPA 2018-2020"},"content":{"rendered":"\n<p><\/p>\n\n\n\n<p><strong>Relat\u00f3rio de Autoavalia\u00e7\u00e3o Institucional 2018-2020<\/strong><\/p>\n\n\n\n<p>\u00a0a)\u00a0<a href=\"https:\/\/sites.uel.br\/cpa\/wp-content\/uploads\/2024\/03\/RELATORIO-DE-AUTOAVALIACaO-CPA-2019.pdf\" target=\"_blank\" rel=\"noreferrer noopener\"><u>Relat\u00f3rio\u00a0Parcial 1<\/u><\/a>:\u00a0Ano base 2018<\/p>\n\n\n\n<p>&nbsp;b)&nbsp;<a href=\"https:\/\/sites.uel.br\/cpa\/wp-content\/uploads\/2024\/03\/RELATORIO-DE-AUTOAVALIACAO-CPA-2020.pdf.pdf\" target=\"_blank\" rel=\"noreferrer noopener\">Relat\u00f3rio Parcia<\/a>l 2: Ano base 2019<\/p>\n\n\n\n<p>&nbsp;c)&nbsp;<a href=\"https:\/\/sites.uel.br\/cpa\/wp-content\/uploads\/2024\/03\/Relatorio-CPA-UEL-2020.pdf\" target=\"_blank\" rel=\"noreferrer noopener\">Relat\u00f3rio final 3<\/a>: Ano base 2020<\/p>\n","protected":false},"excerpt":{"rendered":"<p>Relat\u00f3rio de Autoavalia\u00e7\u00e3o Institucional 2018-2020 \u00a0a)\u00a0Relat\u00f3rio\u00a0Parcial 1:\u00a0Ano base 2018 &nbsp;b)&nbsp;Relat\u00f3rio Parcial 2: Ano base 2019 &nbsp;c)&nbsp;Relat\u00f3rio final 3: Ano base 2020<\/p>\n","protected":false},"author":6,"featured_media":0,"parent":0,"menu_order":0,"comment_status":"closed","ping_status":"closed","template":"","meta":{"_acf_changed":false,"_themeisle_gutenberg_block_has_review":false,"footnotes":""},"class_list":["post-72","page","type-page","status-publish","hentry"],"acf":[],"_links":{"self":[{"href":"https:\/\/sites.uel.br\/cpa\/wp-json\/wp\/v2\/pages\/72","targetHints":{"allow":["GET"]}}],"collection":[{"href":"https:\/\/sites.uel.br\/cpa\/wp-json\/wp\/v2\/pages"}],"about":[{"href":"https:\/\/sites.uel.br\/cpa\/wp-json\/wp\/v2\/types\/page"}],"author":[{"embeddable":true,"href":"https:\/\/sites.uel.br\/cpa\/wp-json\/wp\/v2\/users\/6"}],"replies":[{"embeddable":true,"href":"https:\/\/sites.uel.br\/cpa\/wp-json\/wp\/v2\/comments?post=72"}],"version-history":[{"count":5,"href":"https:\/\/sites.uel.br\/cpa\/wp-json\/wp\/v2\/pages\/72\/revisions"}],"predecessor-version":[{"id":179,"href":"https:\/\/sites.uel.br\/cpa\/wp-json\/wp\/v2\/pages\/72\/revisions\/179"}],"wp:attachment":[{"href":"https:\/\/sites.uel.br\/cpa\/wp-json\/wp\/v2\/media?parent=72"}],"curies":[{"name":"wp","href":"https:\/\/api.w.org\/{rel}","templated":true}]}}