{"id":70,"date":"2023-11-10T10:34:29","date_gmt":"2023-11-10T13:34:29","guid":{"rendered":"https:\/\/sites.uel.br\/cpa\/?page_id=70"},"modified":"2024-03-20T15:35:35","modified_gmt":"2024-03-20T18:35:35","slug":"relatorio-cpa-2015-2017","status":"publish","type":"page","link":"https:\/\/sites.uel.br\/cpa\/relatorio-cpa-2015-2017\/","title":{"rendered":"Relat\u00f3rio CPA 2015-2017"},"content":{"rendered":"\n<p><\/p>\n\n\n\n<p>Autoavalia\u00e7\u00e3o Institucional<\/p>\n\n\n\n<p>1. Programa de Autoavalia\u00e7\u00e3o Institucional<\/p>\n\n\n\n<p>&nbsp; &nbsp;&nbsp;<a href=\"https:\/\/sites.uel.br\/cpa\/wp-content\/uploads\/2023\/11\/nota-tecnica-065.pdf\" target=\"_blank\" rel=\"noreferrer noopener\">Nota T\u00e9cnica&nbsp;do &nbsp;INEP\/DAES\/CONAES N\u00ba 065\/14<\/a><\/p>\n\n\n\n<p>&nbsp;&nbsp;&nbsp; &nbsp;Cronograma de Trabalho da CPA&nbsp;<\/p>\n\n\n\n<p>\u00a0 \u00a0\u00a0<strong>Apresenta\u00e7\u00e3o do Cronograma<\/strong>:\u00a0<a href=\"https:\/\/sites.uel.br\/cpa\/wp-content\/uploads\/2024\/03\/Relatorio-Parcial-de-Autoavaliacao-CPA-UEL-2016-SLIDES-CA.pdf\" target=\"_blank\" rel=\"noreferrer noopener\">Slides apresentados ao \u00a0Conselho de Administra\u00e7\u00e3o da UEL<\/a>\u00a0<\/p>\n\n\n\n<p>2. Relat\u00f3rios de Autoavalia\u00e7\u00e3o &nbsp;&nbsp;<\/p>\n\n\n\n<p>&nbsp; &nbsp;&nbsp;a)&nbsp;<a href=\"https:\/\/sites.uel.br\/cpa\/wp-content\/uploads\/2024\/03\/Ano-Base-2015-Relatorio-Parcial-Eixo-5-Infraestrutura.pdf\" target=\"_blank\" rel=\"noreferrer noopener\"><u>Relat\u00f3rio&nbsp;Parcial 1<\/u><\/a>:&nbsp;Ano base 2015 &#8211; Eixo 5: Infraestrutura<\/p>\n\n\n\n<p>&nbsp; &nbsp;b)&nbsp;<a href=\"https:\/\/sites.uel.br\/cpa\/wp-content\/uploads\/2024\/03\/Relatorio-CPA-ANO-BASE-2016.pdf\" target=\"_blank\" rel=\"noreferrer noopener\">Relat\u00f3rio Parcial 2<\/a>: Ano base 2016 &#8211; Eixo 3 &#8211; Pol\u00edticas Acad\u00eamicas e Eixo 4 &#8211; Pol\u00edticas de Gest\u00e3o<\/p>\n\n\n\n<p>&nbsp; &nbsp;c)&nbsp;<a href=\"https:\/\/sites.uel.br\/cpa\/wp-content\/uploads\/2024\/03\/RELATORIO-INTEGRAL-DE-AUTOAVALIACAO-INSTITUCIONAL-UEL-ANO-BASE-2017.pdf\" target=\"_blank\" rel=\"noreferrer noopener\">Relat\u00f3rio Final do Ciclo Avaliativo<\/a>:&nbsp;&nbsp;Ano base 2017 &#8211; Relat\u00f3rios Parciais 1 e 2 mais os Eixos I (Planejamento e Avalia\u00e7\u00e3o Institucional) e II (Desenvolvimento Institucional)<\/p>\n\n\n\n<p>Relat\u00f3rio de Autoavalia\u00e7\u00e3o &#8211; Final do Ciclo Avaliativo &#8211;&nbsp;<a href=\"https:\/\/sites.uel.br\/cpa\/wp-content\/uploads\/2024\/03\/PWP-apresentacao-CA-e-CU-2018-pdf.pdf\" target=\"_blank\" rel=\"noreferrer noopener\">Slides<\/a>&nbsp;Apresentados no Conselho de Administra\u00e7\u00e3o e Conselho Universit\u00e1rio<\/p>\n","protected":false},"excerpt":{"rendered":"<p>Autoavalia\u00e7\u00e3o Institucional 1. Programa de Autoavalia\u00e7\u00e3o Institucional &nbsp; &nbsp;&nbsp;Nota T\u00e9cnica&nbsp;do &nbsp;INEP\/DAES\/CONAES N\u00ba 065\/14 &nbsp;&nbsp;&nbsp; &nbsp;Cronograma de Trabalho da CPA&nbsp; \u00a0 \u00a0\u00a0Apresenta\u00e7\u00e3o do Cronograma:\u00a0Slides apresentados ao \u00a0Conselho de Administra\u00e7\u00e3o da UEL\u00a0 2. Relat\u00f3rios de Autoavalia\u00e7\u00e3o &nbsp;&nbsp; &nbsp; &nbsp;&nbsp;a)&nbsp;Relat\u00f3rio&nbsp;Parcial 1:&nbsp;Ano base 2015 &#8211; Eixo 5: Infraestrutura &nbsp; &nbsp;b)&nbsp;Relat\u00f3rio Parcial 2: Ano base 2016 &#8211; Eixo 3 &#8211; [&hellip;]<\/p>\n","protected":false},"author":6,"featured_media":0,"parent":0,"menu_order":0,"comment_status":"closed","ping_status":"closed","template":"","meta":{"_acf_changed":false,"_themeisle_gutenberg_block_has_review":false,"footnotes":""},"class_list":["post-70","page","type-page","status-publish","hentry"],"acf":[],"_links":{"self":[{"href":"https:\/\/sites.uel.br\/cpa\/wp-json\/wp\/v2\/pages\/70","targetHints":{"allow":["GET"]}}],"collection":[{"href":"https:\/\/sites.uel.br\/cpa\/wp-json\/wp\/v2\/pages"}],"about":[{"href":"https:\/\/sites.uel.br\/cpa\/wp-json\/wp\/v2\/types\/page"}],"author":[{"embeddable":true,"href":"https:\/\/sites.uel.br\/cpa\/wp-json\/wp\/v2\/users\/6"}],"replies":[{"embeddable":true,"href":"https:\/\/sites.uel.br\/cpa\/wp-json\/wp\/v2\/comments?post=70"}],"version-history":[{"count":10,"href":"https:\/\/sites.uel.br\/cpa\/wp-json\/wp\/v2\/pages\/70\/revisions"}],"predecessor-version":[{"id":190,"href":"https:\/\/sites.uel.br\/cpa\/wp-json\/wp\/v2\/pages\/70\/revisions\/190"}],"wp:attachment":[{"href":"https:\/\/sites.uel.br\/cpa\/wp-json\/wp\/v2\/media?parent=70"}],"curies":[{"name":"wp","href":"https:\/\/api.w.org\/{rel}","templated":true}]}}