{"id":38,"date":"2023-11-10T10:09:26","date_gmt":"2023-11-10T13:09:26","guid":{"rendered":"https:\/\/sites.uel.br\/cpa\/?page_id=38"},"modified":"2023-11-10T13:22:27","modified_gmt":"2023-11-10T16:22:27","slug":"gestao-2014-2016","status":"publish","type":"page","link":"https:\/\/sites.uel.br\/cpa\/gestao-2014-2016\/","title":{"rendered":"Gest\u00e3o 2014-2016"},"content":{"rendered":"\n<p><\/p>\n\n\n\n<p>ATAS DE REUNI\u00d5ES ORDIN\u00c1RIAS E EXTRAORDIN\u00c1RIAS<\/p>\n\n\n\n<p>REALIZADAS EM 2015:<\/p>\n\n\n\n<p><a href=\"http:\/\/www.uel.br\/cpa\/portal\/pages\/arquivos\/Ata%2001%20em%2010-04-2015.pdf\" target=\"_blank\" rel=\"noreferrer noopener\">Ata 01\/2015<\/a>: realizada em 10\/04\/15<\/p>\n\n\n\n<p><a href=\"http:\/\/www.uel.br\/cpa\/portal\/pages\/arquivos\/Ata%2002%20em%2029-05-2015.pdf\">Ata 02\/2015<\/a>: realizada em 29\/05\/15<\/p>\n\n\n\n<p><a href=\"http:\/\/www.uel.br\/cpa\/portal\/pages\/arquivos\/Ata%2003%20em%2003-06-2015.pdf\" target=\"_blank\" rel=\"noreferrer noopener\">Ata 03\/2015<\/a>: realizada em 03\/06\/15<\/p>\n\n\n\n<p><a href=\"http:\/\/www.uel.br\/cpa\/portal\/pages\/arquivos\/Ata%2004%20em%2027-07-2015.pdf\" target=\"_blank\" rel=\"noreferrer noopener\">Ata 04\/2015<\/a>: realizada em 27\/07\/15<\/p>\n\n\n\n<p><a href=\"http:\/\/www.uel.br\/cpa\/portal\/pages\/arquivos\/Ata%2005%20em%2007-08-2015.pdf\" target=\"_blank\" rel=\"noreferrer noopener\">Ata 05\/2015<\/a>: realizada em 07\/08\/15<\/p>\n\n\n\n<p><a href=\"http:\/\/www.uel.br\/cpa\/portal\/pages\/arquivos\/Ata%2006%20em%2004-09-2015.pdf\" target=\"_blank\" rel=\"noreferrer noopener\">Ata 06\/2015<\/a>: realizada em 04\/09\/15<\/p>\n\n\n\n<p>Ata 07\/2015: realizada em 16\/09\/15<\/p>\n\n\n\n<p><a href=\"http:\/\/www.uel.br\/cpa\/portal\/pages\/arquivos\/Ata%2008%20em%2002-10-2015.pdf\" target=\"_blank\" rel=\"noreferrer noopener\">Ata 08\/2015<\/a>: realizada em 02\/10\/15<\/p>\n\n\n\n<p><a href=\"http:\/\/www.uel.br\/cpa\/portal\/pages\/arquivos\/Ata%2009%20em%2016-10-2015.pdf\">Ata 09\/2015<\/a>: realizada em 16\/10\/15<\/p>\n\n\n\n<p><a href=\"http:\/\/www.uel.br\/cpa\/portal\/pages\/arquivos\/Ata%2010%20em%2027-11-2015.pdf\" target=\"_blank\" rel=\"noreferrer noopener\">Ata 10\/2015<\/a>: realizada em 27\/11\/15<\/p>\n\n\n\n<p>REALIZADAS EM 2016:<\/p>\n\n\n\n<p><a href=\"http:\/\/www.uel.br\/cpa\/portal\/pages\/arquivos\/ATAS%20DE%20REUNIOES\/Ata%2001%20em%2015.04.16%20-%20Extraordinaria.pdf\" target=\"_blank\" rel=\"noreferrer noopener\">ATA 01\/2016<\/a>: realizada em 15\/04\/16<\/p>\n\n\n\n<p><a href=\"http:\/\/www.uel.br\/cpa\/portal\/pages\/arquivos\/ATAS%20DE%20REUNIOES\/Ata%2002%20em%2013.05.16.pdf\" target=\"_blank\" rel=\"noreferrer noopener\"><u>ATA 02\/2016<\/u><\/a>: realizada em 13\/05\/16<\/p>\n\n\n\n<p><a href=\"http:\/\/www.uel.br\/cpa\/portal\/pages\/arquivos\/ATAS%20DE%20REUNIOES\/Ata%2003%20em%2010.06.16.pdf\" target=\"_blank\" rel=\"noreferrer noopener\">ATA 03\/2016<\/a>:&nbsp;realizada em 10\/06\/16<\/p>\n\n\n\n<p><a href=\"http:\/\/www.uel.br\/cpa\/portal\/pages\/arquivos\/ATAS%20DE%20REUNIOES\/Ata%2004%20em%20%2008.07.16.pdf\" target=\"_blank\" rel=\"noreferrer noopener\"><u>ATA 04\/2016<\/u><\/a>: realizada em 08\/07\/16<\/p>\n\n\n\n<p><a href=\"http:\/\/www.uel.br\/cpa\/portal\/pages\/arquivos\/ATAS%20DE%20REUNIOES\/Ata%2005%20em%2012.08.16.pdf\" target=\"_blank\" rel=\"noreferrer noopener\">ATA 05\/2016<\/a>: realizada em 12\/08\/16<\/p>\n\n\n\n<p><a href=\"http:\/\/www.uel.br\/cpa\/portal\/pages\/arquivos\/ATAS%20DE%20REUNIOES\/Ata%2006%20em%2015.09.16.pdf\" target=\"_blank\" rel=\"noreferrer noopener\"><u>ATA 06\/2016<\/u><\/a>: realizada em 16\/09\/16<\/p>\n\n\n\n<p><a href=\"http:\/\/www.uel.br\/cpa\/portal\/pages\/arquivos\/ATAS%20DE%20REUNIOES\/Ata%20AGE%2022.12.16%20-%20Eleicao%20Presidente%20e%20Vice%20da%20CPA.pdf\" target=\"_blank\" rel=\"noreferrer noopener\"><u>ATA 01-E\/2016<\/u><\/a>: Extraordin\u00e1ria realizada em 22\/12\/16 &#8211; Elei\u00e7\u00e3o do Presidente e Vice Presidente<\/p>\n","protected":false},"excerpt":{"rendered":"<p>ATAS DE REUNI\u00d5ES ORDIN\u00c1RIAS E EXTRAORDIN\u00c1RIAS REALIZADAS EM 2015: Ata 01\/2015: realizada em 10\/04\/15 Ata 02\/2015: realizada em 29\/05\/15 Ata 03\/2015: realizada em 03\/06\/15 Ata 04\/2015: realizada em 27\/07\/15 Ata 05\/2015: realizada em 07\/08\/15 Ata 06\/2015: realizada em 04\/09\/15 Ata 07\/2015: realizada em 16\/09\/15 Ata 08\/2015: realizada em 02\/10\/15 Ata 09\/2015: realizada em 16\/10\/15 Ata [&hellip;]<\/p>\n","protected":false},"author":6,"featured_media":0,"parent":0,"menu_order":0,"comment_status":"closed","ping_status":"closed","template":"","meta":{"_acf_changed":false,"_themeisle_gutenberg_block_has_review":false,"footnotes":""},"class_list":["post-38","page","type-page","status-publish","hentry"],"acf":[],"_links":{"self":[{"href":"https:\/\/sites.uel.br\/cpa\/wp-json\/wp\/v2\/pages\/38","targetHints":{"allow":["GET"]}}],"collection":[{"href":"https:\/\/sites.uel.br\/cpa\/wp-json\/wp\/v2\/pages"}],"about":[{"href":"https:\/\/sites.uel.br\/cpa\/wp-json\/wp\/v2\/types\/page"}],"author":[{"embeddable":true,"href":"https:\/\/sites.uel.br\/cpa\/wp-json\/wp\/v2\/users\/6"}],"replies":[{"embeddable":true,"href":"https:\/\/sites.uel.br\/cpa\/wp-json\/wp\/v2\/comments?post=38"}],"version-history":[{"count":3,"href":"https:\/\/sites.uel.br\/cpa\/wp-json\/wp\/v2\/pages\/38\/revisions"}],"predecessor-version":[{"id":123,"href":"https:\/\/sites.uel.br\/cpa\/wp-json\/wp\/v2\/pages\/38\/revisions\/123"}],"wp:attachment":[{"href":"https:\/\/sites.uel.br\/cpa\/wp-json\/wp\/v2\/media?parent=38"}],"curies":[{"name":"wp","href":"https:\/\/api.w.org\/{rel}","templated":true}]}}