{"id":288,"date":"2025-11-07T10:06:07","date_gmt":"2025-11-07T13:06:07","guid":{"rendered":"https:\/\/sites.uel.br\/cpa\/?page_id=288"},"modified":"2025-11-13T09:10:35","modified_gmt":"2025-11-13T12:10:35","slug":"links-importantes","status":"publish","type":"page","link":"https:\/\/sites.uel.br\/cpa\/links-importantes\/","title":{"rendered":"Links Importantes"},"content":{"rendered":"\n<hr class=\"wp-block-separator has-text-color has-verde-escuro-color has-alpha-channel-opacity has-verde-escuro-background-color has-background is-style-wide\" \/>\n\n\n\n<p><a href=\"https:\/\/sites.uel.br\/pdi\">PDI &#8211; UEL<\/a> : Plano de Desenvolvimento Institucional<\/p>\n\n\n\n<p><\/p>\n\n\n\n<p><a href=\"https:\/\/sites.uel.br\/cpa\/wp-content\/uploads\/2025\/11\/sinaes_volume_5_avaliacao_in_loco_referenciais_no_ambito_do_sinaes.pdf\">SINAES<\/a> <strong>: <\/strong>Sistema Nacional de Avalia\u00e7\u00e3o da Educa\u00e7\u00e3o Superior<\/p>\n\n\n\n<p>Abaixo segue o Logo da CPA para download:<\/p>\n\n\n\n<figure class=\"wp-block-image size-large is-resized\"><img loading=\"lazy\" decoding=\"async\" width=\"1024\" height=\"576\" src=\"https:\/\/sites.uel.br\/cpa\/wp-content\/uploads\/2025\/11\/Logo-CPA-1024x576.jpeg\" alt=\"\" class=\"wp-image-350\" style=\"width:497px;height:auto\" srcset=\"https:\/\/sites.uel.br\/cpa\/wp-content\/uploads\/2025\/11\/Logo-CPA-1024x576.jpeg 1024w, https:\/\/sites.uel.br\/cpa\/wp-content\/uploads\/2025\/11\/Logo-CPA-300x169.jpeg 300w, https:\/\/sites.uel.br\/cpa\/wp-content\/uploads\/2025\/11\/Logo-CPA-768x432.jpeg 768w, https:\/\/sites.uel.br\/cpa\/wp-content\/uploads\/2025\/11\/Logo-CPA.jpeg 1280w\" sizes=\"auto, (max-width: 1024px) 100vw, 1024px\" \/><\/figure>\n\n\n\n\n\n<p><\/p>\n","protected":false},"excerpt":{"rendered":"<p>PDI &#8211; UEL : Plano de Desenvolvimento Institucional SINAES : Sistema Nacional de Avalia\u00e7\u00e3o da Educa\u00e7\u00e3o Superior Abaixo segue o Logo da CPA para download:<\/p>\n","protected":false},"author":8,"featured_media":0,"parent":0,"menu_order":0,"comment_status":"closed","ping_status":"closed","template":"","meta":{"_acf_changed":false,"_themeisle_gutenberg_block_has_review":false,"footnotes":""},"class_list":["post-288","page","type-page","status-publish","hentry"],"acf":[],"_links":{"self":[{"href":"https:\/\/sites.uel.br\/cpa\/wp-json\/wp\/v2\/pages\/288","targetHints":{"allow":["GET"]}}],"collection":[{"href":"https:\/\/sites.uel.br\/cpa\/wp-json\/wp\/v2\/pages"}],"about":[{"href":"https:\/\/sites.uel.br\/cpa\/wp-json\/wp\/v2\/types\/page"}],"author":[{"embeddable":true,"href":"https:\/\/sites.uel.br\/cpa\/wp-json\/wp\/v2\/users\/8"}],"replies":[{"embeddable":true,"href":"https:\/\/sites.uel.br\/cpa\/wp-json\/wp\/v2\/comments?post=288"}],"version-history":[{"count":12,"href":"https:\/\/sites.uel.br\/cpa\/wp-json\/wp\/v2\/pages\/288\/revisions"}],"predecessor-version":[{"id":352,"href":"https:\/\/sites.uel.br\/cpa\/wp-json\/wp\/v2\/pages\/288\/revisions\/352"}],"wp:attachment":[{"href":"https:\/\/sites.uel.br\/cpa\/wp-json\/wp\/v2\/media?parent=288"}],"curies":[{"name":"wp","href":"https:\/\/api.w.org\/{rel}","templated":true}]}}