{"id":276,"date":"2025-11-07T09:50:07","date_gmt":"2025-11-07T12:50:07","guid":{"rendered":"https:\/\/sites.uel.br\/cpa\/?page_id=276"},"modified":"2025-11-07T09:52:48","modified_gmt":"2025-11-07T12:52:48","slug":"sobre-a-cpa","status":"publish","type":"page","link":"https:\/\/sites.uel.br\/cpa\/sobre-a-cpa\/","title":{"rendered":"Sobre a CPA"},"content":{"rendered":"\n<p>Atrav\u00e9s da Lei n.\u00ba 10.861, de 14 de abril de 2004, que institui o Sistema Nacional de Avalia\u00e7\u00e3o da Educa\u00e7\u00e3o Superior (SINAES), e da Portaria Ministerial n.\u00ba 2.051, de 09 de julho de 2004, que regulamenta os procedimentos de avalia\u00e7\u00e3o do SINAES, cada institui\u00e7\u00e3o de ensino superior, p\u00fablica ou privada,&nbsp;deve constituir uma Comiss\u00e3o Pr\u00f3pria de Avalia\u00e7\u00e3o (CPA), com as atribui\u00e7\u00f5es de condu\u00e7\u00e3o dos processos de avalia\u00e7\u00e3o internos da institui\u00e7\u00e3o, de sistematiza\u00e7\u00e3o e de presta\u00e7\u00e3o das informa\u00e7\u00f5es solicitadas pelo&nbsp;Instituto Nacional de Estudos e Pesquisas Educacionais do Minist\u00e9rio da Educa\u00e7\u00e3o (INEP\/MEC), obedecidas as seguintes diretrizes:<\/p>\n\n\n\n<p><strong>I<\/strong>&nbsp;\u2013 constitui\u00e7\u00e3o por ato do dirigente m\u00e1ximo da institui\u00e7\u00e3o de ensino superior, ou por previs\u00e3o no seu pr\u00f3prio estatuto ou regimento, assegurada a participa\u00e7\u00e3o de todos os segmentos da comunidade universit\u00e1ria e da sociedade civil organizada, e vedada a composi\u00e7\u00e3o que privilegie a maioria absoluta de um dos segmentos;<\/p>\n\n\n\n<p><strong>II<\/strong>&nbsp;\u2013 atua\u00e7\u00e3o aut\u00f4noma em rela\u00e7\u00e3o a conselhos e demais \u00f3rg\u00e3os colegiados existentes na institui\u00e7\u00e3o de educa\u00e7\u00e3o superior.<\/p>\n\n\n\n<p>Atendendo \u00e0 legisla\u00e7\u00e3o vigente, foi constitu\u00edda, em 2004, no \u00e2mbito da UEL a Comiss\u00e3o Permanente de Avalia\u00e7\u00e3o da UEL (CPA\/UEL), hoje Comiss\u00e3o Pr\u00f3pria de Avalia\u00e7\u00e3o da UEL (CPA\/UEL) respons\u00e1vel pela condu\u00e7\u00e3o dos processos de avalia\u00e7\u00e3o internos da Institui\u00e7\u00e3o, de sistematiza\u00e7\u00e3o e de presta\u00e7\u00e3o das informa\u00e7\u00f5es solicitadas por \u00f3rg\u00e3os governamentais&nbsp;(INEP\/MEC, CEE\/PR e SETI-PR).<\/p>\n\n\n\n<p>O atual Regulamento da CPA\/UEL foi aprovado pela&nbsp;<a href=\"http:\/\/www.uel.br\/cpa\/portal\/pages\/arquivos\/Res%20CU%20036-2016%20CPA%20-%20REGULAMENTO.PDF\" target=\"_blank\" rel=\"noreferrer noopener\">Resolu\u00e7\u00e3o&nbsp;do Conselho Universit\u00e1rio N\u00b0 036\/2016.<\/a><\/p>\n\n\n\n<p>Em 2005, com as Delibera\u00e7\u00f5es n.\u00ba 001\/05, de 14\/02\/05, n.\u00ba 003\/05, de 05\/10\/05 e n.\u00ba 004\/05, de 07\/10\/05, do Conselho Estadual de Educa\u00e7\u00e3o do Paran\u00e1 (CEE\/PR), o processo de avalia\u00e7\u00e3o institucional nas institui\u00e7\u00f5es de ensino superior do Sistema de Ensino toma outra propor\u00e7\u00e3o \u00e0 medida que determina as diferentes etapas do processo avaliativo (autoavalia\u00e7\u00e3o ou avalia\u00e7\u00e3o interna e avalia\u00e7\u00e3o externa), observada a legisla\u00e7\u00e3o vigente, inclusive constituindo-se como referencial b\u00e1sico dos processos de regula\u00e7\u00e3o e supervis\u00e3o da educa\u00e7\u00e3o superior, neles compreendidos o credenciamento e recredenciamento das IES, autoriza\u00e7\u00e3o, reconhecimento e renova\u00e7\u00e3o de reconhecimento de cursos de gradua\u00e7\u00e3o, tendo como coordenadora do processo de avalia\u00e7\u00e3o institucional a Secretaria de Estado da Ci\u00eancia, Tecnologia e Ensino Superior (SETI), atrav\u00e9s da Comiss\u00e3o Estadual de Avalia\u00e7\u00e3o (CEA), criada pelo Decreto Estadual n\u00ba 2.856, de 22\/04\/2006 e alterada em 12\/09\/07, pelo Decreto Estadual n.\u00ba 1416\/07.<\/p>\n","protected":false},"excerpt":{"rendered":"<p>Atrav\u00e9s da Lei n.\u00ba 10.861, de 14 de abril de 2004, que institui o Sistema Nacional de Avalia\u00e7\u00e3o da Educa\u00e7\u00e3o Superior (SINAES), e da Portaria Ministerial n.\u00ba 2.051, de 09 de julho de 2004, que regulamenta os procedimentos de avalia\u00e7\u00e3o do SINAES, cada institui\u00e7\u00e3o de ensino superior, p\u00fablica ou privada,&nbsp;deve constituir uma Comiss\u00e3o Pr\u00f3pria de [&hellip;]<\/p>\n","protected":false},"author":8,"featured_media":0,"parent":0,"menu_order":0,"comment_status":"closed","ping_status":"closed","template":"","meta":{"_acf_changed":false,"_themeisle_gutenberg_block_has_review":false,"footnotes":""},"class_list":["post-276","page","type-page","status-publish","hentry"],"acf":[],"_links":{"self":[{"href":"https:\/\/sites.uel.br\/cpa\/wp-json\/wp\/v2\/pages\/276","targetHints":{"allow":["GET"]}}],"collection":[{"href":"https:\/\/sites.uel.br\/cpa\/wp-json\/wp\/v2\/pages"}],"about":[{"href":"https:\/\/sites.uel.br\/cpa\/wp-json\/wp\/v2\/types\/page"}],"author":[{"embeddable":true,"href":"https:\/\/sites.uel.br\/cpa\/wp-json\/wp\/v2\/users\/8"}],"replies":[{"embeddable":true,"href":"https:\/\/sites.uel.br\/cpa\/wp-json\/wp\/v2\/comments?post=276"}],"version-history":[{"count":3,"href":"https:\/\/sites.uel.br\/cpa\/wp-json\/wp\/v2\/pages\/276\/revisions"}],"predecessor-version":[{"id":280,"href":"https:\/\/sites.uel.br\/cpa\/wp-json\/wp\/v2\/pages\/276\/revisions\/280"}],"wp:attachment":[{"href":"https:\/\/sites.uel.br\/cpa\/wp-json\/wp\/v2\/media?parent=276"}],"curies":[{"name":"wp","href":"https:\/\/api.w.org\/{rel}","templated":true}]}}