{"id":21,"date":"2023-11-10T10:01:55","date_gmt":"2023-11-10T13:01:55","guid":{"rendered":"https:\/\/sites.uel.br\/cpa\/?page_id=21"},"modified":"2025-11-11T09:54:52","modified_gmt":"2025-11-11T12:54:52","slug":"composicao-2","status":"publish","type":"page","link":"https:\/\/sites.uel.br\/cpa\/composicao-2\/","title":{"rendered":"Composi\u00e7\u00e3o"},"content":{"rendered":"\n<p><\/p>\n\n\n\n<p>A atual Comiss\u00e3o Pr\u00f3pria de Avalia\u00e7\u00e3o da UEL (CPA\/UEL) foi constitu\u00edda pela&nbsp;Portaria n\u00ba 5809, de 21 de dezembro de 2022;&nbsp;Portaria n\u00ba 2256, de 19 de junho de 2023 e&nbsp;Portaria 4212, de 23 de outubro de 2023.<\/p>\n\n\n\n<blockquote class=\"wp-block-quote is-layout-flow wp-block-quote-is-layout-flow\">\n<p><strong>PRESIDENTE<\/strong><\/p>\n\n\n\n<p>Prof\u00aa.&nbsp;Roberta Puccetti (CECA)&nbsp;<a href=\"http:\/\/lattes.cnpq.br\/2560754607350549\" target=\"_blank\" rel=\"noreferrer noopener\"><\/a><\/p>\n\n\n\n<p><strong>VICE PRESIDENTE<\/strong><\/p>\n\n\n\n<p>Prof\u00aa. Luciane Marcela Filizola de Oliveira&nbsp;(CTU)&nbsp;&nbsp;<a href=\"http:\/\/lattes.cnpq.br\/5521493467808556\" target=\"_blank\" rel=\"noreferrer noopener\"><\/a><\/p>\n<\/blockquote>\n\n\n\n<blockquote class=\"wp-block-quote is-layout-flow wp-block-quote-is-layout-flow\">\n<p><strong><u>TITULARES<\/u><\/strong>&nbsp;<\/p>\n\n\n\n<p><strong>Docentes<\/strong><\/p>\n\n\n\n<p>Prof\u00aa. Cl\u00e1udia Lopes Nascimento (CLCH)<\/p>\n\n\n\n<p>Prof. Maiango Dias\u00a0(CCB)<\/p>\n\n\n\n<p>Prof. Jacques Duilio Brancher (CCE)\u00a0<\/p>\n\n\n\n<p>Prof. Emerson Guzzi Zuan Esteves (CESA)<\/p>\n\n\n\n<p>Prof\u00aa. Ester Massae Okamoto Dalla Costa (CCS)<\/p>\n\n\n\n<p>Prof\u00aa.&nbsp;Roberta Puccetti (CECA)&nbsp;<\/p>\n\n\n\n<p>Prof.  Valter Harry Bumbieri Junior (CCA)<\/p>\n\n\n\n<p>Prof\u00aa. Luciane Marcela Filizola de Oliveira&nbsp;(CTU)&nbsp;&nbsp;<\/p>\n\n\n\n<p>Prof. Dalberto Luiz De Santo (CEFE)<\/p>\n<\/blockquote>\n\n\n\n<p><\/p>\n\n\n\n<blockquote class=\"wp-block-quote is-layout-flow wp-block-quote-is-layout-flow\">\n<p><strong>T\u00e9cnicos-Administrativos<\/strong><\/p>\n\n\n\n<p>Alexandre do Nascimento Mar\u00e7al (AINTEC)<\/p>\n\n\n\n<p>Alvaro Alcindo Pacheco Braga (PROGRAD)<\/p>\n<\/blockquote>\n\n\n\n<p><\/p>\n\n\n\n<blockquote class=\"wp-block-quote is-layout-flow wp-block-quote-is-layout-flow\">\n<p><strong>Representante da Sociedade Civil Organizada<\/strong><\/p>\n\n\n\n<p>Sem indica\u00e7\u00e3o at\u00e9 o presente momento.<\/p>\n<\/blockquote>\n\n\n\n<p><\/p>\n\n\n\n<blockquote class=\"wp-block-quote is-layout-flow wp-block-quote-is-layout-flow\">\n<p><strong>Representante Discente<\/strong><\/p>\n\n\n\n<p>Sem indica\u00e7\u00e3o at\u00e9 o presente momento.<\/p>\n<\/blockquote>\n\n\n\n<p><\/p>\n\n\n\n<blockquote class=\"wp-block-quote is-layout-flow wp-block-quote-is-layout-flow\">\n<p><strong>SUPLENTES<\/strong>&nbsp;<\/p>\n\n\n\n<p>&nbsp;<strong>Docentes<\/strong><\/p>\n\n\n\n<p>CLCH &#8211; Sem indica\u00e7\u00e3o at\u00e9 o presente momento.<\/p>\n\n\n\n<p>Prof. Laurival Antonio Vilas Boas (CCB)<\/p>\n\n\n\n<p>CESA &#8211; Sem indica\u00e7\u00e3o at\u00e9 o presente momento.<\/p>\n\n\n\n<p>CCS &#8211; Sem indica\u00e7\u00e3o at\u00e9 o presente momento.<\/p>\n\n\n\n<p>CECA &#8211; Sem indica\u00e7\u00e3o at\u00e9 o presente momento.<\/p>\n\n\n\n<p>CCA &#8211; Sem indica\u00e7\u00e3o at\u00e9 o presente momento.<\/p>\n\n\n\n<p>CTU &#8211; Sem indica\u00e7\u00e3o at\u00e9 o presente momento.<\/p>\n\n\n\n<p>CEFE &#8211; Sem indica\u00e7\u00e3o at\u00e9 o presente momento.<\/p>\n\n\n\n<p><\/p>\n<\/blockquote>\n\n\n\n<p><\/p>\n\n\n\n<blockquote class=\"wp-block-quote is-layout-flow wp-block-quote-is-layout-flow\">\n<p>&nbsp;<strong>T\u00e9cnicos-Administrativos<\/strong><\/p>\n\n\n\n<p>Claudinea Ang\u00e9lica dos Santos (LABTED)<\/p>\n\n\n\n<p>Luis Aparecido Roncon (SEBEC)<\/p>\n<\/blockquote>\n\n\n\n<p><\/p>\n\n\n\n<blockquote class=\"wp-block-quote is-layout-flow wp-block-quote-is-layout-flow\">\n<p><strong>Representante da Sociedade Civil Organizada<\/strong><\/p>\n\n\n\n<p>&nbsp;Sem indica\u00e7\u00e3o at\u00e9 o presente momento.<\/p>\n<\/blockquote>\n\n\n\n<blockquote class=\"wp-block-quote is-layout-flow wp-block-quote-is-layout-flow\">\n<p><strong>Representante Discente<\/strong><\/p>\n\n\n\n<p>Sem indica\u00e7\u00e3o at\u00e9 o presente momento.<\/p>\n<\/blockquote>\n\n\n\n<blockquote class=\"wp-block-quote is-layout-flow wp-block-quote-is-layout-flow\">\n<p><strong>&nbsp;MANDATO: at\u00e9 27.12.2025<\/strong>&nbsp;&nbsp;<\/p>\n<\/blockquote>\n","protected":false},"excerpt":{"rendered":"<p>A atual Comiss\u00e3o Pr\u00f3pria de Avalia\u00e7\u00e3o da UEL (CPA\/UEL) foi constitu\u00edda pela&nbsp;Portaria n\u00ba 5809, de 21 de dezembro de 2022;&nbsp;Portaria n\u00ba 2256, de 19 de junho de 2023 e&nbsp;Portaria 4212, de 23 de outubro de 2023. PRESIDENTE Prof\u00aa.&nbsp;Roberta Puccetti (CECA)&nbsp; VICE PRESIDENTE Prof\u00aa. Luciane Marcela Filizola de Oliveira&nbsp;(CTU)&nbsp;&nbsp; TITULARES&nbsp; Docentes Prof\u00aa. Cl\u00e1udia Lopes Nascimento (CLCH) [&hellip;]<\/p>\n","protected":false},"author":6,"featured_media":0,"parent":0,"menu_order":0,"comment_status":"closed","ping_status":"closed","template":"","meta":{"_acf_changed":false,"_themeisle_gutenberg_block_has_review":false,"footnotes":""},"class_list":["post-21","page","type-page","status-publish","hentry"],"acf":[],"_links":{"self":[{"href":"https:\/\/sites.uel.br\/cpa\/wp-json\/wp\/v2\/pages\/21","targetHints":{"allow":["GET"]}}],"collection":[{"href":"https:\/\/sites.uel.br\/cpa\/wp-json\/wp\/v2\/pages"}],"about":[{"href":"https:\/\/sites.uel.br\/cpa\/wp-json\/wp\/v2\/types\/page"}],"author":[{"embeddable":true,"href":"https:\/\/sites.uel.br\/cpa\/wp-json\/wp\/v2\/users\/6"}],"replies":[{"embeddable":true,"href":"https:\/\/sites.uel.br\/cpa\/wp-json\/wp\/v2\/comments?post=21"}],"version-history":[{"count":21,"href":"https:\/\/sites.uel.br\/cpa\/wp-json\/wp\/v2\/pages\/21\/revisions"}],"predecessor-version":[{"id":349,"href":"https:\/\/sites.uel.br\/cpa\/wp-json\/wp\/v2\/pages\/21\/revisions\/349"}],"wp:attachment":[{"href":"https:\/\/sites.uel.br\/cpa\/wp-json\/wp\/v2\/media?parent=21"}],"curies":[{"name":"wp","href":"https:\/\/api.w.org\/{rel}","templated":true}]}}