{"id":19,"date":"2023-11-10T10:01:55","date_gmt":"2023-11-10T13:01:55","guid":{"rendered":"https:\/\/sites.uel.br\/cpa\/?page_id=19"},"modified":"2025-11-07T09:46:48","modified_gmt":"2025-11-07T12:46:48","slug":"atos-normativos","status":"publish","type":"page","link":"https:\/\/sites.uel.br\/cpa\/atos-normativos\/","title":{"rendered":"Atos normativos"},"content":{"rendered":"\n<p><\/p>\n\n\n\n<p>Atos Normativos em Vigor<\/p>\n\n\n\n<p>21\/12\/2022 \u00a0 \u00a0 \u00a0 \u00a0<a href=\"https:\/\/sites.uel.br\/cpa\/wp-content\/uploads\/2023\/11\/5809.pdf\" target=\"_blank\" rel=\"noreferrer noopener\">Portaria N<sup>o<\/sup>\u00a05809\/2022<\/a> \u00a0 \u00a0 \u00a0 \u00a0 \u00a0 \u00a0 Constitui a CPA\/UEL para o mandato de 3 (tr\u00eas) anos, a partir de 27.12.2022<\/p>\n\n\n\n<p>24\/06\/2016\u00a0\u00a0\u00a0\u00a0\u00a0\u00a0\u00a0<a href=\"https:\/\/sites.uel.br\/cpa\/wp-content\/uploads\/2023\/11\/2016_36.pdf\" target=\"_blank\" rel=\"noreferrer noopener\">Resolu\u00e7\u00e3o CU N\u00b0 036\/2016<\/a>\u00a0\u00a0\u00a0\u00a0\u00a0Aprova o Regulamento da Comiss\u00e3o Pr\u00f3pria de Avalia\u00e7\u00e3o da UEL<\/p>\n\n\n\n<p><\/p>\n","protected":false},"excerpt":{"rendered":"<p>Atos Normativos em Vigor 21\/12\/2022 \u00a0 \u00a0 \u00a0 \u00a0Portaria No\u00a05809\/2022 \u00a0 \u00a0 \u00a0 \u00a0 \u00a0 \u00a0 Constitui a CPA\/UEL para o mandato de 3 (tr\u00eas) anos, a partir de 27.12.2022 24\/06\/2016\u00a0\u00a0\u00a0\u00a0\u00a0\u00a0\u00a0Resolu\u00e7\u00e3o CU N\u00b0 036\/2016\u00a0\u00a0\u00a0\u00a0\u00a0Aprova o Regulamento da Comiss\u00e3o Pr\u00f3pria de Avalia\u00e7\u00e3o da UEL<\/p>\n","protected":false},"author":6,"featured_media":0,"parent":0,"menu_order":0,"comment_status":"closed","ping_status":"closed","template":"","meta":{"_acf_changed":false,"_themeisle_gutenberg_block_has_review":false,"footnotes":""},"class_list":["post-19","page","type-page","status-publish","hentry"],"acf":[],"_links":{"self":[{"href":"https:\/\/sites.uel.br\/cpa\/wp-json\/wp\/v2\/pages\/19","targetHints":{"allow":["GET"]}}],"collection":[{"href":"https:\/\/sites.uel.br\/cpa\/wp-json\/wp\/v2\/pages"}],"about":[{"href":"https:\/\/sites.uel.br\/cpa\/wp-json\/wp\/v2\/types\/page"}],"author":[{"embeddable":true,"href":"https:\/\/sites.uel.br\/cpa\/wp-json\/wp\/v2\/users\/6"}],"replies":[{"embeddable":true,"href":"https:\/\/sites.uel.br\/cpa\/wp-json\/wp\/v2\/comments?post=19"}],"version-history":[{"count":11,"href":"https:\/\/sites.uel.br\/cpa\/wp-json\/wp\/v2\/pages\/19\/revisions"}],"predecessor-version":[{"id":275,"href":"https:\/\/sites.uel.br\/cpa\/wp-json\/wp\/v2\/pages\/19\/revisions\/275"}],"wp:attachment":[{"href":"https:\/\/sites.uel.br\/cpa\/wp-json\/wp\/v2\/media?parent=19"}],"curies":[{"name":"wp","href":"https:\/\/api.w.org\/{rel}","templated":true}]}}