{"id":65,"date":"2025-12-03T11:51:51","date_gmt":"2025-12-03T14:51:51","guid":{"rendered":"https:\/\/sites.uel.br\/cou\/?page_id=65"},"modified":"2025-12-03T16:51:31","modified_gmt":"2025-12-03T19:51:31","slug":"documentos","status":"publish","type":"page","link":"https:\/\/sites.uel.br\/cou\/documentos\/","title":{"rendered":"Regulamentos"},"content":{"rendered":"\n<hr class=\"wp-block-separator has-text-color has-verde-escuro-color has-alpha-channel-opacity has-verde-escuro-background-color has-background is-style-wide\"\/>\n\n\n\n<p>Seguem links de alguns regulamentos da Cl\u00ednica Odontol\u00f3gica Universit\u00e1ria:<\/p>\n\n\n\n<p><strong>Ordem de Servi\u00e7o<\/strong><\/p>\n\n\n\n<div class=\"wp-block-file\"><a id=\"wp-block-file--media-ff61bc4d-508d-47a6-95e9-bf31fb325ded\" href=\"https:\/\/sites.uel.br\/cou\/wp-content\/uploads\/2025\/12\/Ordem_de_ServiAsecto_COU_nAordm_001-2019.pdf\">Ordem_de_ServiAsecto_COU_nAordm_001-2019<\/a><a href=\"https:\/\/sites.uel.br\/cou\/wp-content\/uploads\/2025\/12\/Ordem_de_ServiAsecto_COU_nAordm_001-2019.pdf\" class=\"wp-block-file__button wp-element-button\" download aria-describedby=\"wp-block-file--media-ff61bc4d-508d-47a6-95e9-bf31fb325ded\">Baixar<\/a><\/div>\n\n\n\n<p><strong>Anexo I &#8211; Folha de Rosto<\/strong><\/p>\n\n\n\n<div class=\"wp-block-file\"><a id=\"wp-block-file--media-30bdae13-08c0-42ea-9b3e-7e8867bf957f\" href=\"https:\/\/sites.uel.br\/cou\/wp-content\/uploads\/2025\/12\/Anexo_I_folha_de_rosto.doc\">Anexo_I_folha_de_rosto<\/a><a href=\"https:\/\/sites.uel.br\/cou\/wp-content\/uploads\/2025\/12\/Anexo_I_folha_de_rosto.doc\" class=\"wp-block-file__button wp-element-button\" download aria-describedby=\"wp-block-file--media-30bdae13-08c0-42ea-9b3e-7e8867bf957f\">Baixar<\/a><\/div>\n\n\n\n<p><strong>Anexos II e IV<\/strong> &#8211; <strong>Assun\u00e7\u00e3o de Responsabilidade<\/strong><\/p>\n\n\n\n<div class=\"wp-block-file\"><a id=\"wp-block-file--media-5d182349-9c55-4d61-bb06-46001a7eac75\" href=\"https:\/\/sites.uel.br\/cou\/wp-content\/uploads\/2025\/12\/Anexo_II_e_IV__assunAsectApoundo_de_responsabilidade.doc\">Anexo_II_e_IV__assunAsectApoundo_de_responsabilidade<\/a><a href=\"https:\/\/sites.uel.br\/cou\/wp-content\/uploads\/2025\/12\/Anexo_II_e_IV__assunAsectApoundo_de_responsabilidade.doc\" class=\"wp-block-file__button wp-element-button\" download aria-describedby=\"wp-block-file--media-5d182349-9c55-4d61-bb06-46001a7eac75\">Baixar<\/a><\/div>\n\n\n\n<p><strong>Anexo III &#8211; Cumprimento das Normas e Regulamentos<\/strong><\/p>\n\n\n\n<div class=\"wp-block-file\"><a id=\"wp-block-file--media-9cf475de-2d12-4540-935b-f82b123d0fd1\" href=\"https:\/\/sites.uel.br\/cou\/wp-content\/uploads\/2025\/12\/Anexo_III_cumprimento_das_normas_e_regulamentos.doc\">Anexo_III_cumprimento_das_normas_e_regulamentos<\/a><a href=\"https:\/\/sites.uel.br\/cou\/wp-content\/uploads\/2025\/12\/Anexo_III_cumprimento_das_normas_e_regulamentos.doc\" class=\"wp-block-file__button wp-element-button\" download aria-describedby=\"wp-block-file--media-9cf475de-2d12-4540-935b-f82b123d0fd1\">Baixar<\/a><\/div>\n\n\n\n<p><strong>Anexo V &#8211; Formul\u00e1rio de Acompanhamento<\/strong><\/p>\n\n\n\n<div class=\"wp-block-file\"><a id=\"wp-block-file--media-605292f4-8109-477e-ae13-1ed304d78273\" href=\"https:\/\/sites.uel.br\/cou\/wp-content\/uploads\/2025\/12\/Anexo_V_Formulario_de_acompanhamento.doc\">Anexo_V_Formulario_de_acompanhamento<\/a><a href=\"https:\/\/sites.uel.br\/cou\/wp-content\/uploads\/2025\/12\/Anexo_V_Formulario_de_acompanhamento.doc\" class=\"wp-block-file__button wp-element-button\" download aria-describedby=\"wp-block-file--media-605292f4-8109-477e-ae13-1ed304d78273\">Baixar<\/a><\/div>\n\n\n\n<div class=\"wp-block-columns is-layout-flex wp-container-core-columns-is-layout-9d6595d7 wp-block-columns-is-layout-flex\">\n<div class=\"wp-block-column is-layout-flow wp-block-column-is-layout-flow\"><\/div>\n<\/div>\n","protected":false},"excerpt":{"rendered":"<p>Seguem links de alguns regulamentos da Cl\u00ednica Odontol\u00f3gica Universit\u00e1ria: Ordem de Servi\u00e7o Anexo I &#8211; Folha de Rosto Anexos II e IV &#8211; Assun\u00e7\u00e3o de Responsabilidade Anexo III &#8211; Cumprimento das Normas e Regulamentos Anexo V &#8211; Formul\u00e1rio de Acompanhamento<\/p>\n","protected":false},"author":6,"featured_media":0,"parent":0,"menu_order":0,"comment_status":"closed","ping_status":"closed","template":"","meta":{"_acf_changed":false,"footnotes":""},"class_list":["post-65","page","type-page","status-publish","hentry"],"acf":[],"_links":{"self":[{"href":"https:\/\/sites.uel.br\/cou\/wp-json\/wp\/v2\/pages\/65","targetHints":{"allow":["GET"]}}],"collection":[{"href":"https:\/\/sites.uel.br\/cou\/wp-json\/wp\/v2\/pages"}],"about":[{"href":"https:\/\/sites.uel.br\/cou\/wp-json\/wp\/v2\/types\/page"}],"author":[{"embeddable":true,"href":"https:\/\/sites.uel.br\/cou\/wp-json\/wp\/v2\/users\/6"}],"replies":[{"embeddable":true,"href":"https:\/\/sites.uel.br\/cou\/wp-json\/wp\/v2\/comments?post=65"}],"version-history":[{"count":10,"href":"https:\/\/sites.uel.br\/cou\/wp-json\/wp\/v2\/pages\/65\/revisions"}],"predecessor-version":[{"id":117,"href":"https:\/\/sites.uel.br\/cou\/wp-json\/wp\/v2\/pages\/65\/revisions\/117"}],"wp:attachment":[{"href":"https:\/\/sites.uel.br\/cou\/wp-json\/wp\/v2\/media?parent=65"}],"curies":[{"name":"wp","href":"https:\/\/api.w.org\/{rel}","templated":true}]}}