{"id":63,"date":"2025-12-03T11:50:26","date_gmt":"2025-12-03T14:50:26","guid":{"rendered":"https:\/\/sites.uel.br\/cou\/?page_id=63"},"modified":"2026-04-07T11:29:40","modified_gmt":"2026-04-07T14:29:40","slug":"pronto-socorro","status":"publish","type":"page","link":"https:\/\/sites.uel.br\/cou\/pronto-socorro\/","title":{"rendered":"Pronto Socorro"},"content":{"rendered":"\n<hr class=\"wp-block-separator has-text-color has-verde-escuro-color has-alpha-channel-opacity has-verde-escuro-background-color has-background is-style-wide\"\/>\n\n\n\n<p><strong>Urg\u00eancias Odontol\u00f3gicas<\/strong> &#8211; <strong>Hor\u00e1rios de Atendimento<\/strong><\/p>\n\n\n\n<p><strong>Segunda a Sexta-feira<\/strong><\/p>\n\n\n\n<ul class=\"wp-block-list\">\n<li><strong>7h \u00e0s 23h<\/strong>&nbsp;(admiss\u00e3o de pacientes at\u00e9 \u00e0s&nbsp;<strong>22h<\/strong>, com fechamento total \u00e0s&nbsp;<strong>23h).<\/strong><\/li>\n\n\n\n<li><strong>Distribui\u00e7\u00e3o de senhas<\/strong>&nbsp;a partir das&nbsp;<strong>17h<\/strong>.<\/li>\n\n\n\n<li>Ap\u00f3s o t\u00e9rmino das senhas, os pacientes ser\u00e3o orientados a retornar no dia seguinte.<\/li>\n\n\n\n<li><strong>Exce\u00e7\u00f5es:<\/strong>&nbsp;Casos de extrema urg\u00eancia, como&nbsp;<strong>hemorragia, abscesso ou trauma.&nbsp;<\/strong><\/li>\n<\/ul>\n\n\n\n<p><strong>S\u00e1bados<\/strong><\/p>\n\n\n\n<ul class=\"wp-block-list\">\n<li><strong>7h \u00e0s 19h<\/strong>&nbsp;(admiss\u00e3o de pacientes at\u00e9 \u00e0s&nbsp;<strong>18h<\/strong>, com fechamento total \u00e0s&nbsp;<strong>19h).<\/strong><\/li>\n\n\n\n<li>Distribui\u00e7\u00e3o de senhas a partir das 13h.&nbsp;<\/li>\n<\/ul>\n\n\n\n<ul class=\"wp-block-list\">\n<li>Ap\u00f3s o t\u00e9rmino das senhas, os pacientes ser\u00e3o orientados a retornar na segunda-feira.<\/li>\n\n\n\n<li><strong>Exce\u00e7\u00f5es:<\/strong>&nbsp;Casos de extrema urg\u00eancia, como&nbsp;<strong>hemorragia, abscesso ou trauma.&nbsp;<\/strong><\/li>\n<\/ul>\n\n\n\n<hr class=\"wp-block-separator has-text-color has-verde-escuro-color has-alpha-channel-opacity has-verde-escuro-background-color has-background is-style-wide\"\/>\n\n\n\n<p class=\"has-cinza-escuro-color has-text-color has-link-color wp-elements-81bf2183289a19786698144e90c84661\" style=\"text-decoration:underline\"><strong>Domingos, Recessos e Feriados &#8211; N\u00e3o h\u00e1 atendimento<\/strong><\/p>\n\n\n\n<hr class=\"wp-block-separator has-text-color has-verde-escuro-color has-alpha-channel-opacity has-verde-escuro-background-color has-background is-style-wide\"\/>\n\n\n\n<p><strong>Documenta\u00e7\u00e3o Obrigat\u00f3ria<\/strong><\/p>\n\n\n\n<ul class=\"wp-block-list\">\n<li>Documento de identifica\u00e7\u00e3o (RG ou similar).<\/li>\n\n\n\n<li>Cart\u00e3o SUS<\/li>\n<\/ul>\n\n\n\n<p><strong>CONTATO<\/strong><\/p>\n\n\n\n<ul class=\"wp-block-list\">\n<li>(43) 3371-6730&nbsp;<\/li>\n<\/ul>\n\n\n\n<div class=\"wp-block-columns is-layout-flex wp-container-core-columns-is-layout-9d6595d7 wp-block-columns-is-layout-flex\">\n<div class=\"wp-block-column is-layout-flow wp-block-column-is-layout-flow\"><\/div>\n<\/div>\n","protected":false},"excerpt":{"rendered":"<p>Urg\u00eancias Odontol\u00f3gicas &#8211; Hor\u00e1rios de Atendimento Segunda a Sexta-feira S\u00e1bados Domingos, Recessos e Feriados &#8211; N\u00e3o h\u00e1 atendimento Documenta\u00e7\u00e3o Obrigat\u00f3ria CONTATO<\/p>\n","protected":false},"author":6,"featured_media":0,"parent":0,"menu_order":0,"comment_status":"closed","ping_status":"closed","template":"","meta":{"_acf_changed":false,"footnotes":""},"class_list":["post-63","page","type-page","status-publish","hentry"],"acf":[],"_links":{"self":[{"href":"https:\/\/sites.uel.br\/cou\/wp-json\/wp\/v2\/pages\/63","targetHints":{"allow":["GET"]}}],"collection":[{"href":"https:\/\/sites.uel.br\/cou\/wp-json\/wp\/v2\/pages"}],"about":[{"href":"https:\/\/sites.uel.br\/cou\/wp-json\/wp\/v2\/types\/page"}],"author":[{"embeddable":true,"href":"https:\/\/sites.uel.br\/cou\/wp-json\/wp\/v2\/users\/6"}],"replies":[{"embeddable":true,"href":"https:\/\/sites.uel.br\/cou\/wp-json\/wp\/v2\/comments?post=63"}],"version-history":[{"count":9,"href":"https:\/\/sites.uel.br\/cou\/wp-json\/wp\/v2\/pages\/63\/revisions"}],"predecessor-version":[{"id":193,"href":"https:\/\/sites.uel.br\/cou\/wp-json\/wp\/v2\/pages\/63\/revisions\/193"}],"wp:attachment":[{"href":"https:\/\/sites.uel.br\/cou\/wp-json\/wp\/v2\/media?parent=63"}],"curies":[{"name":"wp","href":"https:\/\/api.w.org\/{rel}","templated":true}]}}