{"id":59,"date":"2025-12-03T11:49:13","date_gmt":"2025-12-03T14:49:13","guid":{"rendered":"https:\/\/sites.uel.br\/cou\/?page_id=59"},"modified":"2025-12-04T16:58:11","modified_gmt":"2025-12-04T19:58:11","slug":"estrutura-academica","status":"publish","type":"page","link":"https:\/\/sites.uel.br\/cou\/estrutura-academica\/","title":{"rendered":"Estrutura Acad\u00eamica"},"content":{"rendered":"\n<hr class=\"wp-block-separator has-text-color has-verde-escuro-color has-alpha-channel-opacity has-verde-escuro-background-color has-background is-style-wide\"\/>\n\n\n\n<p><strong>Departamentos do&nbsp; Curso de Odontologia que atuam na Cl\u00ednica Odontol\u00f3gica Universit\u00e1ria<\/strong>:<\/p>\n\n\n\n<p><strong>Chefe do Departamento de Odontologia Restauradora (ODO)<\/strong><br>Prof. Dr. Ronaldo Souza F. da Silva<br>e-mail: depto_odo@uel.br<\/p>\n\n\n\n<p><strong>Chefe do<\/strong> <strong>Departamento de Medicina Oral e Odontologia Infantil \u2013 MOOI&nbsp; &nbsp; &nbsp; &nbsp;<\/strong><br>Profa. Dra. Maria Luiza Iwakura Kasai&nbsp; &nbsp; &nbsp; &nbsp; &nbsp; &nbsp; &nbsp; &nbsp; &nbsp; &nbsp; <br>Fone: 3371-6753&nbsp; &nbsp; <br>e-mail: mooi@uel.br&nbsp;<\/p>\n\n\n\n<p><strong>Coordenador do Colegiado do Curso de Odontologia<\/strong>&nbsp;<br>Prof. Dr. Ademar Takahama J\u00fanior&nbsp; &nbsp; &nbsp; &nbsp; &nbsp; &nbsp; &nbsp; &nbsp; &nbsp; &nbsp; &nbsp; &nbsp; &nbsp; &nbsp; &nbsp; &nbsp; &nbsp; &nbsp; &nbsp; &nbsp; &nbsp; &nbsp; &nbsp; &nbsp; &nbsp; &nbsp; &nbsp; &nbsp; &nbsp; &nbsp; &nbsp;&nbsp;<br>Fone: 3371-6742&nbsp;&nbsp;<br>e-mail: odontologia@uel.br<\/p>\n\n\n\n<p><strong>Diretora da Cl\u00ednica de Especialidades Infantis Odontologia para Beb\u00ea<\/strong> (<strong>Beb\u00ea Cl\u00ednica)<\/strong><br>Profa. Dra. C\u00e1ssia Cilene Dezan Garbelini<br>Fone: 3371-6710 \/ 6736<br>e-mail:\u00a0bebeclinica@uel.br<\/p>\n\n\n\n<div class=\"wp-block-columns is-layout-flex wp-container-core-columns-is-layout-9d6595d7 wp-block-columns-is-layout-flex\">\n<div class=\"wp-block-column is-layout-flow wp-block-column-is-layout-flow\"><\/div>\n<\/div>\n","protected":false},"excerpt":{"rendered":"<p>Departamentos do&nbsp; Curso de Odontologia que atuam na Cl\u00ednica Odontol\u00f3gica Universit\u00e1ria: Chefe do Departamento de Odontologia Restauradora (ODO)Prof. Dr. Ronaldo Souza F. da Silvae-mail: depto_odo@uel.br Chefe do Departamento de Medicina Oral e Odontologia Infantil \u2013 MOOI&nbsp; &nbsp; &nbsp; &nbsp;Profa. Dra. Maria Luiza Iwakura Kasai&nbsp; &nbsp; &nbsp; &nbsp; &nbsp; &nbsp; &nbsp; &nbsp; &nbsp; &nbsp; Fone: 3371-6753&nbsp; [&hellip;]<\/p>\n","protected":false},"author":6,"featured_media":0,"parent":0,"menu_order":0,"comment_status":"closed","ping_status":"closed","template":"","meta":{"_acf_changed":false,"footnotes":""},"class_list":["post-59","page","type-page","status-publish","hentry"],"acf":[],"_links":{"self":[{"href":"https:\/\/sites.uel.br\/cou\/wp-json\/wp\/v2\/pages\/59","targetHints":{"allow":["GET"]}}],"collection":[{"href":"https:\/\/sites.uel.br\/cou\/wp-json\/wp\/v2\/pages"}],"about":[{"href":"https:\/\/sites.uel.br\/cou\/wp-json\/wp\/v2\/types\/page"}],"author":[{"embeddable":true,"href":"https:\/\/sites.uel.br\/cou\/wp-json\/wp\/v2\/users\/6"}],"replies":[{"embeddable":true,"href":"https:\/\/sites.uel.br\/cou\/wp-json\/wp\/v2\/comments?post=59"}],"version-history":[{"count":10,"href":"https:\/\/sites.uel.br\/cou\/wp-json\/wp\/v2\/pages\/59\/revisions"}],"predecessor-version":[{"id":173,"href":"https:\/\/sites.uel.br\/cou\/wp-json\/wp\/v2\/pages\/59\/revisions\/173"}],"wp:attachment":[{"href":"https:\/\/sites.uel.br\/cou\/wp-json\/wp\/v2\/media?parent=59"}],"curies":[{"name":"wp","href":"https:\/\/api.w.org\/{rel}","templated":true}]}}