{"id":57,"date":"2025-12-03T11:48:58","date_gmt":"2025-12-03T14:48:58","guid":{"rendered":"https:\/\/sites.uel.br\/cou\/?page_id=57"},"modified":"2025-12-04T16:00:15","modified_gmt":"2025-12-04T19:00:15","slug":"estrutura-administrativa","status":"publish","type":"page","link":"https:\/\/sites.uel.br\/cou\/estrutura-administrativa\/","title":{"rendered":"Estrutura Administrativa"},"content":{"rendered":"\n<hr class=\"wp-block-separator has-text-color has-verde-escuro-color has-alpha-channel-opacity has-verde-escuro-background-color has-background is-style-wide\"\/>\n\n\n\n<p class=\"has-medium-font-size\">A estrutura do \u00d3rg\u00e3o Suplementar \u00e9 constitu\u00edda de Diretoria, Secretaria Executiva, Divis\u00f5es Cl\u00ednica e Administrativa e seus respectivos Setores.\u00a0\u00a0\u00a0<br><br><strong>Diretor<\/strong><br>Prof. Dr. H\u00e9lion Le\u00e3o Lino J\u00fanior<br><br><strong>Secret\u00e1ria Executiva &#8211;<\/strong>\u00a0Marcia Maria Ribeiro Vicente \u2013\u00a03371-6702\u00a0<br><br><strong>Divis\u00e3o Administrativa\u00a0&#8211;<\/strong>\u00a0 Jeverson Bueno de Oliveira<br>Respons\u00e1vel pela coordena\u00e7\u00e3o das atividades administrativas, a fim de dar suporte \u00e0s atividades acad\u00eamicas (projetos de ensino, pesquisa, extens\u00e3o e presta\u00e7\u00e3o de servi\u00e7os). <br>S\u00e3o eles:<br><br>*<strong>Setor de Estat\u00edstica e Faturamento<\/strong>: Angela Maria de Souza &#8211; 3371-6717<br>*<strong>Setor de Manuten\u00e7\u00e3o<\/strong>: David Moreira da Costa &#8211; 3371-6715<br>*<strong>Setor de Material e Or\u00e7amento<\/strong>: Fernanda Cristina Sposito &#8211; 3371-6706<br>*<strong>Setor de Servi\u00e7os Gerais<\/strong>: Aparecida Vieira dos Santos Diamor\u00a0<br><\/p>\n\n\n\n<hr class=\"wp-block-separator has-text-color has-verde-escuro-color has-alpha-channel-opacity has-verde-escuro-background-color has-background is-style-wide\"\/>\n\n\n\n<p class=\"has-medium-font-size\"><br><strong>Divis\u00e3o Cl\u00ednica<\/strong>\u00a0&#8211; Prof. Dr. Rodrigo Tiossi <br>Respons\u00e1vel pela coordena\u00e7\u00e3o das atividades cl\u00ednicas e administrativas, a fim de dar suporte ao Curso de Gradua\u00e7\u00e3o e P\u00f3s-Gradua\u00e7\u00e3o.<br><br>*<strong>Setor de Apoio Administrativo<\/strong>: Rosana Afonso Ferreira Fanelli &#8211; 3371-6712<br>*<strong>Setor de Apoio Cl\u00ednico<\/strong>: <br>*<strong>Setor de Centro Cir\u00fargico<\/strong>: <br>*<strong>Setor de Laborat\u00f3rios<\/strong>: <br>*<strong>Setor de Pronto Socorro<\/strong>: Prof. Dr. Rodrigo Tiossi\u00a0<\/p>\n\n\n\n<div class=\"wp-block-columns is-layout-flex wp-container-core-columns-is-layout-9d6595d7 wp-block-columns-is-layout-flex\">\n<div class=\"wp-block-column is-layout-flow wp-block-column-is-layout-flow\"><\/div>\n<\/div>\n\n\n\n<p><\/p>\n","protected":false},"excerpt":{"rendered":"<p>A estrutura do \u00d3rg\u00e3o Suplementar \u00e9 constitu\u00edda de Diretoria, Secretaria Executiva, Divis\u00f5es Cl\u00ednica e Administrativa e seus respectivos Setores.\u00a0\u00a0\u00a0 DiretorProf. Dr. H\u00e9lion Le\u00e3o Lino J\u00fanior Secret\u00e1ria Executiva &#8211;\u00a0Marcia Maria Ribeiro Vicente \u2013\u00a03371-6702\u00a0 Divis\u00e3o Administrativa\u00a0&#8211;\u00a0 Jeverson Bueno de OliveiraRespons\u00e1vel pela coordena\u00e7\u00e3o das atividades administrativas, a fim de dar suporte \u00e0s atividades acad\u00eamicas (projetos de ensino, pesquisa, [&hellip;]<\/p>\n","protected":false},"author":6,"featured_media":0,"parent":0,"menu_order":0,"comment_status":"closed","ping_status":"closed","template":"","meta":{"_acf_changed":false,"footnotes":""},"class_list":["post-57","page","type-page","status-publish","hentry"],"acf":[],"_links":{"self":[{"href":"https:\/\/sites.uel.br\/cou\/wp-json\/wp\/v2\/pages\/57","targetHints":{"allow":["GET"]}}],"collection":[{"href":"https:\/\/sites.uel.br\/cou\/wp-json\/wp\/v2\/pages"}],"about":[{"href":"https:\/\/sites.uel.br\/cou\/wp-json\/wp\/v2\/types\/page"}],"author":[{"embeddable":true,"href":"https:\/\/sites.uel.br\/cou\/wp-json\/wp\/v2\/users\/6"}],"replies":[{"embeddable":true,"href":"https:\/\/sites.uel.br\/cou\/wp-json\/wp\/v2\/comments?post=57"}],"version-history":[{"count":12,"href":"https:\/\/sites.uel.br\/cou\/wp-json\/wp\/v2\/pages\/57\/revisions"}],"predecessor-version":[{"id":172,"href":"https:\/\/sites.uel.br\/cou\/wp-json\/wp\/v2\/pages\/57\/revisions\/172"}],"wp:attachment":[{"href":"https:\/\/sites.uel.br\/cou\/wp-json\/wp\/v2\/media?parent=57"}],"curies":[{"name":"wp","href":"https:\/\/api.w.org\/{rel}","templated":true}]}}