{"id":55,"date":"2025-12-03T11:48:36","date_gmt":"2025-12-03T14:48:36","guid":{"rendered":"https:\/\/sites.uel.br\/cou\/?page_id=55"},"modified":"2025-12-03T16:52:41","modified_gmt":"2025-12-03T19:52:41","slug":"estrutura-fisica","status":"publish","type":"page","link":"https:\/\/sites.uel.br\/cou\/estrutura-fisica\/","title":{"rendered":"Estrutura F\u00edsica"},"content":{"rendered":"\n<hr class=\"wp-block-separator has-text-color has-verde-escuro-color has-alpha-channel-opacity has-verde-escuro-background-color has-background is-style-wide\"\/>\n\n\n\n<p>A Estrutura da Cl\u00ednica Odontol\u00f3gica Universit\u00e1ria (COU) conta com:<\/p>\n\n\n\n<ul class=\"wp-block-list\">\n<li>Ambulat\u00f3rios Multidisciplinares<\/li>\n\n\n\n<li>Laborat\u00f3rios<\/li>\n\n\n\n<li>Sala de Aula<\/li>\n\n\n\n<li>Setores de Apoio Administrativo<\/li>\n<\/ul>\n","protected":false},"excerpt":{"rendered":"<p>A Estrutura da Cl\u00ednica Odontol\u00f3gica Universit\u00e1ria (COU) conta com:<\/p>\n","protected":false},"author":6,"featured_media":0,"parent":0,"menu_order":0,"comment_status":"closed","ping_status":"closed","template":"","meta":{"_acf_changed":false,"footnotes":""},"class_list":["post-55","page","type-page","status-publish","hentry"],"acf":[],"_links":{"self":[{"href":"https:\/\/sites.uel.br\/cou\/wp-json\/wp\/v2\/pages\/55","targetHints":{"allow":["GET"]}}],"collection":[{"href":"https:\/\/sites.uel.br\/cou\/wp-json\/wp\/v2\/pages"}],"about":[{"href":"https:\/\/sites.uel.br\/cou\/wp-json\/wp\/v2\/types\/page"}],"author":[{"embeddable":true,"href":"https:\/\/sites.uel.br\/cou\/wp-json\/wp\/v2\/users\/6"}],"replies":[{"embeddable":true,"href":"https:\/\/sites.uel.br\/cou\/wp-json\/wp\/v2\/comments?post=55"}],"version-history":[{"count":4,"href":"https:\/\/sites.uel.br\/cou\/wp-json\/wp\/v2\/pages\/55\/revisions"}],"predecessor-version":[{"id":121,"href":"https:\/\/sites.uel.br\/cou\/wp-json\/wp\/v2\/pages\/55\/revisions\/121"}],"wp:attachment":[{"href":"https:\/\/sites.uel.br\/cou\/wp-json\/wp\/v2\/media?parent=55"}],"curies":[{"name":"wp","href":"https:\/\/api.w.org\/{rel}","templated":true}]}}