{"id":53,"date":"2025-12-03T11:47:43","date_gmt":"2025-12-03T14:47:43","guid":{"rendered":"https:\/\/sites.uel.br\/cou\/?page_id=53"},"modified":"2025-12-03T14:46:11","modified_gmt":"2025-12-03T17:46:11","slug":"historico","status":"publish","type":"page","link":"https:\/\/sites.uel.br\/cou\/historico\/","title":{"rendered":"Hist\u00f3rico"},"content":{"rendered":"\n<hr class=\"wp-block-separator has-text-color has-verde-escuro-color has-alpha-channel-opacity has-verde-escuro-background-color has-background is-style-wide\"\/>\n\n\n\n<div class=\"wp-block-columns is-layout-flex wp-container-core-columns-is-layout-9d6595d7 wp-block-columns-is-layout-flex\">\n<div class=\"wp-block-column is-layout-flow wp-block-column-is-layout-flow\">\n<figure class=\"wp-block-image size-full\"><img loading=\"lazy\" decoding=\"async\" width=\"800\" height=\"531\" src=\"https:\/\/sites.uel.br\/cou\/wp-content\/uploads\/2025\/12\/imagem_2025-12-03_141633741.png\" alt=\"\" class=\"wp-image-75\" srcset=\"https:\/\/sites.uel.br\/cou\/wp-content\/uploads\/2025\/12\/imagem_2025-12-03_141633741.png 800w, https:\/\/sites.uel.br\/cou\/wp-content\/uploads\/2025\/12\/imagem_2025-12-03_141633741-300x199.png 300w, https:\/\/sites.uel.br\/cou\/wp-content\/uploads\/2025\/12\/imagem_2025-12-03_141633741-768x510.png 768w\" sizes=\"auto, (max-width: 800px) 100vw, 800px\" \/><\/figure>\n<\/div>\n\n\n\n<div class=\"wp-block-column is-layout-flow wp-block-column-is-layout-flow\">\n<div class=\"wp-block-columns is-layout-flex wp-container-core-columns-is-layout-9d6595d7 wp-block-columns-is-layout-flex\">\n<div class=\"wp-block-column is-layout-flow wp-block-column-is-layout-flow\"><\/div>\n<\/div>\n\n\n\n<div class=\"wp-block-columns is-layout-flex wp-container-core-columns-is-layout-9d6595d7 wp-block-columns-is-layout-flex\">\n<div class=\"wp-block-column is-layout-flow wp-block-column-is-layout-flow\"><\/div>\n<\/div>\n\n\n\n<p>A Cl\u00ednica Odontol\u00f3gica surgiu em 1963, na ent\u00e3o denominada Faculdade Estadual de Odontologia de Londrina. Com a cria\u00e7\u00e3o da Funda\u00e7\u00e3o Universidade Estadual de Londrina (FUEL) em 1971, o Curso foi integrado ao Centro de Ci\u00eancias da Sa\u00fade (CCS) e a Cl\u00ednica Odontol\u00f3gica passou a ser uma subunidade deste mesmo Centro.&nbsp;<\/p>\n\n\n\n<div class=\"wp-block-columns is-layout-flex wp-container-core-columns-is-layout-9d6595d7 wp-block-columns-is-layout-flex\">\n<div class=\"wp-block-column is-layout-flow wp-block-column-is-layout-flow\"><\/div>\n<\/div>\n\n\n\n<hr class=\"wp-block-separator has-text-color has-verde-escuro-color has-alpha-channel-opacity has-verde-escuro-background-color has-background is-style-wide\"\/>\n<\/div>\n<\/div>\n\n\n\n<p>A Cl\u00ednica, a partir de 02\/12\/93, foi institucionalizada como \u00d3rg\u00e3o Suplementar da Universidade Estadual de Londrina (UEL) passando a denominar-se Centro Odontol\u00f3gico Universit\u00e1rio Norte do Paran\u00e1 (COUNP), por meio da Resolu\u00e7\u00e3o CU n\u00ba 2486\/93 e de seu Regimento aprovado pela Resolu\u00e7\u00e3o CA n\u00ba 2609\/94 de 25\/05\/94. Em 22\/01\/2004 por meio da Resolu\u00e7\u00e3o CU n\u00ba 01\/04 houve altera\u00e7\u00e3o na nomenclatura do \u00d3rg\u00e3o, passando de Centro para Cl\u00ednica Odontol\u00f3gica Universit\u00e1ria (COU).<\/p>\n\n\n\n<div class=\"wp-block-columns is-layout-flex wp-container-core-columns-is-layout-9d6595d7 wp-block-columns-is-layout-flex\">\n<div class=\"wp-block-column is-layout-flow wp-block-column-is-layout-flow\"><\/div>\n<\/div>\n","protected":false},"excerpt":{"rendered":"<p>A Cl\u00ednica Odontol\u00f3gica surgiu em 1963, na ent\u00e3o denominada Faculdade Estadual de Odontologia de Londrina. Com a cria\u00e7\u00e3o da Funda\u00e7\u00e3o Universidade Estadual de Londrina (FUEL) em 1971, o Curso foi integrado ao Centro de Ci\u00eancias da Sa\u00fade (CCS) e a Cl\u00ednica Odontol\u00f3gica passou a ser uma subunidade deste mesmo Centro.&nbsp; A Cl\u00ednica, a partir de [&hellip;]<\/p>\n","protected":false},"author":6,"featured_media":0,"parent":0,"menu_order":0,"comment_status":"closed","ping_status":"closed","template":"","meta":{"_acf_changed":false,"footnotes":""},"class_list":["post-53","page","type-page","status-publish","hentry"],"acf":[],"_links":{"self":[{"href":"https:\/\/sites.uel.br\/cou\/wp-json\/wp\/v2\/pages\/53","targetHints":{"allow":["GET"]}}],"collection":[{"href":"https:\/\/sites.uel.br\/cou\/wp-json\/wp\/v2\/pages"}],"about":[{"href":"https:\/\/sites.uel.br\/cou\/wp-json\/wp\/v2\/types\/page"}],"author":[{"embeddable":true,"href":"https:\/\/sites.uel.br\/cou\/wp-json\/wp\/v2\/users\/6"}],"replies":[{"embeddable":true,"href":"https:\/\/sites.uel.br\/cou\/wp-json\/wp\/v2\/comments?post=53"}],"version-history":[{"count":10,"href":"https:\/\/sites.uel.br\/cou\/wp-json\/wp\/v2\/pages\/53\/revisions"}],"predecessor-version":[{"id":96,"href":"https:\/\/sites.uel.br\/cou\/wp-json\/wp\/v2\/pages\/53\/revisions\/96"}],"wp:attachment":[{"href":"https:\/\/sites.uel.br\/cou\/wp-json\/wp\/v2\/media?parent=53"}],"curies":[{"name":"wp","href":"https:\/\/api.w.org\/{rel}","templated":true}]}}