{"id":51,"date":"2025-12-03T11:47:28","date_gmt":"2025-12-03T14:47:28","guid":{"rendered":"https:\/\/sites.uel.br\/cou\/?page_id=51"},"modified":"2025-12-03T14:41:56","modified_gmt":"2025-12-03T17:41:56","slug":"missao","status":"publish","type":"page","link":"https:\/\/sites.uel.br\/cou\/missao\/","title":{"rendered":"Miss\u00e3o"},"content":{"rendered":"\n<hr class=\"wp-block-separator has-text-color has-verde-escuro-color has-alpha-channel-opacity has-verde-escuro-background-color has-background is-style-wide\"\/>\n\n\n\n<p>A Cl\u00ednica Odontol\u00f3gica Universit\u00e1ria tem por finalidade proporcionar estrutura f\u00edsica, humana e log\u00edstica ao Curso de Odontologia, para as atividades do ensino, da pesquisa, da extens\u00e3o e da presta\u00e7\u00e3o de servi\u00e7os, de forma integral e humanizada, interdisciplinar e multiprofissional, contribuindo para o atendimento e melhoria da qualidade de vida dos cidad\u00e3os.<\/p>\n\n\n\n<div class=\"wp-block-columns is-layout-flex wp-container-core-columns-is-layout-9d6595d7 wp-block-columns-is-layout-flex\">\n<div class=\"wp-block-column is-layout-flow wp-block-column-is-layout-flow\"><\/div>\n<\/div>\n","protected":false},"excerpt":{"rendered":"<p>A Cl\u00ednica Odontol\u00f3gica Universit\u00e1ria tem por finalidade proporcionar estrutura f\u00edsica, humana e log\u00edstica ao Curso de Odontologia, para as atividades do ensino, da pesquisa, da extens\u00e3o e da presta\u00e7\u00e3o de servi\u00e7os, de forma integral e humanizada, interdisciplinar e multiprofissional, contribuindo para o atendimento e melhoria da qualidade de vida dos cidad\u00e3os.<\/p>\n","protected":false},"author":6,"featured_media":0,"parent":0,"menu_order":0,"comment_status":"closed","ping_status":"closed","template":"","meta":{"_acf_changed":false,"footnotes":""},"class_list":["post-51","page","type-page","status-publish","hentry"],"acf":[],"_links":{"self":[{"href":"https:\/\/sites.uel.br\/cou\/wp-json\/wp\/v2\/pages\/51","targetHints":{"allow":["GET"]}}],"collection":[{"href":"https:\/\/sites.uel.br\/cou\/wp-json\/wp\/v2\/pages"}],"about":[{"href":"https:\/\/sites.uel.br\/cou\/wp-json\/wp\/v2\/types\/page"}],"author":[{"embeddable":true,"href":"https:\/\/sites.uel.br\/cou\/wp-json\/wp\/v2\/users\/6"}],"replies":[{"embeddable":true,"href":"https:\/\/sites.uel.br\/cou\/wp-json\/wp\/v2\/comments?post=51"}],"version-history":[{"count":3,"href":"https:\/\/sites.uel.br\/cou\/wp-json\/wp\/v2\/pages\/51\/revisions"}],"predecessor-version":[{"id":93,"href":"https:\/\/sites.uel.br\/cou\/wp-json\/wp\/v2\/pages\/51\/revisions\/93"}],"wp:attachment":[{"href":"https:\/\/sites.uel.br\/cou\/wp-json\/wp\/v2\/media?parent=51"}],"curies":[{"name":"wp","href":"https:\/\/api.w.org\/{rel}","templated":true}]}}