{"id":139,"date":"2025-12-03T17:06:56","date_gmt":"2025-12-03T20:06:56","guid":{"rendered":"https:\/\/sites.uel.br\/cou\/?page_id=139"},"modified":"2025-12-04T10:52:51","modified_gmt":"2025-12-04T13:52:51","slug":"ccio","status":"publish","type":"page","link":"https:\/\/sites.uel.br\/cou\/ccio\/","title":{"rendered":"CCIO"},"content":{"rendered":"\n<p>A Comiss\u00e3o de Controle de Infec\u00e7\u00e3o Odontol\u00f3gica planeja, implanta e avalia o programa de controle de infec\u00e7\u00e3o e biosseguran\u00e7a, no \u00e2mbito dos setores que comp\u00f5em a COU, atrav\u00e9s de a\u00e7\u00f5es de investiga\u00e7\u00e3o, preven\u00e7\u00e3o e controle, de acordo com as normas e padr\u00f5es vigentes da Secretaria de Sa\u00fade do Estado e Minist\u00e9rio da Sa\u00fade.<\/p>\n\n\n\n<p>Coordenadora da Comiss\u00e3o de Controle de Infec\u00e7\u00e3o Odontol\u00f3gica<\/p>\n\n\n\n<p><\/p>\n","protected":false},"excerpt":{"rendered":"<p>A Comiss\u00e3o de Controle de Infec\u00e7\u00e3o Odontol\u00f3gica planeja, implanta e avalia o programa de controle de infec\u00e7\u00e3o e biosseguran\u00e7a, no \u00e2mbito dos setores que comp\u00f5em a COU, atrav\u00e9s de a\u00e7\u00f5es de investiga\u00e7\u00e3o, preven\u00e7\u00e3o e controle, de acordo com as normas e padr\u00f5es vigentes da Secretaria de Sa\u00fade do Estado e Minist\u00e9rio da Sa\u00fade. Coordenadora da [&hellip;]<\/p>\n","protected":false},"author":6,"featured_media":0,"parent":0,"menu_order":0,"comment_status":"closed","ping_status":"closed","template":"","meta":{"_acf_changed":false,"footnotes":""},"class_list":["post-139","page","type-page","status-publish","hentry"],"acf":[],"_links":{"self":[{"href":"https:\/\/sites.uel.br\/cou\/wp-json\/wp\/v2\/pages\/139","targetHints":{"allow":["GET"]}}],"collection":[{"href":"https:\/\/sites.uel.br\/cou\/wp-json\/wp\/v2\/pages"}],"about":[{"href":"https:\/\/sites.uel.br\/cou\/wp-json\/wp\/v2\/types\/page"}],"author":[{"embeddable":true,"href":"https:\/\/sites.uel.br\/cou\/wp-json\/wp\/v2\/users\/6"}],"replies":[{"embeddable":true,"href":"https:\/\/sites.uel.br\/cou\/wp-json\/wp\/v2\/comments?post=139"}],"version-history":[{"count":2,"href":"https:\/\/sites.uel.br\/cou\/wp-json\/wp\/v2\/pages\/139\/revisions"}],"predecessor-version":[{"id":150,"href":"https:\/\/sites.uel.br\/cou\/wp-json\/wp\/v2\/pages\/139\/revisions\/150"}],"wp:attachment":[{"href":"https:\/\/sites.uel.br\/cou\/wp-json\/wp\/v2\/media?parent=139"}],"curies":[{"name":"wp","href":"https:\/\/api.w.org\/{rel}","templated":true}]}}