{"id":137,"date":"2025-12-03T17:06:45","date_gmt":"2025-12-03T20:06:45","guid":{"rendered":"https:\/\/sites.uel.br\/cou\/?page_id=137"},"modified":"2025-12-04T10:41:28","modified_gmt":"2025-12-04T13:41:28","slug":"ceo","status":"publish","type":"page","link":"https:\/\/sites.uel.br\/cou\/ceo\/","title":{"rendered":"CEO"},"content":{"rendered":"\n<p>Presta atendimentos especializados em Periodontia, Endodontia, Pr\u00f3tese, Dent\u00edstica, Cirurgia e Odontopediatria. <\/p>\n\n\n\n<p>Os pacientes ser\u00e3o atendidos somente mediante agendamento pela Rede P\u00fablica.<\/p>\n\n\n\n<p>Fone: (43) 3371-6731<\/p>\n","protected":false},"excerpt":{"rendered":"<p>Presta atendimentos especializados em Periodontia, Endodontia, Pr\u00f3tese, Dent\u00edstica, Cirurgia e Odontopediatria. Os pacientes ser\u00e3o atendidos somente mediante agendamento pela Rede P\u00fablica. Fone: (43) 3371-6731<\/p>\n","protected":false},"author":6,"featured_media":0,"parent":0,"menu_order":0,"comment_status":"closed","ping_status":"closed","template":"","meta":{"_acf_changed":false,"footnotes":""},"class_list":["post-137","page","type-page","status-publish","hentry"],"acf":[],"_links":{"self":[{"href":"https:\/\/sites.uel.br\/cou\/wp-json\/wp\/v2\/pages\/137","targetHints":{"allow":["GET"]}}],"collection":[{"href":"https:\/\/sites.uel.br\/cou\/wp-json\/wp\/v2\/pages"}],"about":[{"href":"https:\/\/sites.uel.br\/cou\/wp-json\/wp\/v2\/types\/page"}],"author":[{"embeddable":true,"href":"https:\/\/sites.uel.br\/cou\/wp-json\/wp\/v2\/users\/6"}],"replies":[{"embeddable":true,"href":"https:\/\/sites.uel.br\/cou\/wp-json\/wp\/v2\/comments?post=137"}],"version-history":[{"count":3,"href":"https:\/\/sites.uel.br\/cou\/wp-json\/wp\/v2\/pages\/137\/revisions"}],"predecessor-version":[{"id":149,"href":"https:\/\/sites.uel.br\/cou\/wp-json\/wp\/v2\/pages\/137\/revisions\/149"}],"wp:attachment":[{"href":"https:\/\/sites.uel.br\/cou\/wp-json\/wp\/v2\/media?parent=137"}],"curies":[{"name":"wp","href":"https:\/\/api.w.org\/{rel}","templated":true}]}}