{"id":86,"date":"2022-09-19T11:39:32","date_gmt":"2022-09-19T14:39:32","guid":{"rendered":"https:\/\/sites.uel.br\/contraoracismo\/?page_id=86"},"modified":"2025-02-03T23:02:02","modified_gmt":"2025-02-04T02:02:02","slug":"documentos","status":"publish","type":"page","link":"https:\/\/sites.uel.br\/contraoracismo\/documentos\/","title":{"rendered":"Documentos"},"content":{"rendered":"\n<h2 class=\"wp-block-heading\">Referencial Jur\u00eddico<\/h2>\n\n\n\n<div class=\"wp-block-columns is-layout-flex wp-container-core-columns-is-layout-9d6595d7 wp-block-columns-is-layout-flex\">\n<div class=\"wp-block-column is-layout-flow wp-block-column-is-layout-flow\" style=\"flex-basis:66.66%\">\n<ul class=\"wp-block-list\">\n<li><a href=\"https:\/\/www.planalto.gov.br\/ccivil_03\/constituicao\/constituicao.htm\" data-type=\"URL\" data-id=\"https:\/\/www.planalto.gov.br\/ccivil_03\/constituicao\/constituicao.htm\">Constitui\u00e7\u00e3o Federal 1988<\/a><\/li>\n\n\n\n<li><a href=\"https:\/\/www.planalto.gov.br\/ccivil_03\/leis\/l7716.htm#:~:text=LEI%20N%C2%BA%207.716%2C%20DE%205%20DE%20JANEIRO%20DE%201989.&amp;text=Define%20os%20crimes%20resultantes%20de,de%20ra%C3%A7a%20ou%20de%20cor.\" data-type=\"URL\" data-id=\"https:\/\/www.planalto.gov.br\/ccivil_03\/leis\/l7716.htm#:~:text=LEI%20N%C2%BA%207.716%2C%20DE%205%20DE%20JANEIRO%20DE%201989.&amp;text=Define%20os%20crimes%20resultantes%20de,de%20ra%C3%A7a%20ou%20de%20cor.\">Lei do Racismo N\u00ba 7716\/1989<\/a><\/li>\n\n\n\n<li><a href=\"https:\/\/download.inep.gov.br\/publicacoes\/diversas\/temas_interdisciplinares\/diretrizes_curriculares_nacionais_para_a_educacao_das_relacoes_etnico_raciais_e_para_o_ensino_de_historia_e_cultura_afro_brasileira_e_africana.pdf\">Diretrizes Curriculares Nacionais para a Educa\u00e7\u00e3o das Rela\u00e7\u00f5es \u00c9tnico Raciais &#8211; 2004<\/a><\/li>\n\n\n\n<li><a href=\"https:\/\/www.legislacao.pr.gov.br\/legislacao\/pesquisarAto.do?action=exibir&amp;codAto=734&amp;indice=1&amp;totalRegistros=1\">Programa SOS Racismo no Paran\u00e1 &#8211; Lei Estadual n\u00ba 14938 &#8211; 14 de Dezembro de 2005<\/a><\/li>\n\n\n\n<li><a href=\"http:\/\/www.planalto.gov.br\/ccivil_03\/_ato2007-2010\/2010\/lei\/l12288.htm\">Estatuto da Igualdade Racial &#8211; Lei Federal n\u00ba 12.288 de Julho de 2010<\/a><\/li>\n\n\n\n<li><a href=\"https:\/\/drive.google.com\/file\/d\/1A5mlvvUUucdIP90l8dL-8BPqNK8SSLs2\/view?usp=sharing\">Pacto pela elimina\u00e7\u00e3o do racismo na UEL &#8211; mar\u00e7o de 2019<\/a><\/li>\n\n\n\n<li><a href=\"https:\/\/sites.uel.br\/contraoracismo\/wp-content\/uploads\/2022\/10\/4126.pdf\">Portaria relativa ao grupo de trabalho para erradica\u00e7\u00e3o do racismo &#8211; 4126\/2022<\/a><\/li>\n\n\n\n<li><a href=\"https:\/\/www.planalto.gov.br\/ccivil_03\/_ato2023-2026\/2023\/lei\/l14532.htm\" data-type=\"URL\" data-id=\"https:\/\/www.planalto.gov.br\/ccivil_03\/_ato2023-2026\/2023\/lei\/l14532.htm\">Lei 14.532\/2023 tipifica inj\u00faria racial como crime de racismo<\/a><\/li>\n<\/ul>\n<\/div>\n\n\n\n<div class=\"wp-block-column is-layout-flow wp-block-column-is-layout-flow\" style=\"flex-basis:33.33%\">\n<figure class=\"wp-block-image size-full\"><img loading=\"lazy\" decoding=\"async\" width=\"742\" height=\"464\" src=\"https:\/\/sites.uel.br\/contraoracismo\/wp-content\/uploads\/2022\/09\/uel-na-luta.png\" alt=\"\" class=\"wp-image-99\" srcset=\"https:\/\/sites.uel.br\/contraoracismo\/wp-content\/uploads\/2022\/09\/uel-na-luta.png 742w, https:\/\/sites.uel.br\/contraoracismo\/wp-content\/uploads\/2022\/09\/uel-na-luta-300x188.png 300w\" sizes=\"auto, (max-width: 742px) 100vw, 742px\" \/><\/figure>\n<\/div>\n<\/div>\n\n\n\n<h2 class=\"wp-block-heading\">Textos para refer\u00eancia<\/h2>\n\n\n\n<ul class=\"wp-block-list\">\n<li><a href=\"https:\/\/drive.google.com\/file\/d\/1zy8HZ6XB33Y6enenxV1QQ3qcVz9nElXT\/view\">AGUILERA URQUIZA, Antonio Hilario; NASCIMENTO, Adir Casaro. Educa\u00e7\u00e3o superior e racismo: Experi\u00eancias com os povos ind\u00edgenas em Mato Grosso do Sul.<\/a><\/li>\n\n\n\n<li><a href=\"https:\/\/drive.google.com\/file\/d\/1gadDP4PrO5BTtBoqDlKLQNoRhtAZirG8\/view\">AMARAL, Wagner Roberto. A presen\u00e7a ind\u00edgena e afrodescendente interroga a educa\u00e7\u00e3o superior e possibilita o enfrentamento ao racismo.<\/a><\/li>\n\n\n\n<li><a href=\"https:\/\/revistas.unc.edu.ar\/index.php\/integracionyconocimiento\/article\/view\/33891\">AMARAL, Wagner Roberto do; PATZI, Nayra Eva Cachambi. 1\u00aa Campanha para a erradica\u00e7\u00e3o do racismo na Educa\u00e7\u00e3o Superior na Am\u00e9rica Latina.<\/a> <\/li>\n\n\n\n<li><a href=\"https:\/\/drive.google.com\/file\/d\/1rfRx8WetmI1PfKSuAsrVt0mPgnlYwMUm\/view\">KAINGANG, Bruno Ferreira. Os estudantes Ind\u00edgenas e os desafios Acad\u00eamicos.<\/a><\/li>\n\n\n\n<li><a href=\"https:\/\/drive.google.com\/file\/d\/1N2Ck4KukVUIAfJ4Ii3NBEbPXabjL1zsn\/view\">NASCIMENTO, Rita Gomes do. Por uma educa\u00e7\u00e3o antirracista nas universidades.<\/a><\/li>\n\n\n\n<li><a href=\"https:\/\/drive.google.com\/file\/d\/1TDYzroUXY9Y2QMLc1qBQcDoaXombdc9A\/view\">SILVA, Maria Nilza da. As cotas para estudantes negros origin\u00e1rios ou n\u00e3o de institui\u00e7\u00e3o p\u00fablica.<\/a><\/li>\n\n\n\n<li><a href=\"https:\/\/www.tellus.ucdb.br\/tellus\/article\/view\/1060\/915\"><strong>Revista completa<\/strong> &#8211; Campanhas pela erradica\u00e7\u00e3o do racismo na Educa\u00e7\u00e3o Superior na Am\u00e9rica Latina (C\u00e1tedra UNESCO-UNTREF): relatos e experi\u00eancias ind\u00edgenas e afrodescendentes (Per\u00edodo 2020-2022)<\/a><\/li>\n<\/ul>\n\n\n\n<p><\/p>\n\n\n\n<p><\/p>\n","protected":false},"excerpt":{"rendered":"<p>Referencial Jur\u00eddico Textos para refer\u00eancia<\/p>\n","protected":false},"author":5,"featured_media":0,"parent":0,"menu_order":0,"comment_status":"closed","ping_status":"closed","template":"","meta":{"footnotes":""},"class_list":["post-86","page","type-page","status-publish","hentry"],"acf":[],"_links":{"self":[{"href":"https:\/\/sites.uel.br\/contraoracismo\/wp-json\/wp\/v2\/pages\/86","targetHints":{"allow":["GET"]}}],"collection":[{"href":"https:\/\/sites.uel.br\/contraoracismo\/wp-json\/wp\/v2\/pages"}],"about":[{"href":"https:\/\/sites.uel.br\/contraoracismo\/wp-json\/wp\/v2\/types\/page"}],"author":[{"embeddable":true,"href":"https:\/\/sites.uel.br\/contraoracismo\/wp-json\/wp\/v2\/users\/5"}],"replies":[{"embeddable":true,"href":"https:\/\/sites.uel.br\/contraoracismo\/wp-json\/wp\/v2\/comments?post=86"}],"version-history":[{"count":19,"href":"https:\/\/sites.uel.br\/contraoracismo\/wp-json\/wp\/v2\/pages\/86\/revisions"}],"predecessor-version":[{"id":407,"href":"https:\/\/sites.uel.br\/contraoracismo\/wp-json\/wp\/v2\/pages\/86\/revisions\/407"}],"wp:attachment":[{"href":"https:\/\/sites.uel.br\/contraoracismo\/wp-json\/wp\/v2\/media?parent=86"}],"curies":[{"name":"wp","href":"https:\/\/api.w.org\/{rel}","templated":true}]}}