{"id":58,"date":"2022-09-17T12:33:26","date_gmt":"2022-09-17T15:33:26","guid":{"rendered":"https:\/\/sites.uel.br\/contraoracismo\/?page_id=58"},"modified":"2025-02-03T21:18:33","modified_gmt":"2025-02-04T00:18:33","slug":"contatos","status":"publish","type":"page","link":"https:\/\/sites.uel.br\/contraoracismo\/contatos\/","title":{"rendered":"Contatos"},"content":{"rendered":"\n<div class=\"wp-block-columns is-layout-flex wp-container-core-columns-is-layout-9d6595d7 wp-block-columns-is-layout-flex\">\n<div class=\"wp-block-column is-layout-flow wp-block-column-is-layout-flow\" style=\"flex-basis:66.66%\">\n<p><strong>Servi\u00e7o de Bem- Estar \u00e0 Comunidade &#8211; SEBEC<\/strong><\/p>\n\n\n\n<p><strong>SEBEC Virtual<\/strong><\/p>\n\n\n\n<p><strong>Telefone<\/strong>: (43) 3371-4452<\/p>\n\n\n\n<p><strong>E-mail<\/strong>: <a href=\"mailto:sebecvirtual@uel.br\">sebecvirtual@uel.br<\/a><\/p>\n\n\n\n<p><strong>Whatsapp<\/strong>: (43) 99146-0683 (apenas mensagens por texto)<\/p>\n\n\n\n<p><strong>Outros contatos do SEBEC<\/strong> (https:\/\/sites.uel.br\/sebec\/contato\/)<\/p>\n\n\n\n<p><\/p>\n\n\n\n<p><strong>Diretoria de Planejamento e Integra\u00e7\u00e3o Acad\u00eamica \u2013 PROPLAN<\/strong><\/p>\n\n\n\n<p><strong>Telefone<\/strong>: (43) 3371-4019 ou (43) 3371-4013<\/p>\n\n\n\n<p><strong>E-mail<\/strong>: integracao@uel.br<\/p>\n\n\n\n<p><\/p>\n\n\n\n<p><strong>N\u00facleo de Estudos Afro-Brasileiros &#8211; NEAB<\/strong><\/p>\n\n\n\n<p><strong>Telefone<\/strong>: (43)3371-4599 ou (43)3371-4679<\/p>\n\n\n\n<p><strong>E-mail<\/strong>: neab@uel.br<\/p>\n\n\n\n<p><\/p>\n\n\n\n<p><strong>Programa de Apoio ao Acesso e Perman\u00eancia Para a Forma\u00e7\u00e3o do Estudante da UEL<\/strong><strong> &#8211; PROPE<\/strong><\/p>\n\n\n\n<p><strong>Telefone<\/strong>: (43) 3371-5825&nbsp;<\/p>\n\n\n\n<p><strong>E-mail:<\/strong> <a href=\"mailto:prope@uel.br\">prope@uel.br<\/a><\/p>\n\n\n\n<p><\/p>\n\n\n\n<p><strong>Redes sociais da Campanha \u201cUEL na luta contra o racismo\u201d<\/strong><\/p>\n\n\n\n<div class=\"wp-block-columns is-layout-flex wp-container-core-columns-is-layout-9d6595d7 wp-block-columns-is-layout-flex\">\n<div class=\"wp-block-column is-layout-flow wp-block-column-is-layout-flow\">\n<figure class=\"wp-block-image size-large\"><a href=\"https:\/\/www.facebook.com\/share\/1BSvCXnoYY\/\"><img loading=\"lazy\" decoding=\"async\" width=\"1024\" height=\"576\" src=\"https:\/\/sites.uel.br\/contraoracismo\/wp-content\/uploads\/2025\/02\/facebook-logo-1024x576.png\" alt=\"\" class=\"wp-image-398\" srcset=\"https:\/\/sites.uel.br\/contraoracismo\/wp-content\/uploads\/2025\/02\/facebook-logo-1024x576.png 1024w, https:\/\/sites.uel.br\/contraoracismo\/wp-content\/uploads\/2025\/02\/facebook-logo-300x169.png 300w, https:\/\/sites.uel.br\/contraoracismo\/wp-content\/uploads\/2025\/02\/facebook-logo-768x432.png 768w, https:\/\/sites.uel.br\/contraoracismo\/wp-content\/uploads\/2025\/02\/facebook-logo.png 1200w\" sizes=\"auto, (max-width: 1024px) 100vw, 1024px\" \/><\/a><\/figure>\n<\/div>\n\n\n\n<div class=\"wp-block-column is-layout-flow wp-block-column-is-layout-flow\">\n<figure class=\"wp-block-image size-full is-resized\"><a href=\"https:\/\/www.instagram.com\/uelpelaigualdade?igsh=aHByN2l4MGpxMG1o\"><img loading=\"lazy\" decoding=\"async\" width=\"736\" height=\"736\" src=\"https:\/\/sites.uel.br\/contraoracismo\/wp-content\/uploads\/2025\/02\/insta-2.jpg\" alt=\"\" class=\"wp-image-401\" style=\"width:118px;height:auto\" srcset=\"https:\/\/sites.uel.br\/contraoracismo\/wp-content\/uploads\/2025\/02\/insta-2.jpg 736w, https:\/\/sites.uel.br\/contraoracismo\/wp-content\/uploads\/2025\/02\/insta-2-300x300.jpg 300w, https:\/\/sites.uel.br\/contraoracismo\/wp-content\/uploads\/2025\/02\/insta-2-150x150.jpg 150w\" sizes=\"auto, (max-width: 736px) 100vw, 736px\" \/><\/a><\/figure>\n<\/div>\n\n\n\n<div class=\"wp-block-column is-layout-flow wp-block-column-is-layout-flow\">\n<figure class=\"wp-block-image size-full is-resized\"><a href=\"https:\/\/youtube.com\/@uelcontraoracismo8757?si=x9UjD_e1Pv1Chss- \"><img loading=\"lazy\" decoding=\"async\" width=\"451\" height=\"360\" src=\"https:\/\/sites.uel.br\/contraoracismo\/wp-content\/uploads\/2025\/02\/youtube-logo.jpg\" alt=\"\" class=\"wp-image-399\" style=\"width:145px;height:auto\" srcset=\"https:\/\/sites.uel.br\/contraoracismo\/wp-content\/uploads\/2025\/02\/youtube-logo.jpg 451w, https:\/\/sites.uel.br\/contraoracismo\/wp-content\/uploads\/2025\/02\/youtube-logo-300x239.jpg 300w\" sizes=\"auto, (max-width: 451px) 100vw, 451px\" \/><\/a><\/figure>\n<\/div>\n<\/div>\n<\/div>\n\n\n\n<div class=\"wp-block-column is-layout-flow wp-block-column-is-layout-flow\" style=\"flex-basis:33.33%\">\n<figure class=\"wp-block-image size-full\"><img loading=\"lazy\" decoding=\"async\" width=\"742\" height=\"464\" src=\"https:\/\/sites.uel.br\/contraoracismo\/wp-content\/uploads\/2022\/09\/uel-na-luta.png\" alt=\"\" class=\"wp-image-99\" srcset=\"https:\/\/sites.uel.br\/contraoracismo\/wp-content\/uploads\/2022\/09\/uel-na-luta.png 742w, https:\/\/sites.uel.br\/contraoracismo\/wp-content\/uploads\/2022\/09\/uel-na-luta-300x188.png 300w\" sizes=\"auto, (max-width: 742px) 100vw, 742px\" \/><\/figure>\n<\/div>\n<\/div>\n\n\n\n<div class=\"wp-block-columns is-layout-flex wp-container-core-columns-is-layout-9d6595d7 wp-block-columns-is-layout-flex\">\n<div class=\"wp-block-column is-layout-flow wp-block-column-is-layout-flow\"><\/div>\n\n\n\n<div class=\"wp-block-column is-layout-flow wp-block-column-is-layout-flow\"><\/div>\n\n\n\n<div class=\"wp-block-column is-layout-flow wp-block-column-is-layout-flow\"><\/div>\n<\/div>\n","protected":false},"excerpt":{"rendered":"<p>Servi\u00e7o de Bem- Estar \u00e0 Comunidade &#8211; SEBEC SEBEC Virtual Telefone: (43) 3371-4452 E-mail: sebecvirtual@uel.br Whatsapp: (43) 99146-0683 (apenas mensagens por texto) Outros contatos do SEBEC (https:\/\/sites.uel.br\/sebec\/contato\/) Diretoria de Planejamento e Integra\u00e7\u00e3o Acad\u00eamica \u2013 PROPLAN Telefone: (43) 3371-4019 ou (43) 3371-4013 E-mail: integracao@uel.br N\u00facleo de Estudos Afro-Brasileiros &#8211; NEAB Telefone: (43)3371-4599 ou (43)3371-4679 E-mail: neab@uel.br [&hellip;]<\/p>\n","protected":false},"author":5,"featured_media":0,"parent":0,"menu_order":0,"comment_status":"closed","ping_status":"closed","template":"","meta":{"footnotes":""},"class_list":["post-58","page","type-page","status-publish","hentry"],"acf":[],"_links":{"self":[{"href":"https:\/\/sites.uel.br\/contraoracismo\/wp-json\/wp\/v2\/pages\/58","targetHints":{"allow":["GET"]}}],"collection":[{"href":"https:\/\/sites.uel.br\/contraoracismo\/wp-json\/wp\/v2\/pages"}],"about":[{"href":"https:\/\/sites.uel.br\/contraoracismo\/wp-json\/wp\/v2\/types\/page"}],"author":[{"embeddable":true,"href":"https:\/\/sites.uel.br\/contraoracismo\/wp-json\/wp\/v2\/users\/5"}],"replies":[{"embeddable":true,"href":"https:\/\/sites.uel.br\/contraoracismo\/wp-json\/wp\/v2\/comments?post=58"}],"version-history":[{"count":8,"href":"https:\/\/sites.uel.br\/contraoracismo\/wp-json\/wp\/v2\/pages\/58\/revisions"}],"predecessor-version":[{"id":403,"href":"https:\/\/sites.uel.br\/contraoracismo\/wp-json\/wp\/v2\/pages\/58\/revisions\/403"}],"wp:attachment":[{"href":"https:\/\/sites.uel.br\/contraoracismo\/wp-json\/wp\/v2\/media?parent=58"}],"curies":[{"name":"wp","href":"https:\/\/api.w.org\/{rel}","templated":true}]}}