{"id":412,"date":"2025-02-04T08:31:53","date_gmt":"2025-02-04T11:31:53","guid":{"rendered":"https:\/\/sites.uel.br\/contraoracismo\/?page_id=412"},"modified":"2025-02-04T18:46:12","modified_gmt":"2025-02-04T21:46:12","slug":"eixo-3","status":"publish","type":"page","link":"https:\/\/sites.uel.br\/contraoracismo\/eixo-3\/","title":{"rendered":"Eixo 3"},"content":{"rendered":"\n<p><strong>Forma\u00e7\u00e3o de uma comunidade antirracista<\/strong><\/p>\n\n\n\n<p><a href=\"https:\/\/www.youtube.com\/watch?si=HtXB1gT3fLYL69tl&amp;v=lb93W5rOYuA&amp;feature=youtu.be\">Forma\u00e7\u00e3o dos servidores<\/a><\/p>\n\n\n\n<p><a href=\"https:\/\/www.youtube.com\/live\/7RbNK7chl88?si=boWhPJ1-v74iJc_f\">Webin\u00e1rio<\/a><\/p>\n","protected":false},"excerpt":{"rendered":"<p>Forma\u00e7\u00e3o de uma comunidade antirracista Forma\u00e7\u00e3o dos servidores Webin\u00e1rio<\/p>\n","protected":false},"author":11,"featured_media":0,"parent":0,"menu_order":0,"comment_status":"closed","ping_status":"closed","template":"","meta":{"footnotes":""},"class_list":["post-412","page","type-page","status-publish","hentry"],"acf":[],"_links":{"self":[{"href":"https:\/\/sites.uel.br\/contraoracismo\/wp-json\/wp\/v2\/pages\/412","targetHints":{"allow":["GET"]}}],"collection":[{"href":"https:\/\/sites.uel.br\/contraoracismo\/wp-json\/wp\/v2\/pages"}],"about":[{"href":"https:\/\/sites.uel.br\/contraoracismo\/wp-json\/wp\/v2\/types\/page"}],"author":[{"embeddable":true,"href":"https:\/\/sites.uel.br\/contraoracismo\/wp-json\/wp\/v2\/users\/11"}],"replies":[{"embeddable":true,"href":"https:\/\/sites.uel.br\/contraoracismo\/wp-json\/wp\/v2\/comments?post=412"}],"version-history":[{"count":4,"href":"https:\/\/sites.uel.br\/contraoracismo\/wp-json\/wp\/v2\/pages\/412\/revisions"}],"predecessor-version":[{"id":429,"href":"https:\/\/sites.uel.br\/contraoracismo\/wp-json\/wp\/v2\/pages\/412\/revisions\/429"}],"wp:attachment":[{"href":"https:\/\/sites.uel.br\/contraoracismo\/wp-json\/wp\/v2\/media?parent=412"}],"curies":[{"name":"wp","href":"https:\/\/api.w.org\/{rel}","templated":true}]}}