{"id":410,"date":"2025-02-04T08:31:22","date_gmt":"2025-02-04T11:31:22","guid":{"rendered":"https:\/\/sites.uel.br\/contraoracismo\/?page_id=410"},"modified":"2025-02-04T18:40:38","modified_gmt":"2025-02-04T21:40:38","slug":"eixo-2","status":"publish","type":"page","link":"https:\/\/sites.uel.br\/contraoracismo\/eixo-2\/","title":{"rendered":"Eixo 2"},"content":{"rendered":"\n<p><strong>Visibilidade para a\u00e7\u00f5es de enfrentamento e supera\u00e7\u00e3o do racismo<\/strong><\/p>\n\n\n\n<p><a href=\"https:\/\/youtube.com\/@uelcontraoracismo8757?si=vfT_tFpi5Z1D-MYx\">Canal da Campanha<\/a><\/p>\n\n\n\n<p><strong>TV UEL<\/strong><\/p>\n\n\n\n<p><a href=\"https:\/\/www.youtube.com\/watch?v=a1OeYC-F5zQ&amp;t=4s\">UEL NA LUTA CONTRA O RACISMO, Convite Rodrigo<\/a><\/p>\n\n\n\n<p><a href=\"https:\/\/www.youtube.com\/watch?v=ZUOL-zIWIPE\">&#8220;UEL na luta contra o racismo&#8221; &#8211; Reitora Marta Favaro<\/a><\/p>\n\n\n\n<p><a href=\"https:\/\/www.youtube.com\/watch?v=-v_hDp1Ebtw\">&#8220;UEL na luta contra o racismo&#8221; &#8211; Professora Angela Lima<\/a><\/p>\n\n\n\n<p><a href=\"https:\/\/www.youtube.com\/watch?v=rsftTZS9fJk\">&#8220;UEL na luta contra o racismo&#8221; &#8211; Servidor Ant\u00f4nio Bezerra<\/a><\/p>\n\n\n\n<p><a href=\"https:\/\/www.youtube.com\/watch?v=3hwqmTPXl7Y\">&#8220;UEL na luta contra o racismo&#8221; &#8211; Estudante Oscar Sousa<\/a><\/p>\n\n\n\n<p><a href=\"https:\/\/www.youtube.com\/watch?v=EN1qmqo1nlo\">Entrevista Especial &#8211; UEL na Luta Contra o Racismo<\/a><\/p>\n\n\n\n<p><a href=\"https:\/\/www.youtube.com\/watch?v=j6i_f1VlPxc\">Entrevista Especial &#8211; 20 anos de cotas da UEL (Silvia)<\/a><\/p>\n\n\n\n<p><a href=\"https:\/\/www.youtube.com\/watch?v=_1QWcT3fdCw\">Entrevista Especial &#8211; 20 anos de cotas da UEL (Yara)<\/a><\/p>\n\n\n\n<p><strong>UEL FM<\/strong>\u00a0\u00a0<\/p>\n\n\n\n<p><a href=\"https:\/\/radio.uel.br\/playlist\/programa-especial\/serie-vozes-de-egressos-e-egressas-cotistas-existir-e-resistir-20-anos-de-implantacao-da-politica-de-cotas-raciais-na-uel\/2024\/12\/09\">S\u00e9rie \u201cVozes de Egressos e Egressas Cotistas: existir e resistir \u2013 20 anos de implanta\u00e7\u00e3o da pol\u00edtica de cotas raciais na UEL\u201d<\/a><\/p>\n\n\n\n<p><a href=\"https:\/\/radio.uel.br\/programas\/preta-voz\">S\u00e9rie \u201cPreta Voz\u201d<\/a><\/p>\n\n\n\n<p><\/p>\n","protected":false},"excerpt":{"rendered":"<p>Visibilidade para a\u00e7\u00f5es de enfrentamento e supera\u00e7\u00e3o do racismo Canal da Campanha TV UEL UEL NA LUTA CONTRA O RACISMO, Convite Rodrigo &#8220;UEL na luta contra o racismo&#8221; &#8211; Reitora Marta Favaro &#8220;UEL na luta contra o racismo&#8221; &#8211; Professora Angela Lima &#8220;UEL na luta contra o racismo&#8221; &#8211; Servidor Ant\u00f4nio Bezerra &#8220;UEL na luta [&hellip;]<\/p>\n","protected":false},"author":11,"featured_media":0,"parent":0,"menu_order":0,"comment_status":"closed","ping_status":"closed","template":"","meta":{"footnotes":""},"class_list":["post-410","page","type-page","status-publish","hentry"],"acf":[],"_links":{"self":[{"href":"https:\/\/sites.uel.br\/contraoracismo\/wp-json\/wp\/v2\/pages\/410","targetHints":{"allow":["GET"]}}],"collection":[{"href":"https:\/\/sites.uel.br\/contraoracismo\/wp-json\/wp\/v2\/pages"}],"about":[{"href":"https:\/\/sites.uel.br\/contraoracismo\/wp-json\/wp\/v2\/types\/page"}],"author":[{"embeddable":true,"href":"https:\/\/sites.uel.br\/contraoracismo\/wp-json\/wp\/v2\/users\/11"}],"replies":[{"embeddable":true,"href":"https:\/\/sites.uel.br\/contraoracismo\/wp-json\/wp\/v2\/comments?post=410"}],"version-history":[{"count":3,"href":"https:\/\/sites.uel.br\/contraoracismo\/wp-json\/wp\/v2\/pages\/410\/revisions"}],"predecessor-version":[{"id":426,"href":"https:\/\/sites.uel.br\/contraoracismo\/wp-json\/wp\/v2\/pages\/410\/revisions\/426"}],"wp:attachment":[{"href":"https:\/\/sites.uel.br\/contraoracismo\/wp-json\/wp\/v2\/media?parent=410"}],"curies":[{"name":"wp","href":"https:\/\/api.w.org\/{rel}","templated":true}]}}