{"id":189,"date":"2022-10-17T17:21:06","date_gmt":"2022-10-17T20:21:06","guid":{"rendered":"https:\/\/sites.uel.br\/contraoracismo\/?page_id=189"},"modified":"2025-02-03T20:55:45","modified_gmt":"2025-02-03T23:55:45","slug":"apoios","status":"publish","type":"page","link":"https:\/\/sites.uel.br\/contraoracismo\/apoios\/","title":{"rendered":"Apoios"},"content":{"rendered":"\n<div class=\"wp-block-columns is-layout-flex wp-container-core-columns-is-layout-9d6595d7 wp-block-columns-is-layout-flex\">\n<div class=\"wp-block-column is-layout-flow wp-block-column-is-layout-flow\"><\/div>\n\n\n\n<div class=\"wp-block-column is-layout-flow wp-block-column-is-layout-flow\"><\/div>\n\n\n\n<div class=\"wp-block-column is-layout-flow wp-block-column-is-layout-flow\"><\/div>\n\n\n\n<div class=\"wp-block-column is-layout-flow wp-block-column-is-layout-flow\"><\/div>\n\n\n\n<div class=\"wp-block-column is-layout-flow wp-block-column-is-layout-flow\"><\/div>\n<\/div>\n\n\n\n<h2 class=\"wp-block-heading\">Toda comunidade universit\u00e1ria est\u00e1 convidada a participar e organizar a\u00e7\u00f5es que promovam o enfrentamento ao racismo, al\u00e9m de divulgar a campanha em redes sociais.<\/h2>\n\n\n\n<p><\/p>\n\n\n\n<p><strong>Saiba como participar<\/strong><\/p>\n\n\n\n<hr class=\"wp-block-separator has-alpha-channel-opacity is-style-wide\" \/>\n\n\n\n<p class=\"has-text-align-center\"><strong>Gostaria de sugerir ou propor alguma atividade que esteja integrada \u00e0 campanha?<\/strong><\/p>\n\n\n\n<div class=\"wp-block-buttons is-layout-flex wp-block-buttons-is-layout-flex\">\n<div class=\"wp-block-button aligncenter\"><a class=\"wp-block-button__link wp-element-button\" href=\"https:\/\/docs.google.com\/forms\/d\/e\/1FAIpQLSd9yavTZbJMj7X74fe9UJVzpw7MgO2i1Kujljj0x1Gg7nxVKA\/viewform\">Formul\u00e1rio para acolher as sugest\u00f5es<\/a><\/div>\n<\/div>\n\n\n\n<hr class=\"wp-block-separator has-alpha-channel-opacity is-style-wide\" \/>\n\n\n\n<p class=\"has-text-align-center\"><strong>Gostaria de receber material informativo da campanha, ou material de divulga\u00e7\u00e3o para as redes sociais?<\/strong><\/p>\n\n\n\n<div class=\"wp-block-buttons is-layout-flex wp-block-buttons-is-layout-flex\">\n<div class=\"wp-block-button aligncenter\"><a class=\"wp-block-button__link wp-element-button\" href=\"https:\/\/api.whatsapp.com\/send?phone=5543996339934&amp;text=Ol%C3%A1%2C%20gostaria%20de%20receber%20material%20de%20divulga%C3%A7%C3%A3o%20da%20campanha%20de%20enfrentamento%20ao%20racismo.\">Entre em contato com a coordena\u00e7\u00e3o da campanha<\/a><\/div>\n<\/div>\n\n\n\n<hr class=\"wp-block-separator has-alpha-channel-opacity is-style-wide\" \/>\n\n\n\n<p class=\"has-text-align-center\"><strong>Gostaria de formalizar den\u00fancia de casos de racismo<\/strong>?<\/p>\n\n\n\n<div class=\"wp-block-buttons is-layout-flex wp-block-buttons-is-layout-flex\">\n<div class=\"wp-block-button aligncenter\"><a class=\"wp-block-button__link wp-element-button\" href=\"http:\/\/www.uel.br\/ouvidoria\/wb\/pages\/denuncia---racismo-e-injuria-racial.php\">Formul\u00e1rio de den\u00fancia &#8211; ouvidoria<\/a><\/div>\n<\/div>\n\n\n\n<hr class=\"wp-block-separator has-alpha-channel-opacity is-style-wide\" \/>\n","protected":false},"excerpt":{"rendered":"<p>Toda comunidade universit\u00e1ria est\u00e1 convidada a participar e organizar a\u00e7\u00f5es que promovam o enfrentamento ao racismo, al\u00e9m de divulgar a campanha em redes sociais. Saiba como participar Gostaria de sugerir ou propor alguma atividade que esteja integrada \u00e0 campanha? Gostaria de receber material informativo da campanha, ou material de divulga\u00e7\u00e3o para as redes sociais? Gostaria [&hellip;]<\/p>\n","protected":false},"author":5,"featured_media":0,"parent":0,"menu_order":0,"comment_status":"closed","ping_status":"closed","template":"","meta":{"footnotes":""},"class_list":["post-189","page","type-page","status-publish","hentry"],"acf":[],"_links":{"self":[{"href":"https:\/\/sites.uel.br\/contraoracismo\/wp-json\/wp\/v2\/pages\/189","targetHints":{"allow":["GET"]}}],"collection":[{"href":"https:\/\/sites.uel.br\/contraoracismo\/wp-json\/wp\/v2\/pages"}],"about":[{"href":"https:\/\/sites.uel.br\/contraoracismo\/wp-json\/wp\/v2\/types\/page"}],"author":[{"embeddable":true,"href":"https:\/\/sites.uel.br\/contraoracismo\/wp-json\/wp\/v2\/users\/5"}],"replies":[{"embeddable":true,"href":"https:\/\/sites.uel.br\/contraoracismo\/wp-json\/wp\/v2\/comments?post=189"}],"version-history":[{"count":5,"href":"https:\/\/sites.uel.br\/contraoracismo\/wp-json\/wp\/v2\/pages\/189\/revisions"}],"predecessor-version":[{"id":396,"href":"https:\/\/sites.uel.br\/contraoracismo\/wp-json\/wp\/v2\/pages\/189\/revisions\/396"}],"wp:attachment":[{"href":"https:\/\/sites.uel.br\/contraoracismo\/wp-json\/wp\/v2\/media?parent=189"}],"curies":[{"name":"wp","href":"https:\/\/api.w.org\/{rel}","templated":true}]}}