{"id":138,"date":"2022-09-20T08:43:42","date_gmt":"2022-09-20T11:43:42","guid":{"rendered":"https:\/\/sites.uel.br\/contraoracismo\/?page_id=138"},"modified":"2025-02-03T22:56:47","modified_gmt":"2025-02-04T01:56:47","slug":"historico","status":"publish","type":"page","link":"https:\/\/sites.uel.br\/contraoracismo\/historico\/","title":{"rendered":"Hist\u00f3rico"},"content":{"rendered":"\n<p>Desde o in\u00edcio dos anos 2000, a UEL se destaca pela vanguarda no ingresso e perman\u00eancia de estudantes ind\u00edgenas e negros. Em 2001, foi pioneira no pa\u00eds na institucionaliza\u00e7\u00e3o de uma pol\u00edtica estadual de ingresso de ind\u00edgenas na educa\u00e7\u00e3o superior p\u00fablica.\u00a0 J\u00e1 em 2004, adota a pol\u00edtica de cotas para candidatos autodeclarados negros e oriundos de escolas p\u00fablicas. Em 2006, constitui a Comiss\u00e3o Universidade para os \u00cdndios (CUIA) para acolhimento e acompanhamento pedag\u00f3gico de estudantes ind\u00edgenas e, em 2014, implanta a experi\u00eancia in\u00e9dita do Ciclo Intercultural de Inicia\u00e7\u00e3o Acad\u00eamica dos Estudantes Ind\u00edgenas da UEL. Outra estrat\u00e9gia empregada para viabilizar a perman\u00eancia de estudantes cotistas foi a cria\u00e7\u00e3o do Programa de Apoio ao Acesso e Perman\u00eancia para a Forma\u00e7\u00e3o do Estudante da UEL (PROPE) em 2013, articulando v\u00e1rios servi\u00e7os e programas direcionados a estes acad\u00eamicos. Vale ressaltar o trabalho constante do N\u00facleo de Estudos Afro-Brasileiros (NEAB) nesta luta permanente desde 1985. Ainda com o objetivo de reunir esfor\u00e7os de diferentes \u00f3rg\u00e3os, servi\u00e7os, setores e programas da UEL, aconteceram semin\u00e1rios, f\u00f3runs e, neste contexto, a partir de 2020, tamb\u00e9m surge a \u201cCampanha <em>UEL na luta contra o racismo<\/em>\u201d e a \u201cCampanha Permanente<em> UEL na luta contra o racismo<\/em>\u201d, iniciada em mar\u00e7o de 2023.<\/p>\n\n\n\n<p><strong>Para saber mais<\/strong>: <a href=\"https:\/\/www.tellus.ucdb.br\/tellus\/article\/view\/964\">Kaseker, M\u00f4nica <em>et al<\/em>. UEL na luta contra o racismo: desafios e perspectivas pol\u00edtico-institucionais. <strong>Tellus<\/strong>, ano 24, n. 52, p. 205-229, jan.\/abr. 2024. <\/a><\/p>\n\n\n\n<p><\/p>\n","protected":false},"excerpt":{"rendered":"<p>Desde o in\u00edcio dos anos 2000, a UEL se destaca pela vanguarda no ingresso e perman\u00eancia de estudantes ind\u00edgenas e negros. Em 2001, foi pioneira no pa\u00eds na institucionaliza\u00e7\u00e3o de uma pol\u00edtica estadual de ingresso de ind\u00edgenas na educa\u00e7\u00e3o superior p\u00fablica.\u00a0 J\u00e1 em 2004, adota a pol\u00edtica de cotas para candidatos autodeclarados negros e oriundos [&hellip;]<\/p>\n","protected":false},"author":5,"featured_media":0,"parent":0,"menu_order":0,"comment_status":"closed","ping_status":"closed","template":"","meta":{"footnotes":""},"class_list":["post-138","page","type-page","status-publish","hentry"],"acf":[],"_links":{"self":[{"href":"https:\/\/sites.uel.br\/contraoracismo\/wp-json\/wp\/v2\/pages\/138","targetHints":{"allow":["GET"]}}],"collection":[{"href":"https:\/\/sites.uel.br\/contraoracismo\/wp-json\/wp\/v2\/pages"}],"about":[{"href":"https:\/\/sites.uel.br\/contraoracismo\/wp-json\/wp\/v2\/types\/page"}],"author":[{"embeddable":true,"href":"https:\/\/sites.uel.br\/contraoracismo\/wp-json\/wp\/v2\/users\/5"}],"replies":[{"embeddable":true,"href":"https:\/\/sites.uel.br\/contraoracismo\/wp-json\/wp\/v2\/comments?post=138"}],"version-history":[{"count":3,"href":"https:\/\/sites.uel.br\/contraoracismo\/wp-json\/wp\/v2\/pages\/138\/revisions"}],"predecessor-version":[{"id":405,"href":"https:\/\/sites.uel.br\/contraoracismo\/wp-json\/wp\/v2\/pages\/138\/revisions\/405"}],"wp:attachment":[{"href":"https:\/\/sites.uel.br\/contraoracismo\/wp-json\/wp\/v2\/media?parent=138"}],"curies":[{"name":"wp","href":"https:\/\/api.w.org\/{rel}","templated":true}]}}