{"id":137,"date":"2022-09-20T08:43:42","date_gmt":"2022-09-20T11:43:42","guid":{"rendered":"https:\/\/sites.uel.br\/contraoracismo\/?page_id=137"},"modified":"2025-02-03T20:32:37","modified_gmt":"2025-02-03T23:32:37","slug":"objetivos","status":"publish","type":"page","link":"https:\/\/sites.uel.br\/contraoracismo\/objetivos\/","title":{"rendered":"Objetivos"},"content":{"rendered":"<div class=\"wp-block-image\">\n<figure class=\"aligncenter size-full is-resized\"><img loading=\"lazy\" decoding=\"async\" width=\"742\" height=\"464\" src=\"https:\/\/sites.uel.br\/contraoracismo\/wp-content\/uploads\/2022\/09\/uel-na-luta.png\" alt=\"\" class=\"wp-image-99\" style=\"width:347px;height:217px\" srcset=\"https:\/\/sites.uel.br\/contraoracismo\/wp-content\/uploads\/2022\/09\/uel-na-luta.png 742w, https:\/\/sites.uel.br\/contraoracismo\/wp-content\/uploads\/2022\/09\/uel-na-luta-300x188.png 300w\" sizes=\"auto, (max-width: 742px) 100vw, 742px\" \/><\/figure>\n<\/div>\n\n\n<p><strong>Objetivo geral<\/strong>:<br>Promover a\u00e7\u00f5es estrat\u00e9gicas e permanentes de enfrentamento e combate ao racismo de forma conjunta e articulada na Universidade Estadual de Londrina.<\/p>\n\n\n\n<p><strong>Objetivos espec\u00edficos<\/strong>:<br>Dialogar com toda a comunidade universit\u00e1ria (docentes, discentes e servidores), com o movimento negro e com a sociedade em geral sobre o racismo;<br>Denunciar, de forma direta, diferentes express\u00f5es de racismo;<br>Incentivar docentes e servidores a promover e intensificar a\u00e7\u00f5es de combate ao racismo em seu cotidiano profissional, dando visibilidade para a\u00e7\u00f5es que j\u00e1 ocorrem;<br>Valorizar a popula\u00e7\u00e3o e a cultura negra e ind\u00edgena;<br>Criar espa\u00e7os de escuta nos centros e departamentos sobre as diferentes manifesta\u00e7\u00f5es de preconceito, discrimina\u00e7\u00e3o e racismo na UEL.<\/p>\n\n\n\n<p><strong>Eixos de Atua\u00e7\u00e3o<\/strong>:<br>1 \u2013 Reconhecimento da exist\u00eancia do racismo no cotidiano;<br>2 \u2013 Visibilidade para a\u00e7\u00f5es de enfrentamento e supera\u00e7\u00e3o do racismo;<br>3 \u2013 Forma\u00e7\u00e3o de uma comunidade antirracista;<br>4 \u2013 Den\u00fancia de atitudes racistas; (Fortalecimento \u2013 Canais de den\u00fancia \u2013 Criminaliza\u00e7\u00e3o \u2013 Prote\u00e7\u00e3o e Apoio).<\/p>\n","protected":false},"excerpt":{"rendered":"<p>Objetivo geral:Promover a\u00e7\u00f5es estrat\u00e9gicas e permanentes de enfrentamento e combate ao racismo de forma conjunta e articulada na Universidade Estadual de Londrina. Objetivos espec\u00edficos:Dialogar com toda a comunidade universit\u00e1ria (docentes, discentes e servidores), com o movimento negro e com a sociedade em geral sobre o racismo;Denunciar, de forma direta, diferentes express\u00f5es de racismo;Incentivar docentes e [&hellip;]<\/p>\n","protected":false},"author":5,"featured_media":0,"parent":0,"menu_order":0,"comment_status":"closed","ping_status":"closed","template":"","meta":{"footnotes":""},"class_list":["post-137","page","type-page","status-publish","hentry"],"acf":[],"_links":{"self":[{"href":"https:\/\/sites.uel.br\/contraoracismo\/wp-json\/wp\/v2\/pages\/137","targetHints":{"allow":["GET"]}}],"collection":[{"href":"https:\/\/sites.uel.br\/contraoracismo\/wp-json\/wp\/v2\/pages"}],"about":[{"href":"https:\/\/sites.uel.br\/contraoracismo\/wp-json\/wp\/v2\/types\/page"}],"author":[{"embeddable":true,"href":"https:\/\/sites.uel.br\/contraoracismo\/wp-json\/wp\/v2\/users\/5"}],"replies":[{"embeddable":true,"href":"https:\/\/sites.uel.br\/contraoracismo\/wp-json\/wp\/v2\/comments?post=137"}],"version-history":[{"count":5,"href":"https:\/\/sites.uel.br\/contraoracismo\/wp-json\/wp\/v2\/pages\/137\/revisions"}],"predecessor-version":[{"id":386,"href":"https:\/\/sites.uel.br\/contraoracismo\/wp-json\/wp\/v2\/pages\/137\/revisions\/386"}],"wp:attachment":[{"href":"https:\/\/sites.uel.br\/contraoracismo\/wp-json\/wp\/v2\/media?parent=137"}],"curies":[{"name":"wp","href":"https:\/\/api.w.org\/{rel}","templated":true}]}}