{"id":275,"date":"2023-11-12T22:55:56","date_gmt":"2023-11-13T01:55:56","guid":{"rendered":"https:\/\/sites.uel.br\/congressoservicosocialuel\/?page_id=275"},"modified":"2026-03-31T17:01:33","modified_gmt":"2026-03-31T20:01:33","slug":"normas-envios-de-trabalhos","status":"publish","type":"page","link":"https:\/\/sites.uel.br\/congressoservicosocialuel\/normas-envios-de-trabalhos\/","title":{"rendered":"Normas envios de trabalhos"},"content":{"rendered":"\n<h2 class=\"wp-block-heading\">Normas Para Trabalhos<\/h2>\n\n\n\n<p><strong>Formato:<\/strong> Trabalho Completo<br><strong>Modalidade de Apresenta\u00e7\u00e3o:<\/strong> Comunica\u00e7\u00e3o Oral<\/p>\n\n\n\n<p><strong>a)<\/strong> Os trabalhos aceitos s\u00f3 ser\u00e3o publicados se pelo menos um dos autores estiver inscrito no evento at\u00e9 o dia <strong>07\/04\/2026.<\/strong><br><strong>b)<\/strong> O trabalho dever\u00e1 estar inserido em um dos eixos tem\u00e1ticos, devendo n\u00e3o ter sido apresentado em outro evento, publicado em revistas ou outro meio de divulga\u00e7\u00e3o. O trabalho dever\u00e1 ser enviado em duas vers\u00f5es: um arquivo digitado em editor de texto WORD (SEM IDENTIFICA\u00c7\u00c3O DOS(AS) AUTORES(AS)) e um arquivo em vers\u00e3o formato PDF (COM IDENTIFICA\u00c7\u00c3O DOS(AS) AUTORES(AS)). O n\u00e3o cumprimento desta exig\u00eancia implicar\u00e1 na elimina\u00e7\u00e3o autom\u00e1tica do trabalho enviado.<br><strong>c) <\/strong>O trabalho deve ter no m\u00ednimo 10 (dez) e no m\u00e1ximo 15 (quinze) p\u00e1ginas.<br><strong>d)<\/strong> O trabalho pode ser individual ou ter no m\u00e1ximo 05 (cinco) autores(as).<br><strong>e)<\/strong> O (A) (as) (s) autor (a) (es) (as) deve(m) seguir as normas estabelecidas para envio do trabalho (<a href=\"https:\/\/sites.uel.br\/congressoservicosocialuel\/wp-content\/uploads\/2025\/11\/TEMPLATE_CONGRESSO_2026.docx\" data-type=\"link\" data-id=\"https:\/\/sites.uel.br\/congressoservicosocialuel\/wp-content\/uploads\/2023\/12\/TEMPLATE-CONGRESSO-2024.doc\">TEMPLATE<\/a>).<br><strong>f) <\/strong>Os arquivos dever\u00e3o ser enviados e anexados, quando do preenchimento do formul\u00e1rio de inscri\u00e7\u00e3o.<br><strong>g) <\/strong>Os trabalhos ser\u00e3o avaliados por 2 (dois) pareceristas. O corpo de pareceristas s\u00e3o especialistas nas tem\u00e1ticas dos eixos. Toda a avalia\u00e7\u00e3o ser\u00e1 feita on-line via sistema de gerenciamento do site do evento e ficar\u00e1 restrita \u00e0 Comiss\u00e3o Cient\u00edfica, n\u00e3o sendo pass\u00edvel de recurso.<br><strong>h)<\/strong> Os trabalhos ser\u00e3o eliminados nas seguintes condi\u00e7\u00f5es:<\/p>\n\n\n\n<ul class=\"wp-block-list\">\n<li>Quando ocorrer o envio do arquivo WORD com identifica\u00e7\u00e3o dos autores(as).<\/li>\n\n\n\n<li>Quando o arquivo n\u00e3o apresentar Resumo, Palavras-Chave, Abstract e Keywords.<\/li>\n\n\n\n<li>Quando o trabalho apresentar n\u00famero inferior ou superior de p\u00e1ginas.<\/li>\n\n\n\n<li>N\u00e3o atender aos crit\u00e9rios de avalia\u00e7\u00e3o estabelecidos pela Comiss\u00e3o Cient\u00edfica.<\/li>\n<\/ul>\n\n\n\n<p><strong>i) <\/strong>Todos os trabalhos aprovados ser\u00e3o publicados nos anais do Congresso, de forma on-line, com ISSN e disponibilizados no site do evento.<\/p>\n\n\n\n<h2 class=\"wp-block-heading\">N\u00famero de Trabalhos e de Autores<\/h2>\n\n\n\n<p>CADA PARTICIPANTE INSCRITO(A) PODER\u00c1 ENCAMINHAR <strong>AT\u00c9 03 (TR\u00caS) <\/strong>TRABALHOS CIENT\u00cdFICOS.<\/p>\n\n\n\n<p>SER\u00c1 ACEITO, NO M\u00c1XIMO, 05 (CINCO) AUTORES(AS) EM CADA TRABALHO, SENDO NECESS\u00c1RIO O PREENCHIMENTO DO NOME DE TODOS(AS) OS(AS) COAUTORES(AS) NO MOMENTO DA INSCRI\u00c7\u00c3O ON LINE.<\/p>\n\n\n\n<p>EM CASO DE TRABALHO DE M\u00daLTIPLA AUTORIA, PELO MENOS 01 (UM)(A) DOS(AS) AUTORES(AS) DEVER\u00c1 ESTAR INSCRITO(A) COM PAGAMENTO EFETUADO AT\u00c9 A DATA DE <strong>07\/04\/2026<\/strong><\/p>\n\n\n\n<p>O CONGRESSO EMITIR\u00c1 APENAS UM CERTIFICADO POR TRABALHO APRESENTADO COM O NOME DE TODOS(AS) OS(AS) AUTORES(AS) CONSTANTES DO TRABALHO.<\/p>\n\n\n\n<p class=\"has-text-align-center\"><strong>Os trabalhos que n\u00e3o se adequarem \u00e0s normas aqui apresentadas ser\u00e3o exclu\u00eddos pela<br>comiss\u00e3o cient\u00edfica do Congresso.<\/strong><\/p>\n\n\n\n<h2 class=\"wp-block-heading has-text-align-center\">Orienta\u00e7\u00f5es Gerais<\/h2>\n\n\n\n<p class=\"has-text-align-center\">Este documento apresenta orienta\u00e7\u00f5es e o modelo de formato que dever\u00e3o ser utilizados para<br>envio de trabalhos para o VI CONGRESSO INTERNACIONAL DE POL\u00cdTICA SOCIAL E SERVI\u00c7O<br>SOCIAL: DESAFIOS CONTEMPOR\u00c2NEOS; VII SEMIN\u00c1RIO NACIONAL DE TERRIT\u00d3RIO E GEST\u00c3O<br>DE POLITICAS SOCIAIS E VI CONGRESSO DE DIREITO \u00c0 CIDADE E JUSTI\u00c7A AMBIENTAL. Os<br>trabalhos poder\u00e3o ser escritos nos idiomas portugu\u00eas, espanhol ou ingl\u00eas<\/p>\n\n\n\n<div style=\"height:0px\" aria-hidden=\"true\" class=\"wp-block-spacer\"><\/div>\n\n\n\n<div style=\"height:36px\" aria-hidden=\"true\" class=\"wp-block-spacer\"><\/div>\n\n\n\n<p><strong>LISTA DOS TRABALHOS APROVADOS 2026 <a href=\"https:\/\/sites.uel.br\/congressoservicosocialuel\/wp-content\/uploads\/2026\/03\/LISTAGEM-DOS-TRABALHOS-APROVADOS-2026.pdf\">CLIQUE AQUI<\/a><\/strong><\/p>\n\n\n\n<hr class=\"wp-block-separator has-alpha-channel-opacity\" \/>\n\n\n\n<div class=\"wp-block-columns is-layout-flex wp-container-core-columns-is-layout-9d6595d7 wp-block-columns-is-layout-flex\">\n<div class=\"wp-block-column is-layout-flow wp-block-column-is-layout-flow\" style=\"flex-basis:100%\">\n<p class=\"has-text-align-center\">Template Congresso 2026<\/p>\n\n\n\n<div data-wp-interactive=\"core\/file\" class=\"wp-block-file\"><object data-wp-bind--hidden=\"!state.hasPdfPreview\" hidden class=\"wp-block-file__embed\" data=\"https:\/\/sites.uel.br\/congressoservicosocialuel\/wp-content\/uploads\/2025\/11\/TEMPLATE_CONGRESSO_2026.pdf\" type=\"application\/pdf\" style=\"width:100%;height:600px\" aria-label=\"Incorporado de TEMPLATE_CONGRESSO_2026.\"><\/object><a id=\"wp-block-file--media-a9caea40-c1d9-4385-bf14-c9b2e6d9954f\" href=\"https:\/\/sites.uel.br\/congressoservicosocialuel\/wp-content\/uploads\/2025\/11\/TEMPLATE_CONGRESSO_2026.pdf\">TEMPLATE_CONGRESSO_2026<\/a><a href=\"https:\/\/sites.uel.br\/congressoservicosocialuel\/wp-content\/uploads\/2025\/11\/TEMPLATE_CONGRESSO_2026.pdf\" class=\"wp-block-file__button wp-element-button\" download aria-describedby=\"wp-block-file--media-a9caea40-c1d9-4385-bf14-c9b2e6d9954f\">Baixar<\/a><\/div>\n<\/div>\n<\/div>\n\n\n\n<p>Template Congresso 2026 -vers\u00e3o WORD &#8211;<a href=\"https:\/\/sites.uel.br\/congressoservicosocialuel\/wp-content\/uploads\/2025\/11\/TEMPLATE_CONGRESSO_2026.docx\">BAIXE AQUI<\/a><\/p>\n\n\n\n<div style=\"height:40px\" aria-hidden=\"true\" class=\"wp-block-spacer\"><\/div>\n\n\n\n<h2 class=\"wp-block-heading has-text-align-center\">Publica\u00e7\u00f5es<\/h2>\n\n\n\n<div style=\"height:20px\" aria-hidden=\"true\" class=\"wp-block-spacer\"><\/div>\n\n\n\n<p class=\"has-text-align-center\">Todos os trabalhos submetidos e selecionados ser\u00e3o publicados em Anais on line, <\/p>\n\n\n\n<p class=\"has-text-align-center\">publicados na revista do evento com ISSN.<br><strong>ISSN: 2966-0416<\/strong><\/p>\n\n\n\n<div class=\"wp-block-buttons is-content-justification-center is-layout-flex wp-container-core-buttons-is-layout-16018d1d wp-block-buttons-is-layout-flex\">\n<div class=\"wp-block-button is-style-outline is-style-outline--1\"><a class=\"wp-block-button__link wp-element-button\" href=\"https:\/\/anais.uel.br\/portal\/index.php\/conserdigeo\">ANAIS 2024<\/a><\/div>\n<\/div>\n\n\n\n<div style=\"height:26px\" aria-hidden=\"true\" class=\"wp-block-spacer\"><\/div>\n\n\n\n<div class=\"wp-block-buttons is-content-justification-center is-layout-flex wp-container-core-buttons-is-layout-16018d1d wp-block-buttons-is-layout-flex\">\n<div class=\"wp-block-button is-style-outline is-style-outline--2\"><a class=\"wp-block-button__link has-custom-font-size wp-element-button\" href=\"http:\/\/www.uel.br\/eventos\/sigec\/?id=11238\" style=\"font-size:14px\" target=\"_blank\" rel=\"noreferrer noopener\">INSCREVA-SE<\/a><\/div>\n<\/div>\n\n\n\n<div style=\"height:40px\" aria-hidden=\"true\" class=\"wp-block-spacer\"><\/div>\n\n\n<div class=\"wp-block-image\">\n<figure class=\"aligncenter size-full is-resized\"><img loading=\"lazy\" decoding=\"async\" width=\"2048\" height=\"1365\" src=\"https:\/\/sites.uel.br\/congressoservicosocialuel\/wp-content\/uploads\/2024\/05\/M5A6143.jpg\" alt=\"\" class=\"wp-image-870\" style=\"object-fit:cover;width:686px;height:auto\" srcset=\"https:\/\/sites.uel.br\/congressoservicosocialuel\/wp-content\/uploads\/2024\/05\/M5A6143.jpg 2048w, https:\/\/sites.uel.br\/congressoservicosocialuel\/wp-content\/uploads\/2024\/05\/M5A6143-300x200.jpg 300w, https:\/\/sites.uel.br\/congressoservicosocialuel\/wp-content\/uploads\/2024\/05\/M5A6143-1024x683.jpg 1024w, https:\/\/sites.uel.br\/congressoservicosocialuel\/wp-content\/uploads\/2024\/05\/M5A6143-768x512.jpg 768w, https:\/\/sites.uel.br\/congressoservicosocialuel\/wp-content\/uploads\/2024\/05\/M5A6143-1536x1024.jpg 1536w\" sizes=\"auto, (max-width: 2048px) 100vw, 2048px\" \/><\/figure>\n<\/div>","protected":false},"excerpt":{"rendered":"<p>Normas Para Trabalhos Formato: Trabalho CompletoModalidade de Apresenta\u00e7\u00e3o: Comunica\u00e7\u00e3o Oral a) Os trabalhos aceitos s\u00f3 ser\u00e3o publicados se pelo menos um dos autores estiver inscrito no evento at\u00e9 o dia 07\/04\/2026.b) O trabalho dever\u00e1 estar inserido em um dos eixos tem\u00e1ticos, devendo n\u00e3o ter sido apresentado em outro evento, publicado em revistas ou outro meio [&hellip;]<\/p>\n","protected":false},"author":6,"featured_media":0,"parent":0,"menu_order":0,"comment_status":"closed","ping_status":"closed","template":"","meta":{"_acf_changed":false,"_themeisle_gutenberg_block_has_review":false,"footnotes":""},"class_list":["post-275","page","type-page","status-publish","hentry"],"acf":[],"_links":{"self":[{"href":"https:\/\/sites.uel.br\/congressoservicosocialuel\/wp-json\/wp\/v2\/pages\/275","targetHints":{"allow":["GET"]}}],"collection":[{"href":"https:\/\/sites.uel.br\/congressoservicosocialuel\/wp-json\/wp\/v2\/pages"}],"about":[{"href":"https:\/\/sites.uel.br\/congressoservicosocialuel\/wp-json\/wp\/v2\/types\/page"}],"author":[{"embeddable":true,"href":"https:\/\/sites.uel.br\/congressoservicosocialuel\/wp-json\/wp\/v2\/users\/6"}],"replies":[{"embeddable":true,"href":"https:\/\/sites.uel.br\/congressoservicosocialuel\/wp-json\/wp\/v2\/comments?post=275"}],"version-history":[{"count":70,"href":"https:\/\/sites.uel.br\/congressoservicosocialuel\/wp-json\/wp\/v2\/pages\/275\/revisions"}],"predecessor-version":[{"id":1266,"href":"https:\/\/sites.uel.br\/congressoservicosocialuel\/wp-json\/wp\/v2\/pages\/275\/revisions\/1266"}],"wp:attachment":[{"href":"https:\/\/sites.uel.br\/congressoservicosocialuel\/wp-json\/wp\/v2\/media?parent=275"}],"curies":[{"name":"wp","href":"https:\/\/api.w.org\/{rel}","templated":true}]}}